{"id":1578,"date":"2013-08-11T16:31:20","date_gmt":"2013-08-11T13:31:20","guid":{"rendered":"https:\/\/sweetdropcbd.com\/mein-account\/wunschzettel\/"},"modified":"2024-02-26T14:17:39","modified_gmt":"2024-02-26T12:17:39","slug":"wunschzettel","status":"publish","type":"page","link":"https:\/\/sweetdropcbd.com\/de\/mein-account\/wunschzettel\/","title":{"rendered":"Wunschzettel"},"content":{"rendered":"[yith_wcwl_wishlist]\n","protected":false},"excerpt":{"rendered":"[yith_wcwl_wishlist]\n","protected":false},"author":1,"featured_media":497,"parent":321,"menu_order":0,"comment_status":"closed","ping_status":"closed","template":"page-my-account.php","meta":{"footnotes":""},"class_list":["post-1578","page","type-page","status-publish","has-post-thumbnail","hentry"],"yoast_head":"<!-- This site is optimized with the Yoast SEO Premium plugin v27.4 (Yoast SEO v27.4) - https:\/\/yoast.com\/product\/yoast-seo-premium-wordpress\/ -->\n<title>Wunschzettel - Sweet Drop CBD - das hochwertigste CBD in Europa<\/title>\n<meta name=\"description\" content=\"Sweet Drop CBD Premium CBD-\u00d6le. Lieferung in ganz Europa und weltweit. CBD ist eine sichere, nicht s\u00fcchtig machende Substanz.\" \/>\n<meta name=\"robots\" content=\"index, follow, max-snippet:-1, max-image-preview:large, max-video-preview:-1\" \/>\n<link rel=\"canonical\" href=\"https:\/\/sweetdropcbd.com\/de\/mein-account\/wunschzettel\/\" \/>\n<meta property=\"og:locale\" content=\"de_DE\" \/>\n<meta property=\"og:type\" content=\"article\" \/>\n<meta property=\"og:title\" content=\"Wunschzettel - das hochwertigste CBD in Europa\" \/>\n<meta property=\"og:description\" content=\"Sweet Drop CBD Premium CBD-\u00d6le. Lieferung in ganz Europa und weltweit. CBD ist eine sichere, nicht s\u00fcchtig machende Substanz.\" \/>\n<meta property=\"og:url\" content=\"https:\/\/sweetdropcbd.com\/de\/mein-account\/wunschzettel\/\" \/>\n<meta property=\"og:site_name\" content=\"Sweet Drop CBD\" \/>\n<meta property=\"article:publisher\" content=\"https:\/\/www.facebook.com\/SweetDropCBD\" \/>\n<meta property=\"article:modified_time\" content=\"2024-02-26T12:17:39+00:00\" \/>\n<meta property=\"og:image\" content=\"https:\/\/sweetdropcbd.com\/wp-content\/uploads\/2023\/09\/Sweet-Drop-5_-CBD-Oil-500-mg-10ml-Hemp-Leaf-3.jpg\" \/>\n\t<meta property=\"og:image:width\" content=\"234\" \/>\n\t<meta property=\"og:image:height\" content=\"224\" \/>\n\t<meta property=\"og:image:type\" content=\"image\/jpeg\" \/>\n<script type=\"application\/ld+json\" class=\"yoast-schema-graph\">{\"@context\":\"https:\\\/\\\/schema.org\",\"@graph\":[{\"@type\":\"WebPage\",\"@id\":\"https:\\\/\\\/sweetdropcbd.com\\\/de\\\/mein-account\\\/wunschzettel\\\/\",\"url\":\"https:\\\/\\\/sweetdropcbd.com\\\/de\\\/mein-account\\\/wunschzettel\\\/\",\"name\":\"Wunschzettel - Sweet Drop CBD - das hochwertigste CBD in Europa\",\"isPartOf\":{\"@id\":\"https:\\\/\\\/sweetdropcbd.com\\\/de\\\/#website\"},\"primaryImageOfPage\":{\"@id\":\"https:\\\/\\\/sweetdropcbd.com\\\/de\\\/mein-account\\\/wunschzettel\\\/#primaryimage\"},\"image\":{\"@id\":\"https:\\\/\\\/sweetdropcbd.com\\\/de\\\/mein-account\\\/wunschzettel\\\/#primaryimage\"},\"thumbnailUrl\":\"https:\\\/\\\/sweetdropcbd.com\\\/wp-content\\\/uploads\\\/2023\\\/09\\\/Sweet-Drop-5_-CBD-Oil-500-mg-10ml-Hemp-Leaf-3.jpg\",\"datePublished\":\"2013-08-11T13:31:20+00:00\",\"dateModified\":\"2024-02-26T12:17:39+00:00\",\"description\":\"Sweet Drop CBD Premium CBD-\u00d6le. Lieferung in ganz Europa und weltweit. CBD ist eine sichere, nicht s\u00fcchtig machende Substanz.\",\"breadcrumb\":{\"@id\":\"https:\\\/\\\/sweetdropcbd.com\\\/de\\\/mein-account\\\/wunschzettel\\\/#breadcrumb\"},\"inLanguage\":\"de\",\"potentialAction\":[{\"@type\":\"ReadAction\",\"target\":[\"https:\\\/\\\/sweetdropcbd.com\\\/de\\\/mein-account\\\/wunschzettel\\\/\"]}]},{\"@type\":\"ImageObject\",\"inLanguage\":\"de\",\"@id\":\"https:\\\/\\\/sweetdropcbd.com\\\/de\\\/mein-account\\\/wunschzettel\\\/#primaryimage\",\"url\":\"https:\\\/\\\/sweetdropcbd.com\\\/wp-content\\\/uploads\\\/2023\\\/09\\\/Sweet-Drop-5_-CBD-Oil-500-mg-10ml-Hemp-Leaf-3.jpg\",\"contentUrl\":\"https:\\\/\\\/sweetdropcbd.com\\\/wp-content\\\/uploads\\\/2023\\\/09\\\/Sweet-Drop-5_-CBD-Oil-500-mg-10ml-Hemp-Leaf-3.jpg\",\"width\":234,\"height\":224,\"caption\":\"Sweet Drop CBD Oil, natural, 10ml. Long-term stress, illnesses, and the lack of rest can cause even the most enthusiastic person to become irritated and anxious. Treat your body with Sweet Drop CBD Oil, with full-spectrum hemp oil \u00c3\u00a2\u00e2\u201a\u00ac\u00e2\u20ac\u009d Sweet Drop. Sweet Drop CBD Oil, enriched with omega-3, omega-6 acids and vitamin E, gently interacts with the endocannabinoid system to help maintain the perfect balance of the body: homeostasis. Sweet Drop CBD Oil is the most popular among users looking to balance sleep rhythm, emotional state, and immune and nervous system reactions. Sweet Drop CBD Oil drops are suitable for beginners and children. Product information and ingredients: - 10ml bottle of CBD Oil (5%, 10%, 15%, 20%, 30% strength). - 200 drops of CBD Oil. - More than 30 days of mild servings. - Guaranteed CBD amount; composition of each batch is tested in in a certified laboratory. - Includes hemp seed oil, rich with beneficial omega-3, omega-6 fatty acids and vitamin E. - The psychoactive THC component is fully removed. - Full-spectrum except for THC; therefore, it also contains other beneficial hemp cannabinoids (CBG, CBDV, CBN, CBC, CBE, CBT). - Hemp leaves extracted using a safe supercritical CO2 extraction method, in a GMP-certified (pharma-grade) laboratory. - Made from organic-certified hemp, which is pesticide-free. - Suitable for vegans.\"},{\"@type\":\"BreadcrumbList\",\"@id\":\"https:\\\/\\\/sweetdropcbd.com\\\/de\\\/mein-account\\\/wunschzettel\\\/#breadcrumb\",\"itemListElement\":[{\"@type\":\"ListItem\",\"position\":1,\"name\":\"Startseite\",\"item\":\"https:\\\/\\\/sweetdropcbd.com\\\/de\\\/classic-shop\\\/\"},{\"@type\":\"ListItem\",\"position\":2,\"name\":\"Mein Konto\",\"item\":\"https:\\\/\\\/sweetdropcbd.com\\\/de\\\/mein-account\\\/\"},{\"@type\":\"ListItem\",\"position\":3,\"name\":\"Wunschzettel\"}]},{\"@type\":\"WebSite\",\"@id\":\"https:\\\/\\\/sweetdropcbd.com\\\/de\\\/#website\",\"url\":\"https:\\\/\\\/sweetdropcbd.com\\\/de\\\/\",\"name\":\"Sweet Drop CBD\",\"description\":\"Sweet Drop CBD\",\"publisher\":{\"@id\":\"https:\\\/\\\/sweetdropcbd.com\\\/de\\\/#organization\"},\"alternateName\":\"Sweet Drop CBD oil\",\"potentialAction\":[{\"@type\":\"SearchAction\",\"target\":{\"@type\":\"EntryPoint\",\"urlTemplate\":\"https:\\\/\\\/sweetdropcbd.com\\\/de\\\/?s={search_term_string}\"},\"query-input\":{\"@type\":\"PropertyValueSpecification\",\"valueRequired\":true,\"valueName\":\"search_term_string\"}}],\"inLanguage\":\"de\"},{\"@type\":[\"Organization\",\"Place\",\"HealthAndBeautyBusiness\"],\"@id\":\"https:\\\/\\\/sweetdropcbd.com\\\/de\\\/#organization\",\"name\":\"MB EBIGUS\",\"alternateName\":\"Sweet Drop CBD\",\"url\":\"https:\\\/\\\/sweetdropcbd.com\\\/de\\\/\",\"logo\":{\"@id\":\"https:\\\/\\\/sweetdropcbd.com\\\/de\\\/mein-account\\\/wunschzettel\\\/#local-main-organization-logo\"},\"image\":{\"@id\":\"https:\\\/\\\/sweetdropcbd.com\\\/de\\\/mein-account\\\/wunschzettel\\\/#local-main-organization-logo\"},\"sameAs\":[\"https:\\\/\\\/www.facebook.com\\\/SweetDropCBD\",\"https:\\\/\\\/www.instagram.com\\\/sweetdropcbd\\\/\"],\"publishingPrinciples\":\"https:\\\/\\\/sweetdropcbd.com\\\/terms-conditions\\\/\",\"ownershipFundingInfo\":\"https:\\\/\\\/sweetdropcbd.com\\\/about-us\\\/\",\"address\":{\"@id\":\"https:\\\/\\\/sweetdropcbd.com\\\/de\\\/mein-account\\\/wunschzettel\\\/#local-main-place-address\"},\"telephone\":[\"+37068683090\"],\"openingHoursSpecification\":{\"@type\":\"OpeningHoursSpecification\",\"dayOfWeek\":[\"Monday\",\"Tuesday\",\"Wednesday\",\"Thursday\",\"Friday\",\"Saturday\",\"Sunday\"],\"opens\":\"00:00\",\"closes\":\"23:59\"},\"email\":\"info@sweetdropcbd.com\",\"areaServed\":\"EU\"},{\"@type\":\"PostalAddress\",\"@id\":\"https:\\\/\\\/sweetdropcbd.com\\\/de\\\/mein-account\\\/wunschzettel\\\/#local-main-place-address\",\"streetAddress\":\"Rusn\u0117s g. 31, \u0160aki\u0173 k., Kauno r. sav., Lietuva\",\"addressLocality\":\"Kaunas\",\"postalCode\":\"47412\",\"addressCountry\":\"LT\"},{\"@type\":\"ImageObject\",\"inLanguage\":\"de\",\"@id\":\"https:\\\/\\\/sweetdropcbd.com\\\/de\\\/mein-account\\\/wunschzettel\\\/#local-main-organization-logo\",\"url\":\"https:\\\/\\\/sweetdropcbd.com\\\/wp-content\\\/uploads\\\/2023\\\/10\\\/Saldus-lasas-logotipas_H-EN.png\",\"contentUrl\":\"https:\\\/\\\/sweetdropcbd.com\\\/wp-content\\\/uploads\\\/2023\\\/10\\\/Saldus-lasas-logotipas_H-EN.png\",\"width\":206,\"height\":239,\"caption\":\"MB EBIGUS\"}]}<\/script>\n<meta name=\"geo.placename\" content=\"Kaunas\" \/>\n<meta name=\"geo.region\" content=\"Litauen\" \/>\n<!-- \/ Yoast SEO Premium plugin. -->","yoast_head_json":{"title":"Wunschzettel - Sweet Drop CBD - das hochwertigste CBD in Europa","description":"Sweet Drop CBD Premium CBD-\u00d6le. Lieferung in ganz Europa und weltweit. CBD ist eine sichere, nicht s\u00fcchtig machende Substanz.","robots":{"index":"index","follow":"follow","max-snippet":"max-snippet:-1","max-image-preview":"max-image-preview:large","max-video-preview":"max-video-preview:-1"},"canonical":"https:\/\/sweetdropcbd.com\/de\/mein-account\/wunschzettel\/","og_locale":"de_DE","og_type":"article","og_title":"Wunschzettel - das hochwertigste CBD in Europa","og_description":"Sweet Drop CBD Premium CBD-\u00d6le. Lieferung in ganz Europa und weltweit. CBD ist eine sichere, nicht s\u00fcchtig machende Substanz.","og_url":"https:\/\/sweetdropcbd.com\/de\/mein-account\/wunschzettel\/","og_site_name":"Sweet Drop CBD","article_publisher":"https:\/\/www.facebook.com\/SweetDropCBD","article_modified_time":"2024-02-26T12:17:39+00:00","og_image":[{"width":234,"height":224,"url":"https:\/\/sweetdropcbd.com\/wp-content\/uploads\/2023\/09\/Sweet-Drop-5_-CBD-Oil-500-mg-10ml-Hemp-Leaf-3.jpg","type":"image\/jpeg"}],"schema":{"@context":"https:\/\/schema.org","@graph":[{"@type":"WebPage","@id":"https:\/\/sweetdropcbd.com\/de\/mein-account\/wunschzettel\/","url":"https:\/\/sweetdropcbd.com\/de\/mein-account\/wunschzettel\/","name":"Wunschzettel - Sweet Drop CBD - das hochwertigste CBD in Europa","isPartOf":{"@id":"https:\/\/sweetdropcbd.com\/de\/#website"},"primaryImageOfPage":{"@id":"https:\/\/sweetdropcbd.com\/de\/mein-account\/wunschzettel\/#primaryimage"},"image":{"@id":"https:\/\/sweetdropcbd.com\/de\/mein-account\/wunschzettel\/#primaryimage"},"thumbnailUrl":"https:\/\/sweetdropcbd.com\/wp-content\/uploads\/2023\/09\/Sweet-Drop-5_-CBD-Oil-500-mg-10ml-Hemp-Leaf-3.jpg","datePublished":"2013-08-11T13:31:20+00:00","dateModified":"2024-02-26T12:17:39+00:00","description":"Sweet Drop CBD Premium CBD-\u00d6le. Lieferung in ganz Europa und weltweit. CBD ist eine sichere, nicht s\u00fcchtig machende Substanz.","breadcrumb":{"@id":"https:\/\/sweetdropcbd.com\/de\/mein-account\/wunschzettel\/#breadcrumb"},"inLanguage":"de","potentialAction":[{"@type":"ReadAction","target":["https:\/\/sweetdropcbd.com\/de\/mein-account\/wunschzettel\/"]}]},{"@type":"ImageObject","inLanguage":"de","@id":"https:\/\/sweetdropcbd.com\/de\/mein-account\/wunschzettel\/#primaryimage","url":"https:\/\/sweetdropcbd.com\/wp-content\/uploads\/2023\/09\/Sweet-Drop-5_-CBD-Oil-500-mg-10ml-Hemp-Leaf-3.jpg","contentUrl":"https:\/\/sweetdropcbd.com\/wp-content\/uploads\/2023\/09\/Sweet-Drop-5_-CBD-Oil-500-mg-10ml-Hemp-Leaf-3.jpg","width":234,"height":224,"caption":"Sweet Drop CBD Oil, natural, 10ml. Long-term stress, illnesses, and the lack of rest can cause even the most enthusiastic person to become irritated and anxious. Treat your body with Sweet Drop CBD Oil, with full-spectrum hemp oil \u00c3\u00a2\u00e2\u201a\u00ac\u00e2\u20ac\u009d Sweet Drop. Sweet Drop CBD Oil, enriched with omega-3, omega-6 acids and vitamin E, gently interacts with the endocannabinoid system to help maintain the perfect balance of the body: homeostasis. Sweet Drop CBD Oil is the most popular among users looking to balance sleep rhythm, emotional state, and immune and nervous system reactions. Sweet Drop CBD Oil drops are suitable for beginners and children. Product information and ingredients: - 10ml bottle of CBD Oil (5%, 10%, 15%, 20%, 30% strength). - 200 drops of CBD Oil. - More than 30 days of mild servings. - Guaranteed CBD amount; composition of each batch is tested in in a certified laboratory. - Includes hemp seed oil, rich with beneficial omega-3, omega-6 fatty acids and vitamin E. - The psychoactive THC component is fully removed. - Full-spectrum except for THC; therefore, it also contains other beneficial hemp cannabinoids (CBG, CBDV, CBN, CBC, CBE, CBT). - Hemp leaves extracted using a safe supercritical CO2 extraction method, in a GMP-certified (pharma-grade) laboratory. - Made from organic-certified hemp, which is pesticide-free. - Suitable for vegans."},{"@type":"BreadcrumbList","@id":"https:\/\/sweetdropcbd.com\/de\/mein-account\/wunschzettel\/#breadcrumb","itemListElement":[{"@type":"ListItem","position":1,"name":"Startseite","item":"https:\/\/sweetdropcbd.com\/de\/classic-shop\/"},{"@type":"ListItem","position":2,"name":"Mein Konto","item":"https:\/\/sweetdropcbd.com\/de\/mein-account\/"},{"@type":"ListItem","position":3,"name":"Wunschzettel"}]},{"@type":"WebSite","@id":"https:\/\/sweetdropcbd.com\/de\/#website","url":"https:\/\/sweetdropcbd.com\/de\/","name":"Sweet Drop CBD","description":"Sweet Drop CBD","publisher":{"@id":"https:\/\/sweetdropcbd.com\/de\/#organization"},"alternateName":"Sweet Drop CBD oil","potentialAction":[{"@type":"SearchAction","target":{"@type":"EntryPoint","urlTemplate":"https:\/\/sweetdropcbd.com\/de\/?s={search_term_string}"},"query-input":{"@type":"PropertyValueSpecification","valueRequired":true,"valueName":"search_term_string"}}],"inLanguage":"de"},{"@type":["Organization","Place","HealthAndBeautyBusiness"],"@id":"https:\/\/sweetdropcbd.com\/de\/#organization","name":"MB EBIGUS","alternateName":"Sweet Drop CBD","url":"https:\/\/sweetdropcbd.com\/de\/","logo":{"@id":"https:\/\/sweetdropcbd.com\/de\/mein-account\/wunschzettel\/#local-main-organization-logo"},"image":{"@id":"https:\/\/sweetdropcbd.com\/de\/mein-account\/wunschzettel\/#local-main-organization-logo"},"sameAs":["https:\/\/www.facebook.com\/SweetDropCBD","https:\/\/www.instagram.com\/sweetdropcbd\/"],"publishingPrinciples":"https:\/\/sweetdropcbd.com\/terms-conditions\/","ownershipFundingInfo":"https:\/\/sweetdropcbd.com\/about-us\/","address":{"@id":"https:\/\/sweetdropcbd.com\/de\/mein-account\/wunschzettel\/#local-main-place-address"},"telephone":["+37068683090"],"openingHoursSpecification":{"@type":"OpeningHoursSpecification","dayOfWeek":["Monday","Tuesday","Wednesday","Thursday","Friday","Saturday","Sunday"],"opens":"00:00","closes":"23:59"},"email":"info@sweetdropcbd.com","areaServed":"EU"},{"@type":"PostalAddress","@id":"https:\/\/sweetdropcbd.com\/de\/mein-account\/wunschzettel\/#local-main-place-address","streetAddress":"Rusn\u0117s g. 31, \u0160aki\u0173 k., Kauno r. sav., Lietuva","addressLocality":"Kaunas","postalCode":"47412","addressCountry":"LT"},{"@type":"ImageObject","inLanguage":"de","@id":"https:\/\/sweetdropcbd.com\/de\/mein-account\/wunschzettel\/#local-main-organization-logo","url":"https:\/\/sweetdropcbd.com\/wp-content\/uploads\/2023\/10\/Saldus-lasas-logotipas_H-EN.png","contentUrl":"https:\/\/sweetdropcbd.com\/wp-content\/uploads\/2023\/10\/Saldus-lasas-logotipas_H-EN.png","width":206,"height":239,"caption":"MB EBIGUS"}]},"geo.placename":"Kaunas","geo.region":"Litauen"},"_links":{"self":[{"href":"https:\/\/sweetdropcbd.com\/de\/wp-json\/wp\/v2\/pages\/1578","targetHints":{"allow":["GET"]}}],"collection":[{"href":"https:\/\/sweetdropcbd.com\/de\/wp-json\/wp\/v2\/pages"}],"about":[{"href":"https:\/\/sweetdropcbd.com\/de\/wp-json\/wp\/v2\/types\/page"}],"author":[{"embeddable":true,"href":"https:\/\/sweetdropcbd.com\/de\/wp-json\/wp\/v2\/users\/1"}],"replies":[{"embeddable":true,"href":"https:\/\/sweetdropcbd.com\/de\/wp-json\/wp\/v2\/comments?post=1578"}],"version-history":[{"count":1,"href":"https:\/\/sweetdropcbd.com\/de\/wp-json\/wp\/v2\/pages\/1578\/revisions"}],"predecessor-version":[{"id":1586,"href":"https:\/\/sweetdropcbd.com\/de\/wp-json\/wp\/v2\/pages\/1578\/revisions\/1586"}],"up":[{"embeddable":true,"href":"https:\/\/sweetdropcbd.com\/de\/wp-json\/wp\/v2\/pages\/321"}],"wp:featuredmedia":[{"embeddable":true,"href":"https:\/\/sweetdropcbd.com\/de\/wp-json\/wp\/v2\/media\/497"}],"wp:attachment":[{"href":"https:\/\/sweetdropcbd.com\/de\/wp-json\/wp\/v2\/media?parent=1578"}],"curies":[{"name":"wp","href":"https:\/\/api.w.org\/{rel}","templated":true}]}}