{"id":319,"date":"2023-05-12T14:11:33","date_gmt":"2023-05-12T11:11:33","guid":{"rendered":"https:\/\/sweetdropcbd.com\/einkaufswagen\/"},"modified":"2026-01-22T19:34:32","modified_gmt":"2026-01-22T17:34:32","slug":"einkaufswagen","status":"publish","type":"page","link":"https:\/\/sweetdropcbd.com\/de\/einkaufswagen\/","title":{"rendered":"Warenkorb"},"content":{"rendered":"\n","protected":false},"excerpt":{"rendered":"","protected":false},"author":1,"featured_media":602,"parent":0,"menu_order":0,"comment_status":"closed","ping_status":"closed","template":"","meta":{"footnotes":""},"class_list":["post-319","page","type-page","status-publish","has-post-thumbnail","hentry"],"yoast_head":"<!-- This site is optimized with the Yoast SEO Premium plugin v27.3 (Yoast SEO v27.3) - https:\/\/yoast.com\/product\/yoast-seo-premium-wordpress\/ -->\n<title>Warenkorb - Sweet Drop CBD \u2013 CBD-\u00d6le von Premiumqualit\u00e4t.<\/title>\n<meta name=\"description\" content=\"Sweet Drop CBD CBD-\u00d6le in Premiumqualit\u00e4t. Lieferung in ganz Europa und weltweit. CBD ist eine sichere, nicht s\u00fcchtig machende Substanz.\" \/>\n<meta name=\"robots\" content=\"index, follow, max-snippet:-1, max-image-preview:large, max-video-preview:-1\" \/>\n<link rel=\"canonical\" href=\"https:\/\/sweetdropcbd.com\/de\/einkaufswagen\/\" \/>\n<meta property=\"og:locale\" content=\"de_DE\" \/>\n<meta property=\"og:type\" content=\"article\" \/>\n<meta property=\"og:title\" content=\"Warenkorb \u2013 CBD-\u00d6le von Premiumqualit\u00e4t.\" \/>\n<meta property=\"og:description\" content=\"Sweet Drop CBD CBD-\u00d6le in Premiumqualit\u00e4t. Lieferung in ganz Europa und weltweit. CBD ist eine sichere, nicht s\u00fcchtig machende Substanz.\" \/>\n<meta property=\"og:url\" content=\"https:\/\/sweetdropcbd.com\/de\/einkaufswagen\/\" \/>\n<meta property=\"og:site_name\" content=\"Sweet Drop CBD\" \/>\n<meta property=\"article:publisher\" content=\"https:\/\/www.facebook.com\/SweetDropCBD\" \/>\n<meta property=\"article:modified_time\" content=\"2026-01-22T17:34:32+00:00\" \/>\n<meta property=\"og:image\" content=\"https:\/\/sweetdropcbd.com\/wp-content\/uploads\/2023\/09\/Sweet-Drop-30_-CBD-Oil-3000-mg-10ml-botlle-with-dropper-3.jpg\" \/>\n\t<meta property=\"og:image:width\" content=\"2560\" \/>\n\t<meta property=\"og:image:height\" content=\"1707\" \/>\n\t<meta property=\"og:image:type\" content=\"image\/jpeg\" \/>\n<script type=\"application\/ld+json\" class=\"yoast-schema-graph\">{\"@context\":\"https:\\\/\\\/schema.org\",\"@graph\":[{\"@type\":\"WebPage\",\"@id\":\"https:\\\/\\\/sweetdropcbd.com\\\/de\\\/einkaufswagen\\\/\",\"url\":\"https:\\\/\\\/sweetdropcbd.com\\\/de\\\/einkaufswagen\\\/\",\"name\":\"Warenkorb - Sweet Drop CBD \u2013 CBD-\u00d6le von Premiumqualit\u00e4t.\",\"isPartOf\":{\"@id\":\"https:\\\/\\\/sweetdropcbd.com\\\/de\\\/#website\"},\"primaryImageOfPage\":{\"@id\":\"https:\\\/\\\/sweetdropcbd.com\\\/de\\\/einkaufswagen\\\/#primaryimage\"},\"image\":{\"@id\":\"https:\\\/\\\/sweetdropcbd.com\\\/de\\\/einkaufswagen\\\/#primaryimage\"},\"thumbnailUrl\":\"https:\\\/\\\/sweetdropcbd.com\\\/wp-content\\\/uploads\\\/2023\\\/09\\\/Sweet-Drop-30_-CBD-Oil-3000-mg-10ml-botlle-with-dropper-3.jpg\",\"datePublished\":\"2023-05-12T11:11:33+00:00\",\"dateModified\":\"2026-01-22T17:34:32+00:00\",\"description\":\"Sweet Drop CBD CBD-\u00d6le in Premiumqualit\u00e4t. Lieferung in ganz Europa und weltweit. CBD ist eine sichere, nicht s\u00fcchtig machende Substanz.\",\"breadcrumb\":{\"@id\":\"https:\\\/\\\/sweetdropcbd.com\\\/de\\\/einkaufswagen\\\/#breadcrumb\"},\"inLanguage\":\"de\",\"potentialAction\":[{\"@type\":\"ReadAction\",\"target\":[\"https:\\\/\\\/sweetdropcbd.com\\\/de\\\/einkaufswagen\\\/\"]}]},{\"@type\":\"ImageObject\",\"inLanguage\":\"de\",\"@id\":\"https:\\\/\\\/sweetdropcbd.com\\\/de\\\/einkaufswagen\\\/#primaryimage\",\"url\":\"https:\\\/\\\/sweetdropcbd.com\\\/wp-content\\\/uploads\\\/2023\\\/09\\\/Sweet-Drop-30_-CBD-Oil-3000-mg-10ml-botlle-with-dropper-3.jpg\",\"contentUrl\":\"https:\\\/\\\/sweetdropcbd.com\\\/wp-content\\\/uploads\\\/2023\\\/09\\\/Sweet-Drop-30_-CBD-Oil-3000-mg-10ml-botlle-with-dropper-3.jpg\",\"width\":2560,\"height\":1707},{\"@type\":\"BreadcrumbList\",\"@id\":\"https:\\\/\\\/sweetdropcbd.com\\\/de\\\/einkaufswagen\\\/#breadcrumb\",\"itemListElement\":[{\"@type\":\"ListItem\",\"position\":1,\"name\":\"Startseite\",\"item\":\"https:\\\/\\\/sweetdropcbd.com\\\/de\\\/classic-shop\\\/\"},{\"@type\":\"ListItem\",\"position\":2,\"name\":\"Warenkorb\"}]},{\"@type\":\"WebSite\",\"@id\":\"https:\\\/\\\/sweetdropcbd.com\\\/de\\\/#website\",\"url\":\"https:\\\/\\\/sweetdropcbd.com\\\/de\\\/\",\"name\":\"Sweet Drop CBD\",\"description\":\"Sweet Drop CBD\",\"publisher\":{\"@id\":\"https:\\\/\\\/sweetdropcbd.com\\\/de\\\/#organization\"},\"alternateName\":\"Sweet Drop CBD oil\",\"potentialAction\":[{\"@type\":\"SearchAction\",\"target\":{\"@type\":\"EntryPoint\",\"urlTemplate\":\"https:\\\/\\\/sweetdropcbd.com\\\/de\\\/?s={search_term_string}\"},\"query-input\":{\"@type\":\"PropertyValueSpecification\",\"valueRequired\":true,\"valueName\":\"search_term_string\"}}],\"inLanguage\":\"de\"},{\"@type\":[\"Organization\",\"Place\",\"HealthAndBeautyBusiness\"],\"@id\":\"https:\\\/\\\/sweetdropcbd.com\\\/de\\\/#organization\",\"name\":\"MB EBIGUS\",\"alternateName\":\"Sweet Drop CBD\",\"url\":\"https:\\\/\\\/sweetdropcbd.com\\\/de\\\/\",\"logo\":{\"@id\":\"https:\\\/\\\/sweetdropcbd.com\\\/de\\\/einkaufswagen\\\/#local-main-organization-logo\"},\"image\":{\"@id\":\"https:\\\/\\\/sweetdropcbd.com\\\/de\\\/einkaufswagen\\\/#local-main-organization-logo\"},\"sameAs\":[\"https:\\\/\\\/www.facebook.com\\\/SweetDropCBD\",\"https:\\\/\\\/www.instagram.com\\\/sweetdropcbd\\\/\"],\"publishingPrinciples\":\"https:\\\/\\\/sweetdropcbd.com\\\/terms-conditions\\\/\",\"ownershipFundingInfo\":\"https:\\\/\\\/sweetdropcbd.com\\\/about-us\\\/\",\"address\":{\"@id\":\"https:\\\/\\\/sweetdropcbd.com\\\/de\\\/einkaufswagen\\\/#local-main-place-address\"},\"telephone\":[\"+37068683090\"],\"openingHoursSpecification\":{\"@type\":\"OpeningHoursSpecification\",\"dayOfWeek\":[\"Monday\",\"Tuesday\",\"Wednesday\",\"Thursday\",\"Friday\",\"Saturday\",\"Sunday\"],\"opens\":\"00:00\",\"closes\":\"23:59\"},\"email\":\"info@sweetdropcbd.com\",\"areaServed\":\"EU\"},{\"@type\":\"PostalAddress\",\"@id\":\"https:\\\/\\\/sweetdropcbd.com\\\/de\\\/einkaufswagen\\\/#local-main-place-address\",\"streetAddress\":\"Rusn\u0117s g. 31, \u0160aki\u0173 k., Kauno r. sav., Lietuva\",\"addressLocality\":\"Kaunas\",\"postalCode\":\"47412\",\"addressCountry\":\"LT\"},{\"@type\":\"ImageObject\",\"inLanguage\":\"de\",\"@id\":\"https:\\\/\\\/sweetdropcbd.com\\\/de\\\/einkaufswagen\\\/#local-main-organization-logo\",\"url\":\"https:\\\/\\\/sweetdropcbd.com\\\/wp-content\\\/uploads\\\/2023\\\/10\\\/Saldus-lasas-logotipas_H-EN.png\",\"contentUrl\":\"https:\\\/\\\/sweetdropcbd.com\\\/wp-content\\\/uploads\\\/2023\\\/10\\\/Saldus-lasas-logotipas_H-EN.png\",\"width\":206,\"height\":239,\"caption\":\"MB EBIGUS\"}]}<\/script>\n<meta name=\"geo.placename\" content=\"Kaunas\" \/>\n<meta name=\"geo.region\" content=\"Litauen\" \/>\n<!-- \/ Yoast SEO Premium plugin. -->","yoast_head_json":{"title":"Warenkorb - Sweet Drop CBD \u2013 CBD-\u00d6le von Premiumqualit\u00e4t.","description":"Sweet Drop CBD CBD-\u00d6le in Premiumqualit\u00e4t. Lieferung in ganz Europa und weltweit. CBD ist eine sichere, nicht s\u00fcchtig machende Substanz.","robots":{"index":"index","follow":"follow","max-snippet":"max-snippet:-1","max-image-preview":"max-image-preview:large","max-video-preview":"max-video-preview:-1"},"canonical":"https:\/\/sweetdropcbd.com\/de\/einkaufswagen\/","og_locale":"de_DE","og_type":"article","og_title":"Warenkorb \u2013 CBD-\u00d6le von Premiumqualit\u00e4t.","og_description":"Sweet Drop CBD CBD-\u00d6le in Premiumqualit\u00e4t. Lieferung in ganz Europa und weltweit. CBD ist eine sichere, nicht s\u00fcchtig machende Substanz.","og_url":"https:\/\/sweetdropcbd.com\/de\/einkaufswagen\/","og_site_name":"Sweet Drop CBD","article_publisher":"https:\/\/www.facebook.com\/SweetDropCBD","article_modified_time":"2026-01-22T17:34:32+00:00","og_image":[{"width":2560,"height":1707,"url":"https:\/\/sweetdropcbd.com\/wp-content\/uploads\/2023\/09\/Sweet-Drop-30_-CBD-Oil-3000-mg-10ml-botlle-with-dropper-3.jpg","type":"image\/jpeg"}],"schema":{"@context":"https:\/\/schema.org","@graph":[{"@type":"WebPage","@id":"https:\/\/sweetdropcbd.com\/de\/einkaufswagen\/","url":"https:\/\/sweetdropcbd.com\/de\/einkaufswagen\/","name":"Warenkorb - Sweet Drop CBD \u2013 CBD-\u00d6le von Premiumqualit\u00e4t.","isPartOf":{"@id":"https:\/\/sweetdropcbd.com\/de\/#website"},"primaryImageOfPage":{"@id":"https:\/\/sweetdropcbd.com\/de\/einkaufswagen\/#primaryimage"},"image":{"@id":"https:\/\/sweetdropcbd.com\/de\/einkaufswagen\/#primaryimage"},"thumbnailUrl":"https:\/\/sweetdropcbd.com\/wp-content\/uploads\/2023\/09\/Sweet-Drop-30_-CBD-Oil-3000-mg-10ml-botlle-with-dropper-3.jpg","datePublished":"2023-05-12T11:11:33+00:00","dateModified":"2026-01-22T17:34:32+00:00","description":"Sweet Drop CBD CBD-\u00d6le in Premiumqualit\u00e4t. Lieferung in ganz Europa und weltweit. CBD ist eine sichere, nicht s\u00fcchtig machende Substanz.","breadcrumb":{"@id":"https:\/\/sweetdropcbd.com\/de\/einkaufswagen\/#breadcrumb"},"inLanguage":"de","potentialAction":[{"@type":"ReadAction","target":["https:\/\/sweetdropcbd.com\/de\/einkaufswagen\/"]}]},{"@type":"ImageObject","inLanguage":"de","@id":"https:\/\/sweetdropcbd.com\/de\/einkaufswagen\/#primaryimage","url":"https:\/\/sweetdropcbd.com\/wp-content\/uploads\/2023\/09\/Sweet-Drop-30_-CBD-Oil-3000-mg-10ml-botlle-with-dropper-3.jpg","contentUrl":"https:\/\/sweetdropcbd.com\/wp-content\/uploads\/2023\/09\/Sweet-Drop-30_-CBD-Oil-3000-mg-10ml-botlle-with-dropper-3.jpg","width":2560,"height":1707},{"@type":"BreadcrumbList","@id":"https:\/\/sweetdropcbd.com\/de\/einkaufswagen\/#breadcrumb","itemListElement":[{"@type":"ListItem","position":1,"name":"Startseite","item":"https:\/\/sweetdropcbd.com\/de\/classic-shop\/"},{"@type":"ListItem","position":2,"name":"Warenkorb"}]},{"@type":"WebSite","@id":"https:\/\/sweetdropcbd.com\/de\/#website","url":"https:\/\/sweetdropcbd.com\/de\/","name":"Sweet Drop CBD","description":"Sweet Drop CBD","publisher":{"@id":"https:\/\/sweetdropcbd.com\/de\/#organization"},"alternateName":"Sweet Drop CBD oil","potentialAction":[{"@type":"SearchAction","target":{"@type":"EntryPoint","urlTemplate":"https:\/\/sweetdropcbd.com\/de\/?s={search_term_string}"},"query-input":{"@type":"PropertyValueSpecification","valueRequired":true,"valueName":"search_term_string"}}],"inLanguage":"de"},{"@type":["Organization","Place","HealthAndBeautyBusiness"],"@id":"https:\/\/sweetdropcbd.com\/de\/#organization","name":"MB EBIGUS","alternateName":"Sweet Drop CBD","url":"https:\/\/sweetdropcbd.com\/de\/","logo":{"@id":"https:\/\/sweetdropcbd.com\/de\/einkaufswagen\/#local-main-organization-logo"},"image":{"@id":"https:\/\/sweetdropcbd.com\/de\/einkaufswagen\/#local-main-organization-logo"},"sameAs":["https:\/\/www.facebook.com\/SweetDropCBD","https:\/\/www.instagram.com\/sweetdropcbd\/"],"publishingPrinciples":"https:\/\/sweetdropcbd.com\/terms-conditions\/","ownershipFundingInfo":"https:\/\/sweetdropcbd.com\/about-us\/","address":{"@id":"https:\/\/sweetdropcbd.com\/de\/einkaufswagen\/#local-main-place-address"},"telephone":["+37068683090"],"openingHoursSpecification":{"@type":"OpeningHoursSpecification","dayOfWeek":["Monday","Tuesday","Wednesday","Thursday","Friday","Saturday","Sunday"],"opens":"00:00","closes":"23:59"},"email":"info@sweetdropcbd.com","areaServed":"EU"},{"@type":"PostalAddress","@id":"https:\/\/sweetdropcbd.com\/de\/einkaufswagen\/#local-main-place-address","streetAddress":"Rusn\u0117s g. 31, \u0160aki\u0173 k., Kauno r. sav., Lietuva","addressLocality":"Kaunas","postalCode":"47412","addressCountry":"LT"},{"@type":"ImageObject","inLanguage":"de","@id":"https:\/\/sweetdropcbd.com\/de\/einkaufswagen\/#local-main-organization-logo","url":"https:\/\/sweetdropcbd.com\/wp-content\/uploads\/2023\/10\/Saldus-lasas-logotipas_H-EN.png","contentUrl":"https:\/\/sweetdropcbd.com\/wp-content\/uploads\/2023\/10\/Saldus-lasas-logotipas_H-EN.png","width":206,"height":239,"caption":"MB EBIGUS"}]},"geo.placename":"Kaunas","geo.region":"Litauen"},"_links":{"self":[{"href":"https:\/\/sweetdropcbd.com\/de\/wp-json\/wp\/v2\/pages\/319","targetHints":{"allow":["GET"]}}],"collection":[{"href":"https:\/\/sweetdropcbd.com\/de\/wp-json\/wp\/v2\/pages"}],"about":[{"href":"https:\/\/sweetdropcbd.com\/de\/wp-json\/wp\/v2\/types\/page"}],"author":[{"embeddable":true,"href":"https:\/\/sweetdropcbd.com\/de\/wp-json\/wp\/v2\/users\/1"}],"replies":[{"embeddable":true,"href":"https:\/\/sweetdropcbd.com\/de\/wp-json\/wp\/v2\/comments?post=319"}],"version-history":[{"count":3,"href":"https:\/\/sweetdropcbd.com\/de\/wp-json\/wp\/v2\/pages\/319\/revisions"}],"predecessor-version":[{"id":2550,"href":"https:\/\/sweetdropcbd.com\/de\/wp-json\/wp\/v2\/pages\/319\/revisions\/2550"}],"wp:featuredmedia":[{"embeddable":true,"href":"https:\/\/sweetdropcbd.com\/de\/wp-json\/wp\/v2\/media\/602"}],"wp:attachment":[{"href":"https:\/\/sweetdropcbd.com\/de\/wp-json\/wp\/v2\/media?parent=319"}],"curies":[{"name":"wp","href":"https:\/\/api.w.org\/{rel}","templated":true}]}}