{"id":1040,"date":"2023-10-06T08:39:17","date_gmt":"2023-10-06T05:39:17","guid":{"rendered":"https:\/\/sweetdropcbd.com\/?post_type=product&#038;p=1040"},"modified":"2026-02-13T18:47:38","modified_gmt":"2026-02-13T16:47:38","slug":"geschenk-karte-suser-tropfen-cbd","status":"publish","type":"product","link":"https:\/\/sweetdropcbd.com\/de\/produkt\/geschenk-karte-suser-tropfen-cbd\/","title":{"rendered":"Geschenkkarte Sweet Drop CBD"},"content":{"rendered":"<h4><em>Schenken Sie Gesundheit und Wohlbefinden!<\/em><\/h4>\n<p>Ruhemangel, Dauerstress oder Krankheit \u2013 selbst der energischste Mensch kann sich m\u00fcde und unruhig f\u00fchlen.<\/p>\n<p>Verw\u00f6hnen Sie Ihren K\u00f6rper mit <a href=\"https:\/\/sweetdropcbd.com\/de\/produkt\/sweet-drop-5-cbd-oel-500-mg-10ml\/\">Sweet Drop CBD<\/a> Vollspektrums-Hanf\u00f6l<\/p>\n<p>Ein <a href=\"https:\/\/sweetdropcbd.com\/demos\/shop-demos\/vendor-shop\/\">Geschenkgutschein aus dem Sweet Drop CBD-Onlineshop<\/a> ist das perfekte Geschenk f\u00fcr jeden Anlass.<\/p>\n<p>Damit kann Ihr geliebter Mensch <a href=\"https:\/\/sweetdropcbd.com\/de\/produkt\/sweet-drop-10-cbd-oil-1000-mg-10ml\/\">CBD-Produkte<\/a> bester Qualit\u00e4t erwerben, die seine Gesundheit und sein Wohlbefinden verbessern werden.<\/p>\n<p>In unserem Online Shop finden Sie das richtige CBD-Produkt. Alle unsere Produkte werden in Europa aus hochwertigem Hanf hergestellt und sind sicher und wirksam.<\/p>\n<p>Der Wert der Geschenkkarte liegt zwischen 25 und 200 Euro.<\/p>\n<p>Ein Geschenkgutschein ist eine gro\u00dfartige M\u00f6glichkeit, Ihren Lieben zu zeigen, dass Sie sie lieben und sich <a href=\"https:\/\/sweetdropcbd.com\/elements\/pages\/about-old\/\">um<\/a> ihre Gesundheit k\u00fcmmern.<\/p>\n<h4><em>Hier sind einige Ideen f\u00fcr Geschenkkarten:<\/em><\/h4>\n<ul>\n<li>\u00dcbergeben Sie es direkt an die Person, der Sie es geben m\u00f6chten.<\/li>\n<li>Legen Sie sie in eine Gru\u00df- oder Geschenkverpackung.<\/li>\n<li>Senden Sie es per Post oder E-Mail.<\/li>\n<\/ul>\n<p>Ganz gleich, wie Sie den Geschenkgutschein verschenken, Ihre Liebsten werden sich bestimmt \u00fcber dieses Geschenk freuen!<\/p>\n<p><em>Hilfreiche Tipps zur Verwendung von CBD-Produkten:<\/em><\/p>\n<ul>\n<li>Empfohlene Menge: 3 \u2013 4 Tropfen, 2 Mal am Tag.<\/li>\n<li>Aufgrund der hohen CBD-Konzentration kann dieses \u00d6l kristallisieren. Wir empfehlen daher, die Flasche vor dem Gebrauch gut zu sch\u00fctteln.<\/li>\n<li>Verwenden Sie es pur, tragen Sie es auf die gew\u00fcnschte K\u00f6rperpartie auf und halten Sie es mindestens 1-2 Minuten ein.<\/li>\n<li>Vermeiden Sie den Kontakt mit den Augen.<\/li>\n<li>Erh\u00f6hen Sie bei Bedarf schrittweise die Menge der Tropfen. Allerdings sollten Sie nicht mehr als 200 mg CBD pro Tag einnehmen.<\/li>\n<li>Zur \u00e4u\u00dferen Anwendung.<\/li>\n<\/ul>\n<p>Die t\u00e4gliche <a href=\"https:\/\/sweetdropcbd.com\/de\/produkt\/sweet-drop-5-cbd-oel-500-mg-10ml\/\">Menge an CBD<\/a> h\u00e4ngt von vielen Faktoren ab, wie z.B. dem Zustand Ihres K\u00f6rpers, der gew\u00fcnschten Wirkung oder der CBD-Konzentration des Produkts, das Sie verwenden.<\/p>\n","protected":false},"excerpt":{"rendered":"<p>Sie wissen nicht, was Sie verschenken sollen?<\/p>\n<p>Verschenken Sie \u2013 Sweet Drop CBD Geschenkgutschein \u2013 A Drop of Peace.<\/p>\n<p>Mit dem Sweet Drop CBD-Geschenkgutschein k\u00f6nnen Sie Sweet Drop CBD-Produkte erwerben, die aus CBD und anderen faserigen Hanfverbindungen h\u00f6chster Qualit\u00e4t hergestellt werden.<\/p>\n","protected":false},"featured_media":2099,"comment_status":"closed","ping_status":"closed","template":"","meta":[],"product_brand":[665],"product_cat":[71,669,202],"product_tag":[517,518,519,520],"class_list":{"0":"post-1040","1":"product","2":"type-product","3":"status-publish","4":"has-post-thumbnail","6":"product_brand-sweet-drop-cbd","7":"product_cat-alle-produkte","8":"product_cat-cbd-sets","9":"product_cat-geschenkkarte","10":"product_tag-cbd","11":"product_tag-cbd-hanfol","12":"product_tag-cbd-ol","13":"product_tag-sweet-drop-cbd","15":"first","16":"instock","17":"purchasable","18":"product-type-pw-gift-card"},"yoast_head":"<!-- This site is optimized with the Yoast SEO Premium plugin v27.4 (Yoast SEO v27.4) - https:\/\/yoast.com\/product\/yoast-seo-premium-wordpress\/ -->\n<title>Geschenkkarte Sweet Drop CBD | Swet Drop CBD<\/title>\n<meta name=\"description\" content=\"Verschenken Sie Gesundheit mit Sweet Drop! Unsere \u20ac25-\u20ac200 Geschenkkarten bieten hochwertiges CBD f\u00fcr Ihr Wohlbefinden. Kaufen Sie jetzt!\" \/>\n<meta name=\"robots\" content=\"index, follow, max-snippet:-1, max-image-preview:large, max-video-preview:-1\" \/>\n<link rel=\"canonical\" href=\"https:\/\/sweetdropcbd.com\/de\/produkt\/geschenk-karte-suser-tropfen-cbd\/\" \/>\n<meta property=\"og:locale\" content=\"de_DE\" \/>\n<meta property=\"og:type\" content=\"article\" \/>\n<meta property=\"og:title\" content=\"Geschenkkarte Sweet Drop CBD | Swet Drop CBD\" \/>\n<meta property=\"og:description\" content=\"Verschenken Sie Gesundheit mit Sweet Drop! Unsere \u20ac25-\u20ac200 Geschenkkarten bieten hochwertiges CBD f\u00fcr Ihr Wohlbefinden. Kaufen Sie jetzt ein und zeigen Sie, dass Sie sich k\u00fcmmern! Geschenkkarte wird kostenlos geliefert\" \/>\n<meta property=\"og:url\" content=\"https:\/\/sweetdropcbd.com\/de\/produkt\/geschenk-karte-suser-tropfen-cbd\/\" \/>\n<meta property=\"og:site_name\" content=\"Sweet Drop CBD\" \/>\n<meta property=\"article:publisher\" content=\"https:\/\/www.facebook.com\/SweetDropCBD\" \/>\n<meta property=\"article:modified_time\" content=\"2026-02-13T16:47:38+00:00\" \/>\n<meta property=\"og:image\" content=\"https:\/\/sweetdropcbd.com\/wp-content\/uploads\/2023\/10\/Dovanu-kuponas-Sweet-Drop-DE.png\" \/>\n\t<meta property=\"og:image:width\" content=\"1280\" \/>\n\t<meta property=\"og:image:height\" content=\"1280\" \/>\n\t<meta property=\"og:image:type\" content=\"image\/png\" \/>\n<script type=\"application\/ld+json\" class=\"yoast-schema-graph\">{\"@context\":\"https:\\\/\\\/schema.org\",\"@graph\":[{\"@type\":\"WebPage\",\"@id\":\"https:\\\/\\\/sweetdropcbd.com\\\/de\\\/produkt\\\/geschenk-karte-suser-tropfen-cbd\\\/\",\"url\":\"https:\\\/\\\/sweetdropcbd.com\\\/de\\\/produkt\\\/geschenk-karte-suser-tropfen-cbd\\\/\",\"name\":\"Geschenkkarte Sweet Drop CBD | Swet Drop CBD\",\"isPartOf\":{\"@id\":\"https:\\\/\\\/sweetdropcbd.com\\\/de\\\/#website\"},\"primaryImageOfPage\":{\"@id\":\"https:\\\/\\\/sweetdropcbd.com\\\/de\\\/produkt\\\/geschenk-karte-suser-tropfen-cbd\\\/#primaryimage\"},\"image\":{\"@id\":\"https:\\\/\\\/sweetdropcbd.com\\\/de\\\/produkt\\\/geschenk-karte-suser-tropfen-cbd\\\/#primaryimage\"},\"thumbnailUrl\":\"https:\\\/\\\/sweetdropcbd.com\\\/wp-content\\\/uploads\\\/2023\\\/10\\\/Dovanu-kuponas-Sweet-Drop-DE.png\",\"datePublished\":\"2023-10-06T05:39:17+00:00\",\"dateModified\":\"2026-02-13T16:47:38+00:00\",\"description\":\"Verschenken Sie Gesundheit mit Sweet Drop! Unsere \u20ac25-\u20ac200 Geschenkkarten bieten hochwertiges CBD f\u00fcr Ihr Wohlbefinden. Kaufen Sie jetzt!\",\"breadcrumb\":{\"@id\":\"https:\\\/\\\/sweetdropcbd.com\\\/de\\\/produkt\\\/geschenk-karte-suser-tropfen-cbd\\\/#breadcrumb\"},\"inLanguage\":\"de\",\"potentialAction\":[{\"@type\":\"ReadAction\",\"target\":[\"https:\\\/\\\/sweetdropcbd.com\\\/de\\\/produkt\\\/geschenk-karte-suser-tropfen-cbd\\\/\"]}]},{\"@type\":\"ImageObject\",\"inLanguage\":\"de\",\"@id\":\"https:\\\/\\\/sweetdropcbd.com\\\/de\\\/produkt\\\/geschenk-karte-suser-tropfen-cbd\\\/#primaryimage\",\"url\":\"https:\\\/\\\/sweetdropcbd.com\\\/wp-content\\\/uploads\\\/2023\\\/10\\\/Dovanu-kuponas-Sweet-Drop-DE.png\",\"contentUrl\":\"https:\\\/\\\/sweetdropcbd.com\\\/wp-content\\\/uploads\\\/2023\\\/10\\\/Dovanu-kuponas-Sweet-Drop-DE.png\",\"width\":1280,\"height\":1280},{\"@type\":\"BreadcrumbList\",\"@id\":\"https:\\\/\\\/sweetdropcbd.com\\\/de\\\/produkt\\\/geschenk-karte-suser-tropfen-cbd\\\/#breadcrumb\",\"itemListElement\":[{\"@type\":\"ListItem\",\"position\":1,\"name\":\"Startseite\",\"item\":\"https:\\\/\\\/sweetdropcbd.com\\\/de\\\/classic-shop\\\/\"},{\"@type\":\"ListItem\",\"position\":2,\"name\":\"Unser CBD-Shop\",\"item\":\"https:\\\/\\\/sweetdropcbd.com\\\/de\\\/unser-cbd-shop\\\/\"},{\"@type\":\"ListItem\",\"position\":3,\"name\":\"Geschenkkarte Sweet Drop CBD\"}]},{\"@type\":\"WebSite\",\"@id\":\"https:\\\/\\\/sweetdropcbd.com\\\/de\\\/#website\",\"url\":\"https:\\\/\\\/sweetdropcbd.com\\\/de\\\/\",\"name\":\"Sweet Drop CBD\",\"description\":\"Sweet Drop CBD\",\"publisher\":{\"@id\":\"https:\\\/\\\/sweetdropcbd.com\\\/de\\\/#organization\"},\"alternateName\":\"Sweet Drop CBD oil\",\"potentialAction\":[{\"@type\":\"SearchAction\",\"target\":{\"@type\":\"EntryPoint\",\"urlTemplate\":\"https:\\\/\\\/sweetdropcbd.com\\\/de\\\/?s={search_term_string}\"},\"query-input\":{\"@type\":\"PropertyValueSpecification\",\"valueRequired\":true,\"valueName\":\"search_term_string\"}}],\"inLanguage\":\"de\"},{\"@type\":[\"Organization\",\"Place\",\"HealthAndBeautyBusiness\"],\"@id\":\"https:\\\/\\\/sweetdropcbd.com\\\/de\\\/#organization\",\"name\":\"MB EBIGUS\",\"alternateName\":\"Sweet Drop CBD\",\"url\":\"https:\\\/\\\/sweetdropcbd.com\\\/de\\\/\",\"logo\":{\"@id\":\"https:\\\/\\\/sweetdropcbd.com\\\/de\\\/produkt\\\/geschenk-karte-suser-tropfen-cbd\\\/#local-main-organization-logo\"},\"image\":{\"@id\":\"https:\\\/\\\/sweetdropcbd.com\\\/de\\\/produkt\\\/geschenk-karte-suser-tropfen-cbd\\\/#local-main-organization-logo\"},\"sameAs\":[\"https:\\\/\\\/www.facebook.com\\\/SweetDropCBD\",\"https:\\\/\\\/www.instagram.com\\\/sweetdropcbd\\\/\"],\"publishingPrinciples\":\"https:\\\/\\\/sweetdropcbd.com\\\/terms-conditions\\\/\",\"ownershipFundingInfo\":\"https:\\\/\\\/sweetdropcbd.com\\\/about-us\\\/\",\"address\":{\"@id\":\"https:\\\/\\\/sweetdropcbd.com\\\/de\\\/produkt\\\/geschenk-karte-suser-tropfen-cbd\\\/#local-main-place-address\"},\"telephone\":[\"+37068683090\"],\"openingHoursSpecification\":{\"@type\":\"OpeningHoursSpecification\",\"dayOfWeek\":[\"Monday\",\"Tuesday\",\"Wednesday\",\"Thursday\",\"Friday\",\"Saturday\",\"Sunday\"],\"opens\":\"00:00\",\"closes\":\"23:59\"},\"email\":\"info@sweetdropcbd.com\",\"areaServed\":\"EU\"},{\"@type\":\"PostalAddress\",\"@id\":\"https:\\\/\\\/sweetdropcbd.com\\\/de\\\/produkt\\\/geschenk-karte-suser-tropfen-cbd\\\/#local-main-place-address\",\"streetAddress\":\"Rusn\u0117s g. 31, \u0160aki\u0173 k., Kauno r. sav., Lietuva\",\"addressLocality\":\"Kaunas\",\"postalCode\":\"47412\",\"addressCountry\":\"LT\"},{\"@type\":\"ImageObject\",\"inLanguage\":\"de\",\"@id\":\"https:\\\/\\\/sweetdropcbd.com\\\/de\\\/produkt\\\/geschenk-karte-suser-tropfen-cbd\\\/#local-main-organization-logo\",\"url\":\"https:\\\/\\\/sweetdropcbd.com\\\/wp-content\\\/uploads\\\/2023\\\/10\\\/Saldus-lasas-logotipas_H-EN.png\",\"contentUrl\":\"https:\\\/\\\/sweetdropcbd.com\\\/wp-content\\\/uploads\\\/2023\\\/10\\\/Saldus-lasas-logotipas_H-EN.png\",\"width\":206,\"height\":239,\"caption\":\"MB EBIGUS\"}]}<\/script>\n<meta property=\"product:price:amount\" content=\"25.00\" \/>\n<meta property=\"product:price:currency\" content=\"EUR\" \/>\n<meta property=\"og:availability\" content=\"instock\" \/>\n<meta property=\"product:availability\" content=\"instock\" \/>\n<meta property=\"product:condition\" content=\"new\" \/>\n<meta name=\"geo.placename\" content=\"Kaunas\" \/>\n<meta name=\"geo.region\" content=\"Litauen\" \/>\n<!-- \/ Yoast SEO Premium plugin. -->","yoast_head_json":{"title":"Geschenkkarte Sweet Drop CBD | Swet Drop CBD","description":"Verschenken Sie Gesundheit mit Sweet Drop! Unsere \u20ac25-\u20ac200 Geschenkkarten bieten hochwertiges CBD f\u00fcr Ihr Wohlbefinden. Kaufen Sie jetzt!","robots":{"index":"index","follow":"follow","max-snippet":"max-snippet:-1","max-image-preview":"max-image-preview:large","max-video-preview":"max-video-preview:-1"},"canonical":"https:\/\/sweetdropcbd.com\/de\/produkt\/geschenk-karte-suser-tropfen-cbd\/","og_locale":"de_DE","og_type":"article","og_title":"Geschenkkarte Sweet Drop CBD | Swet Drop CBD","og_description":"Verschenken Sie Gesundheit mit Sweet Drop! Unsere \u20ac25-\u20ac200 Geschenkkarten bieten hochwertiges CBD f\u00fcr Ihr Wohlbefinden. Kaufen Sie jetzt ein und zeigen Sie, dass Sie sich k\u00fcmmern! Geschenkkarte wird kostenlos geliefert","og_url":"https:\/\/sweetdropcbd.com\/de\/produkt\/geschenk-karte-suser-tropfen-cbd\/","og_site_name":"Sweet Drop CBD","article_publisher":"https:\/\/www.facebook.com\/SweetDropCBD","article_modified_time":"2026-02-13T16:47:38+00:00","og_image":[{"width":1280,"height":1280,"url":"https:\/\/sweetdropcbd.com\/wp-content\/uploads\/2023\/10\/Dovanu-kuponas-Sweet-Drop-DE.png","type":"image\/png"}],"schema":{"@context":"https:\/\/schema.org","@graph":[{"@type":"WebPage","@id":"https:\/\/sweetdropcbd.com\/de\/produkt\/geschenk-karte-suser-tropfen-cbd\/","url":"https:\/\/sweetdropcbd.com\/de\/produkt\/geschenk-karte-suser-tropfen-cbd\/","name":"Geschenkkarte Sweet Drop CBD | Swet Drop CBD","isPartOf":{"@id":"https:\/\/sweetdropcbd.com\/de\/#website"},"primaryImageOfPage":{"@id":"https:\/\/sweetdropcbd.com\/de\/produkt\/geschenk-karte-suser-tropfen-cbd\/#primaryimage"},"image":{"@id":"https:\/\/sweetdropcbd.com\/de\/produkt\/geschenk-karte-suser-tropfen-cbd\/#primaryimage"},"thumbnailUrl":"https:\/\/sweetdropcbd.com\/wp-content\/uploads\/2023\/10\/Dovanu-kuponas-Sweet-Drop-DE.png","datePublished":"2023-10-06T05:39:17+00:00","dateModified":"2026-02-13T16:47:38+00:00","description":"Verschenken Sie Gesundheit mit Sweet Drop! Unsere \u20ac25-\u20ac200 Geschenkkarten bieten hochwertiges CBD f\u00fcr Ihr Wohlbefinden. Kaufen Sie jetzt!","breadcrumb":{"@id":"https:\/\/sweetdropcbd.com\/de\/produkt\/geschenk-karte-suser-tropfen-cbd\/#breadcrumb"},"inLanguage":"de","potentialAction":[{"@type":"ReadAction","target":["https:\/\/sweetdropcbd.com\/de\/produkt\/geschenk-karte-suser-tropfen-cbd\/"]}]},{"@type":"ImageObject","inLanguage":"de","@id":"https:\/\/sweetdropcbd.com\/de\/produkt\/geschenk-karte-suser-tropfen-cbd\/#primaryimage","url":"https:\/\/sweetdropcbd.com\/wp-content\/uploads\/2023\/10\/Dovanu-kuponas-Sweet-Drop-DE.png","contentUrl":"https:\/\/sweetdropcbd.com\/wp-content\/uploads\/2023\/10\/Dovanu-kuponas-Sweet-Drop-DE.png","width":1280,"height":1280},{"@type":"BreadcrumbList","@id":"https:\/\/sweetdropcbd.com\/de\/produkt\/geschenk-karte-suser-tropfen-cbd\/#breadcrumb","itemListElement":[{"@type":"ListItem","position":1,"name":"Startseite","item":"https:\/\/sweetdropcbd.com\/de\/classic-shop\/"},{"@type":"ListItem","position":2,"name":"Unser CBD-Shop","item":"https:\/\/sweetdropcbd.com\/de\/unser-cbd-shop\/"},{"@type":"ListItem","position":3,"name":"Geschenkkarte Sweet Drop CBD"}]},{"@type":"WebSite","@id":"https:\/\/sweetdropcbd.com\/de\/#website","url":"https:\/\/sweetdropcbd.com\/de\/","name":"Sweet Drop CBD","description":"Sweet Drop CBD","publisher":{"@id":"https:\/\/sweetdropcbd.com\/de\/#organization"},"alternateName":"Sweet Drop CBD oil","potentialAction":[{"@type":"SearchAction","target":{"@type":"EntryPoint","urlTemplate":"https:\/\/sweetdropcbd.com\/de\/?s={search_term_string}"},"query-input":{"@type":"PropertyValueSpecification","valueRequired":true,"valueName":"search_term_string"}}],"inLanguage":"de"},{"@type":["Organization","Place","HealthAndBeautyBusiness"],"@id":"https:\/\/sweetdropcbd.com\/de\/#organization","name":"MB EBIGUS","alternateName":"Sweet Drop CBD","url":"https:\/\/sweetdropcbd.com\/de\/","logo":{"@id":"https:\/\/sweetdropcbd.com\/de\/produkt\/geschenk-karte-suser-tropfen-cbd\/#local-main-organization-logo"},"image":{"@id":"https:\/\/sweetdropcbd.com\/de\/produkt\/geschenk-karte-suser-tropfen-cbd\/#local-main-organization-logo"},"sameAs":["https:\/\/www.facebook.com\/SweetDropCBD","https:\/\/www.instagram.com\/sweetdropcbd\/"],"publishingPrinciples":"https:\/\/sweetdropcbd.com\/terms-conditions\/","ownershipFundingInfo":"https:\/\/sweetdropcbd.com\/about-us\/","address":{"@id":"https:\/\/sweetdropcbd.com\/de\/produkt\/geschenk-karte-suser-tropfen-cbd\/#local-main-place-address"},"telephone":["+37068683090"],"openingHoursSpecification":{"@type":"OpeningHoursSpecification","dayOfWeek":["Monday","Tuesday","Wednesday","Thursday","Friday","Saturday","Sunday"],"opens":"00:00","closes":"23:59"},"email":"info@sweetdropcbd.com","areaServed":"EU"},{"@type":"PostalAddress","@id":"https:\/\/sweetdropcbd.com\/de\/produkt\/geschenk-karte-suser-tropfen-cbd\/#local-main-place-address","streetAddress":"Rusn\u0117s g. 31, \u0160aki\u0173 k., Kauno r. sav., Lietuva","addressLocality":"Kaunas","postalCode":"47412","addressCountry":"LT"},{"@type":"ImageObject","inLanguage":"de","@id":"https:\/\/sweetdropcbd.com\/de\/produkt\/geschenk-karte-suser-tropfen-cbd\/#local-main-organization-logo","url":"https:\/\/sweetdropcbd.com\/wp-content\/uploads\/2023\/10\/Saldus-lasas-logotipas_H-EN.png","contentUrl":"https:\/\/sweetdropcbd.com\/wp-content\/uploads\/2023\/10\/Saldus-lasas-logotipas_H-EN.png","width":206,"height":239,"caption":"MB EBIGUS"}]},"product_price_amount":"25.00","product_price_currency":"EUR","og_availability":"instock","product_availability":"instock","product_condition":"new","geo.placename":"Kaunas","geo.region":"Litauen"},"_links":{"self":[{"href":"https:\/\/sweetdropcbd.com\/de\/wp-json\/wp\/v2\/product\/1040","targetHints":{"allow":["GET"]}}],"collection":[{"href":"https:\/\/sweetdropcbd.com\/de\/wp-json\/wp\/v2\/product"}],"about":[{"href":"https:\/\/sweetdropcbd.com\/de\/wp-json\/wp\/v2\/types\/product"}],"replies":[{"embeddable":true,"href":"https:\/\/sweetdropcbd.com\/de\/wp-json\/wp\/v2\/comments?post=1040"}],"wp:featuredmedia":[{"embeddable":true,"href":"https:\/\/sweetdropcbd.com\/de\/wp-json\/wp\/v2\/media\/2099"}],"wp:attachment":[{"href":"https:\/\/sweetdropcbd.com\/de\/wp-json\/wp\/v2\/media?parent=1040"}],"wp:term":[{"taxonomy":"product_brand","embeddable":true,"href":"https:\/\/sweetdropcbd.com\/de\/wp-json\/wp\/v2\/product_brand?post=1040"},{"taxonomy":"product_cat","embeddable":true,"href":"https:\/\/sweetdropcbd.com\/de\/wp-json\/wp\/v2\/product_cat?post=1040"},{"taxonomy":"product_tag","embeddable":true,"href":"https:\/\/sweetdropcbd.com\/de\/wp-json\/wp\/v2\/product_tag?post=1040"}],"curies":[{"name":"wp","href":"https:\/\/api.w.org\/{rel}","templated":true}]}}