{"id":3225,"date":"2026-02-19T17:40:51","date_gmt":"2026-02-19T15:40:51","guid":{"rendered":"https:\/\/sweetdropcbd.com\/product\/sweet-drop-cbd-power-trio-set-30-15-lippenbalsam\/"},"modified":"2026-02-27T18:35:51","modified_gmt":"2026-02-27T16:35:51","slug":"sweet-drop-cbd-power-trio-set-30-15-lippenbalsam","status":"publish","type":"product","link":"https:\/\/sweetdropcbd.com\/de\/produkt\/sweet-drop-cbd-power-trio-set-30-15-lippenbalsam\/","title":{"rendered":"Sweet Drop CBD \u201ePower Trio\u201c Set: 30% + 15% + Lippenbalsam"},"content":{"rendered":"<p data-path-to-node=\"11\">\u201ePower Trio\u201c ist ein Set f\u00fcr alle, die bereits mit einer <a href=\"https:\/\/sweetdropcbd.com\/de\/sweet-drop-cbd-oel-und-kosmetische-verwendung\/\">CBD<\/a> Routine vertraut sind und die Flexibilit\u00e4t verschiedener St\u00e4rken w\u00fcnschen. Die 30%ige <a href=\"https:\/\/sweetdropcbd.com\/de\/produkt\/sweet-drop-5-cbd-oel-500-mg-10ml\/\">Konzentration<\/a> ist perfekt, wenn du eine intensivere Option ben\u00f6tigst, w\u00e4hrend die 15%ige ideal f\u00fcr allt\u00e4gliche Momente ist. Abgerundet wird das Set durch einen <a href=\"https:\/\/sweetdropcbd.com\/de\/produkt\/sweet-drop-10-cbd-oil-1000-mg-10ml\/\">CBD<\/a> Lippenbalsam, der deine Lippenpflege immer griffbereit h\u00e4lt.  <\/p>\n<p data-path-to-node=\"12\"><b data-path-to-node=\"12\" data-index-in-node=\"0\">Im Set enthalten:<\/b><\/p>\n<ul data-path-to-node=\"13\">\n<li>\n<p data-path-to-node=\"13,0,0\"><a href=\"https:\/\/sweetdropcbd.com\/de\/produkt\/sweet-drop-30-cbd-oil-3000-mg-10ml\/\">Sweet Drop CBD Hanf\u00f6l 30% (3000 mg) \u2013 Natur, 10 ml<\/a><\/p>\n<\/li>\n<li><a href=\"https:\/\/sweetdropcbd.com\/de\/produkt\/sweet-drop-15-cbd-ole-1500-mg-10ml\/\">Sweet Drop CBD Hanf\u00f6l 15% (1500 mg) \u2013 Natur, 10 ml<\/a><\/li>\n<\/ul>\n<ul data-path-to-node=\"13\">\n<li>\n<p data-path-to-node=\"13,2,0\"><a href=\"https:\/\/sweetdropcbd.com\/de\/produkt\/sweet-drop-cbd-lippenbalsam-mit-60-mg-cbd-6-g\/\">Sweet Drop CBD Lippenbalsam mit CBD (60 mg \/ 6 g)<\/a><\/p>\n<\/li>\n<\/ul>\n<p>Klicke auf jedes, um <a href=\"https:\/\/sweetdropcbd.com\/de\/produkt\/sweet-drop-cbd-home-balance-box-5-20-30-lippenbalsam\/\">mehr<\/a> zu erfahren<\/p>\n","protected":false},"excerpt":{"rendered":"<p class=\"product-title product_title entry-title\"><strong><span style=\"font-size: 120%;\">\u201ePower Trio\u201c Set:<\/span><\/strong><\/p>\n<ul>\n<li>\n<p data-path-to-node=\"10,0,0\">2 CBD \u00d6le (30% und 15%) + CBD Lippenbalsam<\/p>\n<\/li>\n<li>\n<p data-path-to-node=\"10,1,0\">Einfach an verschiedene Alltagssituationen anpassbar<\/p>\n<\/li>\n<li>\n<p data-path-to-node=\"10,2,0\">Tolle Geschenkidee f\u00fcr erfahrene Anwender<\/p>\n<\/li>\n<\/ul>\n","protected":false},"featured_media":3236,"comment_status":"closed","ping_status":"closed","template":"","meta":[],"product_brand":[665],"product_cat":[71,669],"product_tag":[517,518,519,520],"class_list":{"0":"post-3225","1":"product","2":"type-product","3":"status-publish","4":"has-post-thumbnail","6":"product_brand-sweet-drop-cbd","7":"product_cat-alle-produkte","8":"product_cat-cbd-sets","9":"product_tag-cbd","10":"product_tag-cbd-hanfol","11":"product_tag-cbd-ol","12":"product_tag-sweet-drop-cbd","14":"first","15":"instock","16":"sale","17":"taxable","18":"shipping-taxable","19":"purchasable","20":"product-type-simple"},"yoast_head":"<!-- This site is optimized with the Yoast SEO Premium plugin v27.3 (Yoast SEO v27.3) - https:\/\/yoast.com\/product\/yoast-seo-premium-wordpress\/ -->\n<title>CBD \u00d6l Set 30% + 15% + Lippenbalsam | Sweet Drop CBD<\/title>\n<meta name=\"description\" content=\"Erweitertes CBD Set: 30% und 15% CBD \u00d6le + CBD Lippenbalsam. Perfekt, um verschiedene t\u00e4gliche Routinen zu kombinieren und deine Lippenpflege \u00fcberall griffbereit zu haben.\" \/>\n<meta name=\"robots\" content=\"index, follow, max-snippet:-1, max-image-preview:large, max-video-preview:-1\" \/>\n<link rel=\"canonical\" href=\"https:\/\/sweetdropcbd.com\/de\/produkt\/sweet-drop-cbd-power-trio-set-30-15-lippenbalsam\/\" \/>\n<meta property=\"og:locale\" content=\"de_DE\" \/>\n<meta property=\"og:type\" content=\"article\" \/>\n<meta property=\"og:title\" content=\"Power Trio: 30% + 15% CBD \u00d6le + Lippenbalsam\" \/>\n<meta property=\"og:description\" content=\"Zwei verschiedene CBD \u00d6l-St\u00e4rken in einem Set plus t\u00e4gliche Lippenpflege. Die ultimative Flexibilit\u00e4t f\u00fcr deine Routine.\" \/>\n<meta property=\"og:url\" content=\"https:\/\/sweetdropcbd.com\/de\/produkt\/sweet-drop-cbd-power-trio-set-30-15-lippenbalsam\/\" \/>\n<meta property=\"og:site_name\" content=\"Sweet Drop CBD\" \/>\n<meta property=\"article:publisher\" content=\"https:\/\/www.facebook.com\/SweetDropCBD\" \/>\n<meta property=\"article:modified_time\" content=\"2026-02-27T16:35:51+00:00\" \/>\n<meta property=\"og:image\" content=\"https:\/\/sweetdropcbd.com\/wp-content\/uploads\/2026\/02\/Sweet-Drop-CBD-Power-Trio-Set-30-15-Lip-Balm-scaled.jpg\" \/>\n\t<meta property=\"og:image:width\" content=\"2560\" \/>\n\t<meta property=\"og:image:height\" content=\"1708\" \/>\n\t<meta property=\"og:image:type\" content=\"image\/jpeg\" \/>\n<script type=\"application\/ld+json\" class=\"yoast-schema-graph\">{\"@context\":\"https:\\\/\\\/schema.org\",\"@graph\":[{\"@type\":\"WebPage\",\"@id\":\"https:\\\/\\\/sweetdropcbd.com\\\/de\\\/produkt\\\/sweet-drop-cbd-power-trio-set-30-15-lippenbalsam\\\/\",\"url\":\"https:\\\/\\\/sweetdropcbd.com\\\/de\\\/produkt\\\/sweet-drop-cbd-power-trio-set-30-15-lippenbalsam\\\/\",\"name\":\"CBD \u00d6l Set 30% + 15% + Lippenbalsam | Sweet Drop CBD\",\"isPartOf\":{\"@id\":\"https:\\\/\\\/sweetdropcbd.com\\\/de\\\/#website\"},\"primaryImageOfPage\":{\"@id\":\"https:\\\/\\\/sweetdropcbd.com\\\/de\\\/produkt\\\/sweet-drop-cbd-power-trio-set-30-15-lippenbalsam\\\/#primaryimage\"},\"image\":{\"@id\":\"https:\\\/\\\/sweetdropcbd.com\\\/de\\\/produkt\\\/sweet-drop-cbd-power-trio-set-30-15-lippenbalsam\\\/#primaryimage\"},\"thumbnailUrl\":\"https:\\\/\\\/sweetdropcbd.com\\\/wp-content\\\/uploads\\\/2026\\\/02\\\/Sweet-Drop-CBD-Power-Trio-Set-30-15-Lip-Balm-scaled.jpg\",\"datePublished\":\"2026-02-19T15:40:51+00:00\",\"dateModified\":\"2026-02-27T16:35:51+00:00\",\"description\":\"Erweitertes CBD Set: 30% und 15% CBD \u00d6le + CBD Lippenbalsam. Perfekt, um verschiedene t\u00e4gliche Routinen zu kombinieren und deine Lippenpflege \u00fcberall griffbereit zu haben.\",\"breadcrumb\":{\"@id\":\"https:\\\/\\\/sweetdropcbd.com\\\/de\\\/produkt\\\/sweet-drop-cbd-power-trio-set-30-15-lippenbalsam\\\/#breadcrumb\"},\"inLanguage\":\"de\",\"potentialAction\":[{\"@type\":\"ReadAction\",\"target\":[\"https:\\\/\\\/sweetdropcbd.com\\\/de\\\/produkt\\\/sweet-drop-cbd-power-trio-set-30-15-lippenbalsam\\\/\"]}]},{\"@type\":\"ImageObject\",\"inLanguage\":\"de\",\"@id\":\"https:\\\/\\\/sweetdropcbd.com\\\/de\\\/produkt\\\/sweet-drop-cbd-power-trio-set-30-15-lippenbalsam\\\/#primaryimage\",\"url\":\"https:\\\/\\\/sweetdropcbd.com\\\/wp-content\\\/uploads\\\/2026\\\/02\\\/Sweet-Drop-CBD-Power-Trio-Set-30-15-Lip-Balm-scaled.jpg\",\"contentUrl\":\"https:\\\/\\\/sweetdropcbd.com\\\/wp-content\\\/uploads\\\/2026\\\/02\\\/Sweet-Drop-CBD-Power-Trio-Set-30-15-Lip-Balm-scaled.jpg\",\"width\":2560,\"height\":1708},{\"@type\":\"BreadcrumbList\",\"@id\":\"https:\\\/\\\/sweetdropcbd.com\\\/de\\\/produkt\\\/sweet-drop-cbd-power-trio-set-30-15-lippenbalsam\\\/#breadcrumb\",\"itemListElement\":[{\"@type\":\"ListItem\",\"position\":1,\"name\":\"Startseite\",\"item\":\"https:\\\/\\\/sweetdropcbd.com\\\/de\\\/classic-shop\\\/\"},{\"@type\":\"ListItem\",\"position\":2,\"name\":\"Unser CBD-Shop\",\"item\":\"https:\\\/\\\/sweetdropcbd.com\\\/de\\\/unser-cbd-shop\\\/\"},{\"@type\":\"ListItem\",\"position\":3,\"name\":\"Sweet Drop CBD \u201ePower Trio\u201c Set: 30% + 15% + Lippenbalsam\"}]},{\"@type\":\"WebSite\",\"@id\":\"https:\\\/\\\/sweetdropcbd.com\\\/de\\\/#website\",\"url\":\"https:\\\/\\\/sweetdropcbd.com\\\/de\\\/\",\"name\":\"Sweet Drop CBD\",\"description\":\"Sweet Drop CBD\",\"publisher\":{\"@id\":\"https:\\\/\\\/sweetdropcbd.com\\\/de\\\/#organization\"},\"alternateName\":\"Sweet Drop CBD oil\",\"potentialAction\":[{\"@type\":\"SearchAction\",\"target\":{\"@type\":\"EntryPoint\",\"urlTemplate\":\"https:\\\/\\\/sweetdropcbd.com\\\/de\\\/?s={search_term_string}\"},\"query-input\":{\"@type\":\"PropertyValueSpecification\",\"valueRequired\":true,\"valueName\":\"search_term_string\"}}],\"inLanguage\":\"de\"},{\"@type\":[\"Organization\",\"Place\",\"HealthAndBeautyBusiness\"],\"@id\":\"https:\\\/\\\/sweetdropcbd.com\\\/de\\\/#organization\",\"name\":\"MB EBIGUS\",\"alternateName\":\"Sweet Drop CBD\",\"url\":\"https:\\\/\\\/sweetdropcbd.com\\\/de\\\/\",\"logo\":{\"@id\":\"https:\\\/\\\/sweetdropcbd.com\\\/de\\\/produkt\\\/sweet-drop-cbd-power-trio-set-30-15-lippenbalsam\\\/#local-main-organization-logo\"},\"image\":{\"@id\":\"https:\\\/\\\/sweetdropcbd.com\\\/de\\\/produkt\\\/sweet-drop-cbd-power-trio-set-30-15-lippenbalsam\\\/#local-main-organization-logo\"},\"sameAs\":[\"https:\\\/\\\/www.facebook.com\\\/SweetDropCBD\",\"https:\\\/\\\/www.instagram.com\\\/sweetdropcbd\\\/\"],\"publishingPrinciples\":\"https:\\\/\\\/sweetdropcbd.com\\\/terms-conditions\\\/\",\"ownershipFundingInfo\":\"https:\\\/\\\/sweetdropcbd.com\\\/about-us\\\/\",\"address\":{\"@id\":\"https:\\\/\\\/sweetdropcbd.com\\\/de\\\/produkt\\\/sweet-drop-cbd-power-trio-set-30-15-lippenbalsam\\\/#local-main-place-address\"},\"telephone\":[\"+37068683090\"],\"openingHoursSpecification\":{\"@type\":\"OpeningHoursSpecification\",\"dayOfWeek\":[\"Monday\",\"Tuesday\",\"Wednesday\",\"Thursday\",\"Friday\",\"Saturday\",\"Sunday\"],\"opens\":\"00:00\",\"closes\":\"23:59\"},\"email\":\"info@sweetdropcbd.com\",\"areaServed\":\"EU\"},{\"@type\":\"PostalAddress\",\"@id\":\"https:\\\/\\\/sweetdropcbd.com\\\/de\\\/produkt\\\/sweet-drop-cbd-power-trio-set-30-15-lippenbalsam\\\/#local-main-place-address\",\"streetAddress\":\"Rusn\u0117s g. 31, \u0160aki\u0173 k., Kauno r. sav., Lietuva\",\"addressLocality\":\"Kaunas\",\"postalCode\":\"47412\",\"addressCountry\":\"LT\"},{\"@type\":\"ImageObject\",\"inLanguage\":\"de\",\"@id\":\"https:\\\/\\\/sweetdropcbd.com\\\/de\\\/produkt\\\/sweet-drop-cbd-power-trio-set-30-15-lippenbalsam\\\/#local-main-organization-logo\",\"url\":\"https:\\\/\\\/sweetdropcbd.com\\\/wp-content\\\/uploads\\\/2023\\\/10\\\/Saldus-lasas-logotipas_H-EN.png\",\"contentUrl\":\"https:\\\/\\\/sweetdropcbd.com\\\/wp-content\\\/uploads\\\/2023\\\/10\\\/Saldus-lasas-logotipas_H-EN.png\",\"width\":206,\"height\":239,\"caption\":\"MB EBIGUS\"}]}<\/script>\n<meta property=\"product:price:amount\" content=\"105.75\" \/>\n<meta property=\"product:price:currency\" content=\"EUR\" \/>\n<meta property=\"og:availability\" content=\"instock\" \/>\n<meta property=\"product:availability\" content=\"instock\" \/>\n<meta property=\"product:condition\" content=\"new\" \/>\n<meta name=\"geo.placename\" content=\"Kaunas\" \/>\n<meta name=\"geo.region\" content=\"Litauen\" \/>\n<!-- \/ Yoast SEO Premium plugin. -->","yoast_head_json":{"title":"CBD \u00d6l Set 30% + 15% + Lippenbalsam | Sweet Drop CBD","description":"Erweitertes CBD Set: 30% und 15% CBD \u00d6le + CBD Lippenbalsam. Perfekt, um verschiedene t\u00e4gliche Routinen zu kombinieren und deine Lippenpflege \u00fcberall griffbereit zu haben.","robots":{"index":"index","follow":"follow","max-snippet":"max-snippet:-1","max-image-preview":"max-image-preview:large","max-video-preview":"max-video-preview:-1"},"canonical":"https:\/\/sweetdropcbd.com\/de\/produkt\/sweet-drop-cbd-power-trio-set-30-15-lippenbalsam\/","og_locale":"de_DE","og_type":"article","og_title":"Power Trio: 30% + 15% CBD \u00d6le + Lippenbalsam","og_description":"Zwei verschiedene CBD \u00d6l-St\u00e4rken in einem Set plus t\u00e4gliche Lippenpflege. Die ultimative Flexibilit\u00e4t f\u00fcr deine Routine.","og_url":"https:\/\/sweetdropcbd.com\/de\/produkt\/sweet-drop-cbd-power-trio-set-30-15-lippenbalsam\/","og_site_name":"Sweet Drop CBD","article_publisher":"https:\/\/www.facebook.com\/SweetDropCBD","article_modified_time":"2026-02-27T16:35:51+00:00","og_image":[{"width":2560,"height":1708,"url":"https:\/\/sweetdropcbd.com\/wp-content\/uploads\/2026\/02\/Sweet-Drop-CBD-Power-Trio-Set-30-15-Lip-Balm-scaled.jpg","type":"image\/jpeg"}],"schema":{"@context":"https:\/\/schema.org","@graph":[{"@type":"WebPage","@id":"https:\/\/sweetdropcbd.com\/de\/produkt\/sweet-drop-cbd-power-trio-set-30-15-lippenbalsam\/","url":"https:\/\/sweetdropcbd.com\/de\/produkt\/sweet-drop-cbd-power-trio-set-30-15-lippenbalsam\/","name":"CBD \u00d6l Set 30% + 15% + Lippenbalsam | Sweet Drop CBD","isPartOf":{"@id":"https:\/\/sweetdropcbd.com\/de\/#website"},"primaryImageOfPage":{"@id":"https:\/\/sweetdropcbd.com\/de\/produkt\/sweet-drop-cbd-power-trio-set-30-15-lippenbalsam\/#primaryimage"},"image":{"@id":"https:\/\/sweetdropcbd.com\/de\/produkt\/sweet-drop-cbd-power-trio-set-30-15-lippenbalsam\/#primaryimage"},"thumbnailUrl":"https:\/\/sweetdropcbd.com\/wp-content\/uploads\/2026\/02\/Sweet-Drop-CBD-Power-Trio-Set-30-15-Lip-Balm-scaled.jpg","datePublished":"2026-02-19T15:40:51+00:00","dateModified":"2026-02-27T16:35:51+00:00","description":"Erweitertes CBD Set: 30% und 15% CBD \u00d6le + CBD Lippenbalsam. Perfekt, um verschiedene t\u00e4gliche Routinen zu kombinieren und deine Lippenpflege \u00fcberall griffbereit zu haben.","breadcrumb":{"@id":"https:\/\/sweetdropcbd.com\/de\/produkt\/sweet-drop-cbd-power-trio-set-30-15-lippenbalsam\/#breadcrumb"},"inLanguage":"de","potentialAction":[{"@type":"ReadAction","target":["https:\/\/sweetdropcbd.com\/de\/produkt\/sweet-drop-cbd-power-trio-set-30-15-lippenbalsam\/"]}]},{"@type":"ImageObject","inLanguage":"de","@id":"https:\/\/sweetdropcbd.com\/de\/produkt\/sweet-drop-cbd-power-trio-set-30-15-lippenbalsam\/#primaryimage","url":"https:\/\/sweetdropcbd.com\/wp-content\/uploads\/2026\/02\/Sweet-Drop-CBD-Power-Trio-Set-30-15-Lip-Balm-scaled.jpg","contentUrl":"https:\/\/sweetdropcbd.com\/wp-content\/uploads\/2026\/02\/Sweet-Drop-CBD-Power-Trio-Set-30-15-Lip-Balm-scaled.jpg","width":2560,"height":1708},{"@type":"BreadcrumbList","@id":"https:\/\/sweetdropcbd.com\/de\/produkt\/sweet-drop-cbd-power-trio-set-30-15-lippenbalsam\/#breadcrumb","itemListElement":[{"@type":"ListItem","position":1,"name":"Startseite","item":"https:\/\/sweetdropcbd.com\/de\/classic-shop\/"},{"@type":"ListItem","position":2,"name":"Unser CBD-Shop","item":"https:\/\/sweetdropcbd.com\/de\/unser-cbd-shop\/"},{"@type":"ListItem","position":3,"name":"Sweet Drop CBD \u201ePower Trio\u201c Set: 30% + 15% + Lippenbalsam"}]},{"@type":"WebSite","@id":"https:\/\/sweetdropcbd.com\/de\/#website","url":"https:\/\/sweetdropcbd.com\/de\/","name":"Sweet Drop CBD","description":"Sweet Drop CBD","publisher":{"@id":"https:\/\/sweetdropcbd.com\/de\/#organization"},"alternateName":"Sweet Drop CBD oil","potentialAction":[{"@type":"SearchAction","target":{"@type":"EntryPoint","urlTemplate":"https:\/\/sweetdropcbd.com\/de\/?s={search_term_string}"},"query-input":{"@type":"PropertyValueSpecification","valueRequired":true,"valueName":"search_term_string"}}],"inLanguage":"de"},{"@type":["Organization","Place","HealthAndBeautyBusiness"],"@id":"https:\/\/sweetdropcbd.com\/de\/#organization","name":"MB EBIGUS","alternateName":"Sweet Drop CBD","url":"https:\/\/sweetdropcbd.com\/de\/","logo":{"@id":"https:\/\/sweetdropcbd.com\/de\/produkt\/sweet-drop-cbd-power-trio-set-30-15-lippenbalsam\/#local-main-organization-logo"},"image":{"@id":"https:\/\/sweetdropcbd.com\/de\/produkt\/sweet-drop-cbd-power-trio-set-30-15-lippenbalsam\/#local-main-organization-logo"},"sameAs":["https:\/\/www.facebook.com\/SweetDropCBD","https:\/\/www.instagram.com\/sweetdropcbd\/"],"publishingPrinciples":"https:\/\/sweetdropcbd.com\/terms-conditions\/","ownershipFundingInfo":"https:\/\/sweetdropcbd.com\/about-us\/","address":{"@id":"https:\/\/sweetdropcbd.com\/de\/produkt\/sweet-drop-cbd-power-trio-set-30-15-lippenbalsam\/#local-main-place-address"},"telephone":["+37068683090"],"openingHoursSpecification":{"@type":"OpeningHoursSpecification","dayOfWeek":["Monday","Tuesday","Wednesday","Thursday","Friday","Saturday","Sunday"],"opens":"00:00","closes":"23:59"},"email":"info@sweetdropcbd.com","areaServed":"EU"},{"@type":"PostalAddress","@id":"https:\/\/sweetdropcbd.com\/de\/produkt\/sweet-drop-cbd-power-trio-set-30-15-lippenbalsam\/#local-main-place-address","streetAddress":"Rusn\u0117s g. 31, \u0160aki\u0173 k., Kauno r. sav., Lietuva","addressLocality":"Kaunas","postalCode":"47412","addressCountry":"LT"},{"@type":"ImageObject","inLanguage":"de","@id":"https:\/\/sweetdropcbd.com\/de\/produkt\/sweet-drop-cbd-power-trio-set-30-15-lippenbalsam\/#local-main-organization-logo","url":"https:\/\/sweetdropcbd.com\/wp-content\/uploads\/2023\/10\/Saldus-lasas-logotipas_H-EN.png","contentUrl":"https:\/\/sweetdropcbd.com\/wp-content\/uploads\/2023\/10\/Saldus-lasas-logotipas_H-EN.png","width":206,"height":239,"caption":"MB EBIGUS"}]},"product_price_amount":"105.75","product_price_currency":"EUR","og_availability":"instock","product_availability":"instock","product_condition":"new","geo.placename":"Kaunas","geo.region":"Litauen"},"_links":{"self":[{"href":"https:\/\/sweetdropcbd.com\/de\/wp-json\/wp\/v2\/product\/3225","targetHints":{"allow":["GET"]}}],"collection":[{"href":"https:\/\/sweetdropcbd.com\/de\/wp-json\/wp\/v2\/product"}],"about":[{"href":"https:\/\/sweetdropcbd.com\/de\/wp-json\/wp\/v2\/types\/product"}],"replies":[{"embeddable":true,"href":"https:\/\/sweetdropcbd.com\/de\/wp-json\/wp\/v2\/comments?post=3225"}],"wp:featuredmedia":[{"embeddable":true,"href":"https:\/\/sweetdropcbd.com\/de\/wp-json\/wp\/v2\/media\/3236"}],"wp:attachment":[{"href":"https:\/\/sweetdropcbd.com\/de\/wp-json\/wp\/v2\/media?parent=3225"}],"wp:term":[{"taxonomy":"product_brand","embeddable":true,"href":"https:\/\/sweetdropcbd.com\/de\/wp-json\/wp\/v2\/product_brand?post=3225"},{"taxonomy":"product_cat","embeddable":true,"href":"https:\/\/sweetdropcbd.com\/de\/wp-json\/wp\/v2\/product_cat?post=3225"},{"taxonomy":"product_tag","embeddable":true,"href":"https:\/\/sweetdropcbd.com\/de\/wp-json\/wp\/v2\/product_tag?post=3225"}],"curies":[{"name":"wp","href":"https:\/\/api.w.org\/{rel}","templated":true}]}}