{"id":3253,"date":"2026-02-19T18:45:48","date_gmt":"2026-02-19T16:45:48","guid":{"rendered":"https:\/\/sweetdropcbd.com\/product\/sweet-drop-cbd-starter-kit-5-oel-lippenbalsam\/"},"modified":"2026-02-19T18:45:48","modified_gmt":"2026-02-19T16:45:48","slug":"sweet-drop-cbd-starter-kit-5-oel-lippenbalsam","status":"publish","type":"product","link":"https:\/\/sweetdropcbd.com\/de\/produkt\/sweet-drop-cbd-starter-kit-5-oel-lippenbalsam\/","title":{"rendered":"Sweet Drop CBD \u201eStarter Kit\u201c: 5% \u00d6l + Lippenbalsam"},"content":{"rendered":"<p data-path-to-node=\"37\">Das \u201eStarter Kit\u201c ist eine einfache und klare Wahl f\u00fcr alle, die sich ruhig an eine CBD-Routine herantasten m\u00f6chten. Das 5% CBD-\u00d6l ist eine sanfte Option, w\u00e4hrend der CBD-Lippenbalsam das Set mit t\u00e4glicher Pflege erg\u00e4nzt (macht weich und hilft, vor Trockenheit zu sch\u00fctzen). <\/p>\n<p data-path-to-node=\"38\"><b data-path-to-node=\"38\" data-index-in-node=\"0\">Im Set enthalten:<\/b><\/p>\n<ul data-path-to-node=\"39\">\n<li>\n<p data-path-to-node=\"39,0,0\"><a href=\"https:\/\/sweetdropcbd.com\/de\/produkt\/sweet-drop-5-cbd-oel-500-mg-10ml\/\">Sweet Drop CBD Hanf\u00f6l 5% (500mg) \u2013 Natur, 10ml<\/a><\/p>\n<\/li>\n<li>\n<p data-path-to-node=\"39,1,0\"><a href=\"https:\/\/sweetdropcbd.com\/de\/produkt\/sweet-drop-cbd-lippenbalsam-mit-60-mg-cbd-6-g\/\">Sweet Drop CBD Lippenbalsam mit CBD (60 mg \/ 6 g)<\/a><\/p>\n<\/li>\n<\/ul>\n<div class=\"woocommerce-tabs wc-tabs-wrapper container tabbed-content\">\n<div class=\"tab-panels\">\n<div id=\"tab-description\" class=\"woocommerce-Tabs-panel woocommerce-Tabs-panel--description panel entry-content active\" role=\"tabpanel\" aria-labelledby=\"tab-title-description\">\n<p>Klicke auf jedes Produkt, um mehr zu erfahren<\/p>\n<\/div>\n<\/div>\n<\/div>\n","protected":false},"excerpt":{"rendered":"<p><strong><span style=\"font-size: 120%;\">Starter Kit Set:<\/span><\/strong><\/p>\n<ul>\n<li>\n<p data-path-to-node=\"36,0,0\">5% CBD-\u00d6l + CBD-Lippenbalsam<\/p>\n<\/li>\n<li>\n<p data-path-to-node=\"36,1,0\">Ideal f\u00fcr die erste Erfahrung<\/p>\n<\/li>\n<li>\n<p data-path-to-node=\"36,2,0\">T\u00e4gliche Lippenpflege inklusive<\/p>\n<\/li>\n<\/ul>\n","protected":false},"featured_media":3254,"comment_status":"closed","ping_status":"closed","template":"","meta":[],"product_brand":[665],"product_cat":[71,660,669],"product_tag":[517,518,519,520],"class_list":{"0":"post-3253","1":"product","2":"type-product","3":"status-publish","4":"has-post-thumbnail","6":"product_brand-sweet-drop-cbd","7":"product_cat-alle-produkte","8":"product_cat-cbd-lippenbalsam","9":"product_cat-cbd-sets","10":"product_tag-cbd","11":"product_tag-cbd-hanfol","12":"product_tag-cbd-ol","13":"product_tag-sweet-drop-cbd","15":"first","16":"instock","17":"sale","18":"taxable","19":"shipping-taxable","20":"purchasable","21":"product-type-simple"},"yoast_head":"<!-- This site is optimized with the Yoast SEO Premium plugin v27.3 (Yoast SEO v27.3) - https:\/\/yoast.com\/product\/yoast-seo-premium-wordpress\/ -->\n<title>CBD Starter Kit: 5% \u00d6l + Lippenbalsam | Sweet Drop CBD<\/title>\n<meta name=\"description\" content=\"Ein sanfter Start: 5% CBD-\u00d6l und CBD-Lippenbalsam. Perfekt f\u00fcr deinen ersten Kontakt mit CBD und die t\u00e4gliche Lippenpflege. Sweet Drop CBD\" \/>\n<meta name=\"robots\" content=\"index, follow, max-snippet:-1, max-image-preview:large, max-video-preview:-1\" \/>\n<link rel=\"canonical\" href=\"https:\/\/sweetdropcbd.com\/de\/produkt\/sweet-drop-cbd-starter-kit-5-oel-lippenbalsam\/\" \/>\n<meta property=\"og:locale\" content=\"de_DE\" \/>\n<meta property=\"og:type\" content=\"article\" \/>\n<meta property=\"og:title\" content=\"Starter Kit: 5% CBD + Lippenbalsam\" \/>\n<meta property=\"og:description\" content=\"Ein sanfter Start in deine CBD-Routine: mildes 5% \u00d6l und feuchtigkeitsspendende t\u00e4gliche Lippenpflege.\" \/>\n<meta property=\"og:url\" content=\"https:\/\/sweetdropcbd.com\/de\/produkt\/sweet-drop-cbd-starter-kit-5-oel-lippenbalsam\/\" \/>\n<meta property=\"og:site_name\" content=\"Sweet Drop CBD\" \/>\n<meta property=\"article:publisher\" content=\"https:\/\/www.facebook.com\/SweetDropCBD\" \/>\n<meta property=\"og:image\" content=\"https:\/\/sweetdropcbd.com\/wp-content\/uploads\/2026\/02\/Sweet-Drop-CBD-Starter-Kit-5-Oil-Lip-Balm-scaled.jpg\" \/>\n\t<meta property=\"og:image:width\" content=\"2560\" \/>\n\t<meta property=\"og:image:height\" content=\"1708\" \/>\n\t<meta property=\"og:image:type\" content=\"image\/jpeg\" \/>\n<script type=\"application\/ld+json\" class=\"yoast-schema-graph\">{\"@context\":\"https:\\\/\\\/schema.org\",\"@graph\":[{\"@type\":\"WebPage\",\"@id\":\"https:\\\/\\\/sweetdropcbd.com\\\/de\\\/produkt\\\/sweet-drop-cbd-starter-kit-5-oel-lippenbalsam\\\/\",\"url\":\"https:\\\/\\\/sweetdropcbd.com\\\/de\\\/produkt\\\/sweet-drop-cbd-starter-kit-5-oel-lippenbalsam\\\/\",\"name\":\"CBD Starter Kit: 5% \u00d6l + Lippenbalsam | Sweet Drop CBD\",\"isPartOf\":{\"@id\":\"https:\\\/\\\/sweetdropcbd.com\\\/de\\\/#website\"},\"primaryImageOfPage\":{\"@id\":\"https:\\\/\\\/sweetdropcbd.com\\\/de\\\/produkt\\\/sweet-drop-cbd-starter-kit-5-oel-lippenbalsam\\\/#primaryimage\"},\"image\":{\"@id\":\"https:\\\/\\\/sweetdropcbd.com\\\/de\\\/produkt\\\/sweet-drop-cbd-starter-kit-5-oel-lippenbalsam\\\/#primaryimage\"},\"thumbnailUrl\":\"https:\\\/\\\/sweetdropcbd.com\\\/wp-content\\\/uploads\\\/2026\\\/02\\\/Sweet-Drop-CBD-Starter-Kit-5-Oil-Lip-Balm-scaled.jpg\",\"datePublished\":\"2026-02-19T16:45:48+00:00\",\"description\":\"Ein sanfter Start: 5% CBD-\u00d6l und CBD-Lippenbalsam. Perfekt f\u00fcr deinen ersten Kontakt mit CBD und die t\u00e4gliche Lippenpflege. Sweet Drop CBD\",\"breadcrumb\":{\"@id\":\"https:\\\/\\\/sweetdropcbd.com\\\/de\\\/produkt\\\/sweet-drop-cbd-starter-kit-5-oel-lippenbalsam\\\/#breadcrumb\"},\"inLanguage\":\"de\",\"potentialAction\":[{\"@type\":\"ReadAction\",\"target\":[\"https:\\\/\\\/sweetdropcbd.com\\\/de\\\/produkt\\\/sweet-drop-cbd-starter-kit-5-oel-lippenbalsam\\\/\"]}]},{\"@type\":\"ImageObject\",\"inLanguage\":\"de\",\"@id\":\"https:\\\/\\\/sweetdropcbd.com\\\/de\\\/produkt\\\/sweet-drop-cbd-starter-kit-5-oel-lippenbalsam\\\/#primaryimage\",\"url\":\"https:\\\/\\\/sweetdropcbd.com\\\/wp-content\\\/uploads\\\/2026\\\/02\\\/Sweet-Drop-CBD-Starter-Kit-5-Oil-Lip-Balm-scaled.jpg\",\"contentUrl\":\"https:\\\/\\\/sweetdropcbd.com\\\/wp-content\\\/uploads\\\/2026\\\/02\\\/Sweet-Drop-CBD-Starter-Kit-5-Oil-Lip-Balm-scaled.jpg\",\"width\":2560,\"height\":1708,\"caption\":\"CBD-Produktset f\u00fcr Anf\u00e4nger \u201eSweet Drop Starter Kit\u201c \u2013 braunes Glasfl\u00e4schchen mit 5% \u00d6l und Pipette sowie feuchtigkeitsspendender Lippenbalsam auf hellem Hintergrund.\"},{\"@type\":\"BreadcrumbList\",\"@id\":\"https:\\\/\\\/sweetdropcbd.com\\\/de\\\/produkt\\\/sweet-drop-cbd-starter-kit-5-oel-lippenbalsam\\\/#breadcrumb\",\"itemListElement\":[{\"@type\":\"ListItem\",\"position\":1,\"name\":\"Startseite\",\"item\":\"https:\\\/\\\/sweetdropcbd.com\\\/de\\\/classic-shop\\\/\"},{\"@type\":\"ListItem\",\"position\":2,\"name\":\"Unser CBD-Shop\",\"item\":\"https:\\\/\\\/sweetdropcbd.com\\\/de\\\/unser-cbd-shop\\\/\"},{\"@type\":\"ListItem\",\"position\":3,\"name\":\"Sweet Drop CBD \u201eStarter Kit\u201c: 5% \u00d6l + Lippenbalsam\"}]},{\"@type\":\"WebSite\",\"@id\":\"https:\\\/\\\/sweetdropcbd.com\\\/de\\\/#website\",\"url\":\"https:\\\/\\\/sweetdropcbd.com\\\/de\\\/\",\"name\":\"Sweet Drop CBD\",\"description\":\"Sweet Drop CBD\",\"publisher\":{\"@id\":\"https:\\\/\\\/sweetdropcbd.com\\\/de\\\/#organization\"},\"alternateName\":\"Sweet Drop CBD oil\",\"potentialAction\":[{\"@type\":\"SearchAction\",\"target\":{\"@type\":\"EntryPoint\",\"urlTemplate\":\"https:\\\/\\\/sweetdropcbd.com\\\/de\\\/?s={search_term_string}\"},\"query-input\":{\"@type\":\"PropertyValueSpecification\",\"valueRequired\":true,\"valueName\":\"search_term_string\"}}],\"inLanguage\":\"de\"},{\"@type\":[\"Organization\",\"Place\",\"HealthAndBeautyBusiness\"],\"@id\":\"https:\\\/\\\/sweetdropcbd.com\\\/de\\\/#organization\",\"name\":\"MB EBIGUS\",\"alternateName\":\"Sweet Drop CBD\",\"url\":\"https:\\\/\\\/sweetdropcbd.com\\\/de\\\/\",\"logo\":{\"@id\":\"https:\\\/\\\/sweetdropcbd.com\\\/de\\\/produkt\\\/sweet-drop-cbd-starter-kit-5-oel-lippenbalsam\\\/#local-main-organization-logo\"},\"image\":{\"@id\":\"https:\\\/\\\/sweetdropcbd.com\\\/de\\\/produkt\\\/sweet-drop-cbd-starter-kit-5-oel-lippenbalsam\\\/#local-main-organization-logo\"},\"sameAs\":[\"https:\\\/\\\/www.facebook.com\\\/SweetDropCBD\",\"https:\\\/\\\/www.instagram.com\\\/sweetdropcbd\\\/\"],\"publishingPrinciples\":\"https:\\\/\\\/sweetdropcbd.com\\\/terms-conditions\\\/\",\"ownershipFundingInfo\":\"https:\\\/\\\/sweetdropcbd.com\\\/about-us\\\/\",\"address\":{\"@id\":\"https:\\\/\\\/sweetdropcbd.com\\\/de\\\/produkt\\\/sweet-drop-cbd-starter-kit-5-oel-lippenbalsam\\\/#local-main-place-address\"},\"telephone\":[\"+37068683090\"],\"openingHoursSpecification\":{\"@type\":\"OpeningHoursSpecification\",\"dayOfWeek\":[\"Monday\",\"Tuesday\",\"Wednesday\",\"Thursday\",\"Friday\",\"Saturday\",\"Sunday\"],\"opens\":\"00:00\",\"closes\":\"23:59\"},\"email\":\"info@sweetdropcbd.com\",\"areaServed\":\"EU\"},{\"@type\":\"PostalAddress\",\"@id\":\"https:\\\/\\\/sweetdropcbd.com\\\/de\\\/produkt\\\/sweet-drop-cbd-starter-kit-5-oel-lippenbalsam\\\/#local-main-place-address\",\"streetAddress\":\"Rusn\u0117s g. 31, \u0160aki\u0173 k., Kauno r. sav., Lietuva\",\"addressLocality\":\"Kaunas\",\"postalCode\":\"47412\",\"addressCountry\":\"LT\"},{\"@type\":\"ImageObject\",\"inLanguage\":\"de\",\"@id\":\"https:\\\/\\\/sweetdropcbd.com\\\/de\\\/produkt\\\/sweet-drop-cbd-starter-kit-5-oel-lippenbalsam\\\/#local-main-organization-logo\",\"url\":\"https:\\\/\\\/sweetdropcbd.com\\\/wp-content\\\/uploads\\\/2023\\\/10\\\/Saldus-lasas-logotipas_H-EN.png\",\"contentUrl\":\"https:\\\/\\\/sweetdropcbd.com\\\/wp-content\\\/uploads\\\/2023\\\/10\\\/Saldus-lasas-logotipas_H-EN.png\",\"width\":206,\"height\":239,\"caption\":\"MB EBIGUS\"}]}<\/script>\n<meta property=\"product:price:amount\" content=\"31.50\" \/>\n<meta property=\"product:price:currency\" content=\"EUR\" \/>\n<meta property=\"og:availability\" content=\"instock\" \/>\n<meta property=\"product:availability\" content=\"instock\" \/>\n<meta property=\"product:condition\" content=\"new\" \/>\n<meta name=\"geo.placename\" content=\"Kaunas\" \/>\n<meta name=\"geo.region\" content=\"Litauen\" \/>\n<!-- \/ Yoast SEO Premium plugin. -->","yoast_head_json":{"title":"CBD Starter Kit: 5% \u00d6l + Lippenbalsam | Sweet Drop CBD","description":"Ein sanfter Start: 5% CBD-\u00d6l und CBD-Lippenbalsam. Perfekt f\u00fcr deinen ersten Kontakt mit CBD und die t\u00e4gliche Lippenpflege. Sweet Drop CBD","robots":{"index":"index","follow":"follow","max-snippet":"max-snippet:-1","max-image-preview":"max-image-preview:large","max-video-preview":"max-video-preview:-1"},"canonical":"https:\/\/sweetdropcbd.com\/de\/produkt\/sweet-drop-cbd-starter-kit-5-oel-lippenbalsam\/","og_locale":"de_DE","og_type":"article","og_title":"Starter Kit: 5% CBD + Lippenbalsam","og_description":"Ein sanfter Start in deine CBD-Routine: mildes 5% \u00d6l und feuchtigkeitsspendende t\u00e4gliche Lippenpflege.","og_url":"https:\/\/sweetdropcbd.com\/de\/produkt\/sweet-drop-cbd-starter-kit-5-oel-lippenbalsam\/","og_site_name":"Sweet Drop CBD","article_publisher":"https:\/\/www.facebook.com\/SweetDropCBD","og_image":[{"width":2560,"height":1708,"url":"https:\/\/sweetdropcbd.com\/wp-content\/uploads\/2026\/02\/Sweet-Drop-CBD-Starter-Kit-5-Oil-Lip-Balm-scaled.jpg","type":"image\/jpeg"}],"schema":{"@context":"https:\/\/schema.org","@graph":[{"@type":"WebPage","@id":"https:\/\/sweetdropcbd.com\/de\/produkt\/sweet-drop-cbd-starter-kit-5-oel-lippenbalsam\/","url":"https:\/\/sweetdropcbd.com\/de\/produkt\/sweet-drop-cbd-starter-kit-5-oel-lippenbalsam\/","name":"CBD Starter Kit: 5% \u00d6l + Lippenbalsam | Sweet Drop CBD","isPartOf":{"@id":"https:\/\/sweetdropcbd.com\/de\/#website"},"primaryImageOfPage":{"@id":"https:\/\/sweetdropcbd.com\/de\/produkt\/sweet-drop-cbd-starter-kit-5-oel-lippenbalsam\/#primaryimage"},"image":{"@id":"https:\/\/sweetdropcbd.com\/de\/produkt\/sweet-drop-cbd-starter-kit-5-oel-lippenbalsam\/#primaryimage"},"thumbnailUrl":"https:\/\/sweetdropcbd.com\/wp-content\/uploads\/2026\/02\/Sweet-Drop-CBD-Starter-Kit-5-Oil-Lip-Balm-scaled.jpg","datePublished":"2026-02-19T16:45:48+00:00","description":"Ein sanfter Start: 5% CBD-\u00d6l und CBD-Lippenbalsam. Perfekt f\u00fcr deinen ersten Kontakt mit CBD und die t\u00e4gliche Lippenpflege. Sweet Drop CBD","breadcrumb":{"@id":"https:\/\/sweetdropcbd.com\/de\/produkt\/sweet-drop-cbd-starter-kit-5-oel-lippenbalsam\/#breadcrumb"},"inLanguage":"de","potentialAction":[{"@type":"ReadAction","target":["https:\/\/sweetdropcbd.com\/de\/produkt\/sweet-drop-cbd-starter-kit-5-oel-lippenbalsam\/"]}]},{"@type":"ImageObject","inLanguage":"de","@id":"https:\/\/sweetdropcbd.com\/de\/produkt\/sweet-drop-cbd-starter-kit-5-oel-lippenbalsam\/#primaryimage","url":"https:\/\/sweetdropcbd.com\/wp-content\/uploads\/2026\/02\/Sweet-Drop-CBD-Starter-Kit-5-Oil-Lip-Balm-scaled.jpg","contentUrl":"https:\/\/sweetdropcbd.com\/wp-content\/uploads\/2026\/02\/Sweet-Drop-CBD-Starter-Kit-5-Oil-Lip-Balm-scaled.jpg","width":2560,"height":1708,"caption":"CBD-Produktset f\u00fcr Anf\u00e4nger \u201eSweet Drop Starter Kit\u201c \u2013 braunes Glasfl\u00e4schchen mit 5% \u00d6l und Pipette sowie feuchtigkeitsspendender Lippenbalsam auf hellem Hintergrund."},{"@type":"BreadcrumbList","@id":"https:\/\/sweetdropcbd.com\/de\/produkt\/sweet-drop-cbd-starter-kit-5-oel-lippenbalsam\/#breadcrumb","itemListElement":[{"@type":"ListItem","position":1,"name":"Startseite","item":"https:\/\/sweetdropcbd.com\/de\/classic-shop\/"},{"@type":"ListItem","position":2,"name":"Unser CBD-Shop","item":"https:\/\/sweetdropcbd.com\/de\/unser-cbd-shop\/"},{"@type":"ListItem","position":3,"name":"Sweet Drop CBD \u201eStarter Kit\u201c: 5% \u00d6l + Lippenbalsam"}]},{"@type":"WebSite","@id":"https:\/\/sweetdropcbd.com\/de\/#website","url":"https:\/\/sweetdropcbd.com\/de\/","name":"Sweet Drop CBD","description":"Sweet Drop CBD","publisher":{"@id":"https:\/\/sweetdropcbd.com\/de\/#organization"},"alternateName":"Sweet Drop CBD oil","potentialAction":[{"@type":"SearchAction","target":{"@type":"EntryPoint","urlTemplate":"https:\/\/sweetdropcbd.com\/de\/?s={search_term_string}"},"query-input":{"@type":"PropertyValueSpecification","valueRequired":true,"valueName":"search_term_string"}}],"inLanguage":"de"},{"@type":["Organization","Place","HealthAndBeautyBusiness"],"@id":"https:\/\/sweetdropcbd.com\/de\/#organization","name":"MB EBIGUS","alternateName":"Sweet Drop CBD","url":"https:\/\/sweetdropcbd.com\/de\/","logo":{"@id":"https:\/\/sweetdropcbd.com\/de\/produkt\/sweet-drop-cbd-starter-kit-5-oel-lippenbalsam\/#local-main-organization-logo"},"image":{"@id":"https:\/\/sweetdropcbd.com\/de\/produkt\/sweet-drop-cbd-starter-kit-5-oel-lippenbalsam\/#local-main-organization-logo"},"sameAs":["https:\/\/www.facebook.com\/SweetDropCBD","https:\/\/www.instagram.com\/sweetdropcbd\/"],"publishingPrinciples":"https:\/\/sweetdropcbd.com\/terms-conditions\/","ownershipFundingInfo":"https:\/\/sweetdropcbd.com\/about-us\/","address":{"@id":"https:\/\/sweetdropcbd.com\/de\/produkt\/sweet-drop-cbd-starter-kit-5-oel-lippenbalsam\/#local-main-place-address"},"telephone":["+37068683090"],"openingHoursSpecification":{"@type":"OpeningHoursSpecification","dayOfWeek":["Monday","Tuesday","Wednesday","Thursday","Friday","Saturday","Sunday"],"opens":"00:00","closes":"23:59"},"email":"info@sweetdropcbd.com","areaServed":"EU"},{"@type":"PostalAddress","@id":"https:\/\/sweetdropcbd.com\/de\/produkt\/sweet-drop-cbd-starter-kit-5-oel-lippenbalsam\/#local-main-place-address","streetAddress":"Rusn\u0117s g. 31, \u0160aki\u0173 k., Kauno r. sav., Lietuva","addressLocality":"Kaunas","postalCode":"47412","addressCountry":"LT"},{"@type":"ImageObject","inLanguage":"de","@id":"https:\/\/sweetdropcbd.com\/de\/produkt\/sweet-drop-cbd-starter-kit-5-oel-lippenbalsam\/#local-main-organization-logo","url":"https:\/\/sweetdropcbd.com\/wp-content\/uploads\/2023\/10\/Saldus-lasas-logotipas_H-EN.png","contentUrl":"https:\/\/sweetdropcbd.com\/wp-content\/uploads\/2023\/10\/Saldus-lasas-logotipas_H-EN.png","width":206,"height":239,"caption":"MB EBIGUS"}]},"product_price_amount":"31.50","product_price_currency":"EUR","og_availability":"instock","product_availability":"instock","product_condition":"new","geo.placename":"Kaunas","geo.region":"Litauen"},"_links":{"self":[{"href":"https:\/\/sweetdropcbd.com\/de\/wp-json\/wp\/v2\/product\/3253","targetHints":{"allow":["GET"]}}],"collection":[{"href":"https:\/\/sweetdropcbd.com\/de\/wp-json\/wp\/v2\/product"}],"about":[{"href":"https:\/\/sweetdropcbd.com\/de\/wp-json\/wp\/v2\/types\/product"}],"replies":[{"embeddable":true,"href":"https:\/\/sweetdropcbd.com\/de\/wp-json\/wp\/v2\/comments?post=3253"}],"wp:featuredmedia":[{"embeddable":true,"href":"https:\/\/sweetdropcbd.com\/de\/wp-json\/wp\/v2\/media\/3254"}],"wp:attachment":[{"href":"https:\/\/sweetdropcbd.com\/de\/wp-json\/wp\/v2\/media?parent=3253"}],"wp:term":[{"taxonomy":"product_brand","embeddable":true,"href":"https:\/\/sweetdropcbd.com\/de\/wp-json\/wp\/v2\/product_brand?post=3253"},{"taxonomy":"product_cat","embeddable":true,"href":"https:\/\/sweetdropcbd.com\/de\/wp-json\/wp\/v2\/product_cat?post=3253"},{"taxonomy":"product_tag","embeddable":true,"href":"https:\/\/sweetdropcbd.com\/de\/wp-json\/wp\/v2\/product_tag?post=3253"}],"curies":[{"name":"wp","href":"https:\/\/api.w.org\/{rel}","templated":true}]}}