{"id":3266,"date":"2026-02-19T19:35:55","date_gmt":"2026-02-19T17:35:55","guid":{"rendered":"https:\/\/sweetdropcbd.com\/product\/sweet-drop-cbd-progression-trio-set-5-10-15\/"},"modified":"2026-02-19T19:35:55","modified_gmt":"2026-02-19T17:35:55","slug":"sweet-drop-cbd-progression-trio-set-5-10-15","status":"publish","type":"product","link":"https:\/\/sweetdropcbd.com\/de\/produkt\/sweet-drop-cbd-progression-trio-set-5-10-15\/","title":{"rendered":"Sweet Drop CBD \u201eProgression Trio\u201c-Set: 5 % + 10 % + 15 %"},"content":{"rendered":"<p data-path-to-node=\"50\">Das \u201eProgression Trio\u201c ist f\u00fcr Kund:innen gedacht, die mehrere St\u00e4rken testen und herausfinden m\u00f6chten, was in ihrer t\u00e4glichen Routine am besten funktioniert. Eine praktische L\u00f6sung, die die \u201eQual der Wahl\u201c reduziert \u2013 statt zu raten, kannst du sie direkt nebeneinander vergleichen. <\/p>\n<p data-path-to-node=\"51\"><b data-path-to-node=\"51\" data-index-in-node=\"0\">Im Set enthalten:<\/b><\/p>\n<ul data-path-to-node=\"52\">\n<li>\n<p data-path-to-node=\"52,0,0\"><a href=\"https:\/\/sweetdropcbd.com\/de\/produkt\/sweet-drop-5-cbd-oel-500-mg-10ml\/\">Sweet Drop CBD Hanf\u00f6l 5% (500mg) \u2013 Natur, 10ml<\/a><\/p>\n<\/li>\n<li>\n<p data-path-to-node=\"52,1,0\"><a href=\"https:\/\/sweetdropcbd.com\/de\/produkt\/sweet-drop-10-cbd-oil-1000-mg-10ml\/\">Sweet Drop CBD Hanf\u00f6l 10% (1000mg) \u2013 Natur, 10ml<\/a><\/p>\n<\/li>\n<li>\n<p data-path-to-node=\"52,2,0\"><a href=\"https:\/\/sweetdropcbd.com\/de\/produkt\/sweet-drop-15-cbd-ole-1500-mg-10ml\/\">Sweet Drop CBD Hanf\u00f6l 15% (1500 mg) \u2013 Natur, 10 ml<\/a><\/p>\n<\/li>\n<\/ul>\n<p>Klicke auf jedes Produkt, um mehr zu erfahren<\/p>\n","protected":false},"excerpt":{"rendered":"<p><span style=\"font-size: 120%;\"><strong>Progression Trio-Set:<\/strong><\/span><\/p>\n<ul>\n<li>\n<p data-path-to-node=\"49,0,0\">3 Konzentrationen: 5 % + 10 % + 15 %<\/p>\n<\/li>\n<li>\n<p data-path-to-node=\"49,1,0\">Einfach vergleichen und ausw\u00e4hlen<\/p>\n<\/li>\n<li>\n<p data-path-to-node=\"49,2,0\">Ideal f\u00fcr alle, die ihre \u201eperfekte\u201c St\u00e4rke suchen<\/p>\n<\/li>\n<\/ul>\n","protected":false},"featured_media":3267,"comment_status":"closed","ping_status":"closed","template":"","meta":[],"product_brand":[665],"product_cat":[71,669,108],"product_tag":[517,518,519,520],"class_list":{"0":"post-3266","1":"product","2":"type-product","3":"status-publish","4":"has-post-thumbnail","6":"product_brand-sweet-drop-cbd","7":"product_cat-alle-produkte","8":"product_cat-cbd-sets","9":"product_cat-cbd-ole","10":"product_tag-cbd","11":"product_tag-cbd-hanfol","12":"product_tag-cbd-ol","13":"product_tag-sweet-drop-cbd","15":"first","16":"instock","17":"sale","18":"taxable","19":"shipping-taxable","20":"purchasable","21":"product-type-simple"},"yoast_head":"<!-- This site is optimized with the Yoast SEO Premium plugin v27.3 (Yoast SEO v27.3) - https:\/\/yoast.com\/product\/yoast-seo-premium-wordpress\/ -->\n<title>CBD-\u00d6l 5 % + 10 % + 15 % | Progression Trio-Set | Sweet Drop CBD<\/title>\n<meta name=\"description\" content=\"Drei CBD-\u00d6l-Konzentrationen in einem Set: 5 %, 10 % und 15 %. Probiere sie bequem aus und finde heraus, welche St\u00e4rke am besten zu deiner Routine passt.\" \/>\n<meta name=\"robots\" content=\"index, follow, max-snippet:-1, max-image-preview:large, max-video-preview:-1\" \/>\n<link rel=\"canonical\" href=\"https:\/\/sweetdropcbd.com\/de\/produkt\/sweet-drop-cbd-progression-trio-set-5-10-15\/\" \/>\n<meta property=\"og:locale\" content=\"de_DE\" \/>\n<meta property=\"og:type\" content=\"article\" \/>\n<meta property=\"og:title\" content=\"Progression Trio: 5 % + 10 % + 15 % Sweet Drop CBD-\u00d6le\" \/>\n<meta property=\"og:description\" content=\"Drei CBD-\u00d6l-Konzentrationen in einem Set: 5 %, 10 % und 15 %. Probiere sie bequem aus und finde heraus, welche St\u00e4rke am besten zu deiner Routine passt.\" \/>\n<meta property=\"og:url\" content=\"https:\/\/sweetdropcbd.com\/de\/produkt\/sweet-drop-cbd-progression-trio-set-5-10-15\/\" \/>\n<meta property=\"og:site_name\" content=\"Sweet Drop CBD\" \/>\n<meta property=\"article:publisher\" content=\"https:\/\/www.facebook.com\/SweetDropCBD\" \/>\n<meta property=\"og:image\" content=\"https:\/\/sweetdropcbd.com\/wp-content\/uploads\/2026\/02\/Sweet-Drop-CBD-Progression-Trio-Set-5-10-15-scaled.jpg\" \/>\n\t<meta property=\"og:image:width\" content=\"2560\" \/>\n\t<meta property=\"og:image:height\" content=\"1708\" \/>\n\t<meta property=\"og:image:type\" content=\"image\/jpeg\" \/>\n<script type=\"application\/ld+json\" class=\"yoast-schema-graph\">{\"@context\":\"https:\\\/\\\/schema.org\",\"@graph\":[{\"@type\":\"WebPage\",\"@id\":\"https:\\\/\\\/sweetdropcbd.com\\\/de\\\/produkt\\\/sweet-drop-cbd-progression-trio-set-5-10-15\\\/\",\"url\":\"https:\\\/\\\/sweetdropcbd.com\\\/de\\\/produkt\\\/sweet-drop-cbd-progression-trio-set-5-10-15\\\/\",\"name\":\"CBD-\u00d6l 5 % + 10 % + 15 % | Progression Trio-Set | Sweet Drop CBD\",\"isPartOf\":{\"@id\":\"https:\\\/\\\/sweetdropcbd.com\\\/de\\\/#website\"},\"primaryImageOfPage\":{\"@id\":\"https:\\\/\\\/sweetdropcbd.com\\\/de\\\/produkt\\\/sweet-drop-cbd-progression-trio-set-5-10-15\\\/#primaryimage\"},\"image\":{\"@id\":\"https:\\\/\\\/sweetdropcbd.com\\\/de\\\/produkt\\\/sweet-drop-cbd-progression-trio-set-5-10-15\\\/#primaryimage\"},\"thumbnailUrl\":\"https:\\\/\\\/sweetdropcbd.com\\\/wp-content\\\/uploads\\\/2026\\\/02\\\/Sweet-Drop-CBD-Progression-Trio-Set-5-10-15-scaled.jpg\",\"datePublished\":\"2026-02-19T17:35:55+00:00\",\"description\":\"Drei CBD-\u00d6l-Konzentrationen in einem Set: 5 %, 10 % und 15 %. Probiere sie bequem aus und finde heraus, welche St\u00e4rke am besten zu deiner Routine passt.\",\"breadcrumb\":{\"@id\":\"https:\\\/\\\/sweetdropcbd.com\\\/de\\\/produkt\\\/sweet-drop-cbd-progression-trio-set-5-10-15\\\/#breadcrumb\"},\"inLanguage\":\"de\",\"potentialAction\":[{\"@type\":\"ReadAction\",\"target\":[\"https:\\\/\\\/sweetdropcbd.com\\\/de\\\/produkt\\\/sweet-drop-cbd-progression-trio-set-5-10-15\\\/\"]}]},{\"@type\":\"ImageObject\",\"inLanguage\":\"de\",\"@id\":\"https:\\\/\\\/sweetdropcbd.com\\\/de\\\/produkt\\\/sweet-drop-cbd-progression-trio-set-5-10-15\\\/#primaryimage\",\"url\":\"https:\\\/\\\/sweetdropcbd.com\\\/wp-content\\\/uploads\\\/2026\\\/02\\\/Sweet-Drop-CBD-Progression-Trio-Set-5-10-15-scaled.jpg\",\"contentUrl\":\"https:\\\/\\\/sweetdropcbd.com\\\/wp-content\\\/uploads\\\/2026\\\/02\\\/Sweet-Drop-CBD-Progression-Trio-Set-5-10-15-scaled.jpg\",\"width\":2560,\"height\":1708,\"caption\":\"Sweet Drop CBD-\u00d6l-Set Progression Trio: drei Fl\u00e4schchen mit Tropfen in 5 %, 10 % und 15 % Konzentration.\"},{\"@type\":\"BreadcrumbList\",\"@id\":\"https:\\\/\\\/sweetdropcbd.com\\\/de\\\/produkt\\\/sweet-drop-cbd-progression-trio-set-5-10-15\\\/#breadcrumb\",\"itemListElement\":[{\"@type\":\"ListItem\",\"position\":1,\"name\":\"Startseite\",\"item\":\"https:\\\/\\\/sweetdropcbd.com\\\/de\\\/classic-shop\\\/\"},{\"@type\":\"ListItem\",\"position\":2,\"name\":\"Unser CBD-Shop\",\"item\":\"https:\\\/\\\/sweetdropcbd.com\\\/de\\\/unser-cbd-shop\\\/\"},{\"@type\":\"ListItem\",\"position\":3,\"name\":\"Sweet Drop CBD \u201eProgression Trio\u201c-Set: 5 % + 10 % + 15 %\"}]},{\"@type\":\"WebSite\",\"@id\":\"https:\\\/\\\/sweetdropcbd.com\\\/de\\\/#website\",\"url\":\"https:\\\/\\\/sweetdropcbd.com\\\/de\\\/\",\"name\":\"Sweet Drop CBD\",\"description\":\"Sweet Drop CBD\",\"publisher\":{\"@id\":\"https:\\\/\\\/sweetdropcbd.com\\\/de\\\/#organization\"},\"alternateName\":\"Sweet Drop CBD oil\",\"potentialAction\":[{\"@type\":\"SearchAction\",\"target\":{\"@type\":\"EntryPoint\",\"urlTemplate\":\"https:\\\/\\\/sweetdropcbd.com\\\/de\\\/?s={search_term_string}\"},\"query-input\":{\"@type\":\"PropertyValueSpecification\",\"valueRequired\":true,\"valueName\":\"search_term_string\"}}],\"inLanguage\":\"de\"},{\"@type\":[\"Organization\",\"Place\",\"HealthAndBeautyBusiness\"],\"@id\":\"https:\\\/\\\/sweetdropcbd.com\\\/de\\\/#organization\",\"name\":\"MB EBIGUS\",\"alternateName\":\"Sweet Drop CBD\",\"url\":\"https:\\\/\\\/sweetdropcbd.com\\\/de\\\/\",\"logo\":{\"@id\":\"https:\\\/\\\/sweetdropcbd.com\\\/de\\\/produkt\\\/sweet-drop-cbd-progression-trio-set-5-10-15\\\/#local-main-organization-logo\"},\"image\":{\"@id\":\"https:\\\/\\\/sweetdropcbd.com\\\/de\\\/produkt\\\/sweet-drop-cbd-progression-trio-set-5-10-15\\\/#local-main-organization-logo\"},\"sameAs\":[\"https:\\\/\\\/www.facebook.com\\\/SweetDropCBD\",\"https:\\\/\\\/www.instagram.com\\\/sweetdropcbd\\\/\"],\"publishingPrinciples\":\"https:\\\/\\\/sweetdropcbd.com\\\/terms-conditions\\\/\",\"ownershipFundingInfo\":\"https:\\\/\\\/sweetdropcbd.com\\\/about-us\\\/\",\"address\":{\"@id\":\"https:\\\/\\\/sweetdropcbd.com\\\/de\\\/produkt\\\/sweet-drop-cbd-progression-trio-set-5-10-15\\\/#local-main-place-address\"},\"telephone\":[\"+37068683090\"],\"openingHoursSpecification\":{\"@type\":\"OpeningHoursSpecification\",\"dayOfWeek\":[\"Monday\",\"Tuesday\",\"Wednesday\",\"Thursday\",\"Friday\",\"Saturday\",\"Sunday\"],\"opens\":\"00:00\",\"closes\":\"23:59\"},\"email\":\"info@sweetdropcbd.com\",\"areaServed\":\"EU\"},{\"@type\":\"PostalAddress\",\"@id\":\"https:\\\/\\\/sweetdropcbd.com\\\/de\\\/produkt\\\/sweet-drop-cbd-progression-trio-set-5-10-15\\\/#local-main-place-address\",\"streetAddress\":\"Rusn\u0117s g. 31, \u0160aki\u0173 k., Kauno r. sav., Lietuva\",\"addressLocality\":\"Kaunas\",\"postalCode\":\"47412\",\"addressCountry\":\"LT\"},{\"@type\":\"ImageObject\",\"inLanguage\":\"de\",\"@id\":\"https:\\\/\\\/sweetdropcbd.com\\\/de\\\/produkt\\\/sweet-drop-cbd-progression-trio-set-5-10-15\\\/#local-main-organization-logo\",\"url\":\"https:\\\/\\\/sweetdropcbd.com\\\/wp-content\\\/uploads\\\/2023\\\/10\\\/Saldus-lasas-logotipas_H-EN.png\",\"contentUrl\":\"https:\\\/\\\/sweetdropcbd.com\\\/wp-content\\\/uploads\\\/2023\\\/10\\\/Saldus-lasas-logotipas_H-EN.png\",\"width\":206,\"height\":239,\"caption\":\"MB EBIGUS\"}]}<\/script>\n<meta property=\"product:price:amount\" content=\"83.25\" \/>\n<meta property=\"product:price:currency\" content=\"EUR\" \/>\n<meta property=\"og:availability\" content=\"instock\" \/>\n<meta property=\"product:availability\" content=\"instock\" \/>\n<meta property=\"product:condition\" content=\"new\" \/>\n<meta name=\"geo.placename\" content=\"Kaunas\" \/>\n<meta name=\"geo.region\" content=\"Litauen\" \/>\n<!-- \/ Yoast SEO Premium plugin. -->","yoast_head_json":{"title":"CBD-\u00d6l 5 % + 10 % + 15 % | Progression Trio-Set | Sweet Drop CBD","description":"Drei CBD-\u00d6l-Konzentrationen in einem Set: 5 %, 10 % und 15 %. Probiere sie bequem aus und finde heraus, welche St\u00e4rke am besten zu deiner Routine passt.","robots":{"index":"index","follow":"follow","max-snippet":"max-snippet:-1","max-image-preview":"max-image-preview:large","max-video-preview":"max-video-preview:-1"},"canonical":"https:\/\/sweetdropcbd.com\/de\/produkt\/sweet-drop-cbd-progression-trio-set-5-10-15\/","og_locale":"de_DE","og_type":"article","og_title":"Progression Trio: 5 % + 10 % + 15 % Sweet Drop CBD-\u00d6le","og_description":"Drei CBD-\u00d6l-Konzentrationen in einem Set: 5 %, 10 % und 15 %. Probiere sie bequem aus und finde heraus, welche St\u00e4rke am besten zu deiner Routine passt.","og_url":"https:\/\/sweetdropcbd.com\/de\/produkt\/sweet-drop-cbd-progression-trio-set-5-10-15\/","og_site_name":"Sweet Drop CBD","article_publisher":"https:\/\/www.facebook.com\/SweetDropCBD","og_image":[{"width":2560,"height":1708,"url":"https:\/\/sweetdropcbd.com\/wp-content\/uploads\/2026\/02\/Sweet-Drop-CBD-Progression-Trio-Set-5-10-15-scaled.jpg","type":"image\/jpeg"}],"schema":{"@context":"https:\/\/schema.org","@graph":[{"@type":"WebPage","@id":"https:\/\/sweetdropcbd.com\/de\/produkt\/sweet-drop-cbd-progression-trio-set-5-10-15\/","url":"https:\/\/sweetdropcbd.com\/de\/produkt\/sweet-drop-cbd-progression-trio-set-5-10-15\/","name":"CBD-\u00d6l 5 % + 10 % + 15 % | Progression Trio-Set | Sweet Drop CBD","isPartOf":{"@id":"https:\/\/sweetdropcbd.com\/de\/#website"},"primaryImageOfPage":{"@id":"https:\/\/sweetdropcbd.com\/de\/produkt\/sweet-drop-cbd-progression-trio-set-5-10-15\/#primaryimage"},"image":{"@id":"https:\/\/sweetdropcbd.com\/de\/produkt\/sweet-drop-cbd-progression-trio-set-5-10-15\/#primaryimage"},"thumbnailUrl":"https:\/\/sweetdropcbd.com\/wp-content\/uploads\/2026\/02\/Sweet-Drop-CBD-Progression-Trio-Set-5-10-15-scaled.jpg","datePublished":"2026-02-19T17:35:55+00:00","description":"Drei CBD-\u00d6l-Konzentrationen in einem Set: 5 %, 10 % und 15 %. Probiere sie bequem aus und finde heraus, welche St\u00e4rke am besten zu deiner Routine passt.","breadcrumb":{"@id":"https:\/\/sweetdropcbd.com\/de\/produkt\/sweet-drop-cbd-progression-trio-set-5-10-15\/#breadcrumb"},"inLanguage":"de","potentialAction":[{"@type":"ReadAction","target":["https:\/\/sweetdropcbd.com\/de\/produkt\/sweet-drop-cbd-progression-trio-set-5-10-15\/"]}]},{"@type":"ImageObject","inLanguage":"de","@id":"https:\/\/sweetdropcbd.com\/de\/produkt\/sweet-drop-cbd-progression-trio-set-5-10-15\/#primaryimage","url":"https:\/\/sweetdropcbd.com\/wp-content\/uploads\/2026\/02\/Sweet-Drop-CBD-Progression-Trio-Set-5-10-15-scaled.jpg","contentUrl":"https:\/\/sweetdropcbd.com\/wp-content\/uploads\/2026\/02\/Sweet-Drop-CBD-Progression-Trio-Set-5-10-15-scaled.jpg","width":2560,"height":1708,"caption":"Sweet Drop CBD-\u00d6l-Set Progression Trio: drei Fl\u00e4schchen mit Tropfen in 5 %, 10 % und 15 % Konzentration."},{"@type":"BreadcrumbList","@id":"https:\/\/sweetdropcbd.com\/de\/produkt\/sweet-drop-cbd-progression-trio-set-5-10-15\/#breadcrumb","itemListElement":[{"@type":"ListItem","position":1,"name":"Startseite","item":"https:\/\/sweetdropcbd.com\/de\/classic-shop\/"},{"@type":"ListItem","position":2,"name":"Unser CBD-Shop","item":"https:\/\/sweetdropcbd.com\/de\/unser-cbd-shop\/"},{"@type":"ListItem","position":3,"name":"Sweet Drop CBD \u201eProgression Trio\u201c-Set: 5 % + 10 % + 15 %"}]},{"@type":"WebSite","@id":"https:\/\/sweetdropcbd.com\/de\/#website","url":"https:\/\/sweetdropcbd.com\/de\/","name":"Sweet Drop CBD","description":"Sweet Drop CBD","publisher":{"@id":"https:\/\/sweetdropcbd.com\/de\/#organization"},"alternateName":"Sweet Drop CBD oil","potentialAction":[{"@type":"SearchAction","target":{"@type":"EntryPoint","urlTemplate":"https:\/\/sweetdropcbd.com\/de\/?s={search_term_string}"},"query-input":{"@type":"PropertyValueSpecification","valueRequired":true,"valueName":"search_term_string"}}],"inLanguage":"de"},{"@type":["Organization","Place","HealthAndBeautyBusiness"],"@id":"https:\/\/sweetdropcbd.com\/de\/#organization","name":"MB EBIGUS","alternateName":"Sweet Drop CBD","url":"https:\/\/sweetdropcbd.com\/de\/","logo":{"@id":"https:\/\/sweetdropcbd.com\/de\/produkt\/sweet-drop-cbd-progression-trio-set-5-10-15\/#local-main-organization-logo"},"image":{"@id":"https:\/\/sweetdropcbd.com\/de\/produkt\/sweet-drop-cbd-progression-trio-set-5-10-15\/#local-main-organization-logo"},"sameAs":["https:\/\/www.facebook.com\/SweetDropCBD","https:\/\/www.instagram.com\/sweetdropcbd\/"],"publishingPrinciples":"https:\/\/sweetdropcbd.com\/terms-conditions\/","ownershipFundingInfo":"https:\/\/sweetdropcbd.com\/about-us\/","address":{"@id":"https:\/\/sweetdropcbd.com\/de\/produkt\/sweet-drop-cbd-progression-trio-set-5-10-15\/#local-main-place-address"},"telephone":["+37068683090"],"openingHoursSpecification":{"@type":"OpeningHoursSpecification","dayOfWeek":["Monday","Tuesday","Wednesday","Thursday","Friday","Saturday","Sunday"],"opens":"00:00","closes":"23:59"},"email":"info@sweetdropcbd.com","areaServed":"EU"},{"@type":"PostalAddress","@id":"https:\/\/sweetdropcbd.com\/de\/produkt\/sweet-drop-cbd-progression-trio-set-5-10-15\/#local-main-place-address","streetAddress":"Rusn\u0117s g. 31, \u0160aki\u0173 k., Kauno r. sav., Lietuva","addressLocality":"Kaunas","postalCode":"47412","addressCountry":"LT"},{"@type":"ImageObject","inLanguage":"de","@id":"https:\/\/sweetdropcbd.com\/de\/produkt\/sweet-drop-cbd-progression-trio-set-5-10-15\/#local-main-organization-logo","url":"https:\/\/sweetdropcbd.com\/wp-content\/uploads\/2023\/10\/Saldus-lasas-logotipas_H-EN.png","contentUrl":"https:\/\/sweetdropcbd.com\/wp-content\/uploads\/2023\/10\/Saldus-lasas-logotipas_H-EN.png","width":206,"height":239,"caption":"MB EBIGUS"}]},"product_price_amount":"83.25","product_price_currency":"EUR","og_availability":"instock","product_availability":"instock","product_condition":"new","geo.placename":"Kaunas","geo.region":"Litauen"},"_links":{"self":[{"href":"https:\/\/sweetdropcbd.com\/de\/wp-json\/wp\/v2\/product\/3266","targetHints":{"allow":["GET"]}}],"collection":[{"href":"https:\/\/sweetdropcbd.com\/de\/wp-json\/wp\/v2\/product"}],"about":[{"href":"https:\/\/sweetdropcbd.com\/de\/wp-json\/wp\/v2\/types\/product"}],"replies":[{"embeddable":true,"href":"https:\/\/sweetdropcbd.com\/de\/wp-json\/wp\/v2\/comments?post=3266"}],"wp:featuredmedia":[{"embeddable":true,"href":"https:\/\/sweetdropcbd.com\/de\/wp-json\/wp\/v2\/media\/3267"}],"wp:attachment":[{"href":"https:\/\/sweetdropcbd.com\/de\/wp-json\/wp\/v2\/media?parent=3266"}],"wp:term":[{"taxonomy":"product_brand","embeddable":true,"href":"https:\/\/sweetdropcbd.com\/de\/wp-json\/wp\/v2\/product_brand?post=3266"},{"taxonomy":"product_cat","embeddable":true,"href":"https:\/\/sweetdropcbd.com\/de\/wp-json\/wp\/v2\/product_cat?post=3266"},{"taxonomy":"product_tag","embeddable":true,"href":"https:\/\/sweetdropcbd.com\/de\/wp-json\/wp\/v2\/product_tag?post=3266"}],"curies":[{"name":"wp","href":"https:\/\/api.w.org\/{rel}","templated":true}]}}