{"id":812,"date":"2023-09-05T08:29:00","date_gmt":"2023-09-05T05:29:00","guid":{"rendered":"https:\/\/sweetdropcbd.com\/?post_type=product&#038;p=812"},"modified":"2026-02-02T20:04:37","modified_gmt":"2026-02-02T18:04:37","slug":"sweet-drop-20-cbd-oil-2000-mg-10ml","status":"publish","type":"product","link":"https:\/\/sweetdropcbd.com\/de\/produkt\/sweet-drop-20-cbd-oil-2000-mg-10ml\/","title":{"rendered":"Sweet Drop 20 % CBD-\u00d6l 2000 mg 10 ml"},"content":{"rendered":"<p>Dieses Produkt wird aus <a href=\"https:\/\/sweetdropcbd.com\/de\/produkt\/sweet-drop-30-cbd-oil-3000-mg-10ml\/\">CBD von h\u00f6chster Qualit\u00e4t<\/a> und anderen in Hanffasern enthaltenen Verbindungen hergestellt.<br \/>\nNat\u00fcrliche Phytocannabinoide, Terpene, Flavonoide, essentielle Fetts\u00e4uren, Antioxidantien, Proteine, Ballaststoffe, Fetts\u00e4uren und essentielle Vitamine wirken zusammen, um eine umfassende Wirkung zu erzielen.<br \/>\nDa alle wichtigen und weniger wichtigen Cannabinoide und Terpene miteinander interagieren, zeigen Studien, dass der Anwender m\u00f6glicherweise gr\u00f6\u00dfere positive Auswirkungen erf\u00e4hrt als bei der alleinigen Verwendung von reinem <a href=\"https:\/\/sweetdropcbd.com\/de\/produkt\/sweet-drop-15-cbd-ole-1500-mg-10ml\/\">CBD<\/a>.<\/p>\n<p><b>Produktinformationen und Zusammensetzung:<\/b><\/p>\n<ul>\n<li aria-level=\"1\">10 ml Flasche mit 2000 mg <a href=\"https:\/\/sweetdropcbd.com\/de\/produkt\/sweet-drop-30-cbd-oil-3000-mg-10ml\/\">CBD<\/a> (20 % St\u00e4rke).<\/li>\n<li aria-level=\"1\"><b>200 Tropfen mit je 10,0 mg CBD.<\/b><\/li>\n<li aria-level=\"1\">Mehr als 30 Tagesportionen.<\/li>\n<li aria-level=\"1\">Garantierter CBD-Gehalt \u2013 jede Charge wird in einem zertifizierten Labor getestet.<\/li>\n<li aria-level=\"1\">Enth\u00e4lt: CBD (Cannabidiol), Hanfsamen\u00f6l, reich an wohltuenden Omega-3-, Omega-6-Fetts\u00e4uren und Vitamin E.<\/li>\n<li aria-level=\"1\">Die psychotrope Substanz THC wurde entfernt.<\/li>\n<li aria-level=\"1\">Vollspektrum (ohne THC), enth\u00e4lt also auch andere gesundheitsf\u00f6rdernde Cannabinoide, die in Hanffasern vorkommen (CBDA, CBG, CBGA, CBC, CBV), Terpene (Myrcen, Limonen, Pinen, Humulen), Flavonoide (Apigenin, Quercetin, Canaflavin) usw.<\/li>\n<li aria-level=\"1\">Hanffaserbl\u00e4tter werden mithilfe einer sicheren superkritischen CO2-Extraktionstechnologie in einem kosmetischen und pharmazeutischen GMP-zertifizierten Labor gepresst.<\/li>\n<li aria-level=\"1\">Hergestellt aus hochwertigsten Hanffasern, die auf Bio-Bauernh\u00f6fen angebaut werden und frei von Pestiziden sind.<\/li>\n<li aria-level=\"1\">Auch f\u00fcr Veganer geeignet.<\/li>\n<\/ul>\n<p>&nbsp;<\/p>\n<p><b>Inhaltsstoffe<\/b>: Bio-Hanf\u00f6l mit vollem Spektrum (ohne THC) (<a href=\"https:\/\/sweetdropcbd.com\/de\/produkt\/sweet-drop-5-cbd-oel-500-mg-10ml\/\"><b>2000 mg CBD<\/b><\/a>, Restmengen an CBG, CBC und anderen nicht-psychoaktiven Cannabinoiden, Terpenen, Flavonoiden, 0 mg THC), Bio-Hanfsamen\u00f6l (1,2 g Omega-3; 4 g Omega-6; 9 mg Vitamin E).<\/p>\n<p>An einem dunklen, k\u00fchlen Ort und au\u00dferhalb der Reichweite von Kindern aufbewahren.<br \/>\nWenn du derzeit Medikamente einnimmst oder schwanger bist, musst du vor der <a href=\"https:\/\/sweetdropcbd.com\/de\/wie-man-cbd-oel-verwendet\/\">Anwendung<\/a> deinen Arzt konsultieren.<\/p>\n<p>Hergestellt in der Europ\u00e4ischen Union. Die Produkte werden in zertifizierter Produktion mit kosmetischen GMP- (ISO22716:2007), Lebensmittel- (ISO22000:2018) und Pharmazeutischen (Pharmazeutische GMP) Zertifikaten hergestellt. <\/p>\n<p><b>Anwendung<\/b>:<\/p>\n<ul>\n<li aria-level=\"1\">Empfohlene Menge: 3-4 Tropfen, 2-mal t\u00e4glich.<\/li>\n<li aria-level=\"1\">Pur auf die gew\u00fcnschte K\u00f6rperstelle auftragen und mindestens 1-2 Minuten einwirken lassen.<\/li>\n<li aria-level=\"1\">Vermeiden Sie den Kontakt mit den Augen.<\/li>\n<li aria-level=\"1\">Erh\u00f6he die Anzahl der Tropfen bei Bedarf schrittweise. \u00dcberschreite jedoch nicht mehr als 200 mg <a href=\"https:\/\/sweetdropcbd.com\/de\/produkt\/sweet-drop-10-cbd-oil-1000-mg-10ml\/\">CBD<\/a> pro Tag. <\/li>\n<li aria-level=\"1\">Nur zur \u00e4u\u00dferlichen <a href=\"https:\/\/sweetdropcbd.com\/de\/wie-man-cbd-oel-verwendet\/\">Anwendung<\/a>.<\/li>\n<\/ul>\n<p>Die t\u00e4gliche CBD-Menge h\u00e4ngt von vielen Faktoren ab, wie z. B. dem Zustand deines K\u00f6rpers, der gew\u00fcnschten Wirkung oder der CBD-Konzentration des Produkts, das du <a href=\"https:\/\/sweetdropcbd.com\/de\/wie-man-cbd-oel-verwendet\/\">verwendest<\/a>.<\/p>\n<p>F\u00fcr alle Hauttypen geeignet.<\/p>\n<p><span style=\"font-size: 75%;\">Das Aussehen des Produkts kann leicht von dem auf dem Foto abweichen. Die Preise der Produkte im Online-Shop k\u00f6nnen von den Preisen der Produkte in den Verkaufsstellen abweichen. <\/span><\/p>\n","protected":false},"excerpt":{"rendered":"<p><strong>Ein sanfter Tropfen Gelassenheit.<\/strong><\/p>\n<p><a href=\"https:\/\/sweetdropcbd.com\/de\/produkt\/sweet-drop-15-cbd-ole-1500-mg-10ml\/\">CBD<\/a>-Hanf\u00f6l Sweet Drop 20 % (2000 mg.), nat\u00fcrlich, 10 ml.<br \/>\nMangelnde Ruhe, langfristiger Stress oder Krankheit k\u00f6nnen selbst die energiegeladenste Person m\u00fcde und \u00e4ngstlich machen.<br \/>\nVerw\u00f6hne deinen K\u00f6rper mit Sweet Drop CBD 20 % Vollspektrum-Hanf\u00f6l \u2013 f\u00fcr ein beruhigendes Gef\u00fchl.<br \/>\n<a href=\"https:\/\/sweetdropcbd.com\/de\/produkt\/sweet-drop-15-cbd-ole-1500-mg-10ml\/\">Sweet Drop<\/a> 20 % CBD-Hanf\u00f6l ist f\u00fcr Anf\u00e4nger geeignet.<\/p>\n","protected":false},"featured_media":571,"comment_status":"closed","ping_status":"closed","template":"","meta":[],"product_brand":[665],"product_cat":[71,108],"product_tag":[517,518,519,520],"class_list":{"0":"post-812","1":"product","2":"type-product","3":"status-publish","4":"has-post-thumbnail","6":"product_brand-sweet-drop-cbd","7":"product_cat-alle-produkte","8":"product_cat-cbd-ole","9":"product_tag-cbd","10":"product_tag-cbd-hanfol","11":"product_tag-cbd-ol","12":"product_tag-sweet-drop-cbd","14":"first","15":"instock","16":"sale","17":"taxable","18":"shipping-taxable","19":"purchasable","20":"product-type-simple"},"yoast_head":"<!-- This site is optimized with the Yoast SEO Premium plugin v27.4 (Yoast SEO v27.4) - https:\/\/yoast.com\/product\/yoast-seo-premium-wordpress\/ -->\n<title>Sweet Drop 20 % CBD-\u00d6l 2000 mg 10 ml - Premium CBD-\u00d6l<\/title>\n<meta name=\"description\" content=\"Sweet Drop 20 % CBD-\u00d6l 2000 mg 10 ml Premium CBD-\u00d6l. Nat\u00fcrlich. F\u00fcr Ihr besseres Gef\u00fchl. Kostenlose Lieferung weltweit und in Europa.\" \/>\n<meta name=\"robots\" content=\"index, follow, max-snippet:-1, max-image-preview:large, max-video-preview:-1\" \/>\n<link rel=\"canonical\" href=\"https:\/\/sweetdropcbd.com\/de\/produkt\/sweet-drop-20-cbd-oil-2000-mg-10ml\/\" \/>\n<meta property=\"og:locale\" content=\"de_DE\" \/>\n<meta property=\"og:type\" content=\"article\" \/>\n<meta property=\"og:title\" content=\"Sweet Drop 20 % CBD-\u00d6l 2000 mg 10 ml - Premium CBD-\u00d6l\" \/>\n<meta property=\"og:description\" content=\"Mangelnde Ruhe, langfristiger Stress oder Krankheit k\u00f6nnen selbst die energiegeladenste Person m\u00fcde und \u00e4ngstlich machen. Verw\u00f6hne deinen K\u00f6rper mit Sweet Drop CBD 20 % Vollspektrum-Hanf\u00f6l \u2013 f\u00fcr ein beruhigendes Gef\u00fchl. Sweet Drop 20 % CBD-Hanf\u00f6l ist f\u00fcr Anf\u00e4nger geeignet.\" \/>\n<meta property=\"og:url\" content=\"https:\/\/sweetdropcbd.com\/de\/produkt\/sweet-drop-20-cbd-oil-2000-mg-10ml\/\" \/>\n<meta property=\"og:site_name\" content=\"Sweet Drop CBD\" \/>\n<meta property=\"article:publisher\" content=\"https:\/\/www.facebook.com\/SweetDropCBD\" \/>\n<meta property=\"article:modified_time\" content=\"2026-02-02T18:04:37+00:00\" \/>\n<meta property=\"og:image\" content=\"https:\/\/sweetdropcbd.com\/wp-content\/uploads\/2023\/09\/Sweet-Drop-20_-CBD-Oil-2000-mg-10ml-Right-cropped.jpg\" \/>\n\t<meta property=\"og:image:width\" content=\"1400\" \/>\n\t<meta property=\"og:image:height\" content=\"1400\" \/>\n\t<meta property=\"og:image:type\" content=\"image\/jpeg\" \/>\n<script type=\"application\/ld+json\" class=\"yoast-schema-graph\">{\"@context\":\"https:\\\/\\\/schema.org\",\"@graph\":[{\"@type\":\"WebPage\",\"@id\":\"https:\\\/\\\/sweetdropcbd.com\\\/de\\\/produkt\\\/sweet-drop-20-cbd-oil-2000-mg-10ml\\\/\",\"url\":\"https:\\\/\\\/sweetdropcbd.com\\\/de\\\/produkt\\\/sweet-drop-20-cbd-oil-2000-mg-10ml\\\/\",\"name\":\"Sweet Drop 20 % CBD-\u00d6l 2000 mg 10 ml - Premium CBD-\u00d6l\",\"isPartOf\":{\"@id\":\"https:\\\/\\\/sweetdropcbd.com\\\/de\\\/#website\"},\"primaryImageOfPage\":{\"@id\":\"https:\\\/\\\/sweetdropcbd.com\\\/de\\\/produkt\\\/sweet-drop-20-cbd-oil-2000-mg-10ml\\\/#primaryimage\"},\"image\":{\"@id\":\"https:\\\/\\\/sweetdropcbd.com\\\/de\\\/produkt\\\/sweet-drop-20-cbd-oil-2000-mg-10ml\\\/#primaryimage\"},\"thumbnailUrl\":\"https:\\\/\\\/sweetdropcbd.com\\\/wp-content\\\/uploads\\\/2023\\\/09\\\/Sweet-Drop-20_-CBD-Oil-2000-mg-10ml-Right-cropped.jpg\",\"datePublished\":\"2023-09-05T05:29:00+00:00\",\"dateModified\":\"2026-02-02T18:04:37+00:00\",\"description\":\"Sweet Drop 20 % CBD-\u00d6l 2000 mg 10 ml Premium CBD-\u00d6l. Nat\u00fcrlich. F\u00fcr Ihr besseres Gef\u00fchl. Kostenlose Lieferung weltweit und in Europa.\",\"breadcrumb\":{\"@id\":\"https:\\\/\\\/sweetdropcbd.com\\\/de\\\/produkt\\\/sweet-drop-20-cbd-oil-2000-mg-10ml\\\/#breadcrumb\"},\"inLanguage\":\"de\",\"potentialAction\":[{\"@type\":\"ReadAction\",\"target\":[\"https:\\\/\\\/sweetdropcbd.com\\\/de\\\/produkt\\\/sweet-drop-20-cbd-oil-2000-mg-10ml\\\/\"]}]},{\"@type\":\"ImageObject\",\"inLanguage\":\"de\",\"@id\":\"https:\\\/\\\/sweetdropcbd.com\\\/de\\\/produkt\\\/sweet-drop-20-cbd-oil-2000-mg-10ml\\\/#primaryimage\",\"url\":\"https:\\\/\\\/sweetdropcbd.com\\\/wp-content\\\/uploads\\\/2023\\\/09\\\/Sweet-Drop-20_-CBD-Oil-2000-mg-10ml-Right-cropped.jpg\",\"contentUrl\":\"https:\\\/\\\/sweetdropcbd.com\\\/wp-content\\\/uploads\\\/2023\\\/09\\\/Sweet-Drop-20_-CBD-Oil-2000-mg-10ml-Right-cropped.jpg\",\"width\":1400,\"height\":1400},{\"@type\":\"BreadcrumbList\",\"@id\":\"https:\\\/\\\/sweetdropcbd.com\\\/de\\\/produkt\\\/sweet-drop-20-cbd-oil-2000-mg-10ml\\\/#breadcrumb\",\"itemListElement\":[{\"@type\":\"ListItem\",\"position\":1,\"name\":\"Startseite\",\"item\":\"https:\\\/\\\/sweetdropcbd.com\\\/de\\\/classic-shop\\\/\"},{\"@type\":\"ListItem\",\"position\":2,\"name\":\"Unser CBD-Shop\",\"item\":\"https:\\\/\\\/sweetdropcbd.com\\\/de\\\/unser-cbd-shop\\\/\"},{\"@type\":\"ListItem\",\"position\":3,\"name\":\"Sweet Drop 20 % CBD-\u00d6l 2000 mg 10 ml\"}]},{\"@type\":\"WebSite\",\"@id\":\"https:\\\/\\\/sweetdropcbd.com\\\/de\\\/#website\",\"url\":\"https:\\\/\\\/sweetdropcbd.com\\\/de\\\/\",\"name\":\"Sweet Drop CBD\",\"description\":\"Sweet Drop CBD\",\"publisher\":{\"@id\":\"https:\\\/\\\/sweetdropcbd.com\\\/de\\\/#organization\"},\"alternateName\":\"Sweet Drop CBD oil\",\"potentialAction\":[{\"@type\":\"SearchAction\",\"target\":{\"@type\":\"EntryPoint\",\"urlTemplate\":\"https:\\\/\\\/sweetdropcbd.com\\\/de\\\/?s={search_term_string}\"},\"query-input\":{\"@type\":\"PropertyValueSpecification\",\"valueRequired\":true,\"valueName\":\"search_term_string\"}}],\"inLanguage\":\"de\"},{\"@type\":[\"Organization\",\"Place\",\"HealthAndBeautyBusiness\"],\"@id\":\"https:\\\/\\\/sweetdropcbd.com\\\/de\\\/#organization\",\"name\":\"MB EBIGUS\",\"alternateName\":\"Sweet Drop CBD\",\"url\":\"https:\\\/\\\/sweetdropcbd.com\\\/de\\\/\",\"logo\":{\"@id\":\"https:\\\/\\\/sweetdropcbd.com\\\/de\\\/produkt\\\/sweet-drop-20-cbd-oil-2000-mg-10ml\\\/#local-main-organization-logo\"},\"image\":{\"@id\":\"https:\\\/\\\/sweetdropcbd.com\\\/de\\\/produkt\\\/sweet-drop-20-cbd-oil-2000-mg-10ml\\\/#local-main-organization-logo\"},\"sameAs\":[\"https:\\\/\\\/www.facebook.com\\\/SweetDropCBD\",\"https:\\\/\\\/www.instagram.com\\\/sweetdropcbd\\\/\"],\"publishingPrinciples\":\"https:\\\/\\\/sweetdropcbd.com\\\/terms-conditions\\\/\",\"ownershipFundingInfo\":\"https:\\\/\\\/sweetdropcbd.com\\\/about-us\\\/\",\"address\":{\"@id\":\"https:\\\/\\\/sweetdropcbd.com\\\/de\\\/produkt\\\/sweet-drop-20-cbd-oil-2000-mg-10ml\\\/#local-main-place-address\"},\"telephone\":[\"+37068683090\"],\"openingHoursSpecification\":{\"@type\":\"OpeningHoursSpecification\",\"dayOfWeek\":[\"Monday\",\"Tuesday\",\"Wednesday\",\"Thursday\",\"Friday\",\"Saturday\",\"Sunday\"],\"opens\":\"00:00\",\"closes\":\"23:59\"},\"email\":\"info@sweetdropcbd.com\",\"areaServed\":\"EU\"},{\"@type\":\"PostalAddress\",\"@id\":\"https:\\\/\\\/sweetdropcbd.com\\\/de\\\/produkt\\\/sweet-drop-20-cbd-oil-2000-mg-10ml\\\/#local-main-place-address\",\"streetAddress\":\"Rusn\u0117s g. 31, \u0160aki\u0173 k., Kauno r. sav., Lietuva\",\"addressLocality\":\"Kaunas\",\"postalCode\":\"47412\",\"addressCountry\":\"LT\"},{\"@type\":\"ImageObject\",\"inLanguage\":\"de\",\"@id\":\"https:\\\/\\\/sweetdropcbd.com\\\/de\\\/produkt\\\/sweet-drop-20-cbd-oil-2000-mg-10ml\\\/#local-main-organization-logo\",\"url\":\"https:\\\/\\\/sweetdropcbd.com\\\/wp-content\\\/uploads\\\/2023\\\/10\\\/Saldus-lasas-logotipas_H-EN.png\",\"contentUrl\":\"https:\\\/\\\/sweetdropcbd.com\\\/wp-content\\\/uploads\\\/2023\\\/10\\\/Saldus-lasas-logotipas_H-EN.png\",\"width\":206,\"height\":239,\"caption\":\"MB EBIGUS\"}]}<\/script>\n<meta property=\"product:price:amount\" content=\"47.20\" \/>\n<meta property=\"product:price:currency\" content=\"EUR\" \/>\n<meta property=\"og:availability\" content=\"instock\" \/>\n<meta property=\"product:availability\" content=\"instock\" \/>\n<meta property=\"product:retailer_item_id\" content=\"4777000029640\" \/>\n<meta property=\"product:condition\" content=\"new\" \/>\n<meta name=\"geo.placename\" content=\"Kaunas\" \/>\n<meta name=\"geo.region\" content=\"Litauen\" \/>\n<!-- \/ Yoast SEO Premium plugin. -->","yoast_head_json":{"title":"Sweet Drop 20 % CBD-\u00d6l 2000 mg 10 ml - Premium CBD-\u00d6l","description":"Sweet Drop 20 % CBD-\u00d6l 2000 mg 10 ml Premium CBD-\u00d6l. Nat\u00fcrlich. F\u00fcr Ihr besseres Gef\u00fchl. Kostenlose Lieferung weltweit und in Europa.","robots":{"index":"index","follow":"follow","max-snippet":"max-snippet:-1","max-image-preview":"max-image-preview:large","max-video-preview":"max-video-preview:-1"},"canonical":"https:\/\/sweetdropcbd.com\/de\/produkt\/sweet-drop-20-cbd-oil-2000-mg-10ml\/","og_locale":"de_DE","og_type":"article","og_title":"Sweet Drop 20 % CBD-\u00d6l 2000 mg 10 ml - Premium CBD-\u00d6l","og_description":"Mangelnde Ruhe, langfristiger Stress oder Krankheit k\u00f6nnen selbst die energiegeladenste Person m\u00fcde und \u00e4ngstlich machen. Verw\u00f6hne deinen K\u00f6rper mit Sweet Drop CBD 20 % Vollspektrum-Hanf\u00f6l \u2013 f\u00fcr ein beruhigendes Gef\u00fchl. Sweet Drop 20 % CBD-Hanf\u00f6l ist f\u00fcr Anf\u00e4nger geeignet.","og_url":"https:\/\/sweetdropcbd.com\/de\/produkt\/sweet-drop-20-cbd-oil-2000-mg-10ml\/","og_site_name":"Sweet Drop CBD","article_publisher":"https:\/\/www.facebook.com\/SweetDropCBD","article_modified_time":"2026-02-02T18:04:37+00:00","og_image":[{"width":1400,"height":1400,"url":"https:\/\/sweetdropcbd.com\/wp-content\/uploads\/2023\/09\/Sweet-Drop-20_-CBD-Oil-2000-mg-10ml-Right-cropped.jpg","type":"image\/jpeg"}],"schema":{"@context":"https:\/\/schema.org","@graph":[{"@type":"WebPage","@id":"https:\/\/sweetdropcbd.com\/de\/produkt\/sweet-drop-20-cbd-oil-2000-mg-10ml\/","url":"https:\/\/sweetdropcbd.com\/de\/produkt\/sweet-drop-20-cbd-oil-2000-mg-10ml\/","name":"Sweet Drop 20 % CBD-\u00d6l 2000 mg 10 ml - Premium CBD-\u00d6l","isPartOf":{"@id":"https:\/\/sweetdropcbd.com\/de\/#website"},"primaryImageOfPage":{"@id":"https:\/\/sweetdropcbd.com\/de\/produkt\/sweet-drop-20-cbd-oil-2000-mg-10ml\/#primaryimage"},"image":{"@id":"https:\/\/sweetdropcbd.com\/de\/produkt\/sweet-drop-20-cbd-oil-2000-mg-10ml\/#primaryimage"},"thumbnailUrl":"https:\/\/sweetdropcbd.com\/wp-content\/uploads\/2023\/09\/Sweet-Drop-20_-CBD-Oil-2000-mg-10ml-Right-cropped.jpg","datePublished":"2023-09-05T05:29:00+00:00","dateModified":"2026-02-02T18:04:37+00:00","description":"Sweet Drop 20 % CBD-\u00d6l 2000 mg 10 ml Premium CBD-\u00d6l. Nat\u00fcrlich. F\u00fcr Ihr besseres Gef\u00fchl. Kostenlose Lieferung weltweit und in Europa.","breadcrumb":{"@id":"https:\/\/sweetdropcbd.com\/de\/produkt\/sweet-drop-20-cbd-oil-2000-mg-10ml\/#breadcrumb"},"inLanguage":"de","potentialAction":[{"@type":"ReadAction","target":["https:\/\/sweetdropcbd.com\/de\/produkt\/sweet-drop-20-cbd-oil-2000-mg-10ml\/"]}]},{"@type":"ImageObject","inLanguage":"de","@id":"https:\/\/sweetdropcbd.com\/de\/produkt\/sweet-drop-20-cbd-oil-2000-mg-10ml\/#primaryimage","url":"https:\/\/sweetdropcbd.com\/wp-content\/uploads\/2023\/09\/Sweet-Drop-20_-CBD-Oil-2000-mg-10ml-Right-cropped.jpg","contentUrl":"https:\/\/sweetdropcbd.com\/wp-content\/uploads\/2023\/09\/Sweet-Drop-20_-CBD-Oil-2000-mg-10ml-Right-cropped.jpg","width":1400,"height":1400},{"@type":"BreadcrumbList","@id":"https:\/\/sweetdropcbd.com\/de\/produkt\/sweet-drop-20-cbd-oil-2000-mg-10ml\/#breadcrumb","itemListElement":[{"@type":"ListItem","position":1,"name":"Startseite","item":"https:\/\/sweetdropcbd.com\/de\/classic-shop\/"},{"@type":"ListItem","position":2,"name":"Unser CBD-Shop","item":"https:\/\/sweetdropcbd.com\/de\/unser-cbd-shop\/"},{"@type":"ListItem","position":3,"name":"Sweet Drop 20 % CBD-\u00d6l 2000 mg 10 ml"}]},{"@type":"WebSite","@id":"https:\/\/sweetdropcbd.com\/de\/#website","url":"https:\/\/sweetdropcbd.com\/de\/","name":"Sweet Drop CBD","description":"Sweet Drop CBD","publisher":{"@id":"https:\/\/sweetdropcbd.com\/de\/#organization"},"alternateName":"Sweet Drop CBD oil","potentialAction":[{"@type":"SearchAction","target":{"@type":"EntryPoint","urlTemplate":"https:\/\/sweetdropcbd.com\/de\/?s={search_term_string}"},"query-input":{"@type":"PropertyValueSpecification","valueRequired":true,"valueName":"search_term_string"}}],"inLanguage":"de"},{"@type":["Organization","Place","HealthAndBeautyBusiness"],"@id":"https:\/\/sweetdropcbd.com\/de\/#organization","name":"MB EBIGUS","alternateName":"Sweet Drop CBD","url":"https:\/\/sweetdropcbd.com\/de\/","logo":{"@id":"https:\/\/sweetdropcbd.com\/de\/produkt\/sweet-drop-20-cbd-oil-2000-mg-10ml\/#local-main-organization-logo"},"image":{"@id":"https:\/\/sweetdropcbd.com\/de\/produkt\/sweet-drop-20-cbd-oil-2000-mg-10ml\/#local-main-organization-logo"},"sameAs":["https:\/\/www.facebook.com\/SweetDropCBD","https:\/\/www.instagram.com\/sweetdropcbd\/"],"publishingPrinciples":"https:\/\/sweetdropcbd.com\/terms-conditions\/","ownershipFundingInfo":"https:\/\/sweetdropcbd.com\/about-us\/","address":{"@id":"https:\/\/sweetdropcbd.com\/de\/produkt\/sweet-drop-20-cbd-oil-2000-mg-10ml\/#local-main-place-address"},"telephone":["+37068683090"],"openingHoursSpecification":{"@type":"OpeningHoursSpecification","dayOfWeek":["Monday","Tuesday","Wednesday","Thursday","Friday","Saturday","Sunday"],"opens":"00:00","closes":"23:59"},"email":"info@sweetdropcbd.com","areaServed":"EU"},{"@type":"PostalAddress","@id":"https:\/\/sweetdropcbd.com\/de\/produkt\/sweet-drop-20-cbd-oil-2000-mg-10ml\/#local-main-place-address","streetAddress":"Rusn\u0117s g. 31, \u0160aki\u0173 k., Kauno r. sav., Lietuva","addressLocality":"Kaunas","postalCode":"47412","addressCountry":"LT"},{"@type":"ImageObject","inLanguage":"de","@id":"https:\/\/sweetdropcbd.com\/de\/produkt\/sweet-drop-20-cbd-oil-2000-mg-10ml\/#local-main-organization-logo","url":"https:\/\/sweetdropcbd.com\/wp-content\/uploads\/2023\/10\/Saldus-lasas-logotipas_H-EN.png","contentUrl":"https:\/\/sweetdropcbd.com\/wp-content\/uploads\/2023\/10\/Saldus-lasas-logotipas_H-EN.png","width":206,"height":239,"caption":"MB EBIGUS"}]},"product_price_amount":"47.20","product_price_currency":"EUR","og_availability":"instock","product_availability":"instock","product_retailer_item_id":"4777000029640","product_condition":"new","geo.placename":"Kaunas","geo.region":"Litauen"},"_links":{"self":[{"href":"https:\/\/sweetdropcbd.com\/de\/wp-json\/wp\/v2\/product\/812","targetHints":{"allow":["GET"]}}],"collection":[{"href":"https:\/\/sweetdropcbd.com\/de\/wp-json\/wp\/v2\/product"}],"about":[{"href":"https:\/\/sweetdropcbd.com\/de\/wp-json\/wp\/v2\/types\/product"}],"replies":[{"embeddable":true,"href":"https:\/\/sweetdropcbd.com\/de\/wp-json\/wp\/v2\/comments?post=812"}],"wp:featuredmedia":[{"embeddable":true,"href":"https:\/\/sweetdropcbd.com\/de\/wp-json\/wp\/v2\/media\/571"}],"wp:attachment":[{"href":"https:\/\/sweetdropcbd.com\/de\/wp-json\/wp\/v2\/media?parent=812"}],"wp:term":[{"taxonomy":"product_brand","embeddable":true,"href":"https:\/\/sweetdropcbd.com\/de\/wp-json\/wp\/v2\/product_brand?post=812"},{"taxonomy":"product_cat","embeddable":true,"href":"https:\/\/sweetdropcbd.com\/de\/wp-json\/wp\/v2\/product_cat?post=812"},{"taxonomy":"product_tag","embeddable":true,"href":"https:\/\/sweetdropcbd.com\/de\/wp-json\/wp\/v2\/product_tag?post=812"}],"curies":[{"name":"wp","href":"https:\/\/api.w.org\/{rel}","templated":true}]}}