{"id":1026,"date":"2023-10-06T08:39:17","date_gmt":"2023-10-06T08:39:17","guid":{"rendered":"https:\/\/sweetdropcbd.com\/?post_type=product&#038;p=1026"},"modified":"2026-04-10T13:35:11","modified_gmt":"2026-04-10T10:35:11","slug":"dovanu-kuponas-sweet-drop-cbd","status":"publish","type":"product","link":"https:\/\/sweetdropcbd.com\/lt\/produktas\/dovanu-kuponas-sweet-drop-cbd\/","title":{"rendered":"Dovan\u0173 kortel\u0117 Sweet Drop CBD"},"content":{"rendered":"<h4><em>Dovanok sveikat\u0105 ir gerov\u0119!<\/em><\/h4>\n<p>Poilsio tr\u016bkumas, ilgalaikis stresas ar liga \u2013 net energingiausias \u017emogus gali jaustis pavarg\u0119s ir neramus.<\/p>\n<p>Palepink savo k\u016bn\u0105 su <a href=\"https:\/\/sweetdropcbd.com\/lt\/produktas\/cbd-kanapiu-kuno-aliejus-sweet-drop-5-procentu-500mg-naturalus-10ml\/\">Sweet Drop CBD<\/a> pilno spektro kanapi\u0173 aliejumi<\/p>\n<p><a href=\"https:\/\/sweetdropcbd.com\/demos\/shop-demos\/vendor-shop\/\">Dovan\u0173 kortel\u0117 i\u0161 Sweet Drop CBD<\/a> internetin\u0117s parduotuv\u0117s yra puiki dovana bet kokiai progai.<\/p>\n<p>Su ja tavo mylimas \u017emogus gal\u0117s \u012fsigyti geriausios kokyb\u0117s <a href=\"https:\/\/sweetdropcbd.com\/lt\/produktas\/cbd-kanapiu-kuno-aliejus-sweet-drop-10-procentu-1000mg-naturalus-10ml\/\">CBD produktus<\/a>, kurie pad\u0117s pagerinti j\u0173 sveikat\u0105 ir gerov\u0119.<\/p>\n<p>M\u016bs\u0173 internetin\u0117je parduotuv\u0117je rasite tinkam\u0105 CBD produkt\u0105. Visi m\u016bs\u0173 produktai pagaminti Europoje i\u0161 auk\u0161tos kokyb\u0117s kanapi\u0173 ir yra saug\u016bs bei veiksmingi.<\/p>\n<p>Dovan\u0173 kortel\u0117s vert\u0117 yra nuo 25 iki 200 eur\u0173.<\/p>\n<p>Dovan\u0173 kortel\u0117 yra puikus b\u016bdas parodyti savo mylimam \u017emogui, kad j\u012f mylite ir r\u016bpinat\u0117s <a href=\"https:\/\/sweetdropcbd.com\/elements\/pages\/about-old\/\">jo<\/a> sveikata.<\/p>\n<h4><em>\u0160tai keletas dovan\u0173 kortel\u0117s id\u0117j\u0173:<\/em><\/h4>\n<ul>\n<li>\u012eteik j\u0105 tiesiogiai \u017emogui, kuriam nori padovanoti.<\/li>\n<li>\u012ed\u0117k j\u0105 \u012f sveikinimo ar dovan\u0173 d\u0117\u017eut\u0119.<\/li>\n<li>Si\u0173sk pa\u0161tu ar el. pa\u0161tu.<\/li>\n<\/ul>\n<p>Nesvarbu <a href=\"https:\/\/sweetdropcbd.com\/lt\/kaip-naudoti-cbd-alieju\/\">kaip<\/a> nuspr\u0119si \u012fteikti dovan\u0173 kortel\u0119, tavo mylimas \u017emogus tikrai d\u017eiaugsis \u0161ia dovana!<\/p>\n<p><em>Naudingi patarimai, kaip naudoti CBD produktus:<\/em><\/p>\n<ul>\n<li>Rekomenduojamas kiekis: 3 \u2013 4 la\u0161ai, 2 kartus per dien\u0105.<\/li>\n<li>D\u0117l didel\u0117s CBD koncentracijos \u0161is aliejus gali kristalizuotis, tod\u0117l rekomenduojame gerai suplakti buteliuk\u0105 prie\u0161 naudojim\u0105.<\/li>\n<li>Naudokite gryn\u0105, tepkite ant norimos k\u016bno dalies ir laikykite bent 1-2 minutes.<\/li>\n<li>Venkite kontakto su akimis.<\/li>\n<li>Jei reikia, palaipsniui didinkite la\u0161\u0173 kiek\u012f. Ta\u010diau nevir\u0161ykite daugiau kaip 200 mg CBD per dien\u0105.<\/li>\n<li>I\u0161oriniam naudojimui.<\/li>\n<\/ul>\n<p>Kasdienis <a href=\"https:\/\/sweetdropcbd.com\/lt\/produktas\/cbd-kanapiu-kuno-aliejus-sweet-drop-5-procentu-500mg-naturalus-10ml\/\">CBD kiekis<\/a> priklauso nuo daugelio veiksni\u0173, toki\u0173 kaip j\u016bs\u0173 k\u016bno b\u016bkl\u0117, norimas poveikis ar <a href=\"https:\/\/sweetdropcbd.com\/lt\/\">CBD<\/a> koncentracija naudojamame produkte.<\/p>\n<a href=\"https:\/\/sweetdropcbd.com\/lt\/nacionalinis-maisto-ir-veterinarijos-rizikos-vertinimo-institutas-nmvrvi-kodel-jo-tyrimai-svarbus-ir-kaip-sweet-drop-cbd-tikrina-kiekviena-serija\/\" class=\"button primary is-outline\" style=\"border-radius:99px;\">\n\t\t<span>Kiekviena Sweet Drop CBD serija tikrinama Nacionaliniame maisto ir veterinarijos rizikos vertinimo institute - skaitykite daugiau.<\/span>\n\t<\/a>\n\n","protected":false},"excerpt":{"rendered":"<p>Ne\u017einai, k\u0105 padovanoti?<\/p>\n<p>Padovanok dovan\u0105 \u2013 <a href=\"https:\/\/sweetdropcbd.com\/lt\/\">Sweet Drop CBD<\/a> dovan\u0173 kupon\u0105 \u2013 Ramyb\u0117s la\u0161\u0105.<\/p>\n<p>Su <a href=\"https:\/\/sweetdropcbd.com\/lt\/\">Sweet Drop CBD<\/a> dovan\u0173 kuponu gal\u0117si \u012fsigyti Sweet Drop CBD produktus, pagamintus i\u0161 auk\u0161\u010diausios kokyb\u0117s CBD ir kit\u0173 pluo\u0161tini\u0173 kanapi\u0173 jungini\u0173.<\/p>\n","protected":false},"featured_media":1211,"comment_status":"closed","ping_status":"closed","template":"","meta":[],"product_brand":[667],"product_cat":[671,198,72],"product_tag":[521,523,522,524],"class_list":{"0":"post-1026","1":"product","2":"type-product","3":"status-publish","4":"has-post-thumbnail","6":"product_brand-sweet-drop-cbd","7":"product_cat-cbd-rinkiniai","8":"product_cat-dovanu-kuponai","9":"product_cat-visi-produktai","10":"product_tag-cbd","11":"product_tag-cbd-aliejus","12":"product_tag-cbd-kanapiu-aliejus","13":"product_tag-sweet-drop-cbd","15":"first","16":"instock","17":"purchasable","18":"product-type-pw-gift-card"},"yoast_head":"<!-- This site is optimized with the Yoast SEO Premium plugin v27.4 (Yoast SEO v27.4) - https:\/\/yoast.com\/product\/yoast-seo-premium-wordpress\/ -->\n<title>Dovan\u0173 kortel\u0117 Sweet Drop CBD - Sweet Drop CBD Oil<\/title>\n<meta name=\"description\" content=\"Dovan\u0173 kortel\u0117 \u201eSweet Drop CBD\u201c \u2013 patogi dovana bet kokiai progai. Pasirinkite sum\u0105, leiskite i\u0161sirinkti tai, ko labiausiai reikia.\" \/>\n<meta name=\"robots\" content=\"index, follow, max-snippet:-1, max-image-preview:large, max-video-preview:-1\" \/>\n<link rel=\"canonical\" href=\"https:\/\/sweetdropcbd.com\/lt\/produktas\/dovanu-kuponas-sweet-drop-cbd\/\" \/>\n<meta property=\"og:locale\" content=\"lt_LT\" \/>\n<meta property=\"og:type\" content=\"article\" \/>\n<meta property=\"og:title\" content=\"Dovan\u0173 kortel\u0117 Sweet Drop CBD\" \/>\n<meta property=\"og:description\" content=\"Kai norisi dovanos be streso \u2013 rinkit\u0117s \u201eSweet Drop CBD\u201c dovan\u0173 kortel\u0119. Pasirenkama suma, paprastas panaudojimas ir laisv\u0117 i\u0161sirinkti m\u0117gstamiausius produktus. \ud83c\udf81\" \/>\n<meta property=\"og:url\" content=\"https:\/\/sweetdropcbd.com\/lt\/produktas\/dovanu-kuponas-sweet-drop-cbd\/\" \/>\n<meta property=\"og:site_name\" content=\"Sweet Drop CBD\" \/>\n<meta property=\"article:publisher\" content=\"https:\/\/www.facebook.com\/SweetDropCBD\" \/>\n<meta property=\"article:modified_time\" content=\"2026-04-10T10:35:11+00:00\" \/>\n<meta property=\"og:image\" content=\"https:\/\/sweetdropcbd.com\/wp-content\/uploads\/2023\/10\/Dovanu-kuponas-Sweet-Drop-CBD.png\" \/>\n\t<meta property=\"og:image:width\" content=\"1280\" \/>\n\t<meta property=\"og:image:height\" content=\"1280\" \/>\n\t<meta property=\"og:image:type\" content=\"image\/png\" \/>\n<script type=\"application\/ld+json\" class=\"yoast-schema-graph\">{\"@context\":\"https:\\\/\\\/schema.org\",\"@graph\":[{\"@type\":\"WebPage\",\"@id\":\"https:\\\/\\\/sweetdropcbd.com\\\/lt\\\/produktas\\\/dovanu-kuponas-sweet-drop-cbd\\\/\",\"url\":\"https:\\\/\\\/sweetdropcbd.com\\\/lt\\\/produktas\\\/dovanu-kuponas-sweet-drop-cbd\\\/\",\"name\":\"Dovan\u0173 kortel\u0117 Sweet Drop CBD - Sweet Drop CBD Oil\",\"isPartOf\":{\"@id\":\"https:\\\/\\\/sweetdropcbd.com\\\/lt\\\/#website\"},\"primaryImageOfPage\":{\"@id\":\"https:\\\/\\\/sweetdropcbd.com\\\/lt\\\/produktas\\\/dovanu-kuponas-sweet-drop-cbd\\\/#primaryimage\"},\"image\":{\"@id\":\"https:\\\/\\\/sweetdropcbd.com\\\/lt\\\/produktas\\\/dovanu-kuponas-sweet-drop-cbd\\\/#primaryimage\"},\"thumbnailUrl\":\"https:\\\/\\\/sweetdropcbd.com\\\/wp-content\\\/uploads\\\/2023\\\/10\\\/Dovanu-kuponas-Sweet-Drop-CBD.png\",\"datePublished\":\"2023-10-06T08:39:17+00:00\",\"dateModified\":\"2026-04-10T10:35:11+00:00\",\"description\":\"Dovan\u0173 kortel\u0117 \u201eSweet Drop CBD\u201c \u2013 patogi dovana bet kokiai progai. Pasirinkite sum\u0105, leiskite i\u0161sirinkti tai, ko labiausiai reikia.\",\"breadcrumb\":{\"@id\":\"https:\\\/\\\/sweetdropcbd.com\\\/lt\\\/produktas\\\/dovanu-kuponas-sweet-drop-cbd\\\/#breadcrumb\"},\"inLanguage\":\"lt-LT\",\"potentialAction\":[{\"@type\":\"ReadAction\",\"target\":[\"https:\\\/\\\/sweetdropcbd.com\\\/lt\\\/produktas\\\/dovanu-kuponas-sweet-drop-cbd\\\/\"]}]},{\"@type\":\"ImageObject\",\"inLanguage\":\"lt-LT\",\"@id\":\"https:\\\/\\\/sweetdropcbd.com\\\/lt\\\/produktas\\\/dovanu-kuponas-sweet-drop-cbd\\\/#primaryimage\",\"url\":\"https:\\\/\\\/sweetdropcbd.com\\\/wp-content\\\/uploads\\\/2023\\\/10\\\/Dovanu-kuponas-Sweet-Drop-CBD.png\",\"contentUrl\":\"https:\\\/\\\/sweetdropcbd.com\\\/wp-content\\\/uploads\\\/2023\\\/10\\\/Dovanu-kuponas-Sweet-Drop-CBD.png\",\"width\":1280,\"height\":1280},{\"@type\":\"BreadcrumbList\",\"@id\":\"https:\\\/\\\/sweetdropcbd.com\\\/lt\\\/produktas\\\/dovanu-kuponas-sweet-drop-cbd\\\/#breadcrumb\",\"itemListElement\":[{\"@type\":\"ListItem\",\"position\":1,\"name\":\"Prad\u017eia\",\"item\":\"https:\\\/\\\/sweetdropcbd.com\\\/lt\\\/\"},{\"@type\":\"ListItem\",\"position\":2,\"name\":\"M\u016bs\u0173 CBD parduotuv\u0117\",\"item\":\"https:\\\/\\\/sweetdropcbd.com\\\/lt\\\/musu-cbd-parduotuve\\\/\"},{\"@type\":\"ListItem\",\"position\":3,\"name\":\"Dovan\u0173 kortel\u0117 Sweet Drop CBD\"}]},{\"@type\":\"WebSite\",\"@id\":\"https:\\\/\\\/sweetdropcbd.com\\\/lt\\\/#website\",\"url\":\"https:\\\/\\\/sweetdropcbd.com\\\/lt\\\/\",\"name\":\"Sweet Drop CBD\",\"description\":\"Sweet Drop CBD\",\"publisher\":{\"@id\":\"https:\\\/\\\/sweetdropcbd.com\\\/lt\\\/#organization\"},\"alternateName\":\"Sweet Drop CBD oil\",\"potentialAction\":[{\"@type\":\"SearchAction\",\"target\":{\"@type\":\"EntryPoint\",\"urlTemplate\":\"https:\\\/\\\/sweetdropcbd.com\\\/lt\\\/?s={search_term_string}\"},\"query-input\":{\"@type\":\"PropertyValueSpecification\",\"valueRequired\":true,\"valueName\":\"search_term_string\"}}],\"inLanguage\":\"lt-LT\"},{\"@type\":[\"Organization\",\"Place\",\"HealthAndBeautyBusiness\"],\"@id\":\"https:\\\/\\\/sweetdropcbd.com\\\/lt\\\/#organization\",\"name\":\"MB EBIGUS\",\"alternateName\":\"Sweet Drop CBD\",\"url\":\"https:\\\/\\\/sweetdropcbd.com\\\/lt\\\/\",\"logo\":{\"@id\":\"https:\\\/\\\/sweetdropcbd.com\\\/lt\\\/produktas\\\/dovanu-kuponas-sweet-drop-cbd\\\/#local-main-organization-logo\"},\"image\":{\"@id\":\"https:\\\/\\\/sweetdropcbd.com\\\/lt\\\/produktas\\\/dovanu-kuponas-sweet-drop-cbd\\\/#local-main-organization-logo\"},\"sameAs\":[\"https:\\\/\\\/www.facebook.com\\\/SweetDropCBD\",\"https:\\\/\\\/www.instagram.com\\\/sweetdropcbd\\\/\"],\"publishingPrinciples\":\"https:\\\/\\\/sweetdropcbd.com\\\/terms-conditions\\\/\",\"ownershipFundingInfo\":\"https:\\\/\\\/sweetdropcbd.com\\\/about-us\\\/\",\"address\":{\"@id\":\"https:\\\/\\\/sweetdropcbd.com\\\/lt\\\/produktas\\\/dovanu-kuponas-sweet-drop-cbd\\\/#local-main-place-address\"},\"telephone\":[\"+37068683090\"],\"openingHoursSpecification\":{\"@type\":\"OpeningHoursSpecification\",\"dayOfWeek\":[\"Monday\",\"Tuesday\",\"Wednesday\",\"Thursday\",\"Friday\",\"Saturday\",\"Sunday\"],\"opens\":\"00:00\",\"closes\":\"23:59\"},\"email\":\"info@sweetdropcbd.com\",\"areaServed\":\"EU\"},{\"@type\":\"PostalAddress\",\"@id\":\"https:\\\/\\\/sweetdropcbd.com\\\/lt\\\/produktas\\\/dovanu-kuponas-sweet-drop-cbd\\\/#local-main-place-address\",\"streetAddress\":\"Rusn\u0117s g. 31, \u0160aki\u0173 k., Kauno r. sav., Lietuva\",\"addressLocality\":\"Kaunas\",\"postalCode\":\"47412\",\"addressCountry\":\"LT\"},{\"@type\":\"ImageObject\",\"inLanguage\":\"lt-LT\",\"@id\":\"https:\\\/\\\/sweetdropcbd.com\\\/lt\\\/produktas\\\/dovanu-kuponas-sweet-drop-cbd\\\/#local-main-organization-logo\",\"url\":\"https:\\\/\\\/sweetdropcbd.com\\\/wp-content\\\/uploads\\\/2023\\\/10\\\/Saldus-lasas-logotipas_H-EN.png\",\"contentUrl\":\"https:\\\/\\\/sweetdropcbd.com\\\/wp-content\\\/uploads\\\/2023\\\/10\\\/Saldus-lasas-logotipas_H-EN.png\",\"width\":206,\"height\":239,\"caption\":\"MB EBIGUS\"}]}<\/script>\n<meta property=\"product:price:amount\" content=\"25.00\" \/>\n<meta property=\"product:price:currency\" content=\"EUR\" \/>\n<meta property=\"og:availability\" content=\"instock\" \/>\n<meta property=\"product:availability\" content=\"instock\" \/>\n<meta property=\"product:condition\" content=\"new\" \/>\n<meta name=\"geo.placename\" content=\"Kaunas\" \/>\n<meta name=\"geo.region\" content=\"Lietuva\" \/>\n<!-- \/ Yoast SEO Premium plugin. -->","yoast_head_json":{"title":"Dovan\u0173 kortel\u0117 Sweet Drop CBD - Sweet Drop CBD Oil","description":"Dovan\u0173 kortel\u0117 \u201eSweet Drop CBD\u201c \u2013 patogi dovana bet kokiai progai. Pasirinkite sum\u0105, leiskite i\u0161sirinkti tai, ko labiausiai reikia.","robots":{"index":"index","follow":"follow","max-snippet":"max-snippet:-1","max-image-preview":"max-image-preview:large","max-video-preview":"max-video-preview:-1"},"canonical":"https:\/\/sweetdropcbd.com\/lt\/produktas\/dovanu-kuponas-sweet-drop-cbd\/","og_locale":"lt_LT","og_type":"article","og_title":"Dovan\u0173 kortel\u0117 Sweet Drop CBD","og_description":"Kai norisi dovanos be streso \u2013 rinkit\u0117s \u201eSweet Drop CBD\u201c dovan\u0173 kortel\u0119. Pasirenkama suma, paprastas panaudojimas ir laisv\u0117 i\u0161sirinkti m\u0117gstamiausius produktus. \ud83c\udf81","og_url":"https:\/\/sweetdropcbd.com\/lt\/produktas\/dovanu-kuponas-sweet-drop-cbd\/","og_site_name":"Sweet Drop CBD","article_publisher":"https:\/\/www.facebook.com\/SweetDropCBD","article_modified_time":"2026-04-10T10:35:11+00:00","og_image":[{"width":1280,"height":1280,"url":"https:\/\/sweetdropcbd.com\/wp-content\/uploads\/2023\/10\/Dovanu-kuponas-Sweet-Drop-CBD.png","type":"image\/png"}],"schema":{"@context":"https:\/\/schema.org","@graph":[{"@type":"WebPage","@id":"https:\/\/sweetdropcbd.com\/lt\/produktas\/dovanu-kuponas-sweet-drop-cbd\/","url":"https:\/\/sweetdropcbd.com\/lt\/produktas\/dovanu-kuponas-sweet-drop-cbd\/","name":"Dovan\u0173 kortel\u0117 Sweet Drop CBD - Sweet Drop CBD Oil","isPartOf":{"@id":"https:\/\/sweetdropcbd.com\/lt\/#website"},"primaryImageOfPage":{"@id":"https:\/\/sweetdropcbd.com\/lt\/produktas\/dovanu-kuponas-sweet-drop-cbd\/#primaryimage"},"image":{"@id":"https:\/\/sweetdropcbd.com\/lt\/produktas\/dovanu-kuponas-sweet-drop-cbd\/#primaryimage"},"thumbnailUrl":"https:\/\/sweetdropcbd.com\/wp-content\/uploads\/2023\/10\/Dovanu-kuponas-Sweet-Drop-CBD.png","datePublished":"2023-10-06T08:39:17+00:00","dateModified":"2026-04-10T10:35:11+00:00","description":"Dovan\u0173 kortel\u0117 \u201eSweet Drop CBD\u201c \u2013 patogi dovana bet kokiai progai. Pasirinkite sum\u0105, leiskite i\u0161sirinkti tai, ko labiausiai reikia.","breadcrumb":{"@id":"https:\/\/sweetdropcbd.com\/lt\/produktas\/dovanu-kuponas-sweet-drop-cbd\/#breadcrumb"},"inLanguage":"lt-LT","potentialAction":[{"@type":"ReadAction","target":["https:\/\/sweetdropcbd.com\/lt\/produktas\/dovanu-kuponas-sweet-drop-cbd\/"]}]},{"@type":"ImageObject","inLanguage":"lt-LT","@id":"https:\/\/sweetdropcbd.com\/lt\/produktas\/dovanu-kuponas-sweet-drop-cbd\/#primaryimage","url":"https:\/\/sweetdropcbd.com\/wp-content\/uploads\/2023\/10\/Dovanu-kuponas-Sweet-Drop-CBD.png","contentUrl":"https:\/\/sweetdropcbd.com\/wp-content\/uploads\/2023\/10\/Dovanu-kuponas-Sweet-Drop-CBD.png","width":1280,"height":1280},{"@type":"BreadcrumbList","@id":"https:\/\/sweetdropcbd.com\/lt\/produktas\/dovanu-kuponas-sweet-drop-cbd\/#breadcrumb","itemListElement":[{"@type":"ListItem","position":1,"name":"Prad\u017eia","item":"https:\/\/sweetdropcbd.com\/lt\/"},{"@type":"ListItem","position":2,"name":"M\u016bs\u0173 CBD parduotuv\u0117","item":"https:\/\/sweetdropcbd.com\/lt\/musu-cbd-parduotuve\/"},{"@type":"ListItem","position":3,"name":"Dovan\u0173 kortel\u0117 Sweet Drop CBD"}]},{"@type":"WebSite","@id":"https:\/\/sweetdropcbd.com\/lt\/#website","url":"https:\/\/sweetdropcbd.com\/lt\/","name":"Sweet Drop CBD","description":"Sweet Drop CBD","publisher":{"@id":"https:\/\/sweetdropcbd.com\/lt\/#organization"},"alternateName":"Sweet Drop CBD oil","potentialAction":[{"@type":"SearchAction","target":{"@type":"EntryPoint","urlTemplate":"https:\/\/sweetdropcbd.com\/lt\/?s={search_term_string}"},"query-input":{"@type":"PropertyValueSpecification","valueRequired":true,"valueName":"search_term_string"}}],"inLanguage":"lt-LT"},{"@type":["Organization","Place","HealthAndBeautyBusiness"],"@id":"https:\/\/sweetdropcbd.com\/lt\/#organization","name":"MB EBIGUS","alternateName":"Sweet Drop CBD","url":"https:\/\/sweetdropcbd.com\/lt\/","logo":{"@id":"https:\/\/sweetdropcbd.com\/lt\/produktas\/dovanu-kuponas-sweet-drop-cbd\/#local-main-organization-logo"},"image":{"@id":"https:\/\/sweetdropcbd.com\/lt\/produktas\/dovanu-kuponas-sweet-drop-cbd\/#local-main-organization-logo"},"sameAs":["https:\/\/www.facebook.com\/SweetDropCBD","https:\/\/www.instagram.com\/sweetdropcbd\/"],"publishingPrinciples":"https:\/\/sweetdropcbd.com\/terms-conditions\/","ownershipFundingInfo":"https:\/\/sweetdropcbd.com\/about-us\/","address":{"@id":"https:\/\/sweetdropcbd.com\/lt\/produktas\/dovanu-kuponas-sweet-drop-cbd\/#local-main-place-address"},"telephone":["+37068683090"],"openingHoursSpecification":{"@type":"OpeningHoursSpecification","dayOfWeek":["Monday","Tuesday","Wednesday","Thursday","Friday","Saturday","Sunday"],"opens":"00:00","closes":"23:59"},"email":"info@sweetdropcbd.com","areaServed":"EU"},{"@type":"PostalAddress","@id":"https:\/\/sweetdropcbd.com\/lt\/produktas\/dovanu-kuponas-sweet-drop-cbd\/#local-main-place-address","streetAddress":"Rusn\u0117s g. 31, \u0160aki\u0173 k., Kauno r. sav., Lietuva","addressLocality":"Kaunas","postalCode":"47412","addressCountry":"LT"},{"@type":"ImageObject","inLanguage":"lt-LT","@id":"https:\/\/sweetdropcbd.com\/lt\/produktas\/dovanu-kuponas-sweet-drop-cbd\/#local-main-organization-logo","url":"https:\/\/sweetdropcbd.com\/wp-content\/uploads\/2023\/10\/Saldus-lasas-logotipas_H-EN.png","contentUrl":"https:\/\/sweetdropcbd.com\/wp-content\/uploads\/2023\/10\/Saldus-lasas-logotipas_H-EN.png","width":206,"height":239,"caption":"MB EBIGUS"}]},"product_price_amount":"25.00","product_price_currency":"EUR","og_availability":"instock","product_availability":"instock","product_condition":"new","geo.placename":"Kaunas","geo.region":"Lietuva"},"_links":{"self":[{"href":"https:\/\/sweetdropcbd.com\/lt\/wp-json\/wp\/v2\/product\/1026","targetHints":{"allow":["GET"]}}],"collection":[{"href":"https:\/\/sweetdropcbd.com\/lt\/wp-json\/wp\/v2\/product"}],"about":[{"href":"https:\/\/sweetdropcbd.com\/lt\/wp-json\/wp\/v2\/types\/product"}],"replies":[{"embeddable":true,"href":"https:\/\/sweetdropcbd.com\/lt\/wp-json\/wp\/v2\/comments?post=1026"}],"wp:featuredmedia":[{"embeddable":true,"href":"https:\/\/sweetdropcbd.com\/lt\/wp-json\/wp\/v2\/media\/1211"}],"wp:attachment":[{"href":"https:\/\/sweetdropcbd.com\/lt\/wp-json\/wp\/v2\/media?parent=1026"}],"wp:term":[{"taxonomy":"product_brand","embeddable":true,"href":"https:\/\/sweetdropcbd.com\/lt\/wp-json\/wp\/v2\/product_brand?post=1026"},{"taxonomy":"product_cat","embeddable":true,"href":"https:\/\/sweetdropcbd.com\/lt\/wp-json\/wp\/v2\/product_cat?post=1026"},{"taxonomy":"product_tag","embeddable":true,"href":"https:\/\/sweetdropcbd.com\/lt\/wp-json\/wp\/v2\/product_tag?post=1026"}],"curies":[{"name":"wp","href":"https:\/\/api.w.org\/{rel}","templated":true}]}}