{"id":3042,"date":"2026-02-13T11:12:27","date_gmt":"2026-02-13T09:12:27","guid":{"rendered":"https:\/\/sweetdropcbd.com\/product\/sweet-drop-cbd-lupu-balzamas-su-60-mg-cbd-6-g\/"},"modified":"2026-04-10T13:34:17","modified_gmt":"2026-04-10T10:34:17","slug":"sweet-drop-cbd-lupu-balzamas-su-60-mg-cbd-6-g","status":"publish","type":"product","link":"https:\/\/sweetdropcbd.com\/lt\/produktas\/sweet-drop-cbd-lupu-balzamas-su-60-mg-cbd-6-g\/","title":{"rendered":"Sweet Drop CBD l\u016bp\u0173 balzamas su 60 mg CBD, 6 g"},"content":{"rendered":"<p><strong>Sweet Drop CBD l\u016bp\u0173 balzamas su CBD (60 mg \/ 6 g)<\/strong><\/p>\n<p><strong>\u0160velnus prisilietimas tavo <a href=\"https:\/\/sweetdropcbd.com\/lt\/produktas\/sweet-drop-cbd-namu-balanso-dezute-5-20-30-lupu-balzamas\/\">l\u016bpoms<\/a> \u2014 kasdienis dr\u0117kinimas, komfortas ir apsauga.<\/strong><\/p>\n<p>V\u0117jas, \u0161altas oras, patalp\u0173 \u0161ildymas ir net da\u017enas l\u016bp\u0173 lai\u017eymas gali greitai palikti <a href=\"https:\/\/sweetdropcbd.com\/lt\/produktas\/sweet-drop-cbd-namu-balanso-dezute-5-20-30-lupu-balzamas\/\">l\u016bpas<\/a> \u012ftemptas, sausas ir pleiskanojan\u010dias. <strong><a href=\"https:\/\/sweetdropcbd.com\/lt\/sweet-drop-cbd-aliejus-naudoti-kosmetikos-reikmems\/\">Sweet Drop<\/a> CBD l\u016bp\u0173 balzamas<\/strong> yra sodrus, kasdienis l\u016bp\u0173 kondicionierius, sukurtas pad\u0117ti i\u0161laikyti l\u016bpas <strong>mink\u0161tas, glotnias ir patogias<\/strong> \u2013 \u010dia <strong>CBD (kanabidiolis)<\/strong> susilieja su giliai maitinan\u010diais aliejais, sviestais ir bi\u010di\u0173 va\u0161ku, suteikdamas apsaugin\u012f, puosel\u0117jant\u012f poj\u016bt\u012f.<\/p>\n<p><strong>Kod\u0117l tau patiks<\/strong><\/p>\n<ul>\n<li><strong>Dr\u0117kina ir mink\u0161tina<\/strong>, kad l\u016bpos b\u016bt\u0173 glotnios ir komforti\u0161kos<\/li>\n<li><strong>Puosel\u0117ja l\u016bpas<\/strong> ir padeda pagerinti sausumo i\u0161vaizd\u0105 bei poj\u016bt\u012f<\/li>\n<li>Padeda palaikyti nat\u016bral\u0173 odos <strong>apsaugin\u012f barjer\u0105<\/strong><\/li>\n<li><strong>Ramina<\/strong> ir padeda suma\u017einti sausumo sukelt\u0105 dirginimo poj\u016bt\u012f<\/li>\n<li>Daugiafunkcinis: tinka ir <strong>ma\u017eoms sausoms vietoms<\/strong> (pvz., aplink nos\u012f <a href=\"https:\/\/sweetdropcbd.com\/lt\/cbd-makiazo-tendencija-mokslas-ir-nauda-uz-jos\/\">arba<\/a> sausiems ploteliams)<\/li>\n<\/ul>\n<p><strong>Pagrindin\u0117s savyb\u0117s<\/strong><\/p>\n<ul>\n<li><strong>CBD kiekis:<\/strong> 60 mg <a href=\"https:\/\/sweetdropcbd.com\/lt\/?attachment_id=1209#main\">CBD<\/a> 6 g<\/li>\n<li><strong>Nat\u016bralios kilm\u0117s ingredientai:<\/strong> 100%<\/li>\n<li>Sukurtas kasdieniam naudojimui bet kuriuo met\u0173 laiku, ypa\u010d <strong>\u0161altomis, v\u0117juotomis ar sausomis<\/strong> s\u0105lygomis<\/li>\n<\/ul>\n<p><strong>Kaip naudoti<\/strong><\/p>\n<ol>\n<li>U\u017etepk <strong>plon\u0105, tolyg\u0173 sluoksn\u012f<\/strong> ant l\u016bp\u0173.<\/li>\n<li>\u0160velniai paskirstyk, kad padengtum vis\u0105 l\u016bp\u0173 pavir\u0161i\u0173.<\/li>\n<li>Pakartotinai tepk pagal poreik\u012f vis\u0105 dien\u0105 \u2013 ypa\u010d prie\u0161 i\u0161einant \u012f lauk\u0105 arba kai l\u016bpos jau\u010diasi sausos.<\/li>\n<li>Geriausiems rezultatams pasiekti, naudok kasdien kaip \u012fprastos l\u016bp\u0173 prie\u017ei\u016bros rutinos dal\u012f.<\/li>\n<\/ol>\n<p><strong>Ingredientai (INCI)<\/strong><\/p>\n<p>Beeswax, Cannabis Sativa Seed Oil, Cocos Nucifera <a href=\"https:\/\/sweetdropcbd.com\/lt\/\">Oil<\/a>, Theobroma Cacao Seed Butter, Ricinus Communis Seed Oil, Simmondsia Chinensis Seed Oil, Hippophae Rhamnoides Fruit Extract, Litsea Cubeba Fruit Oil, Cannabidiol (derived from hemp tincture or resin extract), Tocopherol, *Limonene, *Linalool, *Citronellol, Citral, Geraniol.<br \/>\n*Nat\u016braliai randami eteriniuose aliejuose.<\/p>\n<p><strong>Laikymas<\/strong><\/p>\n<p>Laikyk <strong>v\u0117sioje, sausoje vietoje<\/strong>, atokiau nuo tiesiogini\u0173 saul\u0117s spinduli\u0173.<\/p>\n<p><strong>Kokyb\u0117 ir kilm\u0117<\/strong><\/p>\n<p>Pagaminta sertifikuotoje gamykloje, turin\u010dioje <strong>farmacijos <a href=\"https:\/\/sweetdropcbd.com\/lt\/gera-gamybos-praktika-kas-tai\/\">GMP<\/a><\/strong>, <strong>maisto (ISO 22000:2018)<\/strong> ir <strong>kosmetikos GMP (ISO 22716:2007)<\/strong> sertifikatus.<br \/>\n<strong>Pagaminta Europos S\u0105jungoje.<\/strong><\/p>\n<a href=\"https:\/\/sweetdropcbd.com\/lt\/nacionalinis-maisto-ir-veterinarijos-rizikos-vertinimo-institutas-nmvrvi-kodel-jo-tyrimai-svarbus-ir-kaip-sweet-drop-cbd-tikrina-kiekviena-serija\/\" class=\"button primary is-outline\" style=\"border-radius:99px;\">\n\t\t<span>Kiekviena Sweet Drop CBD serija tikrinama Nacionaliniame maisto ir veterinarijos rizikos vertinimo institute - skaitykite daugiau.<\/span>\n\t<\/a>\n\n","protected":false},"excerpt":{"rendered":"<p><strong>\u0160velnus prisilietimas l\u016bpoms<\/strong><\/p>\n<p>Prabangus kasdienis balzamas, sukurtas pad\u0117ti i\u0161laikyti l\u016bpas <strong data-start=\"106\" data-end=\"138\">mink\u0161tas, glotnias ir komforti\u0161kas<\/strong> \u2013 ypa\u010d v\u0117juotu, \u0161altu ar sausu oru. Pagamintas i\u0161 <strong data-start=\"186\" data-end=\"221\">100% nat\u016bralios kilm\u0117s ingredient\u0173<\/strong> ir <strong data-start=\"226\" data-end=\"239\">60 mg CBD<\/strong>, jis dr\u0117kina, mink\u0161tina ir puosel\u0117ja, palaikydamas nat\u016bral\u0173 odos apsaugin\u012f barjer\u0105. Taip pat tinka ma\u017eoms sausoms vietoms (pvz., aplink nos\u012f).<\/p>\n<p><strong>Kaip naudoti:<\/strong> U\u017etepk plon\u0105 sluoksn\u012f ant l\u016bp\u0173 ir pakartotinai tepk pagal poreik\u012f vis\u0105 dien\u0105.<\/p>\n","protected":false},"featured_media":3233,"comment_status":"closed","ping_status":"closed","template":"","meta":[],"product_brand":[667],"product_cat":[662,72],"product_tag":[521,523,522,524],"class_list":{"0":"post-3042","1":"product","2":"type-product","3":"status-publish","4":"has-post-thumbnail","6":"product_brand-sweet-drop-cbd","7":"product_cat-cbd-lupu-balzamas","8":"product_cat-visi-produktai","9":"product_tag-cbd","10":"product_tag-cbd-aliejus","11":"product_tag-cbd-kanapiu-aliejus","12":"product_tag-sweet-drop-cbd","14":"first","15":"instock","16":"sale","17":"taxable","18":"shipping-taxable","19":"purchasable","20":"product-type-simple"},"yoast_head":"<!-- This site is optimized with the Yoast SEO Premium plugin v27.4 (Yoast SEO v27.4) - https:\/\/yoast.com\/product\/yoast-seo-premium-wordpress\/ -->\n<title>Sweet Drop CBD l\u016bp\u0173 balzamas (60 mg) | Dr\u0117kinamoji l\u016bp\u0173 prie\u017ei\u016bra<\/title>\n<meta name=\"description\" content=\"Sweet Drop CBD l\u016bp\u0173 balzamas su 60 mg CBD (6 g). 100% nat\u016bralios kilm\u0117s ingredientai dr\u0117kina, mink\u0161tina ir puosel\u0117ja l\u016bpas, padeda apsaugoti nuo i\u0161saus\u0117jimo.\" \/>\n<meta name=\"robots\" content=\"index, follow, max-snippet:-1, max-image-preview:large, max-video-preview:-1\" \/>\n<link rel=\"canonical\" href=\"https:\/\/sweetdropcbd.com\/lt\/produktas\/sweet-drop-cbd-lupu-balzamas-su-60-mg-cbd-6-g\/\" \/>\n<meta property=\"og:locale\" content=\"lt_LT\" \/>\n<meta property=\"og:type\" content=\"article\" \/>\n<meta property=\"og:title\" content=\"Sweet Drop CBD l\u016bp\u0173 balzamas (60 mg) | Dr\u0117kinamoji l\u016bp\u0173 prie\u017ei\u016bra\" \/>\n<meta property=\"og:description\" content=\"Sweet Drop CBD l\u016bp\u0173 balzamas su 60 mg CBD (6 g). 100% nat\u016bralios kilm\u0117s ingredientai dr\u0117kina, mink\u0161tina ir puosel\u0117ja l\u016bpas, padeda apsaugoti nuo i\u0161saus\u0117jimo.\" \/>\n<meta property=\"og:url\" content=\"https:\/\/sweetdropcbd.com\/lt\/produktas\/sweet-drop-cbd-lupu-balzamas-su-60-mg-cbd-6-g\/\" \/>\n<meta property=\"og:site_name\" content=\"Sweet Drop CBD\" \/>\n<meta property=\"article:publisher\" content=\"https:\/\/www.facebook.com\/SweetDropCBD\" \/>\n<meta property=\"article:modified_time\" content=\"2026-04-10T10:34:17+00:00\" \/>\n<meta property=\"og:image\" content=\"https:\/\/sweetdropcbd.com\/wp-content\/uploads\/2026\/02\/Sweet-Drop-CBD-Lip-Balm-with-CBD-60mg-6g-scaled.jpg\" \/>\n\t<meta property=\"og:image:width\" content=\"2560\" \/>\n\t<meta property=\"og:image:height\" content=\"1707\" \/>\n\t<meta property=\"og:image:type\" content=\"image\/jpeg\" \/>\n<script type=\"application\/ld+json\" class=\"yoast-schema-graph\">{\"@context\":\"https:\\\/\\\/schema.org\",\"@graph\":[{\"@type\":\"WebPage\",\"@id\":\"https:\\\/\\\/sweetdropcbd.com\\\/lt\\\/produktas\\\/sweet-drop-cbd-lupu-balzamas-su-60-mg-cbd-6-g\\\/\",\"url\":\"https:\\\/\\\/sweetdropcbd.com\\\/lt\\\/produktas\\\/sweet-drop-cbd-lupu-balzamas-su-60-mg-cbd-6-g\\\/\",\"name\":\"Sweet Drop CBD l\u016bp\u0173 balzamas (60 mg) | Dr\u0117kinamoji l\u016bp\u0173 prie\u017ei\u016bra\",\"isPartOf\":{\"@id\":\"https:\\\/\\\/sweetdropcbd.com\\\/lt\\\/#website\"},\"primaryImageOfPage\":{\"@id\":\"https:\\\/\\\/sweetdropcbd.com\\\/lt\\\/produktas\\\/sweet-drop-cbd-lupu-balzamas-su-60-mg-cbd-6-g\\\/#primaryimage\"},\"image\":{\"@id\":\"https:\\\/\\\/sweetdropcbd.com\\\/lt\\\/produktas\\\/sweet-drop-cbd-lupu-balzamas-su-60-mg-cbd-6-g\\\/#primaryimage\"},\"thumbnailUrl\":\"https:\\\/\\\/sweetdropcbd.com\\\/wp-content\\\/uploads\\\/2026\\\/02\\\/Sweet-Drop-CBD-Lip-Balm-with-CBD-60mg-6g-scaled.jpg\",\"datePublished\":\"2026-02-13T09:12:27+00:00\",\"dateModified\":\"2026-04-10T10:34:17+00:00\",\"description\":\"Sweet Drop CBD l\u016bp\u0173 balzamas su 60 mg CBD (6 g). 100% nat\u016bralios kilm\u0117s ingredientai dr\u0117kina, mink\u0161tina ir puosel\u0117ja l\u016bpas, padeda apsaugoti nuo i\u0161saus\u0117jimo.\",\"breadcrumb\":{\"@id\":\"https:\\\/\\\/sweetdropcbd.com\\\/lt\\\/produktas\\\/sweet-drop-cbd-lupu-balzamas-su-60-mg-cbd-6-g\\\/#breadcrumb\"},\"inLanguage\":\"lt-LT\",\"potentialAction\":[{\"@type\":\"ReadAction\",\"target\":[\"https:\\\/\\\/sweetdropcbd.com\\\/lt\\\/produktas\\\/sweet-drop-cbd-lupu-balzamas-su-60-mg-cbd-6-g\\\/\"]}]},{\"@type\":\"ImageObject\",\"inLanguage\":\"lt-LT\",\"@id\":\"https:\\\/\\\/sweetdropcbd.com\\\/lt\\\/produktas\\\/sweet-drop-cbd-lupu-balzamas-su-60-mg-cbd-6-g\\\/#primaryimage\",\"url\":\"https:\\\/\\\/sweetdropcbd.com\\\/wp-content\\\/uploads\\\/2026\\\/02\\\/Sweet-Drop-CBD-Lip-Balm-with-CBD-60mg-6g-scaled.jpg\",\"contentUrl\":\"https:\\\/\\\/sweetdropcbd.com\\\/wp-content\\\/uploads\\\/2026\\\/02\\\/Sweet-Drop-CBD-Lip-Balm-with-CBD-60mg-6g-scaled.jpg\",\"width\":2560,\"height\":1707},{\"@type\":\"BreadcrumbList\",\"@id\":\"https:\\\/\\\/sweetdropcbd.com\\\/lt\\\/produktas\\\/sweet-drop-cbd-lupu-balzamas-su-60-mg-cbd-6-g\\\/#breadcrumb\",\"itemListElement\":[{\"@type\":\"ListItem\",\"position\":1,\"name\":\"Prad\u017eia\",\"item\":\"https:\\\/\\\/sweetdropcbd.com\\\/lt\\\/\"},{\"@type\":\"ListItem\",\"position\":2,\"name\":\"M\u016bs\u0173 CBD parduotuv\u0117\",\"item\":\"https:\\\/\\\/sweetdropcbd.com\\\/lt\\\/musu-cbd-parduotuve\\\/\"},{\"@type\":\"ListItem\",\"position\":3,\"name\":\"Sweet Drop CBD l\u016bp\u0173 balzamas su 60 mg CBD, 6 g\"}]},{\"@type\":\"WebSite\",\"@id\":\"https:\\\/\\\/sweetdropcbd.com\\\/lt\\\/#website\",\"url\":\"https:\\\/\\\/sweetdropcbd.com\\\/lt\\\/\",\"name\":\"Sweet Drop CBD\",\"description\":\"Sweet Drop CBD\",\"publisher\":{\"@id\":\"https:\\\/\\\/sweetdropcbd.com\\\/lt\\\/#organization\"},\"alternateName\":\"Sweet Drop CBD oil\",\"potentialAction\":[{\"@type\":\"SearchAction\",\"target\":{\"@type\":\"EntryPoint\",\"urlTemplate\":\"https:\\\/\\\/sweetdropcbd.com\\\/lt\\\/?s={search_term_string}\"},\"query-input\":{\"@type\":\"PropertyValueSpecification\",\"valueRequired\":true,\"valueName\":\"search_term_string\"}}],\"inLanguage\":\"lt-LT\"},{\"@type\":[\"Organization\",\"Place\",\"HealthAndBeautyBusiness\"],\"@id\":\"https:\\\/\\\/sweetdropcbd.com\\\/lt\\\/#organization\",\"name\":\"MB EBIGUS\",\"alternateName\":\"Sweet Drop CBD\",\"url\":\"https:\\\/\\\/sweetdropcbd.com\\\/lt\\\/\",\"logo\":{\"@id\":\"https:\\\/\\\/sweetdropcbd.com\\\/lt\\\/produktas\\\/sweet-drop-cbd-lupu-balzamas-su-60-mg-cbd-6-g\\\/#local-main-organization-logo\"},\"image\":{\"@id\":\"https:\\\/\\\/sweetdropcbd.com\\\/lt\\\/produktas\\\/sweet-drop-cbd-lupu-balzamas-su-60-mg-cbd-6-g\\\/#local-main-organization-logo\"},\"sameAs\":[\"https:\\\/\\\/www.facebook.com\\\/SweetDropCBD\",\"https:\\\/\\\/www.instagram.com\\\/sweetdropcbd\\\/\"],\"publishingPrinciples\":\"https:\\\/\\\/sweetdropcbd.com\\\/terms-conditions\\\/\",\"ownershipFundingInfo\":\"https:\\\/\\\/sweetdropcbd.com\\\/about-us\\\/\",\"address\":{\"@id\":\"https:\\\/\\\/sweetdropcbd.com\\\/lt\\\/produktas\\\/sweet-drop-cbd-lupu-balzamas-su-60-mg-cbd-6-g\\\/#local-main-place-address\"},\"telephone\":[\"+37068683090\"],\"openingHoursSpecification\":{\"@type\":\"OpeningHoursSpecification\",\"dayOfWeek\":[\"Monday\",\"Tuesday\",\"Wednesday\",\"Thursday\",\"Friday\",\"Saturday\",\"Sunday\"],\"opens\":\"00:00\",\"closes\":\"23:59\"},\"email\":\"info@sweetdropcbd.com\",\"areaServed\":\"EU\"},{\"@type\":\"PostalAddress\",\"@id\":\"https:\\\/\\\/sweetdropcbd.com\\\/lt\\\/produktas\\\/sweet-drop-cbd-lupu-balzamas-su-60-mg-cbd-6-g\\\/#local-main-place-address\",\"streetAddress\":\"Rusn\u0117s g. 31, \u0160aki\u0173 k., Kauno r. sav., Lietuva\",\"addressLocality\":\"Kaunas\",\"postalCode\":\"47412\",\"addressCountry\":\"LT\"},{\"@type\":\"ImageObject\",\"inLanguage\":\"lt-LT\",\"@id\":\"https:\\\/\\\/sweetdropcbd.com\\\/lt\\\/produktas\\\/sweet-drop-cbd-lupu-balzamas-su-60-mg-cbd-6-g\\\/#local-main-organization-logo\",\"url\":\"https:\\\/\\\/sweetdropcbd.com\\\/wp-content\\\/uploads\\\/2023\\\/10\\\/Saldus-lasas-logotipas_H-EN.png\",\"contentUrl\":\"https:\\\/\\\/sweetdropcbd.com\\\/wp-content\\\/uploads\\\/2023\\\/10\\\/Saldus-lasas-logotipas_H-EN.png\",\"width\":206,\"height\":239,\"caption\":\"MB EBIGUS\"}]}<\/script>\n<meta property=\"product:price:amount\" content=\"13.60\" \/>\n<meta property=\"product:price:currency\" content=\"EUR\" \/>\n<meta property=\"og:availability\" content=\"instock\" \/>\n<meta property=\"product:availability\" content=\"instock\" \/>\n<meta property=\"product:retailer_item_id\" content=\"4777000029657\" \/>\n<meta property=\"product:condition\" content=\"new\" \/>\n<meta name=\"geo.placename\" content=\"Kaunas\" \/>\n<meta name=\"geo.region\" content=\"Lietuva\" \/>\n<!-- \/ Yoast SEO Premium plugin. -->","yoast_head_json":{"title":"Sweet Drop CBD l\u016bp\u0173 balzamas (60 mg) | Dr\u0117kinamoji l\u016bp\u0173 prie\u017ei\u016bra","description":"Sweet Drop CBD l\u016bp\u0173 balzamas su 60 mg CBD (6 g). 100% nat\u016bralios kilm\u0117s ingredientai dr\u0117kina, mink\u0161tina ir puosel\u0117ja l\u016bpas, padeda apsaugoti nuo i\u0161saus\u0117jimo.","robots":{"index":"index","follow":"follow","max-snippet":"max-snippet:-1","max-image-preview":"max-image-preview:large","max-video-preview":"max-video-preview:-1"},"canonical":"https:\/\/sweetdropcbd.com\/lt\/produktas\/sweet-drop-cbd-lupu-balzamas-su-60-mg-cbd-6-g\/","og_locale":"lt_LT","og_type":"article","og_title":"Sweet Drop CBD l\u016bp\u0173 balzamas (60 mg) | Dr\u0117kinamoji l\u016bp\u0173 prie\u017ei\u016bra","og_description":"Sweet Drop CBD l\u016bp\u0173 balzamas su 60 mg CBD (6 g). 100% nat\u016bralios kilm\u0117s ingredientai dr\u0117kina, mink\u0161tina ir puosel\u0117ja l\u016bpas, padeda apsaugoti nuo i\u0161saus\u0117jimo.","og_url":"https:\/\/sweetdropcbd.com\/lt\/produktas\/sweet-drop-cbd-lupu-balzamas-su-60-mg-cbd-6-g\/","og_site_name":"Sweet Drop CBD","article_publisher":"https:\/\/www.facebook.com\/SweetDropCBD","article_modified_time":"2026-04-10T10:34:17+00:00","og_image":[{"width":2560,"height":1707,"url":"https:\/\/sweetdropcbd.com\/wp-content\/uploads\/2026\/02\/Sweet-Drop-CBD-Lip-Balm-with-CBD-60mg-6g-scaled.jpg","type":"image\/jpeg"}],"schema":{"@context":"https:\/\/schema.org","@graph":[{"@type":"WebPage","@id":"https:\/\/sweetdropcbd.com\/lt\/produktas\/sweet-drop-cbd-lupu-balzamas-su-60-mg-cbd-6-g\/","url":"https:\/\/sweetdropcbd.com\/lt\/produktas\/sweet-drop-cbd-lupu-balzamas-su-60-mg-cbd-6-g\/","name":"Sweet Drop CBD l\u016bp\u0173 balzamas (60 mg) | Dr\u0117kinamoji l\u016bp\u0173 prie\u017ei\u016bra","isPartOf":{"@id":"https:\/\/sweetdropcbd.com\/lt\/#website"},"primaryImageOfPage":{"@id":"https:\/\/sweetdropcbd.com\/lt\/produktas\/sweet-drop-cbd-lupu-balzamas-su-60-mg-cbd-6-g\/#primaryimage"},"image":{"@id":"https:\/\/sweetdropcbd.com\/lt\/produktas\/sweet-drop-cbd-lupu-balzamas-su-60-mg-cbd-6-g\/#primaryimage"},"thumbnailUrl":"https:\/\/sweetdropcbd.com\/wp-content\/uploads\/2026\/02\/Sweet-Drop-CBD-Lip-Balm-with-CBD-60mg-6g-scaled.jpg","datePublished":"2026-02-13T09:12:27+00:00","dateModified":"2026-04-10T10:34:17+00:00","description":"Sweet Drop CBD l\u016bp\u0173 balzamas su 60 mg CBD (6 g). 100% nat\u016bralios kilm\u0117s ingredientai dr\u0117kina, mink\u0161tina ir puosel\u0117ja l\u016bpas, padeda apsaugoti nuo i\u0161saus\u0117jimo.","breadcrumb":{"@id":"https:\/\/sweetdropcbd.com\/lt\/produktas\/sweet-drop-cbd-lupu-balzamas-su-60-mg-cbd-6-g\/#breadcrumb"},"inLanguage":"lt-LT","potentialAction":[{"@type":"ReadAction","target":["https:\/\/sweetdropcbd.com\/lt\/produktas\/sweet-drop-cbd-lupu-balzamas-su-60-mg-cbd-6-g\/"]}]},{"@type":"ImageObject","inLanguage":"lt-LT","@id":"https:\/\/sweetdropcbd.com\/lt\/produktas\/sweet-drop-cbd-lupu-balzamas-su-60-mg-cbd-6-g\/#primaryimage","url":"https:\/\/sweetdropcbd.com\/wp-content\/uploads\/2026\/02\/Sweet-Drop-CBD-Lip-Balm-with-CBD-60mg-6g-scaled.jpg","contentUrl":"https:\/\/sweetdropcbd.com\/wp-content\/uploads\/2026\/02\/Sweet-Drop-CBD-Lip-Balm-with-CBD-60mg-6g-scaled.jpg","width":2560,"height":1707},{"@type":"BreadcrumbList","@id":"https:\/\/sweetdropcbd.com\/lt\/produktas\/sweet-drop-cbd-lupu-balzamas-su-60-mg-cbd-6-g\/#breadcrumb","itemListElement":[{"@type":"ListItem","position":1,"name":"Prad\u017eia","item":"https:\/\/sweetdropcbd.com\/lt\/"},{"@type":"ListItem","position":2,"name":"M\u016bs\u0173 CBD parduotuv\u0117","item":"https:\/\/sweetdropcbd.com\/lt\/musu-cbd-parduotuve\/"},{"@type":"ListItem","position":3,"name":"Sweet Drop CBD l\u016bp\u0173 balzamas su 60 mg CBD, 6 g"}]},{"@type":"WebSite","@id":"https:\/\/sweetdropcbd.com\/lt\/#website","url":"https:\/\/sweetdropcbd.com\/lt\/","name":"Sweet Drop CBD","description":"Sweet Drop CBD","publisher":{"@id":"https:\/\/sweetdropcbd.com\/lt\/#organization"},"alternateName":"Sweet Drop CBD oil","potentialAction":[{"@type":"SearchAction","target":{"@type":"EntryPoint","urlTemplate":"https:\/\/sweetdropcbd.com\/lt\/?s={search_term_string}"},"query-input":{"@type":"PropertyValueSpecification","valueRequired":true,"valueName":"search_term_string"}}],"inLanguage":"lt-LT"},{"@type":["Organization","Place","HealthAndBeautyBusiness"],"@id":"https:\/\/sweetdropcbd.com\/lt\/#organization","name":"MB EBIGUS","alternateName":"Sweet Drop CBD","url":"https:\/\/sweetdropcbd.com\/lt\/","logo":{"@id":"https:\/\/sweetdropcbd.com\/lt\/produktas\/sweet-drop-cbd-lupu-balzamas-su-60-mg-cbd-6-g\/#local-main-organization-logo"},"image":{"@id":"https:\/\/sweetdropcbd.com\/lt\/produktas\/sweet-drop-cbd-lupu-balzamas-su-60-mg-cbd-6-g\/#local-main-organization-logo"},"sameAs":["https:\/\/www.facebook.com\/SweetDropCBD","https:\/\/www.instagram.com\/sweetdropcbd\/"],"publishingPrinciples":"https:\/\/sweetdropcbd.com\/terms-conditions\/","ownershipFundingInfo":"https:\/\/sweetdropcbd.com\/about-us\/","address":{"@id":"https:\/\/sweetdropcbd.com\/lt\/produktas\/sweet-drop-cbd-lupu-balzamas-su-60-mg-cbd-6-g\/#local-main-place-address"},"telephone":["+37068683090"],"openingHoursSpecification":{"@type":"OpeningHoursSpecification","dayOfWeek":["Monday","Tuesday","Wednesday","Thursday","Friday","Saturday","Sunday"],"opens":"00:00","closes":"23:59"},"email":"info@sweetdropcbd.com","areaServed":"EU"},{"@type":"PostalAddress","@id":"https:\/\/sweetdropcbd.com\/lt\/produktas\/sweet-drop-cbd-lupu-balzamas-su-60-mg-cbd-6-g\/#local-main-place-address","streetAddress":"Rusn\u0117s g. 31, \u0160aki\u0173 k., Kauno r. sav., Lietuva","addressLocality":"Kaunas","postalCode":"47412","addressCountry":"LT"},{"@type":"ImageObject","inLanguage":"lt-LT","@id":"https:\/\/sweetdropcbd.com\/lt\/produktas\/sweet-drop-cbd-lupu-balzamas-su-60-mg-cbd-6-g\/#local-main-organization-logo","url":"https:\/\/sweetdropcbd.com\/wp-content\/uploads\/2023\/10\/Saldus-lasas-logotipas_H-EN.png","contentUrl":"https:\/\/sweetdropcbd.com\/wp-content\/uploads\/2023\/10\/Saldus-lasas-logotipas_H-EN.png","width":206,"height":239,"caption":"MB EBIGUS"}]},"product_price_amount":"13.60","product_price_currency":"EUR","og_availability":"instock","product_availability":"instock","product_retailer_item_id":"4777000029657","product_condition":"new","geo.placename":"Kaunas","geo.region":"Lietuva"},"_links":{"self":[{"href":"https:\/\/sweetdropcbd.com\/lt\/wp-json\/wp\/v2\/product\/3042","targetHints":{"allow":["GET"]}}],"collection":[{"href":"https:\/\/sweetdropcbd.com\/lt\/wp-json\/wp\/v2\/product"}],"about":[{"href":"https:\/\/sweetdropcbd.com\/lt\/wp-json\/wp\/v2\/types\/product"}],"replies":[{"embeddable":true,"href":"https:\/\/sweetdropcbd.com\/lt\/wp-json\/wp\/v2\/comments?post=3042"}],"wp:featuredmedia":[{"embeddable":true,"href":"https:\/\/sweetdropcbd.com\/lt\/wp-json\/wp\/v2\/media\/3233"}],"wp:attachment":[{"href":"https:\/\/sweetdropcbd.com\/lt\/wp-json\/wp\/v2\/media?parent=3042"}],"wp:term":[{"taxonomy":"product_brand","embeddable":true,"href":"https:\/\/sweetdropcbd.com\/lt\/wp-json\/wp\/v2\/product_brand?post=3042"},{"taxonomy":"product_cat","embeddable":true,"href":"https:\/\/sweetdropcbd.com\/lt\/wp-json\/wp\/v2\/product_cat?post=3042"},{"taxonomy":"product_tag","embeddable":true,"href":"https:\/\/sweetdropcbd.com\/lt\/wp-json\/wp\/v2\/product_tag?post=3042"}],"curies":[{"name":"wp","href":"https:\/\/api.w.org\/{rel}","templated":true}]}}