{"id":3226,"date":"2026-02-19T17:40:51","date_gmt":"2026-02-19T15:40:51","guid":{"rendered":"https:\/\/sweetdropcbd.com\/product\/sweet-drop-cbd-power-trio-rinkinys-30-15-lupu-balzamas\/"},"modified":"2026-02-27T18:35:50","modified_gmt":"2026-02-27T16:35:50","slug":"sweet-drop-cbd-power-trio-rinkinys-30-15-lupu-balzamas","status":"publish","type":"product","link":"https:\/\/sweetdropcbd.com\/lt\/produktas\/sweet-drop-cbd-power-trio-rinkinys-30-15-lupu-balzamas\/","title":{"rendered":"Sweet Drop CBD \u201ePower Trio\u201c rinkinys: 30% + 15% + l\u016bp\u0173 balzamas"},"content":{"rendered":"<p data-path-to-node=\"11\">\u201ePower Trio\u201c \u2013 tai rinkinys, skirtas tiems, kurie jau susipa\u017ein\u0119 su <a href=\"https:\/\/sweetdropcbd.com\/lt\/\">CBD<\/a> rutina ir nori lankstumo renkantis skirtingus stiprumus. 30% <a href=\"https:\/\/sweetdropcbd.com\/lt\/produktas\/sweet-drop-5-cbd-aliejus-500-mg-10-ml\/\">koncentracija<\/a> puikiai tinka, kai reikia intensyvesnio varianto, o 15% idealiai tinka kasdieniam naudojimui. Rinkin\u012f u\u017ebaigia <a href=\"https:\/\/sweetdropcbd.com\/lt\/produktas\/sweet-drop-10-cbd-aliejus-1000-mg-10-ml\/\">CBD<\/a> l\u016bp\u0173 balzamas, u\u017etikrinantis, kad tavo l\u016bp\u0173 prie\u017ei\u016bra visada b\u016bt\u0173 po ranka.  <\/p>\n<p data-path-to-node=\"12\"><b data-path-to-node=\"12\" data-index-in-node=\"0\">Rinkinyje:<\/b><\/p>\n<ul data-path-to-node=\"13\">\n<li>\n<p data-path-to-node=\"13,0,0\"><a href=\"https:\/\/sweetdropcbd.com\/lt\/produktas\/sweet-drop-30-cbd-aliejus-3000-mg-10-ml\/\">Sweet Drop CBD kanapi\u0173 aliejus 30% (3000 mg) \u2013 nat\u016bralus, 10 ml<\/a><\/p>\n<\/li>\n<li><a href=\"https:\/\/sweetdropcbd.com\/lt\/produktas\/sweet-drop-15-cbd-aliejus-1500-mg-10-ml\/\">Sweet Drop CBD kanapi\u0173 aliejus 15% (1500 mg) \u2013 nat\u016bralus, 10 ml<\/a><\/li>\n<\/ul>\n<ul data-path-to-node=\"13\">\n<li>\n<p data-path-to-node=\"13,2,0\"><a href=\"https:\/\/sweetdropcbd.com\/lt\/produktas\/sweet-drop-cbd-lupu-balzamas-su-60-mg-cbd-6-g\/\">Sweet Drop CBD l\u016bp\u0173 balzamas su CBD (60 mg \/ 6 g)<\/a><\/p>\n<\/li>\n<\/ul>\n<p>Spustel\u0117k ant kiekvieno, kad su\u017einotum <a href=\"https:\/\/sweetdropcbd.com\/lt\/produktas\/sweet-drop-cbd-namu-balanso-dezute-5-20-30-lupu-balzamas\/\">daugiau<\/a><\/p>\n","protected":false},"excerpt":{"rendered":"<p class=\"product-title product_title entry-title\"><strong><span style=\"font-size: 120%;\">\u201ePower Trio\u201c rinkinys:<\/span><\/strong><\/p>\n<ul>\n<li>\n<p data-path-to-node=\"10,0,0\">2 CBD aliejai (30% ir 15%) + CBD l\u016bp\u0173 balzamas<\/p>\n<\/li>\n<li>\n<p data-path-to-node=\"10,1,0\">Lengva pritaikyti skirtingoms kasdien\u0117ms situacijoms<\/p>\n<\/li>\n<li>\n<p data-path-to-node=\"10,2,0\">Puiki dovan\u0173 id\u0117ja patyrusiems vartotojams<\/p>\n<\/li>\n<\/ul>\n","protected":false},"featured_media":3237,"comment_status":"closed","ping_status":"closed","template":"","meta":[],"product_brand":[667],"product_cat":[671,72],"product_tag":[521,523,522,524],"class_list":{"0":"post-3226","1":"product","2":"type-product","3":"status-publish","4":"has-post-thumbnail","6":"product_brand-sweet-drop-cbd","7":"product_cat-cbd-rinkiniai","8":"product_cat-visi-produktai","9":"product_tag-cbd","10":"product_tag-cbd-aliejus","11":"product_tag-cbd-kanapiu-aliejus","12":"product_tag-sweet-drop-cbd","14":"first","15":"instock","16":"sale","17":"taxable","18":"shipping-taxable","19":"purchasable","20":"product-type-simple"},"yoast_head":"<!-- This site is optimized with the Yoast SEO Premium plugin v27.3 (Yoast SEO v27.3) - https:\/\/yoast.com\/product\/yoast-seo-premium-wordpress\/ -->\n<title>CBD aliejaus rinkinys 30% + 15% + l\u016bp\u0173 balzamas | Sweet Drop CBD<\/title>\n<meta name=\"description\" content=\"Pa\u017eangus CBD rinkinys: 30% ir 15% CBD aliejai + CBD l\u016bp\u0173 balzamas. Puikiai tinka derinant skirtingas kasdien\u0117s rutinos situacijas ir laikant l\u016bp\u0173 prie\u017ei\u016br\u0105 visada po ranka.\" \/>\n<meta name=\"robots\" content=\"index, follow, max-snippet:-1, max-image-preview:large, max-video-preview:-1\" \/>\n<link rel=\"canonical\" href=\"https:\/\/sweetdropcbd.com\/lt\/produktas\/sweet-drop-cbd-power-trio-rinkinys-30-15-lupu-balzamas\/\" \/>\n<meta property=\"og:locale\" content=\"lt_LT\" \/>\n<meta property=\"og:type\" content=\"article\" \/>\n<meta property=\"og:title\" content=\"Power Trio: 30% + 15% CBD aliejai + l\u016bp\u0173 balzamas\" \/>\n<meta property=\"og:description\" content=\"Du skirtingi CBD aliej\u0173 stiprumai viename rinkinyje ir kasdien\u0117 l\u016bp\u0173 prie\u017ei\u016bra. Maksimali lankstumas tavo rutin\u0105.\" \/>\n<meta property=\"og:url\" content=\"https:\/\/sweetdropcbd.com\/lt\/produktas\/sweet-drop-cbd-power-trio-rinkinys-30-15-lupu-balzamas\/\" \/>\n<meta property=\"og:site_name\" content=\"Sweet Drop CBD\" \/>\n<meta property=\"article:publisher\" content=\"https:\/\/www.facebook.com\/SweetDropCBD\" \/>\n<meta property=\"article:modified_time\" content=\"2026-02-27T16:35:50+00:00\" \/>\n<meta property=\"og:image\" content=\"https:\/\/sweetdropcbd.com\/wp-content\/uploads\/2026\/02\/Sweet-Drop-CBD-Power-Trio-Set-30-15-Lip-Balm-scaled.jpg\" \/>\n\t<meta property=\"og:image:width\" content=\"2560\" \/>\n\t<meta property=\"og:image:height\" content=\"1708\" \/>\n\t<meta property=\"og:image:type\" content=\"image\/jpeg\" \/>\n<script type=\"application\/ld+json\" class=\"yoast-schema-graph\">{\"@context\":\"https:\\\/\\\/schema.org\",\"@graph\":[{\"@type\":\"WebPage\",\"@id\":\"https:\\\/\\\/sweetdropcbd.com\\\/lt\\\/produktas\\\/sweet-drop-cbd-power-trio-rinkinys-30-15-lupu-balzamas\\\/\",\"url\":\"https:\\\/\\\/sweetdropcbd.com\\\/lt\\\/produktas\\\/sweet-drop-cbd-power-trio-rinkinys-30-15-lupu-balzamas\\\/\",\"name\":\"CBD aliejaus rinkinys 30% + 15% + l\u016bp\u0173 balzamas | Sweet Drop CBD\",\"isPartOf\":{\"@id\":\"https:\\\/\\\/sweetdropcbd.com\\\/lt\\\/#website\"},\"primaryImageOfPage\":{\"@id\":\"https:\\\/\\\/sweetdropcbd.com\\\/lt\\\/produktas\\\/sweet-drop-cbd-power-trio-rinkinys-30-15-lupu-balzamas\\\/#primaryimage\"},\"image\":{\"@id\":\"https:\\\/\\\/sweetdropcbd.com\\\/lt\\\/produktas\\\/sweet-drop-cbd-power-trio-rinkinys-30-15-lupu-balzamas\\\/#primaryimage\"},\"thumbnailUrl\":\"https:\\\/\\\/sweetdropcbd.com\\\/wp-content\\\/uploads\\\/2026\\\/02\\\/Sweet-Drop-CBD-Power-Trio-Set-30-15-Lip-Balm-scaled.jpg\",\"datePublished\":\"2026-02-19T15:40:51+00:00\",\"dateModified\":\"2026-02-27T16:35:50+00:00\",\"description\":\"Pa\u017eangus CBD rinkinys: 30% ir 15% CBD aliejai + CBD l\u016bp\u0173 balzamas. Puikiai tinka derinant skirtingas kasdien\u0117s rutinos situacijas ir laikant l\u016bp\u0173 prie\u017ei\u016br\u0105 visada po ranka.\",\"breadcrumb\":{\"@id\":\"https:\\\/\\\/sweetdropcbd.com\\\/lt\\\/produktas\\\/sweet-drop-cbd-power-trio-rinkinys-30-15-lupu-balzamas\\\/#breadcrumb\"},\"inLanguage\":\"lt-LT\",\"potentialAction\":[{\"@type\":\"ReadAction\",\"target\":[\"https:\\\/\\\/sweetdropcbd.com\\\/lt\\\/produktas\\\/sweet-drop-cbd-power-trio-rinkinys-30-15-lupu-balzamas\\\/\"]}]},{\"@type\":\"ImageObject\",\"inLanguage\":\"lt-LT\",\"@id\":\"https:\\\/\\\/sweetdropcbd.com\\\/lt\\\/produktas\\\/sweet-drop-cbd-power-trio-rinkinys-30-15-lupu-balzamas\\\/#primaryimage\",\"url\":\"https:\\\/\\\/sweetdropcbd.com\\\/wp-content\\\/uploads\\\/2026\\\/02\\\/Sweet-Drop-CBD-Power-Trio-Set-30-15-Lip-Balm-scaled.jpg\",\"contentUrl\":\"https:\\\/\\\/sweetdropcbd.com\\\/wp-content\\\/uploads\\\/2026\\\/02\\\/Sweet-Drop-CBD-Power-Trio-Set-30-15-Lip-Balm-scaled.jpg\",\"width\":2560,\"height\":1708},{\"@type\":\"BreadcrumbList\",\"@id\":\"https:\\\/\\\/sweetdropcbd.com\\\/lt\\\/produktas\\\/sweet-drop-cbd-power-trio-rinkinys-30-15-lupu-balzamas\\\/#breadcrumb\",\"itemListElement\":[{\"@type\":\"ListItem\",\"position\":1,\"name\":\"Prad\u017eia\",\"item\":\"https:\\\/\\\/sweetdropcbd.com\\\/lt\\\/\"},{\"@type\":\"ListItem\",\"position\":2,\"name\":\"M\u016bs\u0173 CBD parduotuv\u0117\",\"item\":\"https:\\\/\\\/sweetdropcbd.com\\\/lt\\\/musu-cbd-parduotuve\\\/\"},{\"@type\":\"ListItem\",\"position\":3,\"name\":\"Sweet Drop CBD \u201ePower Trio\u201c rinkinys: 30% + 15% + l\u016bp\u0173 balzamas\"}]},{\"@type\":\"WebSite\",\"@id\":\"https:\\\/\\\/sweetdropcbd.com\\\/lt\\\/#website\",\"url\":\"https:\\\/\\\/sweetdropcbd.com\\\/lt\\\/\",\"name\":\"Sweet Drop CBD\",\"description\":\"Sweet Drop CBD\",\"publisher\":{\"@id\":\"https:\\\/\\\/sweetdropcbd.com\\\/lt\\\/#organization\"},\"alternateName\":\"Sweet Drop CBD oil\",\"potentialAction\":[{\"@type\":\"SearchAction\",\"target\":{\"@type\":\"EntryPoint\",\"urlTemplate\":\"https:\\\/\\\/sweetdropcbd.com\\\/lt\\\/?s={search_term_string}\"},\"query-input\":{\"@type\":\"PropertyValueSpecification\",\"valueRequired\":true,\"valueName\":\"search_term_string\"}}],\"inLanguage\":\"lt-LT\"},{\"@type\":[\"Organization\",\"Place\",\"HealthAndBeautyBusiness\"],\"@id\":\"https:\\\/\\\/sweetdropcbd.com\\\/lt\\\/#organization\",\"name\":\"MB EBIGUS\",\"alternateName\":\"Sweet Drop CBD\",\"url\":\"https:\\\/\\\/sweetdropcbd.com\\\/lt\\\/\",\"logo\":{\"@id\":\"https:\\\/\\\/sweetdropcbd.com\\\/lt\\\/produktas\\\/sweet-drop-cbd-power-trio-rinkinys-30-15-lupu-balzamas\\\/#local-main-organization-logo\"},\"image\":{\"@id\":\"https:\\\/\\\/sweetdropcbd.com\\\/lt\\\/produktas\\\/sweet-drop-cbd-power-trio-rinkinys-30-15-lupu-balzamas\\\/#local-main-organization-logo\"},\"sameAs\":[\"https:\\\/\\\/www.facebook.com\\\/SweetDropCBD\",\"https:\\\/\\\/www.instagram.com\\\/sweetdropcbd\\\/\"],\"publishingPrinciples\":\"https:\\\/\\\/sweetdropcbd.com\\\/terms-conditions\\\/\",\"ownershipFundingInfo\":\"https:\\\/\\\/sweetdropcbd.com\\\/about-us\\\/\",\"address\":{\"@id\":\"https:\\\/\\\/sweetdropcbd.com\\\/lt\\\/produktas\\\/sweet-drop-cbd-power-trio-rinkinys-30-15-lupu-balzamas\\\/#local-main-place-address\"},\"telephone\":[\"+37068683090\"],\"openingHoursSpecification\":{\"@type\":\"OpeningHoursSpecification\",\"dayOfWeek\":[\"Monday\",\"Tuesday\",\"Wednesday\",\"Thursday\",\"Friday\",\"Saturday\",\"Sunday\"],\"opens\":\"00:00\",\"closes\":\"23:59\"},\"email\":\"info@sweetdropcbd.com\",\"areaServed\":\"EU\"},{\"@type\":\"PostalAddress\",\"@id\":\"https:\\\/\\\/sweetdropcbd.com\\\/lt\\\/produktas\\\/sweet-drop-cbd-power-trio-rinkinys-30-15-lupu-balzamas\\\/#local-main-place-address\",\"streetAddress\":\"Rusn\u0117s g. 31, \u0160aki\u0173 k., Kauno r. sav., Lietuva\",\"addressLocality\":\"Kaunas\",\"postalCode\":\"47412\",\"addressCountry\":\"LT\"},{\"@type\":\"ImageObject\",\"inLanguage\":\"lt-LT\",\"@id\":\"https:\\\/\\\/sweetdropcbd.com\\\/lt\\\/produktas\\\/sweet-drop-cbd-power-trio-rinkinys-30-15-lupu-balzamas\\\/#local-main-organization-logo\",\"url\":\"https:\\\/\\\/sweetdropcbd.com\\\/wp-content\\\/uploads\\\/2023\\\/10\\\/Saldus-lasas-logotipas_H-EN.png\",\"contentUrl\":\"https:\\\/\\\/sweetdropcbd.com\\\/wp-content\\\/uploads\\\/2023\\\/10\\\/Saldus-lasas-logotipas_H-EN.png\",\"width\":206,\"height\":239,\"caption\":\"MB EBIGUS\"}]}<\/script>\n<meta property=\"product:price:amount\" content=\"105.75\" \/>\n<meta property=\"product:price:currency\" content=\"EUR\" \/>\n<meta property=\"og:availability\" content=\"instock\" \/>\n<meta property=\"product:availability\" content=\"instock\" \/>\n<meta property=\"product:condition\" content=\"new\" \/>\n<meta name=\"geo.placename\" content=\"Kaunas\" \/>\n<meta name=\"geo.region\" content=\"Lietuva\" \/>\n<!-- \/ Yoast SEO Premium plugin. -->","yoast_head_json":{"title":"CBD aliejaus rinkinys 30% + 15% + l\u016bp\u0173 balzamas | Sweet Drop CBD","description":"Pa\u017eangus CBD rinkinys: 30% ir 15% CBD aliejai + CBD l\u016bp\u0173 balzamas. Puikiai tinka derinant skirtingas kasdien\u0117s rutinos situacijas ir laikant l\u016bp\u0173 prie\u017ei\u016br\u0105 visada po ranka.","robots":{"index":"index","follow":"follow","max-snippet":"max-snippet:-1","max-image-preview":"max-image-preview:large","max-video-preview":"max-video-preview:-1"},"canonical":"https:\/\/sweetdropcbd.com\/lt\/produktas\/sweet-drop-cbd-power-trio-rinkinys-30-15-lupu-balzamas\/","og_locale":"lt_LT","og_type":"article","og_title":"Power Trio: 30% + 15% CBD aliejai + l\u016bp\u0173 balzamas","og_description":"Du skirtingi CBD aliej\u0173 stiprumai viename rinkinyje ir kasdien\u0117 l\u016bp\u0173 prie\u017ei\u016bra. Maksimali lankstumas tavo rutin\u0105.","og_url":"https:\/\/sweetdropcbd.com\/lt\/produktas\/sweet-drop-cbd-power-trio-rinkinys-30-15-lupu-balzamas\/","og_site_name":"Sweet Drop CBD","article_publisher":"https:\/\/www.facebook.com\/SweetDropCBD","article_modified_time":"2026-02-27T16:35:50+00:00","og_image":[{"width":2560,"height":1708,"url":"https:\/\/sweetdropcbd.com\/wp-content\/uploads\/2026\/02\/Sweet-Drop-CBD-Power-Trio-Set-30-15-Lip-Balm-scaled.jpg","type":"image\/jpeg"}],"schema":{"@context":"https:\/\/schema.org","@graph":[{"@type":"WebPage","@id":"https:\/\/sweetdropcbd.com\/lt\/produktas\/sweet-drop-cbd-power-trio-rinkinys-30-15-lupu-balzamas\/","url":"https:\/\/sweetdropcbd.com\/lt\/produktas\/sweet-drop-cbd-power-trio-rinkinys-30-15-lupu-balzamas\/","name":"CBD aliejaus rinkinys 30% + 15% + l\u016bp\u0173 balzamas | Sweet Drop CBD","isPartOf":{"@id":"https:\/\/sweetdropcbd.com\/lt\/#website"},"primaryImageOfPage":{"@id":"https:\/\/sweetdropcbd.com\/lt\/produktas\/sweet-drop-cbd-power-trio-rinkinys-30-15-lupu-balzamas\/#primaryimage"},"image":{"@id":"https:\/\/sweetdropcbd.com\/lt\/produktas\/sweet-drop-cbd-power-trio-rinkinys-30-15-lupu-balzamas\/#primaryimage"},"thumbnailUrl":"https:\/\/sweetdropcbd.com\/wp-content\/uploads\/2026\/02\/Sweet-Drop-CBD-Power-Trio-Set-30-15-Lip-Balm-scaled.jpg","datePublished":"2026-02-19T15:40:51+00:00","dateModified":"2026-02-27T16:35:50+00:00","description":"Pa\u017eangus CBD rinkinys: 30% ir 15% CBD aliejai + CBD l\u016bp\u0173 balzamas. Puikiai tinka derinant skirtingas kasdien\u0117s rutinos situacijas ir laikant l\u016bp\u0173 prie\u017ei\u016br\u0105 visada po ranka.","breadcrumb":{"@id":"https:\/\/sweetdropcbd.com\/lt\/produktas\/sweet-drop-cbd-power-trio-rinkinys-30-15-lupu-balzamas\/#breadcrumb"},"inLanguage":"lt-LT","potentialAction":[{"@type":"ReadAction","target":["https:\/\/sweetdropcbd.com\/lt\/produktas\/sweet-drop-cbd-power-trio-rinkinys-30-15-lupu-balzamas\/"]}]},{"@type":"ImageObject","inLanguage":"lt-LT","@id":"https:\/\/sweetdropcbd.com\/lt\/produktas\/sweet-drop-cbd-power-trio-rinkinys-30-15-lupu-balzamas\/#primaryimage","url":"https:\/\/sweetdropcbd.com\/wp-content\/uploads\/2026\/02\/Sweet-Drop-CBD-Power-Trio-Set-30-15-Lip-Balm-scaled.jpg","contentUrl":"https:\/\/sweetdropcbd.com\/wp-content\/uploads\/2026\/02\/Sweet-Drop-CBD-Power-Trio-Set-30-15-Lip-Balm-scaled.jpg","width":2560,"height":1708},{"@type":"BreadcrumbList","@id":"https:\/\/sweetdropcbd.com\/lt\/produktas\/sweet-drop-cbd-power-trio-rinkinys-30-15-lupu-balzamas\/#breadcrumb","itemListElement":[{"@type":"ListItem","position":1,"name":"Prad\u017eia","item":"https:\/\/sweetdropcbd.com\/lt\/"},{"@type":"ListItem","position":2,"name":"M\u016bs\u0173 CBD parduotuv\u0117","item":"https:\/\/sweetdropcbd.com\/lt\/musu-cbd-parduotuve\/"},{"@type":"ListItem","position":3,"name":"Sweet Drop CBD \u201ePower Trio\u201c rinkinys: 30% + 15% + l\u016bp\u0173 balzamas"}]},{"@type":"WebSite","@id":"https:\/\/sweetdropcbd.com\/lt\/#website","url":"https:\/\/sweetdropcbd.com\/lt\/","name":"Sweet Drop CBD","description":"Sweet Drop CBD","publisher":{"@id":"https:\/\/sweetdropcbd.com\/lt\/#organization"},"alternateName":"Sweet Drop CBD oil","potentialAction":[{"@type":"SearchAction","target":{"@type":"EntryPoint","urlTemplate":"https:\/\/sweetdropcbd.com\/lt\/?s={search_term_string}"},"query-input":{"@type":"PropertyValueSpecification","valueRequired":true,"valueName":"search_term_string"}}],"inLanguage":"lt-LT"},{"@type":["Organization","Place","HealthAndBeautyBusiness"],"@id":"https:\/\/sweetdropcbd.com\/lt\/#organization","name":"MB EBIGUS","alternateName":"Sweet Drop CBD","url":"https:\/\/sweetdropcbd.com\/lt\/","logo":{"@id":"https:\/\/sweetdropcbd.com\/lt\/produktas\/sweet-drop-cbd-power-trio-rinkinys-30-15-lupu-balzamas\/#local-main-organization-logo"},"image":{"@id":"https:\/\/sweetdropcbd.com\/lt\/produktas\/sweet-drop-cbd-power-trio-rinkinys-30-15-lupu-balzamas\/#local-main-organization-logo"},"sameAs":["https:\/\/www.facebook.com\/SweetDropCBD","https:\/\/www.instagram.com\/sweetdropcbd\/"],"publishingPrinciples":"https:\/\/sweetdropcbd.com\/terms-conditions\/","ownershipFundingInfo":"https:\/\/sweetdropcbd.com\/about-us\/","address":{"@id":"https:\/\/sweetdropcbd.com\/lt\/produktas\/sweet-drop-cbd-power-trio-rinkinys-30-15-lupu-balzamas\/#local-main-place-address"},"telephone":["+37068683090"],"openingHoursSpecification":{"@type":"OpeningHoursSpecification","dayOfWeek":["Monday","Tuesday","Wednesday","Thursday","Friday","Saturday","Sunday"],"opens":"00:00","closes":"23:59"},"email":"info@sweetdropcbd.com","areaServed":"EU"},{"@type":"PostalAddress","@id":"https:\/\/sweetdropcbd.com\/lt\/produktas\/sweet-drop-cbd-power-trio-rinkinys-30-15-lupu-balzamas\/#local-main-place-address","streetAddress":"Rusn\u0117s g. 31, \u0160aki\u0173 k., Kauno r. sav., Lietuva","addressLocality":"Kaunas","postalCode":"47412","addressCountry":"LT"},{"@type":"ImageObject","inLanguage":"lt-LT","@id":"https:\/\/sweetdropcbd.com\/lt\/produktas\/sweet-drop-cbd-power-trio-rinkinys-30-15-lupu-balzamas\/#local-main-organization-logo","url":"https:\/\/sweetdropcbd.com\/wp-content\/uploads\/2023\/10\/Saldus-lasas-logotipas_H-EN.png","contentUrl":"https:\/\/sweetdropcbd.com\/wp-content\/uploads\/2023\/10\/Saldus-lasas-logotipas_H-EN.png","width":206,"height":239,"caption":"MB EBIGUS"}]},"product_price_amount":"105.75","product_price_currency":"EUR","og_availability":"instock","product_availability":"instock","product_condition":"new","geo.placename":"Kaunas","geo.region":"Lietuva"},"_links":{"self":[{"href":"https:\/\/sweetdropcbd.com\/lt\/wp-json\/wp\/v2\/product\/3226","targetHints":{"allow":["GET"]}}],"collection":[{"href":"https:\/\/sweetdropcbd.com\/lt\/wp-json\/wp\/v2\/product"}],"about":[{"href":"https:\/\/sweetdropcbd.com\/lt\/wp-json\/wp\/v2\/types\/product"}],"replies":[{"embeddable":true,"href":"https:\/\/sweetdropcbd.com\/lt\/wp-json\/wp\/v2\/comments?post=3226"}],"wp:featuredmedia":[{"embeddable":true,"href":"https:\/\/sweetdropcbd.com\/lt\/wp-json\/wp\/v2\/media\/3237"}],"wp:attachment":[{"href":"https:\/\/sweetdropcbd.com\/lt\/wp-json\/wp\/v2\/media?parent=3226"}],"wp:term":[{"taxonomy":"product_brand","embeddable":true,"href":"https:\/\/sweetdropcbd.com\/lt\/wp-json\/wp\/v2\/product_brand?post=3226"},{"taxonomy":"product_cat","embeddable":true,"href":"https:\/\/sweetdropcbd.com\/lt\/wp-json\/wp\/v2\/product_cat?post=3226"},{"taxonomy":"product_tag","embeddable":true,"href":"https:\/\/sweetdropcbd.com\/lt\/wp-json\/wp\/v2\/product_tag?post=3226"}],"curies":[{"name":"wp","href":"https:\/\/api.w.org\/{rel}","templated":true}]}}