{"id":3271,"date":"2026-02-19T19:46:08","date_gmt":"2026-02-19T17:46:08","guid":{"rendered":"https:\/\/sweetdropcbd.com\/product\/sweet-drop-cbd-lupu-ir-rutinos-rinkinys-10-2-lupu-balzamai\/"},"modified":"2026-02-19T21:43:13","modified_gmt":"2026-02-19T19:43:13","slug":"sweet-drop-cbd-lupu-ir-rutinos-rinkinys-10-2-lupu-balzamai","status":"publish","type":"product","link":"https:\/\/sweetdropcbd.com\/lt\/produktas\/sweet-drop-cbd-lupu-ir-rutinos-rinkinys-10-2-lupu-balzamai\/","title":{"rendered":"Sweet Drop CBD \u201eL\u016bp\u0173 ir rutinos\u201c rinkinys: 10% + 2 l\u016bp\u0173 balzamai"},"content":{"rendered":"<p>Atrask subalansuot\u0105 kasdien\u0117s prie\u017ei\u016bros duet\u0105 \u2013 <strong>\u201eL\u016bp\u0173 ir rutinos\u201c rinkin\u012f<\/strong>, kuriame dera 10% CBD aliejus ir net 2\u00d7 CBD l\u016bp\u0173 balzamas. Tai kruop\u0161\u010diai suderinta kombinacija tavo odos komfortui, dr\u0117kinimui ir apsaugai \u2013 nuo veido ar k\u016bno odos iki jautri\u0173, i\u0161saus\u0117jusi\u0173 l\u016bp\u0173.<\/p>\n<h2>Kas sudaro L\u016bp\u0173 ir rutinos rinkin\u012f?<\/h2>\n<h3>10% CBD aliejus (1000 mg \/ 10 ml)<\/h3>\n<p><strong>\u201eL\u016bp\u0173 ir rutinos rinkinys\u201c<\/strong> ne\u012fsivaizduojamas be kokybi\u0161ko, kasdienei prie\u017ei\u016brai skirto CBD aliejaus. \u0160is 10% stiprumo aliejus (1000 mg CBD) sukurtas siekiant u\u017etikrinti odos komfort\u0105, dr\u0117kinim\u0105 ir subalansuot\u0105 prie\u017ei\u016br\u0105 kiekvien\u0105 dien\u0105.<\/p>\n<p>Pagamintas i\u0161 auk\u0161\u010diausios kokyb\u0117s CBD izoliato ir ekologi\u0161k\u0173 i\u0161luk\u0161tent\u0173 kanapi\u0173 s\u0117kl\u0173 aliejaus, jis praturtintas nat\u016braliais fitokanabinoidais, terpenais bei nepakei\u010diamomis riebal\u0173 r\u016bg\u0161timis.<\/p>\n<h4>Pagrindin\u0117s savyb\u0117s<\/h4>\n<ul>\n<li>1000 mg gryno CBD (10% stiprumo)<\/li>\n<li>Apie 200 la\u0161\u0173 buteliuke (~5 mg CBD viename la\u0161e)<\/li>\n<li>Be THC \u2013 saugus i\u0161oriniam naudojimui<\/li>\n<li>Tinka vis\u0173 tip\u0173 odai<\/li>\n<li>Tinka vegetarams ir veganams<\/li>\n<li>Pagaminta ES sertifikuotoje gamykloje<\/li>\n<\/ul>\n<h4>Ingredientai<\/h4>\n<p>Ekologi\u0161k\u0173 i\u0161luk\u0161tent\u0173 kanapi\u0173 s\u0117kl\u0173 aliejus (Cannabis sativa seed oil), kanabidiolis (1000 mg CBD), beta-kariofilenas (Beta-caryophyllene), kvapiosios med\u017eiagos (Parfum), linalolis (Linalool), mircenas (Myrcene), pinenas (Pinene).<\/p>\n<h4>Laikymas ir \u012fsp\u0117jimai<\/h4>\n<p>Laikyti tamsioje, v\u0117sioje, vaikams nepasiekiamoje vietoje.<\/p>\n<p>Jei \u0161iuo metu vartojate vaistus ar esate n\u0117\u0161\u010dia, prie\u0161 naudojim\u0105 b\u016btina pasitarti su gydytoju.<\/p>\n<h3>CBD l\u016bp\u0173 balzamas (60 mg \/ 6 g)<\/h3>\n<p><strong>\u201eL\u016bp\u0173 ir rutinos rinkinys\u201c<\/strong> taip pat apima kasdien\u0119 l\u016bp\u0173 apsaug\u0105 ir komfort\u0105. \u0160is CBD l\u016bp\u0173 balzamas su 60 mg CBD sukurtas tam, kad pad\u0117t\u0173 i\u0161laikyti l\u016bpas mink\u0161tas, sudr\u0117kintas ir apsaugotas bet kuriuo met\u0173 laiku.<\/p>\n<p>Sodri formul\u0117 su bi\u010di\u0173 va\u0161ku, kakavos sviestu ir maitinan\u010diais augaliniais aliejais palaiko nat\u016bral\u0173 odos apsaugin\u012f barjer\u0105 bei padeda suma\u017einti sausumo sukelt\u0105 diskomforto poj\u016bt\u012f. Tinka ne tik l\u016bpoms, bet ir ma\u017eoms sausoms vietoms (pvz., aplink nos\u012f).<\/p>\n<h4>Kod\u0117l verta rinktis?<\/h4>\n<ul>\n<li>60 mg CBD \/ 6 g<\/li>\n<li>100% nat\u016bralios kilm\u0117s ingredientai<\/li>\n<li>Dr\u0117kina ir mink\u0161tina<\/li>\n<li>Padeda palaikyti odos apsaugin\u012f barjer\u0105<\/li>\n<li>Tinka naudoti kasdien, visais met\u0173 laikais<\/li>\n<li>Pagaminta ES sertifikuotoje gamykloje<\/li>\n<\/ul>\n<h4>Ingredientai (INCI)<\/h4>\n<p>Beeswax, Cannabis Sativa Seed Oil, Cocos Nucifera Oil, Theobroma Cacao Seed Butter, Ricinus Communis Seed Oil, Simmondsia Chinensis Seed Oil, Hippophae Rhamnoides Fruit Extract, Litsea Cubeba Fruit Oil, Cannabidiol (derived from hemp tincture or resin extract), Tocopherol, *Limonene, *Linalool, *Citronellol, Citral, Geraniol.<br \/>\n<em>*Nat\u016braliai randami eteriniuose aliejuose.<\/em><\/p>\n<h4>Laikymas<\/h4>\n<p>Laikyti v\u0117sioje, sausoje vietoje, atokiau nuo tiesiogini\u0173 saul\u0117s spinduli\u0173.<\/p>\n<h2>Kokyb\u0117 ir kilm\u0117<\/h2>\n<p>Pagaminta sertifikuotoje gamykloje, turin\u010dioje farmacijos GMP, maisto (ISO 22000:2018) ir kosmetikos GMP (ISO 22716:2007) sertifikatus.<\/p>\n<p>Pagaminta Europos S\u0105jungoje.<\/p>\n","protected":false},"excerpt":{"rendered":"<p><strong><span style=\"font-size: 120%;\">\u201eL\u016bp\u0173 ir rutinos\u201c rinkinys: <\/span><\/strong><\/p>\n<ul>\n<li>\n<p data-path-to-node=\"62,0,0\">10% CBD aliejus + 2\u00d7 CBD l\u016bp\u0173 balzamas<\/p>\n<\/li>\n<\/ul>\n<p>\u0160is rinkinis sukurtas tiems, kurie vertina kokyb\u0119 ir nuosekl\u0173 r\u016bpest\u012f savimi. Optimalios koncentracijos CBD aliejus pasir\u016bpins tavo odos ramybe bei dr\u0117gme, o du nat\u016bral\u016bs l\u016bp\u0173 balzamai u\u017etikrins, kad apsauga b\u016bt\u0173 visada po ranka.<\/p>\n","protected":false},"featured_media":3270,"comment_status":"closed","ping_status":"closed","template":"","meta":[],"product_brand":[667],"product_cat":[662,671,72],"product_tag":[521,523,522,524],"class_list":{"0":"post-3271","1":"product","2":"type-product","3":"status-publish","4":"has-post-thumbnail","6":"product_brand-sweet-drop-cbd","7":"product_cat-cbd-lupu-balzamas","8":"product_cat-cbd-rinkiniai","9":"product_cat-visi-produktai","10":"product_tag-cbd","11":"product_tag-cbd-aliejus","12":"product_tag-cbd-kanapiu-aliejus","13":"product_tag-sweet-drop-cbd","15":"first","16":"instock","17":"sale","18":"taxable","19":"shipping-taxable","20":"purchasable","21":"product-type-simple"},"yoast_head":"<!-- This site is optimized with the Yoast SEO Premium plugin v27.3 (Yoast SEO v27.3) - https:\/\/yoast.com\/product\/yoast-seo-premium-wordpress\/ -->\n<title>CBD rinkinys: 10% aliejus + 2 l\u016bp\u0173 balzamai | Sweet Drop CBD<\/title>\n<meta name=\"description\" content=\"L\u016bp\u0173 ir rutinos rinkinys su 10% CBD aliejumi ir 2\u00d7 CBD l\u016bp\u0173 balzamu. Kasdienei odos ir l\u016bp\u0173 dr\u0117gmei, komfortui bei apsaugai.\" \/>\n<meta name=\"robots\" content=\"index, follow, max-snippet:-1, max-image-preview:large, max-video-preview:-1\" \/>\n<link rel=\"canonical\" href=\"https:\/\/sweetdropcbd.com\/lt\/produktas\/sweet-drop-cbd-lupu-ir-rutinos-rinkinys-10-2-lupu-balzamai\/\" \/>\n<meta property=\"og:locale\" content=\"lt_LT\" \/>\n<meta property=\"og:type\" content=\"article\" \/>\n<meta property=\"og:title\" content=\"10% CBD + 2 l\u016bp\u0173 balzamai: kasdieniam patogumui\" \/>\n<meta property=\"og:description\" content=\"Prakti\u0161kas rinkinys: 10% CBD aliejus ir 2 CBD l\u016bp\u0173 balzamai (vienas namams, kitas krep\u0161iui). Kasdien\u0117 rutina ir l\u016bp\u0173 prie\u017ei\u016bra viename pakete.\" \/>\n<meta property=\"og:url\" content=\"https:\/\/sweetdropcbd.com\/lt\/produktas\/sweet-drop-cbd-lupu-ir-rutinos-rinkinys-10-2-lupu-balzamai\/\" \/>\n<meta property=\"og:site_name\" content=\"Sweet Drop CBD\" \/>\n<meta property=\"article:publisher\" content=\"https:\/\/www.facebook.com\/SweetDropCBD\" \/>\n<meta property=\"article:modified_time\" content=\"2026-02-19T19:43:13+00:00\" \/>\n<meta property=\"og:image\" content=\"https:\/\/sweetdropcbd.com\/wp-content\/uploads\/2026\/02\/Sweet-Drop-CBD-Lips-Routine-Set-10-2-Lip-Balms-scaled.jpg\" \/>\n\t<meta property=\"og:image:width\" content=\"2560\" \/>\n\t<meta property=\"og:image:height\" content=\"1708\" \/>\n\t<meta property=\"og:image:type\" content=\"image\/jpeg\" \/>\n<script type=\"application\/ld+json\" class=\"yoast-schema-graph\">{\"@context\":\"https:\\\/\\\/schema.org\",\"@graph\":[{\"@type\":\"WebPage\",\"@id\":\"https:\\\/\\\/sweetdropcbd.com\\\/lt\\\/produktas\\\/sweet-drop-cbd-lupu-ir-rutinos-rinkinys-10-2-lupu-balzamai\\\/\",\"url\":\"https:\\\/\\\/sweetdropcbd.com\\\/lt\\\/produktas\\\/sweet-drop-cbd-lupu-ir-rutinos-rinkinys-10-2-lupu-balzamai\\\/\",\"name\":\"CBD rinkinys: 10% aliejus + 2 l\u016bp\u0173 balzamai | Sweet Drop CBD\",\"isPartOf\":{\"@id\":\"https:\\\/\\\/sweetdropcbd.com\\\/lt\\\/#website\"},\"primaryImageOfPage\":{\"@id\":\"https:\\\/\\\/sweetdropcbd.com\\\/lt\\\/produktas\\\/sweet-drop-cbd-lupu-ir-rutinos-rinkinys-10-2-lupu-balzamai\\\/#primaryimage\"},\"image\":{\"@id\":\"https:\\\/\\\/sweetdropcbd.com\\\/lt\\\/produktas\\\/sweet-drop-cbd-lupu-ir-rutinos-rinkinys-10-2-lupu-balzamai\\\/#primaryimage\"},\"thumbnailUrl\":\"https:\\\/\\\/sweetdropcbd.com\\\/wp-content\\\/uploads\\\/2026\\\/02\\\/Sweet-Drop-CBD-Lips-Routine-Set-10-2-Lip-Balms-scaled.jpg\",\"datePublished\":\"2026-02-19T17:46:08+00:00\",\"dateModified\":\"2026-02-19T19:43:13+00:00\",\"description\":\"L\u016bp\u0173 ir rutinos rinkinys su 10% CBD aliejumi ir 2\u00d7 CBD l\u016bp\u0173 balzamu. Kasdienei odos ir l\u016bp\u0173 dr\u0117gmei, komfortui bei apsaugai.\",\"breadcrumb\":{\"@id\":\"https:\\\/\\\/sweetdropcbd.com\\\/lt\\\/produktas\\\/sweet-drop-cbd-lupu-ir-rutinos-rinkinys-10-2-lupu-balzamai\\\/#breadcrumb\"},\"inLanguage\":\"lt-LT\",\"potentialAction\":[{\"@type\":\"ReadAction\",\"target\":[\"https:\\\/\\\/sweetdropcbd.com\\\/lt\\\/produktas\\\/sweet-drop-cbd-lupu-ir-rutinos-rinkinys-10-2-lupu-balzamai\\\/\"]}]},{\"@type\":\"ImageObject\",\"inLanguage\":\"lt-LT\",\"@id\":\"https:\\\/\\\/sweetdropcbd.com\\\/lt\\\/produktas\\\/sweet-drop-cbd-lupu-ir-rutinos-rinkinys-10-2-lupu-balzamai\\\/#primaryimage\",\"url\":\"https:\\\/\\\/sweetdropcbd.com\\\/wp-content\\\/uploads\\\/2026\\\/02\\\/Sweet-Drop-CBD-Lips-Routine-Set-10-2-Lip-Balms-scaled.jpg\",\"contentUrl\":\"https:\\\/\\\/sweetdropcbd.com\\\/wp-content\\\/uploads\\\/2026\\\/02\\\/Sweet-Drop-CBD-Lips-Routine-Set-10-2-Lip-Balms-scaled.jpg\",\"width\":2560,\"height\":1708,\"caption\":\"Sweet Drop CBD L\u016bpos ir rutina rinkinys, kur\u012f sudaro 10% CBD aliejus ir du l\u016bp\u0173 balzamai.\"},{\"@type\":\"BreadcrumbList\",\"@id\":\"https:\\\/\\\/sweetdropcbd.com\\\/lt\\\/produktas\\\/sweet-drop-cbd-lupu-ir-rutinos-rinkinys-10-2-lupu-balzamai\\\/#breadcrumb\",\"itemListElement\":[{\"@type\":\"ListItem\",\"position\":1,\"name\":\"Prad\u017eia\",\"item\":\"https:\\\/\\\/sweetdropcbd.com\\\/lt\\\/\"},{\"@type\":\"ListItem\",\"position\":2,\"name\":\"M\u016bs\u0173 CBD parduotuv\u0117\",\"item\":\"https:\\\/\\\/sweetdropcbd.com\\\/lt\\\/musu-cbd-parduotuve\\\/\"},{\"@type\":\"ListItem\",\"position\":3,\"name\":\"Sweet Drop CBD \u201eL\u016bp\u0173 ir rutinos\u201c rinkinys: 10% + 2 l\u016bp\u0173 balzamai\"}]},{\"@type\":\"WebSite\",\"@id\":\"https:\\\/\\\/sweetdropcbd.com\\\/lt\\\/#website\",\"url\":\"https:\\\/\\\/sweetdropcbd.com\\\/lt\\\/\",\"name\":\"Sweet Drop CBD\",\"description\":\"Sweet Drop CBD\",\"publisher\":{\"@id\":\"https:\\\/\\\/sweetdropcbd.com\\\/lt\\\/#organization\"},\"alternateName\":\"Sweet Drop CBD oil\",\"potentialAction\":[{\"@type\":\"SearchAction\",\"target\":{\"@type\":\"EntryPoint\",\"urlTemplate\":\"https:\\\/\\\/sweetdropcbd.com\\\/lt\\\/?s={search_term_string}\"},\"query-input\":{\"@type\":\"PropertyValueSpecification\",\"valueRequired\":true,\"valueName\":\"search_term_string\"}}],\"inLanguage\":\"lt-LT\"},{\"@type\":[\"Organization\",\"Place\",\"HealthAndBeautyBusiness\"],\"@id\":\"https:\\\/\\\/sweetdropcbd.com\\\/lt\\\/#organization\",\"name\":\"MB EBIGUS\",\"alternateName\":\"Sweet Drop CBD\",\"url\":\"https:\\\/\\\/sweetdropcbd.com\\\/lt\\\/\",\"logo\":{\"@id\":\"https:\\\/\\\/sweetdropcbd.com\\\/lt\\\/produktas\\\/sweet-drop-cbd-lupu-ir-rutinos-rinkinys-10-2-lupu-balzamai\\\/#local-main-organization-logo\"},\"image\":{\"@id\":\"https:\\\/\\\/sweetdropcbd.com\\\/lt\\\/produktas\\\/sweet-drop-cbd-lupu-ir-rutinos-rinkinys-10-2-lupu-balzamai\\\/#local-main-organization-logo\"},\"sameAs\":[\"https:\\\/\\\/www.facebook.com\\\/SweetDropCBD\",\"https:\\\/\\\/www.instagram.com\\\/sweetdropcbd\\\/\"],\"publishingPrinciples\":\"https:\\\/\\\/sweetdropcbd.com\\\/terms-conditions\\\/\",\"ownershipFundingInfo\":\"https:\\\/\\\/sweetdropcbd.com\\\/about-us\\\/\",\"address\":{\"@id\":\"https:\\\/\\\/sweetdropcbd.com\\\/lt\\\/produktas\\\/sweet-drop-cbd-lupu-ir-rutinos-rinkinys-10-2-lupu-balzamai\\\/#local-main-place-address\"},\"telephone\":[\"+37068683090\"],\"openingHoursSpecification\":{\"@type\":\"OpeningHoursSpecification\",\"dayOfWeek\":[\"Monday\",\"Tuesday\",\"Wednesday\",\"Thursday\",\"Friday\",\"Saturday\",\"Sunday\"],\"opens\":\"00:00\",\"closes\":\"23:59\"},\"email\":\"info@sweetdropcbd.com\",\"areaServed\":\"EU\"},{\"@type\":\"PostalAddress\",\"@id\":\"https:\\\/\\\/sweetdropcbd.com\\\/lt\\\/produktas\\\/sweet-drop-cbd-lupu-ir-rutinos-rinkinys-10-2-lupu-balzamai\\\/#local-main-place-address\",\"streetAddress\":\"Rusn\u0117s g. 31, \u0160aki\u0173 k., Kauno r. sav., Lietuva\",\"addressLocality\":\"Kaunas\",\"postalCode\":\"47412\",\"addressCountry\":\"LT\"},{\"@type\":\"ImageObject\",\"inLanguage\":\"lt-LT\",\"@id\":\"https:\\\/\\\/sweetdropcbd.com\\\/lt\\\/produktas\\\/sweet-drop-cbd-lupu-ir-rutinos-rinkinys-10-2-lupu-balzamai\\\/#local-main-organization-logo\",\"url\":\"https:\\\/\\\/sweetdropcbd.com\\\/wp-content\\\/uploads\\\/2023\\\/10\\\/Saldus-lasas-logotipas_H-EN.png\",\"contentUrl\":\"https:\\\/\\\/sweetdropcbd.com\\\/wp-content\\\/uploads\\\/2023\\\/10\\\/Saldus-lasas-logotipas_H-EN.png\",\"width\":206,\"height\":239,\"caption\":\"MB EBIGUS\"}]}<\/script>\n<meta property=\"product:price:amount\" content=\"53.25\" \/>\n<meta property=\"product:price:currency\" content=\"EUR\" \/>\n<meta property=\"og:availability\" content=\"instock\" \/>\n<meta property=\"product:availability\" content=\"instock\" \/>\n<meta property=\"product:condition\" content=\"new\" \/>\n<meta name=\"geo.placename\" content=\"Kaunas\" \/>\n<meta name=\"geo.region\" content=\"Lietuva\" \/>\n<!-- \/ Yoast SEO Premium plugin. -->","yoast_head_json":{"title":"CBD rinkinys: 10% aliejus + 2 l\u016bp\u0173 balzamai | Sweet Drop CBD","description":"L\u016bp\u0173 ir rutinos rinkinys su 10% CBD aliejumi ir 2\u00d7 CBD l\u016bp\u0173 balzamu. Kasdienei odos ir l\u016bp\u0173 dr\u0117gmei, komfortui bei apsaugai.","robots":{"index":"index","follow":"follow","max-snippet":"max-snippet:-1","max-image-preview":"max-image-preview:large","max-video-preview":"max-video-preview:-1"},"canonical":"https:\/\/sweetdropcbd.com\/lt\/produktas\/sweet-drop-cbd-lupu-ir-rutinos-rinkinys-10-2-lupu-balzamai\/","og_locale":"lt_LT","og_type":"article","og_title":"10% CBD + 2 l\u016bp\u0173 balzamai: kasdieniam patogumui","og_description":"Prakti\u0161kas rinkinys: 10% CBD aliejus ir 2 CBD l\u016bp\u0173 balzamai (vienas namams, kitas krep\u0161iui). Kasdien\u0117 rutina ir l\u016bp\u0173 prie\u017ei\u016bra viename pakete.","og_url":"https:\/\/sweetdropcbd.com\/lt\/produktas\/sweet-drop-cbd-lupu-ir-rutinos-rinkinys-10-2-lupu-balzamai\/","og_site_name":"Sweet Drop CBD","article_publisher":"https:\/\/www.facebook.com\/SweetDropCBD","article_modified_time":"2026-02-19T19:43:13+00:00","og_image":[{"width":2560,"height":1708,"url":"https:\/\/sweetdropcbd.com\/wp-content\/uploads\/2026\/02\/Sweet-Drop-CBD-Lips-Routine-Set-10-2-Lip-Balms-scaled.jpg","type":"image\/jpeg"}],"schema":{"@context":"https:\/\/schema.org","@graph":[{"@type":"WebPage","@id":"https:\/\/sweetdropcbd.com\/lt\/produktas\/sweet-drop-cbd-lupu-ir-rutinos-rinkinys-10-2-lupu-balzamai\/","url":"https:\/\/sweetdropcbd.com\/lt\/produktas\/sweet-drop-cbd-lupu-ir-rutinos-rinkinys-10-2-lupu-balzamai\/","name":"CBD rinkinys: 10% aliejus + 2 l\u016bp\u0173 balzamai | Sweet Drop CBD","isPartOf":{"@id":"https:\/\/sweetdropcbd.com\/lt\/#website"},"primaryImageOfPage":{"@id":"https:\/\/sweetdropcbd.com\/lt\/produktas\/sweet-drop-cbd-lupu-ir-rutinos-rinkinys-10-2-lupu-balzamai\/#primaryimage"},"image":{"@id":"https:\/\/sweetdropcbd.com\/lt\/produktas\/sweet-drop-cbd-lupu-ir-rutinos-rinkinys-10-2-lupu-balzamai\/#primaryimage"},"thumbnailUrl":"https:\/\/sweetdropcbd.com\/wp-content\/uploads\/2026\/02\/Sweet-Drop-CBD-Lips-Routine-Set-10-2-Lip-Balms-scaled.jpg","datePublished":"2026-02-19T17:46:08+00:00","dateModified":"2026-02-19T19:43:13+00:00","description":"L\u016bp\u0173 ir rutinos rinkinys su 10% CBD aliejumi ir 2\u00d7 CBD l\u016bp\u0173 balzamu. Kasdienei odos ir l\u016bp\u0173 dr\u0117gmei, komfortui bei apsaugai.","breadcrumb":{"@id":"https:\/\/sweetdropcbd.com\/lt\/produktas\/sweet-drop-cbd-lupu-ir-rutinos-rinkinys-10-2-lupu-balzamai\/#breadcrumb"},"inLanguage":"lt-LT","potentialAction":[{"@type":"ReadAction","target":["https:\/\/sweetdropcbd.com\/lt\/produktas\/sweet-drop-cbd-lupu-ir-rutinos-rinkinys-10-2-lupu-balzamai\/"]}]},{"@type":"ImageObject","inLanguage":"lt-LT","@id":"https:\/\/sweetdropcbd.com\/lt\/produktas\/sweet-drop-cbd-lupu-ir-rutinos-rinkinys-10-2-lupu-balzamai\/#primaryimage","url":"https:\/\/sweetdropcbd.com\/wp-content\/uploads\/2026\/02\/Sweet-Drop-CBD-Lips-Routine-Set-10-2-Lip-Balms-scaled.jpg","contentUrl":"https:\/\/sweetdropcbd.com\/wp-content\/uploads\/2026\/02\/Sweet-Drop-CBD-Lips-Routine-Set-10-2-Lip-Balms-scaled.jpg","width":2560,"height":1708,"caption":"Sweet Drop CBD L\u016bpos ir rutina rinkinys, kur\u012f sudaro 10% CBD aliejus ir du l\u016bp\u0173 balzamai."},{"@type":"BreadcrumbList","@id":"https:\/\/sweetdropcbd.com\/lt\/produktas\/sweet-drop-cbd-lupu-ir-rutinos-rinkinys-10-2-lupu-balzamai\/#breadcrumb","itemListElement":[{"@type":"ListItem","position":1,"name":"Prad\u017eia","item":"https:\/\/sweetdropcbd.com\/lt\/"},{"@type":"ListItem","position":2,"name":"M\u016bs\u0173 CBD parduotuv\u0117","item":"https:\/\/sweetdropcbd.com\/lt\/musu-cbd-parduotuve\/"},{"@type":"ListItem","position":3,"name":"Sweet Drop CBD \u201eL\u016bp\u0173 ir rutinos\u201c rinkinys: 10% + 2 l\u016bp\u0173 balzamai"}]},{"@type":"WebSite","@id":"https:\/\/sweetdropcbd.com\/lt\/#website","url":"https:\/\/sweetdropcbd.com\/lt\/","name":"Sweet Drop CBD","description":"Sweet Drop CBD","publisher":{"@id":"https:\/\/sweetdropcbd.com\/lt\/#organization"},"alternateName":"Sweet Drop CBD oil","potentialAction":[{"@type":"SearchAction","target":{"@type":"EntryPoint","urlTemplate":"https:\/\/sweetdropcbd.com\/lt\/?s={search_term_string}"},"query-input":{"@type":"PropertyValueSpecification","valueRequired":true,"valueName":"search_term_string"}}],"inLanguage":"lt-LT"},{"@type":["Organization","Place","HealthAndBeautyBusiness"],"@id":"https:\/\/sweetdropcbd.com\/lt\/#organization","name":"MB EBIGUS","alternateName":"Sweet Drop CBD","url":"https:\/\/sweetdropcbd.com\/lt\/","logo":{"@id":"https:\/\/sweetdropcbd.com\/lt\/produktas\/sweet-drop-cbd-lupu-ir-rutinos-rinkinys-10-2-lupu-balzamai\/#local-main-organization-logo"},"image":{"@id":"https:\/\/sweetdropcbd.com\/lt\/produktas\/sweet-drop-cbd-lupu-ir-rutinos-rinkinys-10-2-lupu-balzamai\/#local-main-organization-logo"},"sameAs":["https:\/\/www.facebook.com\/SweetDropCBD","https:\/\/www.instagram.com\/sweetdropcbd\/"],"publishingPrinciples":"https:\/\/sweetdropcbd.com\/terms-conditions\/","ownershipFundingInfo":"https:\/\/sweetdropcbd.com\/about-us\/","address":{"@id":"https:\/\/sweetdropcbd.com\/lt\/produktas\/sweet-drop-cbd-lupu-ir-rutinos-rinkinys-10-2-lupu-balzamai\/#local-main-place-address"},"telephone":["+37068683090"],"openingHoursSpecification":{"@type":"OpeningHoursSpecification","dayOfWeek":["Monday","Tuesday","Wednesday","Thursday","Friday","Saturday","Sunday"],"opens":"00:00","closes":"23:59"},"email":"info@sweetdropcbd.com","areaServed":"EU"},{"@type":"PostalAddress","@id":"https:\/\/sweetdropcbd.com\/lt\/produktas\/sweet-drop-cbd-lupu-ir-rutinos-rinkinys-10-2-lupu-balzamai\/#local-main-place-address","streetAddress":"Rusn\u0117s g. 31, \u0160aki\u0173 k., Kauno r. sav., Lietuva","addressLocality":"Kaunas","postalCode":"47412","addressCountry":"LT"},{"@type":"ImageObject","inLanguage":"lt-LT","@id":"https:\/\/sweetdropcbd.com\/lt\/produktas\/sweet-drop-cbd-lupu-ir-rutinos-rinkinys-10-2-lupu-balzamai\/#local-main-organization-logo","url":"https:\/\/sweetdropcbd.com\/wp-content\/uploads\/2023\/10\/Saldus-lasas-logotipas_H-EN.png","contentUrl":"https:\/\/sweetdropcbd.com\/wp-content\/uploads\/2023\/10\/Saldus-lasas-logotipas_H-EN.png","width":206,"height":239,"caption":"MB EBIGUS"}]},"product_price_amount":"53.25","product_price_currency":"EUR","og_availability":"instock","product_availability":"instock","product_condition":"new","geo.placename":"Kaunas","geo.region":"Lietuva"},"_links":{"self":[{"href":"https:\/\/sweetdropcbd.com\/lt\/wp-json\/wp\/v2\/product\/3271","targetHints":{"allow":["GET"]}}],"collection":[{"href":"https:\/\/sweetdropcbd.com\/lt\/wp-json\/wp\/v2\/product"}],"about":[{"href":"https:\/\/sweetdropcbd.com\/lt\/wp-json\/wp\/v2\/types\/product"}],"replies":[{"embeddable":true,"href":"https:\/\/sweetdropcbd.com\/lt\/wp-json\/wp\/v2\/comments?post=3271"}],"wp:featuredmedia":[{"embeddable":true,"href":"https:\/\/sweetdropcbd.com\/lt\/wp-json\/wp\/v2\/media\/3270"}],"wp:attachment":[{"href":"https:\/\/sweetdropcbd.com\/lt\/wp-json\/wp\/v2\/media?parent=3271"}],"wp:term":[{"taxonomy":"product_brand","embeddable":true,"href":"https:\/\/sweetdropcbd.com\/lt\/wp-json\/wp\/v2\/product_brand?post=3271"},{"taxonomy":"product_cat","embeddable":true,"href":"https:\/\/sweetdropcbd.com\/lt\/wp-json\/wp\/v2\/product_cat?post=3271"},{"taxonomy":"product_tag","embeddable":true,"href":"https:\/\/sweetdropcbd.com\/lt\/wp-json\/wp\/v2\/product_tag?post=3271"}],"curies":[{"name":"wp","href":"https:\/\/api.w.org\/{rel}","templated":true}]}}