{"id":821,"date":"2023-09-05T07:18:59","date_gmt":"2023-09-05T07:18:59","guid":{"rendered":"https:\/\/sweetdropcbd.com\/?post_type=product&#038;p=821"},"modified":"2026-04-10T13:36:55","modified_gmt":"2026-04-10T10:36:55","slug":"sweet-drop-5-cbd-aliejus-500-mg-10-ml","status":"publish","type":"product","link":"https:\/\/sweetdropcbd.com\/lt\/produktas\/sweet-drop-5-cbd-aliejus-500-mg-10-ml\/","title":{"rendered":"Sweet Drop 5% CBD aliejus 500 mg 10 ml"},"content":{"rendered":"<p>Ie\u0161kote auk\u0161tos kokyb\u0117s 5% CBD aliejaus, tinkamo kasdienei ir subalansuotai odos prie\u017ei\u016brai? Sweet Drop 5% CBD aliejus \u2013 tai kruop\u0161\u010diai sukurtas produktas, pagamintas i\u0161 auk\u0161\u010diausios kokyb\u0117s CBD izoliato ir ekologi\u0161k\u0173 i\u0161luk\u0161tent\u0173 kanapi\u0173 s\u0117kl\u0173 aliejaus. Jo sud\u0117tyje esantys nat\u016bral\u016bs fitokanabinoidai, terpenai bei nepakei\u010diamos riebal\u0173 r\u016bg\u0161tys padeda dr\u0117kinti, raminti ir puosel\u0117ti vis\u0173 tip\u0173 od\u0105, suteikdami jai glotnumo ir komforto poj\u016bt\u012f.<\/p>\n<h2>Kod\u0117l verta rinktis Sweet Drop 5% CBD aliej\u0173?<\/h2>\n<p><strong>\u2714 500 mg gryno CBD (5% stiprumo)<\/strong><br \/>\n10 ml buteliuke yra net 500 mg auk\u0161\u010diausios kokyb\u0117s kanabidiolio. Viename buteliuke yra apie 200 la\u0161\u0173 po 2,5 mg CBD. Tai rei\u0161kia, kad produkto gali u\u017etekti daugiau nei 30 dien\u0173 naudojant reguliariai.<\/p>\n<p><strong>\u2714 Garantuota kokyb\u0117 ir saugumas<\/strong><br \/>\nKiekviena partija tikrinama sertifikuotoje laboratorijoje \u2013 u\u017etikrinamas tikslus CBD kiekis ir auk\u0161\u010diausi kokyb\u0117s standartai. Produktas pagamintas sertifikuotoje gamykloje, atitinkan\u010dioje Pharmaceutical GMP, ISO22000:2018 ir ISO22716:2007 standartus.<\/p>\n<p><strong>\u2714 Be THC<\/strong><br \/>\nPsichotropin\u0117 THC med\u017eiaga pa\u0161alinta, tod\u0117l \u0161is 5% CBD aliejus yra saugus i\u0161oriniam naudojimui ir nesukelia psichoaktyvaus poveikio.<\/p>\n<p><strong>\u2714 Ekologi\u0161ka sud\u0117tis<\/strong><br \/>\nSud\u0117tyje: CBD izoliatas (kanabidiolis), i\u0161luk\u0161tent\u0173 kanapi\u0173 s\u0117kl\u0173 aliejus, kuris turtingas naudingosiomis Omega-3, Omega-6 riebiosiomis r\u016bg\u0161timis. Pagaminta i\u0161 ekologiniuose \u016bkiuose augint\u0173 auk\u0161\u010diausios kokyb\u0117s i\u0161luk\u0161tent\u0173 pluo\u0161tini\u0173 kanapi\u0173 s\u0117kl\u0173, kuriose n\u0117ra pesticid\u0173. Tinka vegetarams, bei veganams.<\/p>\n<h3>5% CBD aliejaus naudojimas:<\/h3>\n<ul>\n<li>Rekomenduojamas kiekis: 3-4 la\u0161ai, 2 kartus per dien\u0105.<\/li>\n<li>Naudokite gryn\u0105, u\u017ela\u0161inkite ant norimos k\u016bno vietos ir palaikykite bent 1-2 minutes.<\/li>\n<li>Saugokite nuo kontakto su akimis.<\/li>\n<li>Jei reikia, palaipsniui didinkite la\u0161\u0173 kiek\u012f. Ta\u010diau nevir\u0161ykite daugiau kaip 200 mg <a href=\"https:\/\/sweetdropcbd.com\/lt\/produktas\/cbd-kanapiu-kuno-aliejus-sweet-drop-10-procentu-1000mg-naturalus-10ml\/\">CBD<\/a> per dien\u0105.<\/li>\n<li>I\u0161oriniam naudojimui.<\/li>\n<\/ul>\n<p>Dienos CBD kiekis priklauso nuo daugelio veiksni\u0173, toki\u0173 kaip j\u016bs\u0173 k\u016bno b\u016bsena, pageidaujamas poveikis ar naudojamo produkto CBD koncentracija.<\/p>\n<h4>Papildoma informacija apie Sweet Drop 5% CBD aliej\u0173<\/h4>\n<p>Tinka bet kurio tipo odai. <strong>Sweet Drop 5% <a href=\"https:\/\/sweetdropcbd.com\/lt\/\">CBD<\/a> aliejus 500 mg 10ml \u2013 <\/strong><strong>kasdienei prie\u017ei\u016brai:<\/strong> dr\u0117kina, glotnina, ramina ir tonizuoja od\u0105, padeda palaikyti elastingumo poj\u016bt\u012f, kondicionuoja ir suteikia skaistesn\u0117s odos \u012fsp\u016bd\u012f. Malonus kasdienis ritualas su charakteringu aromatu.<\/p>\n<p><strong>Ingredientai<\/strong>: Ekologi\u0161k\u0173 i\u0161luk\u0161tent\u0173 kanapi\u0173 s\u0117kl\u0173 aliejus (<em>Cannabis sativa seed oil<\/em>), kanabidiolis (<strong>500 mg. <a href=\"https:\/\/sweetdropcbd.com\/lt\/produktas\/cbd-kanapiu-kuno-aliejus-sweet-drop-20-procentu-2000mg-naturalus-10ml\/\">CBD<\/a><\/strong>) \u2013 gautas i\u0161 ekologi\u0161k\u0173 i\u0161luk\u0161tent\u0173 kanapi\u0173 s\u0117kl\u0173 ekstrakto \/ tinkt\u016bros \/ dervos (<em>Cannabidiol-derived from extract or tincture or resin of cannabis<\/em>), beta-kariofilenas (<em>Beta-caryophyllene<\/em>), kvapiosios med\u017eiagos (<em>Parfum<\/em>), linalolis (<em>Linalool<\/em>), mircenas (<em>Myrcene<\/em>), pinenas (<em>Pinene<\/em>).<\/p>\n<p>Laikyti tamsioje, v\u0117sioje, vaikams nepasiekiamoje vietoje.<\/p>\n<p>Jei \u0161iuo metu vartojate vaistus ar esate n\u0117\u0161\u010dia, prie\u0161 naudojim\u0105 b\u016btina pasitarti su gydytoju.<\/p>\n<p>Produktai pagaminti sertifikuotoje gamyboje, turin\u010dioje farmacijos (Pharmaceutical GMP), maisto (ISO22000:2018), kosmetikos GMP (ISO22716:2007) sertifikatus.<\/p>\n<p>Pagaminta Europos S\u0105jungoje.<\/p>\n<p><span style=\"font-size: 75%;\">Produkto i\u0161vaizda gali \u0161iek tiek skirtis nuo parodytos nuotraukoje. Produkt\u0173 kainos internetin\u0117je parduotuv\u0117je gali skirtis nuo produkt\u0173 kain\u0173 platinimo ta\u0161kuose.<\/span><\/p>\n<a href=\"https:\/\/sweetdropcbd.com\/lt\/nacionalinis-maisto-ir-veterinarijos-rizikos-vertinimo-institutas-nmvrvi-kodel-jo-tyrimai-svarbus-ir-kaip-sweet-drop-cbd-tikrina-kiekviena-serija\/\" class=\"button primary is-outline\" style=\"border-radius:99px;\">\n\t\t<span>Kiekviena Sweet Drop CBD serija tikrinama Nacionaliniame maisto ir veterinarijos rizikos vertinimo institute - skaitykite daugiau.<\/span>\n\t<\/a>\n\n","protected":false},"excerpt":{"rendered":"<p><strong>\u0160velnus la\u0161elis nuotaikai!<\/strong><\/p>\n<p><strong>Sweet Drop 5% CBD aliejus (500mg) \u2013 nat\u016bralus, 10ml<\/strong><\/p>\n<p>Poilsio tr\u016bkumas, ilgalaikis stresas ar ligos net energingiausi\u0105 asmenyb\u0119 priver\u010dia atrodyti pavargusiai ir nerimastingai.<\/p>\n<p>Palepinkite savo k\u016bn\u0105 Sweet Drop CBD 5% pluo\u0161tini\u0173 kanapi\u0173 aliejumi su grynu CBD izoliatu \u2013 maloniam kasdieniam ritualui.<\/p>\n<p>Sweet Drop 5% CBD kanapi\u0173 aliejus <strong>tinka pradedantiems vartotojams.<\/strong><\/p>\n","protected":false},"featured_media":510,"comment_status":"closed","ping_status":"closed","template":"","meta":[],"product_brand":[667],"product_cat":[111,72],"product_tag":[521,523,522,524],"class_list":{"0":"post-821","1":"product","2":"type-product","3":"status-publish","4":"has-post-thumbnail","6":"product_brand-sweet-drop-cbd","7":"product_cat-cbd-aliejai","8":"product_cat-visi-produktai","9":"product_tag-cbd","10":"product_tag-cbd-aliejus","11":"product_tag-cbd-kanapiu-aliejus","12":"product_tag-sweet-drop-cbd","14":"first","15":"instock","16":"sale","17":"taxable","18":"shipping-taxable","19":"purchasable","20":"product-type-simple"},"yoast_head":"<!-- This site is optimized with the Yoast SEO Premium plugin v27.4 (Yoast SEO v27.4) - https:\/\/yoast.com\/product\/yoast-seo-premium-wordpress\/ -->\n<title>Sweet Drop 5% CBD aliejus 500 mg 10 ml - Sweet Drop CBD<\/title>\n<meta name=\"description\" content=\"Sweet Drop 5% CBD aliejus \ud83c\udf3f I\u0161 ekologi\u0161k\u0173 kanapi\u0173 s\u0117kl\u0173 \ud83c\udf3f Laboratori\u0161kai patikrintas \ud83c\udf3f Be THC \ud83c\udf3f U\u017esakykite internetu jau dabar!\" \/>\n<meta name=\"robots\" content=\"index, follow, max-snippet:-1, max-image-preview:large, max-video-preview:-1\" \/>\n<link rel=\"canonical\" href=\"https:\/\/sweetdropcbd.com\/lt\/produktas\/sweet-drop-5-cbd-aliejus-500-mg-10-ml\/\" \/>\n<meta property=\"og:locale\" content=\"lt_LT\" \/>\n<meta property=\"og:type\" content=\"article\" \/>\n<meta property=\"og:title\" content=\"Sweet Drop 5% CBD aliejus 500 mg 10 ml - Sweet Drop CBD\" \/>\n<meta property=\"og:description\" content=\"Sweet Drop 15% CBD aliejus yra auk\u0161\u010diausios kokyb\u0117s aliejus. Nat\u016bralus. Kad geriau jaustum\u0117t\u0117s. Pristatymas visoje Lietuvoje ir Europoje. Pagaminta i\u0161 auk\u0161\u010diausios kokyb\u0117s CBD.\" \/>\n<meta property=\"og:url\" content=\"https:\/\/sweetdropcbd.com\/lt\/produktas\/sweet-drop-5-cbd-aliejus-500-mg-10-ml\/\" \/>\n<meta property=\"og:site_name\" content=\"Sweet Drop CBD\" \/>\n<meta property=\"article:publisher\" content=\"https:\/\/www.facebook.com\/SweetDropCBD\" \/>\n<meta property=\"article:modified_time\" content=\"2026-04-10T10:36:55+00:00\" \/>\n<meta property=\"og:image\" content=\"https:\/\/sweetdropcbd.com\/wp-content\/uploads\/2023\/09\/Sweet-Drop-5_-CBD-Oil-500-mg-10ml-Left-cropped.jpg\" \/>\n\t<meta property=\"og:image:width\" content=\"1400\" \/>\n\t<meta property=\"og:image:height\" content=\"1400\" \/>\n\t<meta property=\"og:image:type\" content=\"image\/jpeg\" \/>\n<script type=\"application\/ld+json\" class=\"yoast-schema-graph\">{\"@context\":\"https:\\\/\\\/schema.org\",\"@graph\":[{\"@type\":\"WebPage\",\"@id\":\"https:\\\/\\\/sweetdropcbd.com\\\/lt\\\/produktas\\\/sweet-drop-5-cbd-aliejus-500-mg-10-ml\\\/\",\"url\":\"https:\\\/\\\/sweetdropcbd.com\\\/lt\\\/produktas\\\/sweet-drop-5-cbd-aliejus-500-mg-10-ml\\\/\",\"name\":\"Sweet Drop 5% CBD aliejus 500 mg 10 ml - Sweet Drop CBD\",\"isPartOf\":{\"@id\":\"https:\\\/\\\/sweetdropcbd.com\\\/lt\\\/#website\"},\"primaryImageOfPage\":{\"@id\":\"https:\\\/\\\/sweetdropcbd.com\\\/lt\\\/produktas\\\/sweet-drop-5-cbd-aliejus-500-mg-10-ml\\\/#primaryimage\"},\"image\":{\"@id\":\"https:\\\/\\\/sweetdropcbd.com\\\/lt\\\/produktas\\\/sweet-drop-5-cbd-aliejus-500-mg-10-ml\\\/#primaryimage\"},\"thumbnailUrl\":\"https:\\\/\\\/sweetdropcbd.com\\\/wp-content\\\/uploads\\\/2023\\\/09\\\/Sweet-Drop-5_-CBD-Oil-500-mg-10ml-Left-cropped.jpg\",\"datePublished\":\"2023-09-05T07:18:59+00:00\",\"dateModified\":\"2026-04-10T10:36:55+00:00\",\"description\":\"Sweet Drop 5% CBD aliejus \ud83c\udf3f I\u0161 ekologi\u0161k\u0173 kanapi\u0173 s\u0117kl\u0173 \ud83c\udf3f Laboratori\u0161kai patikrintas \ud83c\udf3f Be THC \ud83c\udf3f U\u017esakykite internetu jau dabar!\",\"breadcrumb\":{\"@id\":\"https:\\\/\\\/sweetdropcbd.com\\\/lt\\\/produktas\\\/sweet-drop-5-cbd-aliejus-500-mg-10-ml\\\/#breadcrumb\"},\"inLanguage\":\"lt-LT\",\"potentialAction\":[{\"@type\":\"ReadAction\",\"target\":[\"https:\\\/\\\/sweetdropcbd.com\\\/lt\\\/produktas\\\/sweet-drop-5-cbd-aliejus-500-mg-10-ml\\\/\"]}]},{\"@type\":\"ImageObject\",\"inLanguage\":\"lt-LT\",\"@id\":\"https:\\\/\\\/sweetdropcbd.com\\\/lt\\\/produktas\\\/sweet-drop-5-cbd-aliejus-500-mg-10-ml\\\/#primaryimage\",\"url\":\"https:\\\/\\\/sweetdropcbd.com\\\/wp-content\\\/uploads\\\/2023\\\/09\\\/Sweet-Drop-5_-CBD-Oil-500-mg-10ml-Left-cropped.jpg\",\"contentUrl\":\"https:\\\/\\\/sweetdropcbd.com\\\/wp-content\\\/uploads\\\/2023\\\/09\\\/Sweet-Drop-5_-CBD-Oil-500-mg-10ml-Left-cropped.jpg\",\"width\":1400,\"height\":1400},{\"@type\":\"BreadcrumbList\",\"@id\":\"https:\\\/\\\/sweetdropcbd.com\\\/lt\\\/produktas\\\/sweet-drop-5-cbd-aliejus-500-mg-10-ml\\\/#breadcrumb\",\"itemListElement\":[{\"@type\":\"ListItem\",\"position\":1,\"name\":\"Prad\u017eia\",\"item\":\"https:\\\/\\\/sweetdropcbd.com\\\/lt\\\/\"},{\"@type\":\"ListItem\",\"position\":2,\"name\":\"M\u016bs\u0173 CBD parduotuv\u0117\",\"item\":\"https:\\\/\\\/sweetdropcbd.com\\\/lt\\\/musu-cbd-parduotuve\\\/\"},{\"@type\":\"ListItem\",\"position\":3,\"name\":\"Sweet Drop 5% CBD aliejus 500 mg 10 ml\"}]},{\"@type\":\"WebSite\",\"@id\":\"https:\\\/\\\/sweetdropcbd.com\\\/lt\\\/#website\",\"url\":\"https:\\\/\\\/sweetdropcbd.com\\\/lt\\\/\",\"name\":\"Sweet Drop CBD\",\"description\":\"Sweet Drop CBD\",\"publisher\":{\"@id\":\"https:\\\/\\\/sweetdropcbd.com\\\/lt\\\/#organization\"},\"alternateName\":\"Sweet Drop CBD oil\",\"potentialAction\":[{\"@type\":\"SearchAction\",\"target\":{\"@type\":\"EntryPoint\",\"urlTemplate\":\"https:\\\/\\\/sweetdropcbd.com\\\/lt\\\/?s={search_term_string}\"},\"query-input\":{\"@type\":\"PropertyValueSpecification\",\"valueRequired\":true,\"valueName\":\"search_term_string\"}}],\"inLanguage\":\"lt-LT\"},{\"@type\":[\"Organization\",\"Place\",\"HealthAndBeautyBusiness\"],\"@id\":\"https:\\\/\\\/sweetdropcbd.com\\\/lt\\\/#organization\",\"name\":\"MB EBIGUS\",\"alternateName\":\"Sweet Drop CBD\",\"url\":\"https:\\\/\\\/sweetdropcbd.com\\\/lt\\\/\",\"logo\":{\"@id\":\"https:\\\/\\\/sweetdropcbd.com\\\/lt\\\/produktas\\\/sweet-drop-5-cbd-aliejus-500-mg-10-ml\\\/#local-main-organization-logo\"},\"image\":{\"@id\":\"https:\\\/\\\/sweetdropcbd.com\\\/lt\\\/produktas\\\/sweet-drop-5-cbd-aliejus-500-mg-10-ml\\\/#local-main-organization-logo\"},\"sameAs\":[\"https:\\\/\\\/www.facebook.com\\\/SweetDropCBD\",\"https:\\\/\\\/www.instagram.com\\\/sweetdropcbd\\\/\"],\"publishingPrinciples\":\"https:\\\/\\\/sweetdropcbd.com\\\/terms-conditions\\\/\",\"ownershipFundingInfo\":\"https:\\\/\\\/sweetdropcbd.com\\\/about-us\\\/\",\"address\":{\"@id\":\"https:\\\/\\\/sweetdropcbd.com\\\/lt\\\/produktas\\\/sweet-drop-5-cbd-aliejus-500-mg-10-ml\\\/#local-main-place-address\"},\"telephone\":[\"+37068683090\"],\"openingHoursSpecification\":{\"@type\":\"OpeningHoursSpecification\",\"dayOfWeek\":[\"Monday\",\"Tuesday\",\"Wednesday\",\"Thursday\",\"Friday\",\"Saturday\",\"Sunday\"],\"opens\":\"00:00\",\"closes\":\"23:59\"},\"email\":\"info@sweetdropcbd.com\",\"areaServed\":\"EU\"},{\"@type\":\"PostalAddress\",\"@id\":\"https:\\\/\\\/sweetdropcbd.com\\\/lt\\\/produktas\\\/sweet-drop-5-cbd-aliejus-500-mg-10-ml\\\/#local-main-place-address\",\"streetAddress\":\"Rusn\u0117s g. 31, \u0160aki\u0173 k., Kauno r. sav., Lietuva\",\"addressLocality\":\"Kaunas\",\"postalCode\":\"47412\",\"addressCountry\":\"LT\"},{\"@type\":\"ImageObject\",\"inLanguage\":\"lt-LT\",\"@id\":\"https:\\\/\\\/sweetdropcbd.com\\\/lt\\\/produktas\\\/sweet-drop-5-cbd-aliejus-500-mg-10-ml\\\/#local-main-organization-logo\",\"url\":\"https:\\\/\\\/sweetdropcbd.com\\\/wp-content\\\/uploads\\\/2023\\\/10\\\/Saldus-lasas-logotipas_H-EN.png\",\"contentUrl\":\"https:\\\/\\\/sweetdropcbd.com\\\/wp-content\\\/uploads\\\/2023\\\/10\\\/Saldus-lasas-logotipas_H-EN.png\",\"width\":206,\"height\":239,\"caption\":\"MB EBIGUS\"}]}<\/script>\n<meta property=\"product:price:amount\" content=\"20.00\" \/>\n<meta property=\"product:price:currency\" content=\"EUR\" \/>\n<meta property=\"og:availability\" content=\"instock\" \/>\n<meta property=\"product:availability\" content=\"instock\" \/>\n<meta property=\"product:retailer_item_id\" content=\"4777000029619\" \/>\n<meta property=\"product:condition\" content=\"new\" \/>\n<meta name=\"geo.placename\" content=\"Kaunas\" \/>\n<meta name=\"geo.region\" content=\"Lietuva\" \/>\n<!-- \/ Yoast SEO Premium plugin. -->","yoast_head_json":{"title":"Sweet Drop 5% CBD aliejus 500 mg 10 ml - Sweet Drop CBD","description":"Sweet Drop 5% CBD aliejus \ud83c\udf3f I\u0161 ekologi\u0161k\u0173 kanapi\u0173 s\u0117kl\u0173 \ud83c\udf3f Laboratori\u0161kai patikrintas \ud83c\udf3f Be THC \ud83c\udf3f U\u017esakykite internetu jau dabar!","robots":{"index":"index","follow":"follow","max-snippet":"max-snippet:-1","max-image-preview":"max-image-preview:large","max-video-preview":"max-video-preview:-1"},"canonical":"https:\/\/sweetdropcbd.com\/lt\/produktas\/sweet-drop-5-cbd-aliejus-500-mg-10-ml\/","og_locale":"lt_LT","og_type":"article","og_title":"Sweet Drop 5% CBD aliejus 500 mg 10 ml - Sweet Drop CBD","og_description":"Sweet Drop 15% CBD aliejus yra auk\u0161\u010diausios kokyb\u0117s aliejus. Nat\u016bralus. Kad geriau jaustum\u0117t\u0117s. Pristatymas visoje Lietuvoje ir Europoje. Pagaminta i\u0161 auk\u0161\u010diausios kokyb\u0117s CBD.","og_url":"https:\/\/sweetdropcbd.com\/lt\/produktas\/sweet-drop-5-cbd-aliejus-500-mg-10-ml\/","og_site_name":"Sweet Drop CBD","article_publisher":"https:\/\/www.facebook.com\/SweetDropCBD","article_modified_time":"2026-04-10T10:36:55+00:00","og_image":[{"width":1400,"height":1400,"url":"https:\/\/sweetdropcbd.com\/wp-content\/uploads\/2023\/09\/Sweet-Drop-5_-CBD-Oil-500-mg-10ml-Left-cropped.jpg","type":"image\/jpeg"}],"schema":{"@context":"https:\/\/schema.org","@graph":[{"@type":"WebPage","@id":"https:\/\/sweetdropcbd.com\/lt\/produktas\/sweet-drop-5-cbd-aliejus-500-mg-10-ml\/","url":"https:\/\/sweetdropcbd.com\/lt\/produktas\/sweet-drop-5-cbd-aliejus-500-mg-10-ml\/","name":"Sweet Drop 5% CBD aliejus 500 mg 10 ml - Sweet Drop CBD","isPartOf":{"@id":"https:\/\/sweetdropcbd.com\/lt\/#website"},"primaryImageOfPage":{"@id":"https:\/\/sweetdropcbd.com\/lt\/produktas\/sweet-drop-5-cbd-aliejus-500-mg-10-ml\/#primaryimage"},"image":{"@id":"https:\/\/sweetdropcbd.com\/lt\/produktas\/sweet-drop-5-cbd-aliejus-500-mg-10-ml\/#primaryimage"},"thumbnailUrl":"https:\/\/sweetdropcbd.com\/wp-content\/uploads\/2023\/09\/Sweet-Drop-5_-CBD-Oil-500-mg-10ml-Left-cropped.jpg","datePublished":"2023-09-05T07:18:59+00:00","dateModified":"2026-04-10T10:36:55+00:00","description":"Sweet Drop 5% CBD aliejus \ud83c\udf3f I\u0161 ekologi\u0161k\u0173 kanapi\u0173 s\u0117kl\u0173 \ud83c\udf3f Laboratori\u0161kai patikrintas \ud83c\udf3f Be THC \ud83c\udf3f U\u017esakykite internetu jau dabar!","breadcrumb":{"@id":"https:\/\/sweetdropcbd.com\/lt\/produktas\/sweet-drop-5-cbd-aliejus-500-mg-10-ml\/#breadcrumb"},"inLanguage":"lt-LT","potentialAction":[{"@type":"ReadAction","target":["https:\/\/sweetdropcbd.com\/lt\/produktas\/sweet-drop-5-cbd-aliejus-500-mg-10-ml\/"]}]},{"@type":"ImageObject","inLanguage":"lt-LT","@id":"https:\/\/sweetdropcbd.com\/lt\/produktas\/sweet-drop-5-cbd-aliejus-500-mg-10-ml\/#primaryimage","url":"https:\/\/sweetdropcbd.com\/wp-content\/uploads\/2023\/09\/Sweet-Drop-5_-CBD-Oil-500-mg-10ml-Left-cropped.jpg","contentUrl":"https:\/\/sweetdropcbd.com\/wp-content\/uploads\/2023\/09\/Sweet-Drop-5_-CBD-Oil-500-mg-10ml-Left-cropped.jpg","width":1400,"height":1400},{"@type":"BreadcrumbList","@id":"https:\/\/sweetdropcbd.com\/lt\/produktas\/sweet-drop-5-cbd-aliejus-500-mg-10-ml\/#breadcrumb","itemListElement":[{"@type":"ListItem","position":1,"name":"Prad\u017eia","item":"https:\/\/sweetdropcbd.com\/lt\/"},{"@type":"ListItem","position":2,"name":"M\u016bs\u0173 CBD parduotuv\u0117","item":"https:\/\/sweetdropcbd.com\/lt\/musu-cbd-parduotuve\/"},{"@type":"ListItem","position":3,"name":"Sweet Drop 5% CBD aliejus 500 mg 10 ml"}]},{"@type":"WebSite","@id":"https:\/\/sweetdropcbd.com\/lt\/#website","url":"https:\/\/sweetdropcbd.com\/lt\/","name":"Sweet Drop CBD","description":"Sweet Drop CBD","publisher":{"@id":"https:\/\/sweetdropcbd.com\/lt\/#organization"},"alternateName":"Sweet Drop CBD oil","potentialAction":[{"@type":"SearchAction","target":{"@type":"EntryPoint","urlTemplate":"https:\/\/sweetdropcbd.com\/lt\/?s={search_term_string}"},"query-input":{"@type":"PropertyValueSpecification","valueRequired":true,"valueName":"search_term_string"}}],"inLanguage":"lt-LT"},{"@type":["Organization","Place","HealthAndBeautyBusiness"],"@id":"https:\/\/sweetdropcbd.com\/lt\/#organization","name":"MB EBIGUS","alternateName":"Sweet Drop CBD","url":"https:\/\/sweetdropcbd.com\/lt\/","logo":{"@id":"https:\/\/sweetdropcbd.com\/lt\/produktas\/sweet-drop-5-cbd-aliejus-500-mg-10-ml\/#local-main-organization-logo"},"image":{"@id":"https:\/\/sweetdropcbd.com\/lt\/produktas\/sweet-drop-5-cbd-aliejus-500-mg-10-ml\/#local-main-organization-logo"},"sameAs":["https:\/\/www.facebook.com\/SweetDropCBD","https:\/\/www.instagram.com\/sweetdropcbd\/"],"publishingPrinciples":"https:\/\/sweetdropcbd.com\/terms-conditions\/","ownershipFundingInfo":"https:\/\/sweetdropcbd.com\/about-us\/","address":{"@id":"https:\/\/sweetdropcbd.com\/lt\/produktas\/sweet-drop-5-cbd-aliejus-500-mg-10-ml\/#local-main-place-address"},"telephone":["+37068683090"],"openingHoursSpecification":{"@type":"OpeningHoursSpecification","dayOfWeek":["Monday","Tuesday","Wednesday","Thursday","Friday","Saturday","Sunday"],"opens":"00:00","closes":"23:59"},"email":"info@sweetdropcbd.com","areaServed":"EU"},{"@type":"PostalAddress","@id":"https:\/\/sweetdropcbd.com\/lt\/produktas\/sweet-drop-5-cbd-aliejus-500-mg-10-ml\/#local-main-place-address","streetAddress":"Rusn\u0117s g. 31, \u0160aki\u0173 k., Kauno r. sav., Lietuva","addressLocality":"Kaunas","postalCode":"47412","addressCountry":"LT"},{"@type":"ImageObject","inLanguage":"lt-LT","@id":"https:\/\/sweetdropcbd.com\/lt\/produktas\/sweet-drop-5-cbd-aliejus-500-mg-10-ml\/#local-main-organization-logo","url":"https:\/\/sweetdropcbd.com\/wp-content\/uploads\/2023\/10\/Saldus-lasas-logotipas_H-EN.png","contentUrl":"https:\/\/sweetdropcbd.com\/wp-content\/uploads\/2023\/10\/Saldus-lasas-logotipas_H-EN.png","width":206,"height":239,"caption":"MB EBIGUS"}]},"product_price_amount":"20.00","product_price_currency":"EUR","og_availability":"instock","product_availability":"instock","product_retailer_item_id":"4777000029619","product_condition":"new","geo.placename":"Kaunas","geo.region":"Lietuva"},"_links":{"self":[{"href":"https:\/\/sweetdropcbd.com\/lt\/wp-json\/wp\/v2\/product\/821","targetHints":{"allow":["GET"]}}],"collection":[{"href":"https:\/\/sweetdropcbd.com\/lt\/wp-json\/wp\/v2\/product"}],"about":[{"href":"https:\/\/sweetdropcbd.com\/lt\/wp-json\/wp\/v2\/types\/product"}],"replies":[{"embeddable":true,"href":"https:\/\/sweetdropcbd.com\/lt\/wp-json\/wp\/v2\/comments?post=821"}],"wp:featuredmedia":[{"embeddable":true,"href":"https:\/\/sweetdropcbd.com\/lt\/wp-json\/wp\/v2\/media\/510"}],"wp:attachment":[{"href":"https:\/\/sweetdropcbd.com\/lt\/wp-json\/wp\/v2\/media?parent=821"}],"wp:term":[{"taxonomy":"product_brand","embeddable":true,"href":"https:\/\/sweetdropcbd.com\/lt\/wp-json\/wp\/v2\/product_brand?post=821"},{"taxonomy":"product_cat","embeddable":true,"href":"https:\/\/sweetdropcbd.com\/lt\/wp-json\/wp\/v2\/product_cat?post=821"},{"taxonomy":"product_tag","embeddable":true,"href":"https:\/\/sweetdropcbd.com\/lt\/wp-json\/wp\/v2\/product_tag?post=821"}],"curies":[{"name":"wp","href":"https:\/\/api.w.org\/{rel}","templated":true}]}}