{"id":2451,"date":"2023-10-06T08:39:17","date_gmt":"2023-10-06T05:39:17","guid":{"rendered":"https:\/\/sweetdropcbd.com\/product\/davanu-karte-sweet-drop-cbd\/"},"modified":"2026-02-13T18:50:43","modified_gmt":"2026-02-13T16:50:43","slug":"davanu-karte-sweet-drop-cbd","status":"publish","type":"product","link":"https:\/\/sweetdropcbd.com\/lv\/produkts\/davanu-karte-sweet-drop-cbd\/","title":{"rendered":"D\u0101vanu karte Sweet Drop CBD"},"content":{"rendered":"<h4><em>D\u0101viniet vesel\u012bbu un labsaj\u016btu!<\/em><\/h4>\n<p>Atp\u016btas tr\u016bkums, ilgsto\u0161s stress vai slim\u012bba \u2013 pat visener\u0123isk\u0101kais cilv\u0113ks var justies noguris un nemier\u012bgs.<\/p>\n<p>Palutiniet savu \u0137ermeni ar <a href=\"https:\/\/sweetdropcbd.com\/lv\/product\/sweet-drop-5-cbd-ella-500-mg-10ml\/\">Sweet Drop CBD<\/a> pilna spektra ka\u0146epju e\u013c\u013ca<\/p>\n<p><a href=\"https:\/\/sweetdropcbd.com\/demos\/shop-demos\/vendor-shop\/\">D\u0101vanu karte no Sweet Drop CBD<\/a> interneta veikala ir lieliska d\u0101vana jebkuram gad\u012bjumam.<\/p>\n<p>Ar to j\u016bsu m\u012b\u013cotais cilv\u0113ks var\u0113s ieg\u0101d\u0101ties lab\u0101k\u0101s kvalit\u0101tes <a href=\"https:\/\/sweetdropcbd.com\/lv\/product\/sweet-drop-10-cbd-ella-1000-mg-10ml\/\">CBD produktus,<\/a> kas pal\u012bdz\u0113s uzlabot vi\u0146a vesel\u012bbu un labsaj\u016btu.<\/p>\n<p>J\u016bs atrad\u012bsiet pareizo CBD produktu m\u016bsu interneta veikal\u0101. Visi m\u016bsu produkti ir ra\u017eoti Eirop\u0101 no augstas kvalit\u0101tes ka\u0146ep\u0113m un ir dro\u0161i un efekt\u012bvi.<\/p>\n<p>D\u0101vanu kartes v\u0113rt\u012bba ir no 25 l\u012bdz 200 eiro.<\/p>\n<p>D\u0101vanu karte ir lielisks veids, k\u0101 par\u0101d\u012bt m\u012b\u013cotajam, ka m\u012blat vi\u0146u un r\u016bp\u0113jaties <a href=\"https:\/\/sweetdropcbd.com\/elements\/pages\/about-old\/\">par<\/a> vi\u0146a vesel\u012bbu.<\/p>\n<h4><em>\u0160eit ir da\u017eas d\u0101vanu kar\u0161u idejas:<\/em><\/h4>\n<ul>\n<li>Nododiet to tie\u0161i personai, kurai v\u0113laties to uzd\u0101vin\u0101t.<\/li>\n<li>Ielieciet to apsveikuma vai d\u0101vanu kast\u012bt\u0113.<\/li>\n<li>Nos\u016btiet to pa pastu vai e-pastu.<\/li>\n<\/ul>\n<p>Neatkar\u012bgi no t\u0101, <a href=\"https:\/\/sweetdropcbd.com\/lv\/ka-lietot-cbd-ellu\/\">k\u0101<\/a> j\u016bs izv\u0113laties d\u0101vin\u0101t d\u0101vanu karti, j\u016bsu m\u012b\u013cotajam \u0161\u012b d\u0101vana noteikti patiks!<\/p>\n<p><em>Noder\u012bgi padomi, k\u0101 lietot CBD produktus:<\/em><\/p>\n<ul>\n<li>Ieteicamais daudzums: Ieteicamais daudzums: 3 \u2013 4 pilieni 2 reizes dien\u0101.<\/li>\n<li>Augst\u0101s CBD koncentr\u0101cijas d\u0113\u013c \u0161\u012b e\u013c\u013ca var kristaliz\u0113ties, t\u0101p\u0113c pirms lieto\u0161anas iesak\u0101m pudeli labi sakrat\u012bt.<\/li>\n<li>Lietojiet t\u012bru, uzkl\u0101jiet uz v\u0113lam\u0101s \u0137erme\u0146a da\u013cas un turiet vismaz 1-2 min\u016btes.<\/li>\n<li>Izvair\u012bties no saskares ar ac\u012bm.<\/li>\n<li>Ja nepiecie\u0161ams, pak\u0101peniski palieliniet pilienu daudzumu. Tom\u0113r nep\u0101rsniedziet vair\u0101k par 200 mg CBD dien\u0101.<\/li>\n<li>\u0100r\u0113jai lieto\u0161anai.<\/li>\n<\/ul>\n<p><a href=\"https:\/\/sweetdropcbd.com\/lv\/product\/sweet-drop-5-cbd-ella-500-mg-10ml\/\">CBD daudzums<\/a> dien\u0101 ir atkar\u012bgs no daudziem faktoriem, piem\u0113ram, no j\u016bsu organisma st\u0101vok\u013ca, v\u0113lam\u0101 efekta vai <a href=\"https:\/\/sweetdropcbd.com\/lv\/\">CBD<\/a> koncentr\u0101cijas lietotaj\u0101 produkt\u0101.<\/p>\n","protected":false},"excerpt":{"rendered":"<p>Nezinat, ko uzd\u0101vin\u0101t?<\/p>\n<p>D\u0101viniet d\u0101vanu \u2013 <a href=\"https:\/\/sweetdropcbd.com\/lv\/\">Sweet Drop CBD<\/a> d\u0101vanu kuponu \u2013 pilienu miera.<\/p>\n<p>Ar <a href=\"https:\/\/sweetdropcbd.com\/lv\/\">Sweet Drop CBD<\/a> d\u0101vanu kuponu j\u016bs var\u0113siet ieg\u0101d\u0101ties Sweet Drop CBD produktus, kas izgatavoti no augst\u0101k\u0101s kvalit\u0101tes CBD un citiem ka\u0146epju \u0161\u0137iedru savienojumiem.<\/p>\n","protected":false},"featured_media":2450,"comment_status":"closed","ping_status":"closed","template":"","meta":[],"product_brand":[666],"product_cat":[670,649,647],"product_tag":[650,652,651,653],"class_list":{"0":"post-2451","1":"product","2":"type-product","3":"status-publish","4":"has-post-thumbnail","6":"product_brand-sweet-drop-cbd","7":"product_cat-cbd-komplekti","8":"product_cat-davanu-kartes","9":"product_cat-visi-produkti","10":"product_tag-cbd","11":"product_tag-cbd-ella","12":"product_tag-cbd-kanepju-ella","13":"product_tag-sweetdropcbd","15":"first","16":"instock","17":"purchasable","18":"product-type-pw-gift-card"},"yoast_head":"<!-- This site is optimized with the Yoast SEO Premium plugin v27.4 (Yoast SEO v27.4) - https:\/\/yoast.com\/product\/yoast-seo-premium-wordpress\/ -->\n<title>Sweet Drop CBD d\u0101vanu karte (25\u2013200 \u20ac) | D\u0101vana labsaj\u016btai<\/title>\n<meta name=\"description\" content=\"D\u0101vanu karte Sweet Drop CBD e-veikal\u0101 (25\u2013200 \u20ac). \u013bauj izv\u0113l\u0113ties kvalitat\u012bvus CBD produktus labsaj\u016btas un ikdienas pa\u0161apr\u016bpes rut\u012bnai.\" \/>\n<meta name=\"robots\" content=\"index, follow, max-snippet:-1, max-image-preview:large, max-video-preview:-1\" \/>\n<link rel=\"canonical\" href=\"https:\/\/sweetdropcbd.com\/lv\/produkts\/davanu-karte-sweet-drop-cbd\/\" \/>\n<meta property=\"og:locale\" content=\"lv_LV\" \/>\n<meta property=\"og:type\" content=\"article\" \/>\n<meta property=\"og:title\" content=\"D\u0101vanu karte Sweet Drop CBD\" \/>\n<meta property=\"og:description\" content=\"D\u0101vanu karte Sweet Drop CBD e-veikal\u0101 (25\u2013200 \u20ac). \u013bauj izv\u0113l\u0113ties kvalitat\u012bvus CBD produktus labsaj\u016btas un ikdienas pa\u0161apr\u016bpes rut\u012bnai.\" \/>\n<meta property=\"og:url\" content=\"https:\/\/sweetdropcbd.com\/lv\/produkts\/davanu-karte-sweet-drop-cbd\/\" \/>\n<meta property=\"og:site_name\" content=\"Sweet Drop CBD\" \/>\n<meta property=\"article:publisher\" content=\"https:\/\/www.facebook.com\/SweetDropCBD\" \/>\n<meta property=\"article:modified_time\" content=\"2026-02-13T16:50:43+00:00\" \/>\n<meta property=\"og:image\" content=\"https:\/\/sweetdropcbd.com\/wp-content\/uploads\/2023\/10\/Gift-Card-Sweet-Drop-CBD.png\" \/>\n\t<meta property=\"og:image:width\" content=\"1280\" \/>\n\t<meta property=\"og:image:height\" content=\"1280\" \/>\n\t<meta property=\"og:image:type\" content=\"image\/png\" \/>\n<script type=\"application\/ld+json\" class=\"yoast-schema-graph\">{\"@context\":\"https:\\\/\\\/schema.org\",\"@graph\":[{\"@type\":\"WebPage\",\"@id\":\"https:\\\/\\\/sweetdropcbd.com\\\/lv\\\/produkts\\\/davanu-karte-sweet-drop-cbd\\\/\",\"url\":\"https:\\\/\\\/sweetdropcbd.com\\\/lv\\\/produkts\\\/davanu-karte-sweet-drop-cbd\\\/\",\"name\":\"Sweet Drop CBD d\u0101vanu karte (25\u2013200 \u20ac) | D\u0101vana labsaj\u016btai\",\"isPartOf\":{\"@id\":\"https:\\\/\\\/sweetdropcbd.com\\\/lv\\\/#website\"},\"primaryImageOfPage\":{\"@id\":\"https:\\\/\\\/sweetdropcbd.com\\\/lv\\\/produkts\\\/davanu-karte-sweet-drop-cbd\\\/#primaryimage\"},\"image\":{\"@id\":\"https:\\\/\\\/sweetdropcbd.com\\\/lv\\\/produkts\\\/davanu-karte-sweet-drop-cbd\\\/#primaryimage\"},\"thumbnailUrl\":\"https:\\\/\\\/sweetdropcbd.com\\\/wp-content\\\/uploads\\\/2023\\\/10\\\/Gift-Card-Sweet-Drop-CBD.png\",\"datePublished\":\"2023-10-06T05:39:17+00:00\",\"dateModified\":\"2026-02-13T16:50:43+00:00\",\"description\":\"D\u0101vanu karte Sweet Drop CBD e-veikal\u0101 (25\u2013200 \u20ac). \u013bauj izv\u0113l\u0113ties kvalitat\u012bvus CBD produktus labsaj\u016btas un ikdienas pa\u0161apr\u016bpes rut\u012bnai.\",\"breadcrumb\":{\"@id\":\"https:\\\/\\\/sweetdropcbd.com\\\/lv\\\/produkts\\\/davanu-karte-sweet-drop-cbd\\\/#breadcrumb\"},\"inLanguage\":\"lv-LV\",\"potentialAction\":[{\"@type\":\"ReadAction\",\"target\":[\"https:\\\/\\\/sweetdropcbd.com\\\/lv\\\/produkts\\\/davanu-karte-sweet-drop-cbd\\\/\"]}]},{\"@type\":\"ImageObject\",\"inLanguage\":\"lv-LV\",\"@id\":\"https:\\\/\\\/sweetdropcbd.com\\\/lv\\\/produkts\\\/davanu-karte-sweet-drop-cbd\\\/#primaryimage\",\"url\":\"https:\\\/\\\/sweetdropcbd.com\\\/wp-content\\\/uploads\\\/2023\\\/10\\\/Gift-Card-Sweet-Drop-CBD.png\",\"contentUrl\":\"https:\\\/\\\/sweetdropcbd.com\\\/wp-content\\\/uploads\\\/2023\\\/10\\\/Gift-Card-Sweet-Drop-CBD.png\",\"width\":1280,\"height\":1280},{\"@type\":\"BreadcrumbList\",\"@id\":\"https:\\\/\\\/sweetdropcbd.com\\\/lv\\\/produkts\\\/davanu-karte-sweet-drop-cbd\\\/#breadcrumb\",\"itemListElement\":[{\"@type\":\"ListItem\",\"position\":1,\"name\":\"S\u0101kums\",\"item\":\"https:\\\/\\\/sweetdropcbd.com\\\/lv\\\/sweet-drop-cbd\\\/\"},{\"@type\":\"ListItem\",\"position\":2,\"name\":\"M\u016bsu CBD veikals\",\"item\":\"https:\\\/\\\/sweetdropcbd.com\\\/lv\\\/musu-cbd-veikals\\\/\"},{\"@type\":\"ListItem\",\"position\":3,\"name\":\"D\u0101vanu karte Sweet Drop CBD\"}]},{\"@type\":\"WebSite\",\"@id\":\"https:\\\/\\\/sweetdropcbd.com\\\/lv\\\/#website\",\"url\":\"https:\\\/\\\/sweetdropcbd.com\\\/lv\\\/\",\"name\":\"Sweet Drop CBD\",\"description\":\"Sweet Drop CBD\",\"publisher\":{\"@id\":\"https:\\\/\\\/sweetdropcbd.com\\\/lv\\\/#organization\"},\"alternateName\":\"Sweet Drop CBD oil\",\"potentialAction\":[{\"@type\":\"SearchAction\",\"target\":{\"@type\":\"EntryPoint\",\"urlTemplate\":\"https:\\\/\\\/sweetdropcbd.com\\\/lv\\\/?s={search_term_string}\"},\"query-input\":{\"@type\":\"PropertyValueSpecification\",\"valueRequired\":true,\"valueName\":\"search_term_string\"}}],\"inLanguage\":\"lv-LV\"},{\"@type\":[\"Organization\",\"Place\",\"HealthAndBeautyBusiness\"],\"@id\":\"https:\\\/\\\/sweetdropcbd.com\\\/lv\\\/#organization\",\"name\":\"MB EBIGUS\",\"alternateName\":\"Sweet Drop CBD\",\"url\":\"https:\\\/\\\/sweetdropcbd.com\\\/lv\\\/\",\"logo\":{\"@id\":\"https:\\\/\\\/sweetdropcbd.com\\\/lv\\\/produkts\\\/davanu-karte-sweet-drop-cbd\\\/#local-main-organization-logo\"},\"image\":{\"@id\":\"https:\\\/\\\/sweetdropcbd.com\\\/lv\\\/produkts\\\/davanu-karte-sweet-drop-cbd\\\/#local-main-organization-logo\"},\"sameAs\":[\"https:\\\/\\\/www.facebook.com\\\/SweetDropCBD\",\"https:\\\/\\\/www.instagram.com\\\/sweetdropcbd\\\/\"],\"publishingPrinciples\":\"https:\\\/\\\/sweetdropcbd.com\\\/terms-conditions\\\/\",\"ownershipFundingInfo\":\"https:\\\/\\\/sweetdropcbd.com\\\/about-us\\\/\",\"address\":{\"@id\":\"https:\\\/\\\/sweetdropcbd.com\\\/lv\\\/produkts\\\/davanu-karte-sweet-drop-cbd\\\/#local-main-place-address\"},\"telephone\":[\"+37068683090\"],\"openingHoursSpecification\":{\"@type\":\"OpeningHoursSpecification\",\"dayOfWeek\":[\"Monday\",\"Tuesday\",\"Wednesday\",\"Thursday\",\"Friday\",\"Saturday\",\"Sunday\"],\"opens\":\"00:00\",\"closes\":\"23:59\"},\"email\":\"info@sweetdropcbd.com\",\"areaServed\":\"EU\"},{\"@type\":\"PostalAddress\",\"@id\":\"https:\\\/\\\/sweetdropcbd.com\\\/lv\\\/produkts\\\/davanu-karte-sweet-drop-cbd\\\/#local-main-place-address\",\"streetAddress\":\"Rusn\u0117s g. 31, \u0160aki\u0173 k., Kauno r. sav., Lietuva\",\"addressLocality\":\"Kaunas\",\"postalCode\":\"47412\",\"addressCountry\":\"LT\"},{\"@type\":\"ImageObject\",\"inLanguage\":\"lv-LV\",\"@id\":\"https:\\\/\\\/sweetdropcbd.com\\\/lv\\\/produkts\\\/davanu-karte-sweet-drop-cbd\\\/#local-main-organization-logo\",\"url\":\"https:\\\/\\\/sweetdropcbd.com\\\/wp-content\\\/uploads\\\/2023\\\/10\\\/Saldus-lasas-logotipas_H-EN.png\",\"contentUrl\":\"https:\\\/\\\/sweetdropcbd.com\\\/wp-content\\\/uploads\\\/2023\\\/10\\\/Saldus-lasas-logotipas_H-EN.png\",\"width\":206,\"height\":239,\"caption\":\"MB EBIGUS\"}]}<\/script>\n<meta property=\"product:price:amount\" content=\"25.00\" \/>\n<meta property=\"product:price:currency\" content=\"EUR\" \/>\n<meta property=\"og:availability\" content=\"instock\" \/>\n<meta property=\"product:availability\" content=\"instock\" \/>\n<meta property=\"product:condition\" content=\"new\" \/>\n<meta name=\"geo.placename\" content=\"Kaunas\" \/>\n<meta name=\"geo.region\" content=\"Lietuva\" \/>\n<!-- \/ Yoast SEO Premium plugin. -->","yoast_head_json":{"title":"Sweet Drop CBD d\u0101vanu karte (25\u2013200 \u20ac) | D\u0101vana labsaj\u016btai","description":"D\u0101vanu karte Sweet Drop CBD e-veikal\u0101 (25\u2013200 \u20ac). \u013bauj izv\u0113l\u0113ties kvalitat\u012bvus CBD produktus labsaj\u016btas un ikdienas pa\u0161apr\u016bpes rut\u012bnai.","robots":{"index":"index","follow":"follow","max-snippet":"max-snippet:-1","max-image-preview":"max-image-preview:large","max-video-preview":"max-video-preview:-1"},"canonical":"https:\/\/sweetdropcbd.com\/lv\/produkts\/davanu-karte-sweet-drop-cbd\/","og_locale":"lv_LV","og_type":"article","og_title":"D\u0101vanu karte Sweet Drop CBD","og_description":"D\u0101vanu karte Sweet Drop CBD e-veikal\u0101 (25\u2013200 \u20ac). \u013bauj izv\u0113l\u0113ties kvalitat\u012bvus CBD produktus labsaj\u016btas un ikdienas pa\u0161apr\u016bpes rut\u012bnai.","og_url":"https:\/\/sweetdropcbd.com\/lv\/produkts\/davanu-karte-sweet-drop-cbd\/","og_site_name":"Sweet Drop CBD","article_publisher":"https:\/\/www.facebook.com\/SweetDropCBD","article_modified_time":"2026-02-13T16:50:43+00:00","og_image":[{"width":1280,"height":1280,"url":"https:\/\/sweetdropcbd.com\/wp-content\/uploads\/2023\/10\/Gift-Card-Sweet-Drop-CBD.png","type":"image\/png"}],"schema":{"@context":"https:\/\/schema.org","@graph":[{"@type":"WebPage","@id":"https:\/\/sweetdropcbd.com\/lv\/produkts\/davanu-karte-sweet-drop-cbd\/","url":"https:\/\/sweetdropcbd.com\/lv\/produkts\/davanu-karte-sweet-drop-cbd\/","name":"Sweet Drop CBD d\u0101vanu karte (25\u2013200 \u20ac) | D\u0101vana labsaj\u016btai","isPartOf":{"@id":"https:\/\/sweetdropcbd.com\/lv\/#website"},"primaryImageOfPage":{"@id":"https:\/\/sweetdropcbd.com\/lv\/produkts\/davanu-karte-sweet-drop-cbd\/#primaryimage"},"image":{"@id":"https:\/\/sweetdropcbd.com\/lv\/produkts\/davanu-karte-sweet-drop-cbd\/#primaryimage"},"thumbnailUrl":"https:\/\/sweetdropcbd.com\/wp-content\/uploads\/2023\/10\/Gift-Card-Sweet-Drop-CBD.png","datePublished":"2023-10-06T05:39:17+00:00","dateModified":"2026-02-13T16:50:43+00:00","description":"D\u0101vanu karte Sweet Drop CBD e-veikal\u0101 (25\u2013200 \u20ac). \u013bauj izv\u0113l\u0113ties kvalitat\u012bvus CBD produktus labsaj\u016btas un ikdienas pa\u0161apr\u016bpes rut\u012bnai.","breadcrumb":{"@id":"https:\/\/sweetdropcbd.com\/lv\/produkts\/davanu-karte-sweet-drop-cbd\/#breadcrumb"},"inLanguage":"lv-LV","potentialAction":[{"@type":"ReadAction","target":["https:\/\/sweetdropcbd.com\/lv\/produkts\/davanu-karte-sweet-drop-cbd\/"]}]},{"@type":"ImageObject","inLanguage":"lv-LV","@id":"https:\/\/sweetdropcbd.com\/lv\/produkts\/davanu-karte-sweet-drop-cbd\/#primaryimage","url":"https:\/\/sweetdropcbd.com\/wp-content\/uploads\/2023\/10\/Gift-Card-Sweet-Drop-CBD.png","contentUrl":"https:\/\/sweetdropcbd.com\/wp-content\/uploads\/2023\/10\/Gift-Card-Sweet-Drop-CBD.png","width":1280,"height":1280},{"@type":"BreadcrumbList","@id":"https:\/\/sweetdropcbd.com\/lv\/produkts\/davanu-karte-sweet-drop-cbd\/#breadcrumb","itemListElement":[{"@type":"ListItem","position":1,"name":"S\u0101kums","item":"https:\/\/sweetdropcbd.com\/lv\/sweet-drop-cbd\/"},{"@type":"ListItem","position":2,"name":"M\u016bsu CBD veikals","item":"https:\/\/sweetdropcbd.com\/lv\/musu-cbd-veikals\/"},{"@type":"ListItem","position":3,"name":"D\u0101vanu karte Sweet Drop CBD"}]},{"@type":"WebSite","@id":"https:\/\/sweetdropcbd.com\/lv\/#website","url":"https:\/\/sweetdropcbd.com\/lv\/","name":"Sweet Drop CBD","description":"Sweet Drop CBD","publisher":{"@id":"https:\/\/sweetdropcbd.com\/lv\/#organization"},"alternateName":"Sweet Drop CBD oil","potentialAction":[{"@type":"SearchAction","target":{"@type":"EntryPoint","urlTemplate":"https:\/\/sweetdropcbd.com\/lv\/?s={search_term_string}"},"query-input":{"@type":"PropertyValueSpecification","valueRequired":true,"valueName":"search_term_string"}}],"inLanguage":"lv-LV"},{"@type":["Organization","Place","HealthAndBeautyBusiness"],"@id":"https:\/\/sweetdropcbd.com\/lv\/#organization","name":"MB EBIGUS","alternateName":"Sweet Drop CBD","url":"https:\/\/sweetdropcbd.com\/lv\/","logo":{"@id":"https:\/\/sweetdropcbd.com\/lv\/produkts\/davanu-karte-sweet-drop-cbd\/#local-main-organization-logo"},"image":{"@id":"https:\/\/sweetdropcbd.com\/lv\/produkts\/davanu-karte-sweet-drop-cbd\/#local-main-organization-logo"},"sameAs":["https:\/\/www.facebook.com\/SweetDropCBD","https:\/\/www.instagram.com\/sweetdropcbd\/"],"publishingPrinciples":"https:\/\/sweetdropcbd.com\/terms-conditions\/","ownershipFundingInfo":"https:\/\/sweetdropcbd.com\/about-us\/","address":{"@id":"https:\/\/sweetdropcbd.com\/lv\/produkts\/davanu-karte-sweet-drop-cbd\/#local-main-place-address"},"telephone":["+37068683090"],"openingHoursSpecification":{"@type":"OpeningHoursSpecification","dayOfWeek":["Monday","Tuesday","Wednesday","Thursday","Friday","Saturday","Sunday"],"opens":"00:00","closes":"23:59"},"email":"info@sweetdropcbd.com","areaServed":"EU"},{"@type":"PostalAddress","@id":"https:\/\/sweetdropcbd.com\/lv\/produkts\/davanu-karte-sweet-drop-cbd\/#local-main-place-address","streetAddress":"Rusn\u0117s g. 31, \u0160aki\u0173 k., Kauno r. sav., Lietuva","addressLocality":"Kaunas","postalCode":"47412","addressCountry":"LT"},{"@type":"ImageObject","inLanguage":"lv-LV","@id":"https:\/\/sweetdropcbd.com\/lv\/produkts\/davanu-karte-sweet-drop-cbd\/#local-main-organization-logo","url":"https:\/\/sweetdropcbd.com\/wp-content\/uploads\/2023\/10\/Saldus-lasas-logotipas_H-EN.png","contentUrl":"https:\/\/sweetdropcbd.com\/wp-content\/uploads\/2023\/10\/Saldus-lasas-logotipas_H-EN.png","width":206,"height":239,"caption":"MB EBIGUS"}]},"product_price_amount":"25.00","product_price_currency":"EUR","og_availability":"instock","product_availability":"instock","product_condition":"new","geo.placename":"Kaunas","geo.region":"Lietuva"},"_links":{"self":[{"href":"https:\/\/sweetdropcbd.com\/lv\/wp-json\/wp\/v2\/product\/2451","targetHints":{"allow":["GET"]}}],"collection":[{"href":"https:\/\/sweetdropcbd.com\/lv\/wp-json\/wp\/v2\/product"}],"about":[{"href":"https:\/\/sweetdropcbd.com\/lv\/wp-json\/wp\/v2\/types\/product"}],"replies":[{"embeddable":true,"href":"https:\/\/sweetdropcbd.com\/lv\/wp-json\/wp\/v2\/comments?post=2451"}],"wp:featuredmedia":[{"embeddable":true,"href":"https:\/\/sweetdropcbd.com\/lv\/wp-json\/wp\/v2\/media\/2450"}],"wp:attachment":[{"href":"https:\/\/sweetdropcbd.com\/lv\/wp-json\/wp\/v2\/media?parent=2451"}],"wp:term":[{"taxonomy":"product_brand","embeddable":true,"href":"https:\/\/sweetdropcbd.com\/lv\/wp-json\/wp\/v2\/product_brand?post=2451"},{"taxonomy":"product_cat","embeddable":true,"href":"https:\/\/sweetdropcbd.com\/lv\/wp-json\/wp\/v2\/product_cat?post=2451"},{"taxonomy":"product_tag","embeddable":true,"href":"https:\/\/sweetdropcbd.com\/lv\/wp-json\/wp\/v2\/product_tag?post=2451"}],"curies":[{"name":"wp","href":"https:\/\/api.w.org\/{rel}","templated":true}]}}