{"id":2476,"date":"2023-09-05T08:29:00","date_gmt":"2023-09-05T05:29:00","guid":{"rendered":"https:\/\/sweetdropcbd.com\/product\/sweet-drop-20-cbd-ella-2000-mg-10ml\/"},"modified":"2026-02-13T18:56:18","modified_gmt":"2026-02-13T16:56:18","slug":"sweet-drop-20-cbd-ella-2000-mg-10ml","status":"publish","type":"product","link":"https:\/\/sweetdropcbd.com\/lv\/produkts\/sweet-drop-20-cbd-ella-2000-mg-10ml\/","title":{"rendered":"Sweet Drop 20% CBD e\u013c\u013ca 2000 mg 10ml"},"content":{"rendered":"<p>\u0160is produkts ir izgatavots no <a href=\"https:\/\/sweetdropcbd.com\/lv\/\">augst\u0101k\u0101s kvalit\u0101tes CBD<\/a> un citiem savienojumiem, kas atrodami ka\u0146epju \u0161\u0137iedr\u0101.<br \/>\nDab\u012bgie fitokanabino\u012bdi, terp\u0113ni, flavono\u012bdi, neaizvietojam\u0101s tauksk\u0101bes, antioksidanti, olbaltumvielas, \u0161\u0137iedrvielas, tauksk\u0101bes un neaizvietojamie vitam\u012bni darbojas kop\u0101, lai rad\u012btu visaptvero\u0161u iedarb\u012bbu.<br \/>\nT\u0101 k\u0101 visi galvenie un maz\u0101k svar\u012bgie kanabino\u012bdi un terp\u0113ni mijiedarbojas sav\u0101 starp\u0101, p\u0113t\u012bjumi liecina, ka lietot\u0101js var izjust liel\u0101ku pozit\u012bvo ietekmi nek\u0101 lietojot tikai t\u012bru <a href=\"https:\/\/sweetdropcbd.com\/lv\/product\/sweet-drop-15-cbd-ella-1500-mg-10ml\/\">CBD<\/a>.<\/p>\n<p><b>Inform\u0101cija par produktu un sast\u0101vs:<\/b><\/p>\n<ul>\n<li aria-level=\"1\">10 ml pudele ar 2000 mg <a href=\"https:\/\/sweetdropcbd.com\/lv\/\">CBD<\/a> (20% stiprums).<\/li>\n<li aria-level=\"1\"><b>200 pilieni ar 10,0 mg CBD katr\u0101.<\/b><\/li>\n<li aria-level=\"1\">Vair\u0101k nek\u0101 30 dienu porcijas.<\/li>\n<li aria-level=\"1\">Garant\u0113ts CBD saturs \u2013 katra partija tiek p\u0101rbaud\u012bta sertific\u0113t\u0101 laboratorij\u0101.<\/li>\n<li aria-level=\"1\">Satur: CBD (kanabidiols), ka\u0146epju s\u0113klu e\u013c\u013ca, bag\u0101ta ar labv\u0113l\u012bgaj\u0101m omega-3, omega-6 tauksk\u0101b\u0113m un E vitam\u012bnu.<\/li>\n<li aria-level=\"1\">Psihotrop\u0101 viela THC ir iz\u0146emta.<\/li>\n<li aria-level=\"1\">Pilna spektra (bez THC), t\u0101p\u0113c satur ar\u012b citus vesel\u012bbai labv\u0113l\u012bgus kanabino\u012bdus, kas atrodami ka\u0146epju \u0161\u0137iedr\u0101 (CBDA, CBG, CBGA, CBC, CBV), terp\u0113nus (mirc\u0113nu, limon\u0113nu, pin\u0113nu, humul\u0113nu), flavono\u012bdus (apigen\u012bnu, kvercet\u012bnu, kanaflav\u012bnu) u. c.<\/li>\n<li aria-level=\"1\">Ka\u0146epju \u0161\u0137iedras lapas tiek pres\u0113tas, izmantojot dro\u0161u superkritisko CO2 ekstrakcijas tehnolo\u0123iju kosm\u0113tikas un farm\u0101cijas GMP sertific\u0113t\u0101 laboratorij\u0101.<\/li>\n<li aria-level=\"1\">Izgatavots no augst\u0101k\u0101s kvalit\u0101tes ka\u0146epju \u0161\u0137iedras, kas audz\u0113ta biolo\u0123isk\u0101s saimniec\u012bb\u0101s un nesatur pestic\u012bdus.<\/li>\n<li aria-level=\"1\">Piem\u0113rots ar\u012b veg\u0101niem.<\/li>\n<\/ul>\n<p>&nbsp;<\/p>\n<p><b>Sast\u0101vda\u013cas<\/b>: Pilna spektra (iz\u0146emot THC) organisk\u0101 ka\u0146epju e\u013c\u013ca (<a href=\"https:\/\/sweetdropcbd.com\/lv\/product\/sweet-drop-5-cbd-ella-500-mg-10ml\/\"><b>2000 mg CBD<\/b><\/a>, CBG, CBC un citu nepsihoakt\u012bvo kanabino\u012bdu, terp\u0113nu, flavono\u012bdu, 0 mg THC), organisk\u0101 ka\u0146epju s\u0113klu e\u013c\u013ca (1,2 g omega-3; 4 g omega-6; 9 mg E vitam\u012bna).<\/p>\n<p>Uzglab\u0101t tum\u0161\u0101, v\u0113s\u0101, b\u0113rniem nepieejam\u0101 viet\u0101.<br \/>\nJa pa\u0161laik lietojat medikamentus vai esat gr\u016btniece, pirms <a href=\"https:\/\/sweetdropcbd.com\/lv\/\">lieto\u0161anas<\/a> j\u0101konsult\u0113jas ar \u0101rstu.<\/p>\n<p>Ra\u017eots Eiropas Savien\u012bb\u0101. Produkti tiek ra\u017eoti sertific\u0113t\u0101 ra\u017eo\u0161an\u0101 ar kosm\u0113tikas GMP (ISO22716:2007), p\u0101rtikas (ISO22000:2018) un farm\u0101cijas (Pharmaceutical GMP) sertifik\u0101tiem.<\/p>\n<p>Lieto\u0161ana:<\/p>\n<ul>\n<li aria-level=\"1\">Ieteicamais daudzums: Ieteicamais daudzums: 3-4 pilieni 2 reizes dien\u0101.<\/li>\n<li aria-level=\"1\">Uzkl\u0101jiet t\u012bru uz v\u0113lam\u0101s \u0137erme\u0146a da\u013cas un turiet vismaz 1-2 min\u016btes.<\/li>\n<li aria-level=\"1\">Izvair\u012bties no saskares ar ac\u012bm.<\/li>\n<li aria-level=\"1\">Ja nepiecie\u0161ams, pak\u0101peniski palieliniet pilienu daudzumu. Tom\u0113r nep\u0101rsniedziet vair\u0101k par 200 mg <a href=\"https:\/\/sweetdropcbd.com\/lv\/\">CBD<\/a> dien\u0101.<\/li>\n<li aria-level=\"1\">Tikai \u0101r\u0113jai <a href=\"https:\/\/sweetdropcbd.com\/lv\/\">lieto\u0161anai<\/a>.<\/li>\n<\/ul>\n<p>CBD daudzums dien\u0101 ir atkar\u012bgs no daudziem faktoriem, piem\u0113ram, no organisma st\u0101vok\u013ca, v\u0113lam\u0101 efekta vai CBD koncentr\u0101cijas <a href=\"https:\/\/sweetdropcbd.com\/lv\/\">lietotaj\u0101<\/a> produkt\u0101.<\/p>\n<p>Piem\u0113rots visiem \u0101das tipiem.<\/p>\n<p><span style=\"font-size: 75%;\">Produkta izskats var nedaudz at\u0161\u0137irties no fotoatt\u0113l\u0101 redzam\u0101. Interneta veikal\u0101 nor\u0101d\u012bt\u0101s pre\u010du cenas var at\u0161\u0137irties no cen\u0101m izplat\u012b\u0161anas viet\u0101s. <\/span><\/p>\n","protected":false},"excerpt":{"rendered":"<p><strong>Maigs piliens miers.<\/strong><\/p>\n<p><a href=\"https:\/\/sweetdropcbd.com\/lv\/product\/sweet-drop-15-cbd-ella-1500-mg-10ml\/\">CBD<\/a> ka\u0146epju e\u013c\u013ca Sweet Drop 20% (2000 mg.), dab\u012bga, 10 ml.<br \/>\nAtp\u016btas tr\u016bkums, ilgsto\u0161s stress vai slim\u012bba pat visener\u0123isk\u0101kajam cilv\u0113kam var likt justies noguru\u0161am un nemier\u012bgam.<br \/>\nPalutiniet savu \u0137ermeni ar piln\u0101 spektra ka\u0146epju e\u013c\u013cu Sweet Drop CBD 20% \u2013 miers.<br \/>\n<a href=\"https:\/\/sweetdropcbd.com\/lv\/product\/sweet-drop-15-cbd-ella-1500-mg-10ml\/\">Sweet Drop<\/a> 20% CBD ka\u0146epju e\u013c\u013ca ir piem\u0113rota ies\u0101c\u0113jiem.<\/p>\n","protected":false},"featured_media":2360,"comment_status":"closed","ping_status":"closed","template":"","meta":[],"product_brand":[666],"product_cat":[648,647],"product_tag":[650,652,651,653],"class_list":{"0":"post-2476","1":"product","2":"type-product","3":"status-publish","4":"has-post-thumbnail","6":"product_brand-sweet-drop-cbd","7":"product_cat-cbd-ellas","8":"product_cat-visi-produkti","9":"product_tag-cbd","10":"product_tag-cbd-ella","11":"product_tag-cbd-kanepju-ella","12":"product_tag-sweetdropcbd","14":"first","15":"instock","16":"sale","17":"taxable","18":"shipping-taxable","19":"purchasable","20":"product-type-simple"},"yoast_head":"<!-- This site is optimized with the Yoast SEO Premium plugin v27.4 (Yoast SEO v27.4) - https:\/\/yoast.com\/product\/yoast-seo-premium-wordpress\/ -->\n<title>CBD e\u013c\u013ca 20% (2000 mg) 10 ml \u2013 Pilna spektra bez THC<\/title>\n<meta name=\"description\" content=\"Pilna spektra CBD e\u013c\u013ca 20% (2000 mg) 10 ml, bez THC. CO2 ekstrakcija, laboratoriski p\u0101rbaud\u012bta katra partija. 200 pilieni, ~30+ dien\u0101m.\" \/>\n<meta name=\"robots\" content=\"index, follow, max-snippet:-1, max-image-preview:large, max-video-preview:-1\" \/>\n<link rel=\"canonical\" href=\"https:\/\/sweetdropcbd.com\/lv\/produkts\/sweet-drop-20-cbd-ella-2000-mg-10ml\/\" \/>\n<meta property=\"og:locale\" content=\"lv_LV\" \/>\n<meta property=\"og:type\" content=\"article\" \/>\n<meta property=\"og:title\" content=\"CBD e\u013c\u013ca 20% (2000 mg) 10 ml \u2013 Pilna spektra bez THC\" \/>\n<meta property=\"og:description\" content=\"Atp\u016btas tr\u016bkums, ilgsto\u0161s stress vai slim\u012bba pat visener\u0123isk\u0101kajam cilv\u0113kam var rad\u012bt nogurumu un trauksmi. Palutiniet savu \u0137ermeni ar Sweet Drop CBD 20% piln\u0101 spektra ka\u0146epju e\u013c\u013cu - dv\u0113seles mieru. Sweet Drop 20% CBD ka\u0146epju e\u013c\u013ca ir piem\u0113rota ies\u0101c\u0113jiem.\" \/>\n<meta property=\"og:url\" content=\"https:\/\/sweetdropcbd.com\/lv\/produkts\/sweet-drop-20-cbd-ella-2000-mg-10ml\/\" \/>\n<meta property=\"og:site_name\" content=\"Sweet Drop CBD\" \/>\n<meta property=\"article:publisher\" content=\"https:\/\/www.facebook.com\/SweetDropCBD\" \/>\n<meta property=\"article:modified_time\" content=\"2026-02-13T16:56:18+00:00\" \/>\n<meta property=\"og:image\" content=\"https:\/\/sweetdropcbd.com\/wp-content\/uploads\/2023\/09\/Sweet-Drop-20_-CBD-Oil-2000-mg-10ml-Right-cropped.jpg\" \/>\n\t<meta property=\"og:image:width\" content=\"1400\" \/>\n\t<meta property=\"og:image:height\" content=\"1400\" \/>\n\t<meta property=\"og:image:type\" content=\"image\/jpeg\" \/>\n<script type=\"application\/ld+json\" class=\"yoast-schema-graph\">{\"@context\":\"https:\\\/\\\/schema.org\",\"@graph\":[{\"@type\":\"WebPage\",\"@id\":\"https:\\\/\\\/sweetdropcbd.com\\\/lv\\\/produkts\\\/sweet-drop-20-cbd-ella-2000-mg-10ml\\\/\",\"url\":\"https:\\\/\\\/sweetdropcbd.com\\\/lv\\\/produkts\\\/sweet-drop-20-cbd-ella-2000-mg-10ml\\\/\",\"name\":\"CBD e\u013c\u013ca 20% (2000 mg) 10 ml \u2013 Pilna spektra bez THC\",\"isPartOf\":{\"@id\":\"https:\\\/\\\/sweetdropcbd.com\\\/lv\\\/#website\"},\"primaryImageOfPage\":{\"@id\":\"https:\\\/\\\/sweetdropcbd.com\\\/lv\\\/produkts\\\/sweet-drop-20-cbd-ella-2000-mg-10ml\\\/#primaryimage\"},\"image\":{\"@id\":\"https:\\\/\\\/sweetdropcbd.com\\\/lv\\\/produkts\\\/sweet-drop-20-cbd-ella-2000-mg-10ml\\\/#primaryimage\"},\"thumbnailUrl\":\"https:\\\/\\\/sweetdropcbd.com\\\/wp-content\\\/uploads\\\/2023\\\/09\\\/Sweet-Drop-20_-CBD-Oil-2000-mg-10ml-Right-cropped.jpg\",\"datePublished\":\"2023-09-05T05:29:00+00:00\",\"dateModified\":\"2026-02-13T16:56:18+00:00\",\"description\":\"Pilna spektra CBD e\u013c\u013ca 20% (2000 mg) 10 ml, bez THC. CO2 ekstrakcija, laboratoriski p\u0101rbaud\u012bta katra partija. 200 pilieni, ~30+ dien\u0101m.\",\"breadcrumb\":{\"@id\":\"https:\\\/\\\/sweetdropcbd.com\\\/lv\\\/produkts\\\/sweet-drop-20-cbd-ella-2000-mg-10ml\\\/#breadcrumb\"},\"inLanguage\":\"lv-LV\",\"potentialAction\":[{\"@type\":\"ReadAction\",\"target\":[\"https:\\\/\\\/sweetdropcbd.com\\\/lv\\\/produkts\\\/sweet-drop-20-cbd-ella-2000-mg-10ml\\\/\"]}]},{\"@type\":\"ImageObject\",\"inLanguage\":\"lv-LV\",\"@id\":\"https:\\\/\\\/sweetdropcbd.com\\\/lv\\\/produkts\\\/sweet-drop-20-cbd-ella-2000-mg-10ml\\\/#primaryimage\",\"url\":\"https:\\\/\\\/sweetdropcbd.com\\\/wp-content\\\/uploads\\\/2023\\\/09\\\/Sweet-Drop-20_-CBD-Oil-2000-mg-10ml-Right-cropped.jpg\",\"contentUrl\":\"https:\\\/\\\/sweetdropcbd.com\\\/wp-content\\\/uploads\\\/2023\\\/09\\\/Sweet-Drop-20_-CBD-Oil-2000-mg-10ml-Right-cropped.jpg\",\"width\":1400,\"height\":1400},{\"@type\":\"BreadcrumbList\",\"@id\":\"https:\\\/\\\/sweetdropcbd.com\\\/lv\\\/produkts\\\/sweet-drop-20-cbd-ella-2000-mg-10ml\\\/#breadcrumb\",\"itemListElement\":[{\"@type\":\"ListItem\",\"position\":1,\"name\":\"S\u0101kums\",\"item\":\"https:\\\/\\\/sweetdropcbd.com\\\/lv\\\/sweet-drop-cbd\\\/\"},{\"@type\":\"ListItem\",\"position\":2,\"name\":\"M\u016bsu CBD veikals\",\"item\":\"https:\\\/\\\/sweetdropcbd.com\\\/lv\\\/musu-cbd-veikals\\\/\"},{\"@type\":\"ListItem\",\"position\":3,\"name\":\"Sweet Drop 20% CBD e\u013c\u013ca 2000 mg 10ml\"}]},{\"@type\":\"WebSite\",\"@id\":\"https:\\\/\\\/sweetdropcbd.com\\\/lv\\\/#website\",\"url\":\"https:\\\/\\\/sweetdropcbd.com\\\/lv\\\/\",\"name\":\"Sweet Drop CBD\",\"description\":\"Sweet Drop CBD\",\"publisher\":{\"@id\":\"https:\\\/\\\/sweetdropcbd.com\\\/lv\\\/#organization\"},\"alternateName\":\"Sweet Drop CBD oil\",\"potentialAction\":[{\"@type\":\"SearchAction\",\"target\":{\"@type\":\"EntryPoint\",\"urlTemplate\":\"https:\\\/\\\/sweetdropcbd.com\\\/lv\\\/?s={search_term_string}\"},\"query-input\":{\"@type\":\"PropertyValueSpecification\",\"valueRequired\":true,\"valueName\":\"search_term_string\"}}],\"inLanguage\":\"lv-LV\"},{\"@type\":[\"Organization\",\"Place\",\"HealthAndBeautyBusiness\"],\"@id\":\"https:\\\/\\\/sweetdropcbd.com\\\/lv\\\/#organization\",\"name\":\"MB EBIGUS\",\"alternateName\":\"Sweet Drop CBD\",\"url\":\"https:\\\/\\\/sweetdropcbd.com\\\/lv\\\/\",\"logo\":{\"@id\":\"https:\\\/\\\/sweetdropcbd.com\\\/lv\\\/produkts\\\/sweet-drop-20-cbd-ella-2000-mg-10ml\\\/#local-main-organization-logo\"},\"image\":{\"@id\":\"https:\\\/\\\/sweetdropcbd.com\\\/lv\\\/produkts\\\/sweet-drop-20-cbd-ella-2000-mg-10ml\\\/#local-main-organization-logo\"},\"sameAs\":[\"https:\\\/\\\/www.facebook.com\\\/SweetDropCBD\",\"https:\\\/\\\/www.instagram.com\\\/sweetdropcbd\\\/\"],\"publishingPrinciples\":\"https:\\\/\\\/sweetdropcbd.com\\\/terms-conditions\\\/\",\"ownershipFundingInfo\":\"https:\\\/\\\/sweetdropcbd.com\\\/about-us\\\/\",\"address\":{\"@id\":\"https:\\\/\\\/sweetdropcbd.com\\\/lv\\\/produkts\\\/sweet-drop-20-cbd-ella-2000-mg-10ml\\\/#local-main-place-address\"},\"telephone\":[\"+37068683090\"],\"openingHoursSpecification\":{\"@type\":\"OpeningHoursSpecification\",\"dayOfWeek\":[\"Monday\",\"Tuesday\",\"Wednesday\",\"Thursday\",\"Friday\",\"Saturday\",\"Sunday\"],\"opens\":\"00:00\",\"closes\":\"23:59\"},\"email\":\"info@sweetdropcbd.com\",\"areaServed\":\"EU\"},{\"@type\":\"PostalAddress\",\"@id\":\"https:\\\/\\\/sweetdropcbd.com\\\/lv\\\/produkts\\\/sweet-drop-20-cbd-ella-2000-mg-10ml\\\/#local-main-place-address\",\"streetAddress\":\"Rusn\u0117s g. 31, \u0160aki\u0173 k., Kauno r. sav., Lietuva\",\"addressLocality\":\"Kaunas\",\"postalCode\":\"47412\",\"addressCountry\":\"LT\"},{\"@type\":\"ImageObject\",\"inLanguage\":\"lv-LV\",\"@id\":\"https:\\\/\\\/sweetdropcbd.com\\\/lv\\\/produkts\\\/sweet-drop-20-cbd-ella-2000-mg-10ml\\\/#local-main-organization-logo\",\"url\":\"https:\\\/\\\/sweetdropcbd.com\\\/wp-content\\\/uploads\\\/2023\\\/10\\\/Saldus-lasas-logotipas_H-EN.png\",\"contentUrl\":\"https:\\\/\\\/sweetdropcbd.com\\\/wp-content\\\/uploads\\\/2023\\\/10\\\/Saldus-lasas-logotipas_H-EN.png\",\"width\":206,\"height\":239,\"caption\":\"MB EBIGUS\"}]}<\/script>\n<meta property=\"product:price:amount\" content=\"47.20\" \/>\n<meta property=\"product:price:currency\" content=\"EUR\" \/>\n<meta property=\"og:availability\" content=\"instock\" \/>\n<meta property=\"product:availability\" content=\"instock\" \/>\n<meta property=\"product:retailer_item_id\" content=\"4777000029640\" \/>\n<meta property=\"product:condition\" content=\"new\" \/>\n<meta name=\"geo.placename\" content=\"Kaunas\" \/>\n<meta name=\"geo.region\" content=\"Lietuva\" \/>\n<!-- \/ Yoast SEO Premium plugin. -->","yoast_head_json":{"title":"CBD e\u013c\u013ca 20% (2000 mg) 10 ml \u2013 Pilna spektra bez THC","description":"Pilna spektra CBD e\u013c\u013ca 20% (2000 mg) 10 ml, bez THC. CO2 ekstrakcija, laboratoriski p\u0101rbaud\u012bta katra partija. 200 pilieni, ~30+ dien\u0101m.","robots":{"index":"index","follow":"follow","max-snippet":"max-snippet:-1","max-image-preview":"max-image-preview:large","max-video-preview":"max-video-preview:-1"},"canonical":"https:\/\/sweetdropcbd.com\/lv\/produkts\/sweet-drop-20-cbd-ella-2000-mg-10ml\/","og_locale":"lv_LV","og_type":"article","og_title":"CBD e\u013c\u013ca 20% (2000 mg) 10 ml \u2013 Pilna spektra bez THC","og_description":"Atp\u016btas tr\u016bkums, ilgsto\u0161s stress vai slim\u012bba pat visener\u0123isk\u0101kajam cilv\u0113kam var rad\u012bt nogurumu un trauksmi. Palutiniet savu \u0137ermeni ar Sweet Drop CBD 20% piln\u0101 spektra ka\u0146epju e\u013c\u013cu - dv\u0113seles mieru. Sweet Drop 20% CBD ka\u0146epju e\u013c\u013ca ir piem\u0113rota ies\u0101c\u0113jiem.","og_url":"https:\/\/sweetdropcbd.com\/lv\/produkts\/sweet-drop-20-cbd-ella-2000-mg-10ml\/","og_site_name":"Sweet Drop CBD","article_publisher":"https:\/\/www.facebook.com\/SweetDropCBD","article_modified_time":"2026-02-13T16:56:18+00:00","og_image":[{"width":1400,"height":1400,"url":"https:\/\/sweetdropcbd.com\/wp-content\/uploads\/2023\/09\/Sweet-Drop-20_-CBD-Oil-2000-mg-10ml-Right-cropped.jpg","type":"image\/jpeg"}],"schema":{"@context":"https:\/\/schema.org","@graph":[{"@type":"WebPage","@id":"https:\/\/sweetdropcbd.com\/lv\/produkts\/sweet-drop-20-cbd-ella-2000-mg-10ml\/","url":"https:\/\/sweetdropcbd.com\/lv\/produkts\/sweet-drop-20-cbd-ella-2000-mg-10ml\/","name":"CBD e\u013c\u013ca 20% (2000 mg) 10 ml \u2013 Pilna spektra bez THC","isPartOf":{"@id":"https:\/\/sweetdropcbd.com\/lv\/#website"},"primaryImageOfPage":{"@id":"https:\/\/sweetdropcbd.com\/lv\/produkts\/sweet-drop-20-cbd-ella-2000-mg-10ml\/#primaryimage"},"image":{"@id":"https:\/\/sweetdropcbd.com\/lv\/produkts\/sweet-drop-20-cbd-ella-2000-mg-10ml\/#primaryimage"},"thumbnailUrl":"https:\/\/sweetdropcbd.com\/wp-content\/uploads\/2023\/09\/Sweet-Drop-20_-CBD-Oil-2000-mg-10ml-Right-cropped.jpg","datePublished":"2023-09-05T05:29:00+00:00","dateModified":"2026-02-13T16:56:18+00:00","description":"Pilna spektra CBD e\u013c\u013ca 20% (2000 mg) 10 ml, bez THC. CO2 ekstrakcija, laboratoriski p\u0101rbaud\u012bta katra partija. 200 pilieni, ~30+ dien\u0101m.","breadcrumb":{"@id":"https:\/\/sweetdropcbd.com\/lv\/produkts\/sweet-drop-20-cbd-ella-2000-mg-10ml\/#breadcrumb"},"inLanguage":"lv-LV","potentialAction":[{"@type":"ReadAction","target":["https:\/\/sweetdropcbd.com\/lv\/produkts\/sweet-drop-20-cbd-ella-2000-mg-10ml\/"]}]},{"@type":"ImageObject","inLanguage":"lv-LV","@id":"https:\/\/sweetdropcbd.com\/lv\/produkts\/sweet-drop-20-cbd-ella-2000-mg-10ml\/#primaryimage","url":"https:\/\/sweetdropcbd.com\/wp-content\/uploads\/2023\/09\/Sweet-Drop-20_-CBD-Oil-2000-mg-10ml-Right-cropped.jpg","contentUrl":"https:\/\/sweetdropcbd.com\/wp-content\/uploads\/2023\/09\/Sweet-Drop-20_-CBD-Oil-2000-mg-10ml-Right-cropped.jpg","width":1400,"height":1400},{"@type":"BreadcrumbList","@id":"https:\/\/sweetdropcbd.com\/lv\/produkts\/sweet-drop-20-cbd-ella-2000-mg-10ml\/#breadcrumb","itemListElement":[{"@type":"ListItem","position":1,"name":"S\u0101kums","item":"https:\/\/sweetdropcbd.com\/lv\/sweet-drop-cbd\/"},{"@type":"ListItem","position":2,"name":"M\u016bsu CBD veikals","item":"https:\/\/sweetdropcbd.com\/lv\/musu-cbd-veikals\/"},{"@type":"ListItem","position":3,"name":"Sweet Drop 20% CBD e\u013c\u013ca 2000 mg 10ml"}]},{"@type":"WebSite","@id":"https:\/\/sweetdropcbd.com\/lv\/#website","url":"https:\/\/sweetdropcbd.com\/lv\/","name":"Sweet Drop CBD","description":"Sweet Drop CBD","publisher":{"@id":"https:\/\/sweetdropcbd.com\/lv\/#organization"},"alternateName":"Sweet Drop CBD oil","potentialAction":[{"@type":"SearchAction","target":{"@type":"EntryPoint","urlTemplate":"https:\/\/sweetdropcbd.com\/lv\/?s={search_term_string}"},"query-input":{"@type":"PropertyValueSpecification","valueRequired":true,"valueName":"search_term_string"}}],"inLanguage":"lv-LV"},{"@type":["Organization","Place","HealthAndBeautyBusiness"],"@id":"https:\/\/sweetdropcbd.com\/lv\/#organization","name":"MB EBIGUS","alternateName":"Sweet Drop CBD","url":"https:\/\/sweetdropcbd.com\/lv\/","logo":{"@id":"https:\/\/sweetdropcbd.com\/lv\/produkts\/sweet-drop-20-cbd-ella-2000-mg-10ml\/#local-main-organization-logo"},"image":{"@id":"https:\/\/sweetdropcbd.com\/lv\/produkts\/sweet-drop-20-cbd-ella-2000-mg-10ml\/#local-main-organization-logo"},"sameAs":["https:\/\/www.facebook.com\/SweetDropCBD","https:\/\/www.instagram.com\/sweetdropcbd\/"],"publishingPrinciples":"https:\/\/sweetdropcbd.com\/terms-conditions\/","ownershipFundingInfo":"https:\/\/sweetdropcbd.com\/about-us\/","address":{"@id":"https:\/\/sweetdropcbd.com\/lv\/produkts\/sweet-drop-20-cbd-ella-2000-mg-10ml\/#local-main-place-address"},"telephone":["+37068683090"],"openingHoursSpecification":{"@type":"OpeningHoursSpecification","dayOfWeek":["Monday","Tuesday","Wednesday","Thursday","Friday","Saturday","Sunday"],"opens":"00:00","closes":"23:59"},"email":"info@sweetdropcbd.com","areaServed":"EU"},{"@type":"PostalAddress","@id":"https:\/\/sweetdropcbd.com\/lv\/produkts\/sweet-drop-20-cbd-ella-2000-mg-10ml\/#local-main-place-address","streetAddress":"Rusn\u0117s g. 31, \u0160aki\u0173 k., Kauno r. sav., Lietuva","addressLocality":"Kaunas","postalCode":"47412","addressCountry":"LT"},{"@type":"ImageObject","inLanguage":"lv-LV","@id":"https:\/\/sweetdropcbd.com\/lv\/produkts\/sweet-drop-20-cbd-ella-2000-mg-10ml\/#local-main-organization-logo","url":"https:\/\/sweetdropcbd.com\/wp-content\/uploads\/2023\/10\/Saldus-lasas-logotipas_H-EN.png","contentUrl":"https:\/\/sweetdropcbd.com\/wp-content\/uploads\/2023\/10\/Saldus-lasas-logotipas_H-EN.png","width":206,"height":239,"caption":"MB EBIGUS"}]},"product_price_amount":"47.20","product_price_currency":"EUR","og_availability":"instock","product_availability":"instock","product_retailer_item_id":"4777000029640","product_condition":"new","geo.placename":"Kaunas","geo.region":"Lietuva"},"_links":{"self":[{"href":"https:\/\/sweetdropcbd.com\/lv\/wp-json\/wp\/v2\/product\/2476","targetHints":{"allow":["GET"]}}],"collection":[{"href":"https:\/\/sweetdropcbd.com\/lv\/wp-json\/wp\/v2\/product"}],"about":[{"href":"https:\/\/sweetdropcbd.com\/lv\/wp-json\/wp\/v2\/types\/product"}],"replies":[{"embeddable":true,"href":"https:\/\/sweetdropcbd.com\/lv\/wp-json\/wp\/v2\/comments?post=2476"}],"wp:featuredmedia":[{"embeddable":true,"href":"https:\/\/sweetdropcbd.com\/lv\/wp-json\/wp\/v2\/media\/2360"}],"wp:attachment":[{"href":"https:\/\/sweetdropcbd.com\/lv\/wp-json\/wp\/v2\/media?parent=2476"}],"wp:term":[{"taxonomy":"product_brand","embeddable":true,"href":"https:\/\/sweetdropcbd.com\/lv\/wp-json\/wp\/v2\/product_brand?post=2476"},{"taxonomy":"product_cat","embeddable":true,"href":"https:\/\/sweetdropcbd.com\/lv\/wp-json\/wp\/v2\/product_cat?post=2476"},{"taxonomy":"product_tag","embeddable":true,"href":"https:\/\/sweetdropcbd.com\/lv\/wp-json\/wp\/v2\/product_tag?post=2476"}],"curies":[{"name":"wp","href":"https:\/\/api.w.org\/{rel}","templated":true}]}}