{"id":2508,"date":"2023-09-05T07:30:47","date_gmt":"2023-09-05T04:30:47","guid":{"rendered":"https:\/\/sweetdropcbd.com\/product\/sweet-drop-10-cbd-ella-1000-mg-10ml\/"},"modified":"2026-02-13T19:01:29","modified_gmt":"2026-02-13T17:01:29","slug":"sweet-drop-10-cbd-ella-1000-mg-10ml","status":"publish","type":"product","link":"https:\/\/sweetdropcbd.com\/lv\/produkts\/sweet-drop-10-cbd-ella-1000-mg-10ml\/","title":{"rendered":"Sweet Drop 10% CBD e\u013c\u013ca 1000 mg 10ml"},"content":{"rendered":"<p>\u0160is produkts ir izgatavots no augst\u0101k\u0101s kvalit\u0101tes <a href=\"https:\/\/sweetdropcbd.com\/lv\/product\/sweet-drop-15-cbd-ella-1500-mg-10ml\/\">CBD<\/a> un citiem ka\u0146epju \u0161\u0137iedras savienojumiem.<\/p>\n<p>Dabiskie fitokanabino\u012bdi, terp\u0113ni, flavono\u012bdi, neaizvietojam\u0101s tauksk\u0101bes, antioksidanti, olbaltumvielas, \u0161\u0137iedrvielas, tauksk\u0101bes un neaizvietojamie vitam\u012bni darbojas kop\u0101, lai pan\u0101ktu visaptvero\u0161u iedarb\u012bbu.<\/p>\n<p>T\u0101 k\u0101 visi galvenie un maz\u0101k svar\u012bgie kanabino\u012bdi un terp\u0113ni mijiedarbojas sav\u0101 starp\u0101, p\u0113t\u012bjumi liecina, ka lietot\u0101js var izjust liel\u0101ku pozit\u012bvo ietekmi nek\u0101 lietojot tikai t\u012bru <a href=\"https:\/\/sweetdropcbd.com\/lv\/product\/sweet-drop-15-cbd-ella-1500-mg-10ml\/\">CBD<\/a>.<\/p>\n<p><b>Inform\u0101cija par produktu un sast\u0101vs:<\/b><\/p>\n<ul>\n<li aria-level=\"1\">10 ml pudele ar 1000 mg <a href=\"https:\/\/sweetdropcbd.com\/lv\/product\/sweet-drop-5-cbd-ella-500-mg-10ml\/\">CBD<\/a> (10% stiprums).<\/li>\n<li aria-level=\"1\"><b>200 pilieni ar 5,0 mg <a href=\"https:\/\/sweetdropcbd.com\/lv\/product\/sweet-drop-5-cbd-ella-500-mg-10ml\/\">CBD<\/a> katr\u0101.<\/b><\/li>\n<li aria-level=\"1\">Vair\u0101k nek\u0101 30 dienu porcijas.<\/li>\n<li aria-level=\"1\">Garant\u0113ts <a href=\"https:\/\/sweetdropcbd.com\/lv\/product\/sweet-drop-5-cbd-ella-500-mg-10ml\/\">CBD<\/a> saturs \u2013 katra partija tiek p\u0101rbaud\u012bta sertific\u0113t\u0101 laboratorij\u0101.<\/li>\n<li aria-level=\"1\">Satur: <a href=\"https:\/\/sweetdropcbd.com\/lv\/\">CBD<\/a> (kanabidiols), ka\u0146epju s\u0113klu e\u013c\u013ca, bag\u0101ta ar labv\u0113l\u012bgaj\u0101m omega-3, omega-6 tauksk\u0101b\u0113m un E vitam\u012bnu.<\/li>\n<li aria-level=\"1\">Psihotrop\u0101 viela THC ir iz\u0146emta.<\/li>\n<li aria-level=\"1\">Pilna spektra (bez THC), t\u0101p\u0113c satur ar\u012b citus vesel\u012bbai labv\u0113l\u012bgus kanabino\u012bdus, kas atrodami ka\u0146epju \u0161\u0137iedr\u0101 (CBDA, CBG, CBGA, CBC, CBV), terp\u0113nus (mirc\u0113nu, limon\u0113nu, pin\u0113nu, humul\u0113nu), flavono\u012bdus (apigen\u012bnu, kvercet\u012bnu, kanaflav\u012bnu) u. c.<\/li>\n<li aria-level=\"1\">Ka\u0146epju \u0161\u0137iedras lapas tiek pres\u0113tas, izmantojot dro\u0161u superkritisko CO2 ekstrakcijas tehnolo\u0123iju kosm\u0113tikas un farm\u0101cijas GMP sertific\u0113t\u0101 laboratorij\u0101.<\/li>\n<li aria-level=\"1\">Izgatavots no augst\u0101k\u0101s kvalit\u0101tes ka\u0146epju \u0161\u0137iedras, kas audz\u0113ta biolo\u0123isk\u0101s saimniec\u012bb\u0101s un nesatur pestic\u012bdus.<\/li>\n<li aria-level=\"1\">Piem\u0113rots ar\u012b veg\u0101niem.<\/li>\n<\/ul>\n<p><b>Sast\u0101vda\u013cas:<\/b><\/p>\n<p>Pilna spektra (iz\u0146emot THC) organisk\u0101 ka\u0146epju e\u013c\u013ca<b>(1000 mg CBD<\/b>, atliku\u0161ie CBG, CBC un citu nepsihoakt\u012bvo kanabino\u012bdu, terp\u0113nu, flavono\u012bdu daudzumi, 0 mg THC), organisk\u0101 ka\u0146epju s\u0113klu e\u013c\u013ca (1,2 g omega-3; 4 g omega-6; 9 mg E vitam\u012bna).<\/p>\n<p>Uzglab\u0101t tum\u0161\u0101, v\u0113s\u0101, b\u0113rniem nepieejam\u0101 viet\u0101.Ja pa\u0161laik lietojat medikamentus vai esat gr\u016btniece, pirms lieto\u0161anas j\u0101konsult\u0113jas ar \u0101rstu.<\/p>\n<p>Ra\u017eots Eiropas Savien\u012bb\u0101. Produkti tiek ra\u017eoti sertific\u0113t\u0101 ra\u017eo\u0161an\u0101 ar kosm\u0113tikas GMP (ISO22716:2007), p\u0101rtikas (ISO22000:2018) un farm\u0101cijas (Pharmaceutical GMP) sertifik\u0101tiem.<\/p>\n<p><b>Lieto\u0161ana:<\/b><\/p>\n<ul>\n<li aria-level=\"1\">Ieteicamais daudzums: Ieteicamais daudzums: 3-4 pilieni 2 reizes dien\u0101.<\/li>\n<li aria-level=\"1\">Uzkl\u0101jiet t\u012bru uz v\u0113lam\u0101s \u0137erme\u0146a da\u013cas un turiet vismaz 1-2 min\u016btes.<\/li>\n<li aria-level=\"1\">Izvair\u012bties no saskares ar ac\u012bm.<\/li>\n<li aria-level=\"1\">Ja nepiecie\u0161ams, pak\u0101peniski palieliniet pilienu daudzumu. <a href=\"https:\/\/sweetdropcbd.com\/lv\/\">Tom\u0113r<\/a> nep\u0101rsniedziet vair\u0101k par 200 mg CBD dien\u0101.<\/li>\n<li aria-level=\"1\">Tikai \u0101r\u0113jai lieto\u0161anai.<\/li>\n<\/ul>\n<p><a href=\"https:\/\/sweetdropcbd.com\/lv\/\">CBD<\/a> daudzums dien\u0101 ir atkar\u012bgs no daudziem faktoriem, piem\u0113ram, no organisma st\u0101vok\u013ca, v\u0113lam\u0101 efekta vai <a href=\"https:\/\/sweetdropcbd.com\/lv\/\">CBD<\/a> koncentr\u0101cijas lietotaj\u0101 produkt\u0101.<\/p>\n<p>Piem\u0113rots visiem \u0101das tipiem.<\/p>\n<p><span style=\"font-size: 75%;\">Produkta izskats var nedaudz at\u0161\u0137irties no fotoatt\u0113l\u0101 redzam\u0101. Interneta veikal\u0101 nor\u0101d\u012bt\u0101s pre\u010du cenas var at\u0161\u0137irties no cen\u0101m izplat\u012b\u0161anas viet\u0101s. <\/span><\/p>\n","protected":false},"excerpt":{"rendered":"<p><strong>Maigs piliens atvieglojumam.<\/strong><\/p>\n<p>CBD ka\u0146epju e\u013c\u013ca Sweet Drop 10% (1000 mg.), dab\u012bga, 10 ml.<br \/>\nAtp\u016btas tr\u016bkums, ilgsto\u0161s stress vai slim\u012bba pat visener\u0123isk\u0101kajam cilv\u0113kam var likt justies noguru\u0161am un nemier\u012bgam.<\/p>\n<p>Palutiniet savu \u0137ermeni ar piln\u0101 spektra ka\u0146epju e\u013c\u013cu Sweet Drop CBD 10% \u2013 atvieglojumam.<br \/>\nSweet Drop 10% CBD ka\u0146epju e\u013c\u013ca ir piem\u0113rota ies\u0101c\u0113jiem.<\/p>\n<p>&nbsp;<\/p>\n","protected":false},"featured_media":2488,"comment_status":"closed","ping_status":"closed","template":"","meta":[],"product_brand":[666],"product_cat":[648,647],"product_tag":[650,652,651,653],"class_list":{"0":"post-2508","1":"product","2":"type-product","3":"status-publish","4":"has-post-thumbnail","6":"product_brand-sweet-drop-cbd","7":"product_cat-cbd-ellas","8":"product_cat-visi-produkti","9":"product_tag-cbd","10":"product_tag-cbd-ella","11":"product_tag-cbd-kanepju-ella","12":"product_tag-sweetdropcbd","14":"first","15":"instock","16":"sale","17":"taxable","18":"shipping-taxable","19":"purchasable","20":"product-type-simple"},"yoast_head":"<!-- This site is optimized with the Yoast SEO Premium plugin v27.4 (Yoast SEO v27.4) - https:\/\/yoast.com\/product\/yoast-seo-premium-wordpress\/ -->\n<title>Sweet Drop 10% CBD e\u013c\u013ca 1000 mg 10ml<\/title>\n<meta name=\"description\" content=\"Pilna spektra CBD e\u013c\u013ca bez THC: 10 ml \/ 1000 mg (10%), ~200 pilieni po 5 mg. CO2 ekstrakcija, laboratorijas p\u0101rbaude, veg\u0101niem.\" \/>\n<meta name=\"robots\" content=\"index, follow, max-snippet:-1, max-image-preview:large, max-video-preview:-1\" \/>\n<link rel=\"canonical\" href=\"https:\/\/sweetdropcbd.com\/lv\/produkts\/sweet-drop-10-cbd-ella-1000-mg-10ml\/\" \/>\n<meta property=\"og:locale\" content=\"lv_LV\" \/>\n<meta property=\"og:type\" content=\"article\" \/>\n<meta property=\"og:title\" content=\"Sweet Drop 10% CBD e\u013c\u013ca 1000 mg 10ml\" \/>\n<meta property=\"og:description\" content=\"Pilna spektra CBD e\u013c\u013ca bez THC: 10 ml \/ 1000 mg (10%), ~200 pilieni po 5 mg. CO2 ekstrakcija, laboratorijas p\u0101rbaude, veg\u0101niem. Tikai \u0101r\u0113jai lieto\u0161anai.\" \/>\n<meta property=\"og:url\" content=\"https:\/\/sweetdropcbd.com\/lv\/produkts\/sweet-drop-10-cbd-ella-1000-mg-10ml\/\" \/>\n<meta property=\"og:site_name\" content=\"Sweet Drop CBD\" \/>\n<meta property=\"article:publisher\" content=\"https:\/\/www.facebook.com\/SweetDropCBD\" \/>\n<meta property=\"article:modified_time\" content=\"2026-02-13T17:01:29+00:00\" \/>\n<meta property=\"og:image\" content=\"https:\/\/sweetdropcbd.com\/wp-content\/uploads\/2023\/09\/Sweet-Drop-10_-CBD-Oil-1000-mg-10ml-Rigt-cropped-3.jpg\" \/>\n\t<meta property=\"og:image:width\" content=\"2560\" \/>\n\t<meta property=\"og:image:height\" content=\"2560\" \/>\n\t<meta property=\"og:image:type\" content=\"image\/jpeg\" \/>\n<script type=\"application\/ld+json\" class=\"yoast-schema-graph\">{\"@context\":\"https:\\\/\\\/schema.org\",\"@graph\":[{\"@type\":\"WebPage\",\"@id\":\"https:\\\/\\\/sweetdropcbd.com\\\/lv\\\/produkts\\\/sweet-drop-10-cbd-ella-1000-mg-10ml\\\/\",\"url\":\"https:\\\/\\\/sweetdropcbd.com\\\/lv\\\/produkts\\\/sweet-drop-10-cbd-ella-1000-mg-10ml\\\/\",\"name\":\"Sweet Drop 10% CBD e\u013c\u013ca 1000 mg 10ml\",\"isPartOf\":{\"@id\":\"https:\\\/\\\/sweetdropcbd.com\\\/lv\\\/#website\"},\"primaryImageOfPage\":{\"@id\":\"https:\\\/\\\/sweetdropcbd.com\\\/lv\\\/produkts\\\/sweet-drop-10-cbd-ella-1000-mg-10ml\\\/#primaryimage\"},\"image\":{\"@id\":\"https:\\\/\\\/sweetdropcbd.com\\\/lv\\\/produkts\\\/sweet-drop-10-cbd-ella-1000-mg-10ml\\\/#primaryimage\"},\"thumbnailUrl\":\"https:\\\/\\\/sweetdropcbd.com\\\/wp-content\\\/uploads\\\/2023\\\/09\\\/Sweet-Drop-10_-CBD-Oil-1000-mg-10ml-Rigt-cropped-3.jpg\",\"datePublished\":\"2023-09-05T04:30:47+00:00\",\"dateModified\":\"2026-02-13T17:01:29+00:00\",\"description\":\"Pilna spektra CBD e\u013c\u013ca bez THC: 10 ml \\\/ 1000 mg (10%), ~200 pilieni po 5 mg. CO2 ekstrakcija, laboratorijas p\u0101rbaude, veg\u0101niem.\",\"breadcrumb\":{\"@id\":\"https:\\\/\\\/sweetdropcbd.com\\\/lv\\\/produkts\\\/sweet-drop-10-cbd-ella-1000-mg-10ml\\\/#breadcrumb\"},\"inLanguage\":\"lv-LV\",\"potentialAction\":[{\"@type\":\"ReadAction\",\"target\":[\"https:\\\/\\\/sweetdropcbd.com\\\/lv\\\/produkts\\\/sweet-drop-10-cbd-ella-1000-mg-10ml\\\/\"]}]},{\"@type\":\"ImageObject\",\"inLanguage\":\"lv-LV\",\"@id\":\"https:\\\/\\\/sweetdropcbd.com\\\/lv\\\/produkts\\\/sweet-drop-10-cbd-ella-1000-mg-10ml\\\/#primaryimage\",\"url\":\"https:\\\/\\\/sweetdropcbd.com\\\/wp-content\\\/uploads\\\/2023\\\/09\\\/Sweet-Drop-10_-CBD-Oil-1000-mg-10ml-Rigt-cropped-3.jpg\",\"contentUrl\":\"https:\\\/\\\/sweetdropcbd.com\\\/wp-content\\\/uploads\\\/2023\\\/09\\\/Sweet-Drop-10_-CBD-Oil-1000-mg-10ml-Rigt-cropped-3.jpg\",\"width\":2560,\"height\":2560},{\"@type\":\"BreadcrumbList\",\"@id\":\"https:\\\/\\\/sweetdropcbd.com\\\/lv\\\/produkts\\\/sweet-drop-10-cbd-ella-1000-mg-10ml\\\/#breadcrumb\",\"itemListElement\":[{\"@type\":\"ListItem\",\"position\":1,\"name\":\"S\u0101kums\",\"item\":\"https:\\\/\\\/sweetdropcbd.com\\\/lv\\\/sweet-drop-cbd\\\/\"},{\"@type\":\"ListItem\",\"position\":2,\"name\":\"M\u016bsu CBD veikals\",\"item\":\"https:\\\/\\\/sweetdropcbd.com\\\/lv\\\/musu-cbd-veikals\\\/\"},{\"@type\":\"ListItem\",\"position\":3,\"name\":\"Sweet Drop 10% CBD e\u013c\u013ca 1000 mg 10ml\"}]},{\"@type\":\"WebSite\",\"@id\":\"https:\\\/\\\/sweetdropcbd.com\\\/lv\\\/#website\",\"url\":\"https:\\\/\\\/sweetdropcbd.com\\\/lv\\\/\",\"name\":\"Sweet Drop CBD\",\"description\":\"Sweet Drop CBD\",\"publisher\":{\"@id\":\"https:\\\/\\\/sweetdropcbd.com\\\/lv\\\/#organization\"},\"alternateName\":\"Sweet Drop CBD oil\",\"potentialAction\":[{\"@type\":\"SearchAction\",\"target\":{\"@type\":\"EntryPoint\",\"urlTemplate\":\"https:\\\/\\\/sweetdropcbd.com\\\/lv\\\/?s={search_term_string}\"},\"query-input\":{\"@type\":\"PropertyValueSpecification\",\"valueRequired\":true,\"valueName\":\"search_term_string\"}}],\"inLanguage\":\"lv-LV\"},{\"@type\":[\"Organization\",\"Place\",\"HealthAndBeautyBusiness\"],\"@id\":\"https:\\\/\\\/sweetdropcbd.com\\\/lv\\\/#organization\",\"name\":\"MB EBIGUS\",\"alternateName\":\"Sweet Drop CBD\",\"url\":\"https:\\\/\\\/sweetdropcbd.com\\\/lv\\\/\",\"logo\":{\"@id\":\"https:\\\/\\\/sweetdropcbd.com\\\/lv\\\/produkts\\\/sweet-drop-10-cbd-ella-1000-mg-10ml\\\/#local-main-organization-logo\"},\"image\":{\"@id\":\"https:\\\/\\\/sweetdropcbd.com\\\/lv\\\/produkts\\\/sweet-drop-10-cbd-ella-1000-mg-10ml\\\/#local-main-organization-logo\"},\"sameAs\":[\"https:\\\/\\\/www.facebook.com\\\/SweetDropCBD\",\"https:\\\/\\\/www.instagram.com\\\/sweetdropcbd\\\/\"],\"publishingPrinciples\":\"https:\\\/\\\/sweetdropcbd.com\\\/terms-conditions\\\/\",\"ownershipFundingInfo\":\"https:\\\/\\\/sweetdropcbd.com\\\/about-us\\\/\",\"address\":{\"@id\":\"https:\\\/\\\/sweetdropcbd.com\\\/lv\\\/produkts\\\/sweet-drop-10-cbd-ella-1000-mg-10ml\\\/#local-main-place-address\"},\"telephone\":[\"+37068683090\"],\"openingHoursSpecification\":{\"@type\":\"OpeningHoursSpecification\",\"dayOfWeek\":[\"Monday\",\"Tuesday\",\"Wednesday\",\"Thursday\",\"Friday\",\"Saturday\",\"Sunday\"],\"opens\":\"00:00\",\"closes\":\"23:59\"},\"email\":\"info@sweetdropcbd.com\",\"areaServed\":\"EU\"},{\"@type\":\"PostalAddress\",\"@id\":\"https:\\\/\\\/sweetdropcbd.com\\\/lv\\\/produkts\\\/sweet-drop-10-cbd-ella-1000-mg-10ml\\\/#local-main-place-address\",\"streetAddress\":\"Rusn\u0117s g. 31, \u0160aki\u0173 k., Kauno r. sav., Lietuva\",\"addressLocality\":\"Kaunas\",\"postalCode\":\"47412\",\"addressCountry\":\"LT\"},{\"@type\":\"ImageObject\",\"inLanguage\":\"lv-LV\",\"@id\":\"https:\\\/\\\/sweetdropcbd.com\\\/lv\\\/produkts\\\/sweet-drop-10-cbd-ella-1000-mg-10ml\\\/#local-main-organization-logo\",\"url\":\"https:\\\/\\\/sweetdropcbd.com\\\/wp-content\\\/uploads\\\/2023\\\/10\\\/Saldus-lasas-logotipas_H-EN.png\",\"contentUrl\":\"https:\\\/\\\/sweetdropcbd.com\\\/wp-content\\\/uploads\\\/2023\\\/10\\\/Saldus-lasas-logotipas_H-EN.png\",\"width\":206,\"height\":239,\"caption\":\"MB EBIGUS\"}]}<\/script>\n<meta property=\"product:price:amount\" content=\"29.60\" \/>\n<meta property=\"product:price:currency\" content=\"EUR\" \/>\n<meta property=\"og:availability\" content=\"instock\" \/>\n<meta property=\"product:availability\" content=\"instock\" \/>\n<meta property=\"product:retailer_item_id\" content=\"4777000029602\" \/>\n<meta property=\"product:condition\" content=\"new\" \/>\n<meta name=\"geo.placename\" content=\"Kaunas\" \/>\n<meta name=\"geo.region\" content=\"Lietuva\" \/>\n<!-- \/ Yoast SEO Premium plugin. -->","yoast_head_json":{"title":"Sweet Drop 10% CBD e\u013c\u013ca 1000 mg 10ml","description":"Pilna spektra CBD e\u013c\u013ca bez THC: 10 ml \/ 1000 mg (10%), ~200 pilieni po 5 mg. CO2 ekstrakcija, laboratorijas p\u0101rbaude, veg\u0101niem.","robots":{"index":"index","follow":"follow","max-snippet":"max-snippet:-1","max-image-preview":"max-image-preview:large","max-video-preview":"max-video-preview:-1"},"canonical":"https:\/\/sweetdropcbd.com\/lv\/produkts\/sweet-drop-10-cbd-ella-1000-mg-10ml\/","og_locale":"lv_LV","og_type":"article","og_title":"Sweet Drop 10% CBD e\u013c\u013ca 1000 mg 10ml","og_description":"Pilna spektra CBD e\u013c\u013ca bez THC: 10 ml \/ 1000 mg (10%), ~200 pilieni po 5 mg. CO2 ekstrakcija, laboratorijas p\u0101rbaude, veg\u0101niem. Tikai \u0101r\u0113jai lieto\u0161anai.","og_url":"https:\/\/sweetdropcbd.com\/lv\/produkts\/sweet-drop-10-cbd-ella-1000-mg-10ml\/","og_site_name":"Sweet Drop CBD","article_publisher":"https:\/\/www.facebook.com\/SweetDropCBD","article_modified_time":"2026-02-13T17:01:29+00:00","og_image":[{"width":2560,"height":2560,"url":"https:\/\/sweetdropcbd.com\/wp-content\/uploads\/2023\/09\/Sweet-Drop-10_-CBD-Oil-1000-mg-10ml-Rigt-cropped-3.jpg","type":"image\/jpeg"}],"schema":{"@context":"https:\/\/schema.org","@graph":[{"@type":"WebPage","@id":"https:\/\/sweetdropcbd.com\/lv\/produkts\/sweet-drop-10-cbd-ella-1000-mg-10ml\/","url":"https:\/\/sweetdropcbd.com\/lv\/produkts\/sweet-drop-10-cbd-ella-1000-mg-10ml\/","name":"Sweet Drop 10% CBD e\u013c\u013ca 1000 mg 10ml","isPartOf":{"@id":"https:\/\/sweetdropcbd.com\/lv\/#website"},"primaryImageOfPage":{"@id":"https:\/\/sweetdropcbd.com\/lv\/produkts\/sweet-drop-10-cbd-ella-1000-mg-10ml\/#primaryimage"},"image":{"@id":"https:\/\/sweetdropcbd.com\/lv\/produkts\/sweet-drop-10-cbd-ella-1000-mg-10ml\/#primaryimage"},"thumbnailUrl":"https:\/\/sweetdropcbd.com\/wp-content\/uploads\/2023\/09\/Sweet-Drop-10_-CBD-Oil-1000-mg-10ml-Rigt-cropped-3.jpg","datePublished":"2023-09-05T04:30:47+00:00","dateModified":"2026-02-13T17:01:29+00:00","description":"Pilna spektra CBD e\u013c\u013ca bez THC: 10 ml \/ 1000 mg (10%), ~200 pilieni po 5 mg. CO2 ekstrakcija, laboratorijas p\u0101rbaude, veg\u0101niem.","breadcrumb":{"@id":"https:\/\/sweetdropcbd.com\/lv\/produkts\/sweet-drop-10-cbd-ella-1000-mg-10ml\/#breadcrumb"},"inLanguage":"lv-LV","potentialAction":[{"@type":"ReadAction","target":["https:\/\/sweetdropcbd.com\/lv\/produkts\/sweet-drop-10-cbd-ella-1000-mg-10ml\/"]}]},{"@type":"ImageObject","inLanguage":"lv-LV","@id":"https:\/\/sweetdropcbd.com\/lv\/produkts\/sweet-drop-10-cbd-ella-1000-mg-10ml\/#primaryimage","url":"https:\/\/sweetdropcbd.com\/wp-content\/uploads\/2023\/09\/Sweet-Drop-10_-CBD-Oil-1000-mg-10ml-Rigt-cropped-3.jpg","contentUrl":"https:\/\/sweetdropcbd.com\/wp-content\/uploads\/2023\/09\/Sweet-Drop-10_-CBD-Oil-1000-mg-10ml-Rigt-cropped-3.jpg","width":2560,"height":2560},{"@type":"BreadcrumbList","@id":"https:\/\/sweetdropcbd.com\/lv\/produkts\/sweet-drop-10-cbd-ella-1000-mg-10ml\/#breadcrumb","itemListElement":[{"@type":"ListItem","position":1,"name":"S\u0101kums","item":"https:\/\/sweetdropcbd.com\/lv\/sweet-drop-cbd\/"},{"@type":"ListItem","position":2,"name":"M\u016bsu CBD veikals","item":"https:\/\/sweetdropcbd.com\/lv\/musu-cbd-veikals\/"},{"@type":"ListItem","position":3,"name":"Sweet Drop 10% CBD e\u013c\u013ca 1000 mg 10ml"}]},{"@type":"WebSite","@id":"https:\/\/sweetdropcbd.com\/lv\/#website","url":"https:\/\/sweetdropcbd.com\/lv\/","name":"Sweet Drop CBD","description":"Sweet Drop CBD","publisher":{"@id":"https:\/\/sweetdropcbd.com\/lv\/#organization"},"alternateName":"Sweet Drop CBD oil","potentialAction":[{"@type":"SearchAction","target":{"@type":"EntryPoint","urlTemplate":"https:\/\/sweetdropcbd.com\/lv\/?s={search_term_string}"},"query-input":{"@type":"PropertyValueSpecification","valueRequired":true,"valueName":"search_term_string"}}],"inLanguage":"lv-LV"},{"@type":["Organization","Place","HealthAndBeautyBusiness"],"@id":"https:\/\/sweetdropcbd.com\/lv\/#organization","name":"MB EBIGUS","alternateName":"Sweet Drop CBD","url":"https:\/\/sweetdropcbd.com\/lv\/","logo":{"@id":"https:\/\/sweetdropcbd.com\/lv\/produkts\/sweet-drop-10-cbd-ella-1000-mg-10ml\/#local-main-organization-logo"},"image":{"@id":"https:\/\/sweetdropcbd.com\/lv\/produkts\/sweet-drop-10-cbd-ella-1000-mg-10ml\/#local-main-organization-logo"},"sameAs":["https:\/\/www.facebook.com\/SweetDropCBD","https:\/\/www.instagram.com\/sweetdropcbd\/"],"publishingPrinciples":"https:\/\/sweetdropcbd.com\/terms-conditions\/","ownershipFundingInfo":"https:\/\/sweetdropcbd.com\/about-us\/","address":{"@id":"https:\/\/sweetdropcbd.com\/lv\/produkts\/sweet-drop-10-cbd-ella-1000-mg-10ml\/#local-main-place-address"},"telephone":["+37068683090"],"openingHoursSpecification":{"@type":"OpeningHoursSpecification","dayOfWeek":["Monday","Tuesday","Wednesday","Thursday","Friday","Saturday","Sunday"],"opens":"00:00","closes":"23:59"},"email":"info@sweetdropcbd.com","areaServed":"EU"},{"@type":"PostalAddress","@id":"https:\/\/sweetdropcbd.com\/lv\/produkts\/sweet-drop-10-cbd-ella-1000-mg-10ml\/#local-main-place-address","streetAddress":"Rusn\u0117s g. 31, \u0160aki\u0173 k., Kauno r. sav., Lietuva","addressLocality":"Kaunas","postalCode":"47412","addressCountry":"LT"},{"@type":"ImageObject","inLanguage":"lv-LV","@id":"https:\/\/sweetdropcbd.com\/lv\/produkts\/sweet-drop-10-cbd-ella-1000-mg-10ml\/#local-main-organization-logo","url":"https:\/\/sweetdropcbd.com\/wp-content\/uploads\/2023\/10\/Saldus-lasas-logotipas_H-EN.png","contentUrl":"https:\/\/sweetdropcbd.com\/wp-content\/uploads\/2023\/10\/Saldus-lasas-logotipas_H-EN.png","width":206,"height":239,"caption":"MB EBIGUS"}]},"product_price_amount":"29.60","product_price_currency":"EUR","og_availability":"instock","product_availability":"instock","product_retailer_item_id":"4777000029602","product_condition":"new","geo.placename":"Kaunas","geo.region":"Lietuva"},"_links":{"self":[{"href":"https:\/\/sweetdropcbd.com\/lv\/wp-json\/wp\/v2\/product\/2508","targetHints":{"allow":["GET"]}}],"collection":[{"href":"https:\/\/sweetdropcbd.com\/lv\/wp-json\/wp\/v2\/product"}],"about":[{"href":"https:\/\/sweetdropcbd.com\/lv\/wp-json\/wp\/v2\/types\/product"}],"replies":[{"embeddable":true,"href":"https:\/\/sweetdropcbd.com\/lv\/wp-json\/wp\/v2\/comments?post=2508"}],"wp:featuredmedia":[{"embeddable":true,"href":"https:\/\/sweetdropcbd.com\/lv\/wp-json\/wp\/v2\/media\/2488"}],"wp:attachment":[{"href":"https:\/\/sweetdropcbd.com\/lv\/wp-json\/wp\/v2\/media?parent=2508"}],"wp:term":[{"taxonomy":"product_brand","embeddable":true,"href":"https:\/\/sweetdropcbd.com\/lv\/wp-json\/wp\/v2\/product_brand?post=2508"},{"taxonomy":"product_cat","embeddable":true,"href":"https:\/\/sweetdropcbd.com\/lv\/wp-json\/wp\/v2\/product_cat?post=2508"},{"taxonomy":"product_tag","embeddable":true,"href":"https:\/\/sweetdropcbd.com\/lv\/wp-json\/wp\/v2\/product_tag?post=2508"}],"curies":[{"name":"wp","href":"https:\/\/api.w.org\/{rel}","templated":true}]}}