{"id":3043,"date":"2026-02-13T11:12:27","date_gmt":"2026-02-13T09:12:27","guid":{"rendered":"https:\/\/sweetdropcbd.com\/product\/sweet-drop-cbd-lupu-balzams-ar-cbd-60-mg-6-g\/"},"modified":"2026-02-27T18:35:26","modified_gmt":"2026-02-27T16:35:26","slug":"sweet-drop-cbd-lupu-balzams-ar-cbd-60-mg-6-g","status":"publish","type":"product","link":"https:\/\/sweetdropcbd.com\/lv\/produkts\/sweet-drop-cbd-lupu-balzams-ar-cbd-60-mg-6-g\/","title":{"rendered":"Sweet Drop CBD l\u016bpu balzams ar CBD 60 mg 6 g"},"content":{"rendered":"<p><strong>Sweet Drop CBD l\u016bpu balzams ar CBD (60 mg \/ 6 g)<\/strong><\/p>\n<p><strong>Maigs piesk\u0101riens tav\u0101m <a href=\"https:\/\/sweetdropcbd.com\/lv\/produkts\/sweet-drop-cbd-home-balance-box-5-20-30-lupu-balzams\/\">l\u016bp\u0101m<\/a> \u2014 ikdienas mitrin\u0101\u0161ana, komforts un aizsardz\u012bba.<\/strong><\/p>\n<p>V\u0113j\u0161, aukstums, apkure un bie\u017ea l\u016bpu aplaiz\u012b\u0161ana \u0101tri padara <a href=\"https:\/\/sweetdropcbd.com\/lv\/produkts\/sweet-drop-cbd-home-balance-box-5-20-30-lupu-balzams\/\">l\u016bpas<\/a> sausas un saspr\u0113g\u0101ju\u0161as. <strong><a href=\"https:\/\/sweetdropcbd.com\/lv\/sweet-drop-cbd-ella-kosmetiskai-lietosanai\/\">Sweet Drop<\/a> CBD l\u016bpu balzams<\/strong> ir bag\u0101t\u012bgs l\u012bdzeklis, kas uztur l\u016bpas <strong>m\u012bkstas, gludas un pabarotas<\/strong> \u2014 <strong>CBD (kanabidiols)<\/strong> apvienojum\u0101 ar barojo\u0161\u0101m e\u013c\u013c\u0101m, sviestiem un bi\u0161u vasku nodro\u0161ina aizsardz\u012bbu un r\u016bpes.<\/p>\n<p><strong>K\u0101p\u0113c tev tas patiks<\/strong><\/p>\n<ul>\n<li><strong>Mitrina un m\u012bkstina<\/strong>, nodro\u0161inot gludu un pat\u012bkamu saj\u016btu<\/li>\n<li><strong>Kopj l\u016bpas<\/strong> un pal\u012bdz uzlabot to izskatu un mazin\u0101t sausuma saj\u016btu<\/li>\n<li>Pal\u012bdz uztur\u0113t \u0101das <strong>dabisko aizsargbarjeru<\/strong><\/li>\n<li><strong>Nomierina<\/strong> un pal\u012bdz mazin\u0101t sausuma izrais\u012bto kairin\u0101jumu<\/li>\n<li>Daudzpus\u012bga lieto\u0161ana: piem\u0113rots ar\u012b <strong>maziem, sausiem \u0101das laukumiem<\/strong> (piem\u0113ram, ap degunu <a href=\"https:\/\/sweetdropcbd.com\/lv\/grimma-ar-cbd-tendence-zinatne-un-ieguvumi-kas-slepjas-aiz-ta\/\">vai<\/a> sausiem ple\u0137\u012b\u0161iem)<\/li>\n<\/ul>\n<p><strong>Galven\u0101s \u012bpa\u0161\u012bbas<\/strong><\/p>\n<ul>\n<li><strong>CBD saturs:<\/strong> 60 mg <a href=\"https:\/\/sweetdropcbd.com\/lv\/produkts\/davanu-karte-sweet-drop-cbd\/\">CBD<\/a> uz 6 g<\/li>\n<li><strong>Dabiskas izcelsmes sast\u0101vda\u013cas:<\/strong> 100 %<\/li>\n<li>Rad\u012bts ikdienas lieto\u0161anai jebkur\u0101 gadalaik\u0101, \u012bpa\u0161i <strong>aukstos, v\u0113jainos vai sausos<\/strong> apst\u0101k\u013cos<\/li>\n<\/ul>\n<p><strong>Lieto\u0161ana<\/strong><\/p>\n<ol>\n<li>Uzkl\u0101j uz l\u016bp\u0101m <strong>pl\u0101nu, vienm\u0113r\u012bgu k\u0101rti\u0146u<\/strong>.<\/li>\n<li>Maigi izl\u012bdzini, lai p\u0101rkl\u0101tu visu l\u016bpu virsmu.<\/li>\n<li>Lieto atk\u0101rtoti p\u0113c nepiecie\u0161am\u012bbas visas dienas garum\u0101 \u2014 \u012bpa\u0161i pirms do\u0161an\u0101s \u0101r\u0101 vai ikreiz, kad l\u016bpas \u0161\u0137iet sausas.<\/li>\n<li>Lab\u0101kam rezult\u0101tam lieto katru dienu k\u0101 da\u013cu no savas l\u016bpu kop\u0161anas rut\u012bnas.<\/li>\n<\/ol>\n<p><strong>Sast\u0101vs (INCI)<\/strong><\/p>\n<p>Beeswax, Cannabis Sativa Seed Oil, Cocos Nucifera <a href=\"https:\/\/sweetdropcbd.com\/lv\/sweet-drop-cbd-ella-un-kosmetiska-lietosana\/\">Oil<\/a>, Theobroma Cacao Seed Butter, Ricinus Communis Seed Oil, Simmondsia Chinensis Seed Oil, Hippophae Rhamnoides Fruit Extract, Litsea Cubeba Fruit Oil, Cannabidiol (derived from hemp tincture or resin extract), Tocopherol, *Limonene, *Linalool, *Citronellol, Citral, Geraniol.<br \/>\n*Dabiskas \u0113terisko e\u013c\u013cu sast\u0101vda\u013cas.<\/p>\n<p><strong>Uzglab\u0101\u0161ana<\/strong><\/p>\n<p>Uzglab\u0101 <strong>v\u0113s\u0101, saus\u0101 viet\u0101<\/strong>, sarg\u0101jot no tie\u0161iem saules stariem.<\/p>\n<p><strong>Kvalit\u0101te un izcelsme<\/strong><\/p>\n<p>Ra\u017eots sertific\u0113t\u0101 uz\u0146\u0113mum\u0101, kam ir <strong>farmaceitisk\u0101s <a href=\"https:\/\/sweetdropcbd.com\/lv\/laba-razosanas-prakse-kas-tas-ir\/\">GMP<\/a><\/strong>, <strong>p\u0101rtikas (ISO 22000:2018)<\/strong> un <strong>kosm\u0113tikas GMP (ISO 22716:2007)<\/strong> sertifik\u0101ti.<br \/>\n<strong>Ra\u017eots Eiropas Savien\u012bb\u0101.<\/strong><\/p>\n","protected":false},"excerpt":{"rendered":"<p><strong>Maigs piesk\u0101riens l\u016bp\u0101m<\/strong><\/p>\n<p>Grezns ikdienas balzams, kas rad\u012bts, lai l\u016bpas b\u016btu <strong data-start=\"106\" data-end=\"138\">m\u012bkstas, gludas un justos labi<\/strong> \u2014 \u012bpa\u0161i v\u0113j\u0101, aukstum\u0101 vai saus\u0101 gais\u0101. Izgatavots no <strong data-start=\"186\" data-end=\"221\">100 % dabiskas izcelsmes sast\u0101vda\u013c\u0101m<\/strong> un satur <strong data-start=\"226\" data-end=\"239\">60 mg CBD<\/strong>; tas mitrina, m\u012bkstina un kopj, vienlaikus stiprinot \u0101das dabisko aizsargbarjeru. Piem\u0113rots ar\u012b maziem, sausiem \u0101das laukumiem (piem\u0113ram, ap degunu).  <\/p>\n<p><strong>Lieto\u0161ana:<\/strong> uzkl\u0101j pl\u0101nu k\u0101rti\u0146u uz l\u016bp\u0101m un lieto atk\u0101rtoti p\u0113c nepiecie\u0161am\u012bbas visas dienas garum\u0101.<\/p>\n","protected":false},"featured_media":3234,"comment_status":"closed","ping_status":"closed","template":"","meta":[],"product_brand":[666],"product_cat":[661,647],"product_tag":[650,652,651,653],"class_list":{"0":"post-3043","1":"product","2":"type-product","3":"status-publish","4":"has-post-thumbnail","6":"product_brand-sweet-drop-cbd","7":"product_cat-cbd-lupu-balzams","8":"product_cat-visi-produkti","9":"product_tag-cbd","10":"product_tag-cbd-ella","11":"product_tag-cbd-kanepju-ella","12":"product_tag-sweetdropcbd","14":"first","15":"instock","16":"sale","17":"taxable","18":"shipping-taxable","19":"purchasable","20":"product-type-simple"},"yoast_head":"<!-- This site is optimized with the Yoast SEO Premium plugin v27.3 (Yoast SEO v27.3) - https:\/\/yoast.com\/product\/yoast-seo-premium-wordpress\/ -->\n<title>Sweet Drop CBD l\u016bpu balzams (60 mg) | Mitrino\u0161a l\u016bpu kop\u0161ana<\/title>\n<meta name=\"description\" content=\"Sweet Drop CBD l\u016bpu balzams ar 60 mg CBD (6 g). 100 % dabiskas izcelsmes sast\u0101vda\u013cas l\u016bpu mitrin\u0101\u0161anai, m\u012bkstin\u0101\u0161anai un kop\u0161anai, kas pal\u012bdz aizsarg\u0101t pret sausumu.\" \/>\n<meta name=\"robots\" content=\"index, follow, max-snippet:-1, max-image-preview:large, max-video-preview:-1\" \/>\n<link rel=\"canonical\" href=\"https:\/\/sweetdropcbd.com\/lv\/produkts\/sweet-drop-cbd-lupu-balzams-ar-cbd-60-mg-6-g\/\" \/>\n<meta property=\"og:locale\" content=\"lv_LV\" \/>\n<meta property=\"og:type\" content=\"article\" \/>\n<meta property=\"og:title\" content=\"Sweet Drop CBD l\u016bpu balzams (60 mg) | Mitrino\u0161a l\u016bpu kop\u0161ana\" \/>\n<meta property=\"og:description\" content=\"Sweet Drop CBD l\u016bpu balzams ar 60 mg CBD (6 g). 100 % dabiskas izcelsmes sast\u0101vda\u013cas l\u016bpu mitrin\u0101\u0161anai, m\u012bkstin\u0101\u0161anai un kop\u0161anai, kas pal\u012bdz aizsarg\u0101t pret sausumu.\" \/>\n<meta property=\"og:url\" content=\"https:\/\/sweetdropcbd.com\/lv\/produkts\/sweet-drop-cbd-lupu-balzams-ar-cbd-60-mg-6-g\/\" \/>\n<meta property=\"og:site_name\" content=\"Sweet Drop CBD\" \/>\n<meta property=\"article:publisher\" content=\"https:\/\/www.facebook.com\/SweetDropCBD\" \/>\n<meta property=\"article:modified_time\" content=\"2026-02-27T16:35:26+00:00\" \/>\n<meta property=\"og:image\" content=\"https:\/\/sweetdropcbd.com\/wp-content\/uploads\/2026\/02\/Sweet-Drop-CBD-Lip-Balm-with-CBD-60mg-6g-scaled.jpg\" \/>\n\t<meta property=\"og:image:width\" content=\"2560\" \/>\n\t<meta property=\"og:image:height\" content=\"1707\" \/>\n\t<meta property=\"og:image:type\" content=\"image\/jpeg\" \/>\n<script type=\"application\/ld+json\" class=\"yoast-schema-graph\">{\"@context\":\"https:\\\/\\\/schema.org\",\"@graph\":[{\"@type\":\"WebPage\",\"@id\":\"https:\\\/\\\/sweetdropcbd.com\\\/lv\\\/produkts\\\/sweet-drop-cbd-lupu-balzams-ar-cbd-60-mg-6-g\\\/\",\"url\":\"https:\\\/\\\/sweetdropcbd.com\\\/lv\\\/produkts\\\/sweet-drop-cbd-lupu-balzams-ar-cbd-60-mg-6-g\\\/\",\"name\":\"Sweet Drop CBD l\u016bpu balzams (60 mg) | Mitrino\u0161a l\u016bpu kop\u0161ana\",\"isPartOf\":{\"@id\":\"https:\\\/\\\/sweetdropcbd.com\\\/lv\\\/#website\"},\"primaryImageOfPage\":{\"@id\":\"https:\\\/\\\/sweetdropcbd.com\\\/lv\\\/produkts\\\/sweet-drop-cbd-lupu-balzams-ar-cbd-60-mg-6-g\\\/#primaryimage\"},\"image\":{\"@id\":\"https:\\\/\\\/sweetdropcbd.com\\\/lv\\\/produkts\\\/sweet-drop-cbd-lupu-balzams-ar-cbd-60-mg-6-g\\\/#primaryimage\"},\"thumbnailUrl\":\"https:\\\/\\\/sweetdropcbd.com\\\/wp-content\\\/uploads\\\/2026\\\/02\\\/Sweet-Drop-CBD-Lip-Balm-with-CBD-60mg-6g-scaled.jpg\",\"datePublished\":\"2026-02-13T09:12:27+00:00\",\"dateModified\":\"2026-02-27T16:35:26+00:00\",\"description\":\"Sweet Drop CBD l\u016bpu balzams ar 60 mg CBD (6 g). 100 % dabiskas izcelsmes sast\u0101vda\u013cas l\u016bpu mitrin\u0101\u0161anai, m\u012bkstin\u0101\u0161anai un kop\u0161anai, kas pal\u012bdz aizsarg\u0101t pret sausumu.\",\"breadcrumb\":{\"@id\":\"https:\\\/\\\/sweetdropcbd.com\\\/lv\\\/produkts\\\/sweet-drop-cbd-lupu-balzams-ar-cbd-60-mg-6-g\\\/#breadcrumb\"},\"inLanguage\":\"lv-LV\",\"potentialAction\":[{\"@type\":\"ReadAction\",\"target\":[\"https:\\\/\\\/sweetdropcbd.com\\\/lv\\\/produkts\\\/sweet-drop-cbd-lupu-balzams-ar-cbd-60-mg-6-g\\\/\"]}]},{\"@type\":\"ImageObject\",\"inLanguage\":\"lv-LV\",\"@id\":\"https:\\\/\\\/sweetdropcbd.com\\\/lv\\\/produkts\\\/sweet-drop-cbd-lupu-balzams-ar-cbd-60-mg-6-g\\\/#primaryimage\",\"url\":\"https:\\\/\\\/sweetdropcbd.com\\\/wp-content\\\/uploads\\\/2026\\\/02\\\/Sweet-Drop-CBD-Lip-Balm-with-CBD-60mg-6g-scaled.jpg\",\"contentUrl\":\"https:\\\/\\\/sweetdropcbd.com\\\/wp-content\\\/uploads\\\/2026\\\/02\\\/Sweet-Drop-CBD-Lip-Balm-with-CBD-60mg-6g-scaled.jpg\",\"width\":2560,\"height\":1707},{\"@type\":\"BreadcrumbList\",\"@id\":\"https:\\\/\\\/sweetdropcbd.com\\\/lv\\\/produkts\\\/sweet-drop-cbd-lupu-balzams-ar-cbd-60-mg-6-g\\\/#breadcrumb\",\"itemListElement\":[{\"@type\":\"ListItem\",\"position\":1,\"name\":\"S\u0101kums\",\"item\":\"https:\\\/\\\/sweetdropcbd.com\\\/lv\\\/sweet-drop-cbd\\\/\"},{\"@type\":\"ListItem\",\"position\":2,\"name\":\"M\u016bsu CBD veikals\",\"item\":\"https:\\\/\\\/sweetdropcbd.com\\\/lv\\\/musu-cbd-veikals\\\/\"},{\"@type\":\"ListItem\",\"position\":3,\"name\":\"Sweet Drop CBD l\u016bpu balzams ar CBD 60 mg 6 g\"}]},{\"@type\":\"WebSite\",\"@id\":\"https:\\\/\\\/sweetdropcbd.com\\\/lv\\\/#website\",\"url\":\"https:\\\/\\\/sweetdropcbd.com\\\/lv\\\/\",\"name\":\"Sweet Drop CBD\",\"description\":\"Sweet Drop CBD\",\"publisher\":{\"@id\":\"https:\\\/\\\/sweetdropcbd.com\\\/lv\\\/#organization\"},\"alternateName\":\"Sweet Drop CBD oil\",\"potentialAction\":[{\"@type\":\"SearchAction\",\"target\":{\"@type\":\"EntryPoint\",\"urlTemplate\":\"https:\\\/\\\/sweetdropcbd.com\\\/lv\\\/?s={search_term_string}\"},\"query-input\":{\"@type\":\"PropertyValueSpecification\",\"valueRequired\":true,\"valueName\":\"search_term_string\"}}],\"inLanguage\":\"lv-LV\"},{\"@type\":[\"Organization\",\"Place\",\"HealthAndBeautyBusiness\"],\"@id\":\"https:\\\/\\\/sweetdropcbd.com\\\/lv\\\/#organization\",\"name\":\"MB EBIGUS\",\"alternateName\":\"Sweet Drop CBD\",\"url\":\"https:\\\/\\\/sweetdropcbd.com\\\/lv\\\/\",\"logo\":{\"@id\":\"https:\\\/\\\/sweetdropcbd.com\\\/lv\\\/produkts\\\/sweet-drop-cbd-lupu-balzams-ar-cbd-60-mg-6-g\\\/#local-main-organization-logo\"},\"image\":{\"@id\":\"https:\\\/\\\/sweetdropcbd.com\\\/lv\\\/produkts\\\/sweet-drop-cbd-lupu-balzams-ar-cbd-60-mg-6-g\\\/#local-main-organization-logo\"},\"sameAs\":[\"https:\\\/\\\/www.facebook.com\\\/SweetDropCBD\",\"https:\\\/\\\/www.instagram.com\\\/sweetdropcbd\\\/\"],\"publishingPrinciples\":\"https:\\\/\\\/sweetdropcbd.com\\\/terms-conditions\\\/\",\"ownershipFundingInfo\":\"https:\\\/\\\/sweetdropcbd.com\\\/about-us\\\/\",\"address\":{\"@id\":\"https:\\\/\\\/sweetdropcbd.com\\\/lv\\\/produkts\\\/sweet-drop-cbd-lupu-balzams-ar-cbd-60-mg-6-g\\\/#local-main-place-address\"},\"telephone\":[\"+37068683090\"],\"openingHoursSpecification\":{\"@type\":\"OpeningHoursSpecification\",\"dayOfWeek\":[\"Monday\",\"Tuesday\",\"Wednesday\",\"Thursday\",\"Friday\",\"Saturday\",\"Sunday\"],\"opens\":\"00:00\",\"closes\":\"23:59\"},\"email\":\"info@sweetdropcbd.com\",\"areaServed\":\"EU\"},{\"@type\":\"PostalAddress\",\"@id\":\"https:\\\/\\\/sweetdropcbd.com\\\/lv\\\/produkts\\\/sweet-drop-cbd-lupu-balzams-ar-cbd-60-mg-6-g\\\/#local-main-place-address\",\"streetAddress\":\"Rusn\u0117s g. 31, \u0160aki\u0173 k., Kauno r. sav., Lietuva\",\"addressLocality\":\"Kaunas\",\"postalCode\":\"47412\",\"addressCountry\":\"LT\"},{\"@type\":\"ImageObject\",\"inLanguage\":\"lv-LV\",\"@id\":\"https:\\\/\\\/sweetdropcbd.com\\\/lv\\\/produkts\\\/sweet-drop-cbd-lupu-balzams-ar-cbd-60-mg-6-g\\\/#local-main-organization-logo\",\"url\":\"https:\\\/\\\/sweetdropcbd.com\\\/wp-content\\\/uploads\\\/2023\\\/10\\\/Saldus-lasas-logotipas_H-EN.png\",\"contentUrl\":\"https:\\\/\\\/sweetdropcbd.com\\\/wp-content\\\/uploads\\\/2023\\\/10\\\/Saldus-lasas-logotipas_H-EN.png\",\"width\":206,\"height\":239,\"caption\":\"MB EBIGUS\"}]}<\/script>\n<meta property=\"product:price:amount\" content=\"13.60\" \/>\n<meta property=\"product:price:currency\" content=\"EUR\" \/>\n<meta property=\"og:availability\" content=\"instock\" \/>\n<meta property=\"product:availability\" content=\"instock\" \/>\n<meta property=\"product:retailer_item_id\" content=\"4777000029657\" \/>\n<meta property=\"product:condition\" content=\"new\" \/>\n<meta name=\"geo.placename\" content=\"Kaunas\" \/>\n<meta name=\"geo.region\" content=\"Lietuva\" \/>\n<!-- \/ Yoast SEO Premium plugin. -->","yoast_head_json":{"title":"Sweet Drop CBD l\u016bpu balzams (60 mg) | Mitrino\u0161a l\u016bpu kop\u0161ana","description":"Sweet Drop CBD l\u016bpu balzams ar 60 mg CBD (6 g). 100 % dabiskas izcelsmes sast\u0101vda\u013cas l\u016bpu mitrin\u0101\u0161anai, m\u012bkstin\u0101\u0161anai un kop\u0161anai, kas pal\u012bdz aizsarg\u0101t pret sausumu.","robots":{"index":"index","follow":"follow","max-snippet":"max-snippet:-1","max-image-preview":"max-image-preview:large","max-video-preview":"max-video-preview:-1"},"canonical":"https:\/\/sweetdropcbd.com\/lv\/produkts\/sweet-drop-cbd-lupu-balzams-ar-cbd-60-mg-6-g\/","og_locale":"lv_LV","og_type":"article","og_title":"Sweet Drop CBD l\u016bpu balzams (60 mg) | Mitrino\u0161a l\u016bpu kop\u0161ana","og_description":"Sweet Drop CBD l\u016bpu balzams ar 60 mg CBD (6 g). 100 % dabiskas izcelsmes sast\u0101vda\u013cas l\u016bpu mitrin\u0101\u0161anai, m\u012bkstin\u0101\u0161anai un kop\u0161anai, kas pal\u012bdz aizsarg\u0101t pret sausumu.","og_url":"https:\/\/sweetdropcbd.com\/lv\/produkts\/sweet-drop-cbd-lupu-balzams-ar-cbd-60-mg-6-g\/","og_site_name":"Sweet Drop CBD","article_publisher":"https:\/\/www.facebook.com\/SweetDropCBD","article_modified_time":"2026-02-27T16:35:26+00:00","og_image":[{"width":2560,"height":1707,"url":"https:\/\/sweetdropcbd.com\/wp-content\/uploads\/2026\/02\/Sweet-Drop-CBD-Lip-Balm-with-CBD-60mg-6g-scaled.jpg","type":"image\/jpeg"}],"schema":{"@context":"https:\/\/schema.org","@graph":[{"@type":"WebPage","@id":"https:\/\/sweetdropcbd.com\/lv\/produkts\/sweet-drop-cbd-lupu-balzams-ar-cbd-60-mg-6-g\/","url":"https:\/\/sweetdropcbd.com\/lv\/produkts\/sweet-drop-cbd-lupu-balzams-ar-cbd-60-mg-6-g\/","name":"Sweet Drop CBD l\u016bpu balzams (60 mg) | Mitrino\u0161a l\u016bpu kop\u0161ana","isPartOf":{"@id":"https:\/\/sweetdropcbd.com\/lv\/#website"},"primaryImageOfPage":{"@id":"https:\/\/sweetdropcbd.com\/lv\/produkts\/sweet-drop-cbd-lupu-balzams-ar-cbd-60-mg-6-g\/#primaryimage"},"image":{"@id":"https:\/\/sweetdropcbd.com\/lv\/produkts\/sweet-drop-cbd-lupu-balzams-ar-cbd-60-mg-6-g\/#primaryimage"},"thumbnailUrl":"https:\/\/sweetdropcbd.com\/wp-content\/uploads\/2026\/02\/Sweet-Drop-CBD-Lip-Balm-with-CBD-60mg-6g-scaled.jpg","datePublished":"2026-02-13T09:12:27+00:00","dateModified":"2026-02-27T16:35:26+00:00","description":"Sweet Drop CBD l\u016bpu balzams ar 60 mg CBD (6 g). 100 % dabiskas izcelsmes sast\u0101vda\u013cas l\u016bpu mitrin\u0101\u0161anai, m\u012bkstin\u0101\u0161anai un kop\u0161anai, kas pal\u012bdz aizsarg\u0101t pret sausumu.","breadcrumb":{"@id":"https:\/\/sweetdropcbd.com\/lv\/produkts\/sweet-drop-cbd-lupu-balzams-ar-cbd-60-mg-6-g\/#breadcrumb"},"inLanguage":"lv-LV","potentialAction":[{"@type":"ReadAction","target":["https:\/\/sweetdropcbd.com\/lv\/produkts\/sweet-drop-cbd-lupu-balzams-ar-cbd-60-mg-6-g\/"]}]},{"@type":"ImageObject","inLanguage":"lv-LV","@id":"https:\/\/sweetdropcbd.com\/lv\/produkts\/sweet-drop-cbd-lupu-balzams-ar-cbd-60-mg-6-g\/#primaryimage","url":"https:\/\/sweetdropcbd.com\/wp-content\/uploads\/2026\/02\/Sweet-Drop-CBD-Lip-Balm-with-CBD-60mg-6g-scaled.jpg","contentUrl":"https:\/\/sweetdropcbd.com\/wp-content\/uploads\/2026\/02\/Sweet-Drop-CBD-Lip-Balm-with-CBD-60mg-6g-scaled.jpg","width":2560,"height":1707},{"@type":"BreadcrumbList","@id":"https:\/\/sweetdropcbd.com\/lv\/produkts\/sweet-drop-cbd-lupu-balzams-ar-cbd-60-mg-6-g\/#breadcrumb","itemListElement":[{"@type":"ListItem","position":1,"name":"S\u0101kums","item":"https:\/\/sweetdropcbd.com\/lv\/sweet-drop-cbd\/"},{"@type":"ListItem","position":2,"name":"M\u016bsu CBD veikals","item":"https:\/\/sweetdropcbd.com\/lv\/musu-cbd-veikals\/"},{"@type":"ListItem","position":3,"name":"Sweet Drop CBD l\u016bpu balzams ar CBD 60 mg 6 g"}]},{"@type":"WebSite","@id":"https:\/\/sweetdropcbd.com\/lv\/#website","url":"https:\/\/sweetdropcbd.com\/lv\/","name":"Sweet Drop CBD","description":"Sweet Drop CBD","publisher":{"@id":"https:\/\/sweetdropcbd.com\/lv\/#organization"},"alternateName":"Sweet Drop CBD oil","potentialAction":[{"@type":"SearchAction","target":{"@type":"EntryPoint","urlTemplate":"https:\/\/sweetdropcbd.com\/lv\/?s={search_term_string}"},"query-input":{"@type":"PropertyValueSpecification","valueRequired":true,"valueName":"search_term_string"}}],"inLanguage":"lv-LV"},{"@type":["Organization","Place","HealthAndBeautyBusiness"],"@id":"https:\/\/sweetdropcbd.com\/lv\/#organization","name":"MB EBIGUS","alternateName":"Sweet Drop CBD","url":"https:\/\/sweetdropcbd.com\/lv\/","logo":{"@id":"https:\/\/sweetdropcbd.com\/lv\/produkts\/sweet-drop-cbd-lupu-balzams-ar-cbd-60-mg-6-g\/#local-main-organization-logo"},"image":{"@id":"https:\/\/sweetdropcbd.com\/lv\/produkts\/sweet-drop-cbd-lupu-balzams-ar-cbd-60-mg-6-g\/#local-main-organization-logo"},"sameAs":["https:\/\/www.facebook.com\/SweetDropCBD","https:\/\/www.instagram.com\/sweetdropcbd\/"],"publishingPrinciples":"https:\/\/sweetdropcbd.com\/terms-conditions\/","ownershipFundingInfo":"https:\/\/sweetdropcbd.com\/about-us\/","address":{"@id":"https:\/\/sweetdropcbd.com\/lv\/produkts\/sweet-drop-cbd-lupu-balzams-ar-cbd-60-mg-6-g\/#local-main-place-address"},"telephone":["+37068683090"],"openingHoursSpecification":{"@type":"OpeningHoursSpecification","dayOfWeek":["Monday","Tuesday","Wednesday","Thursday","Friday","Saturday","Sunday"],"opens":"00:00","closes":"23:59"},"email":"info@sweetdropcbd.com","areaServed":"EU"},{"@type":"PostalAddress","@id":"https:\/\/sweetdropcbd.com\/lv\/produkts\/sweet-drop-cbd-lupu-balzams-ar-cbd-60-mg-6-g\/#local-main-place-address","streetAddress":"Rusn\u0117s g. 31, \u0160aki\u0173 k., Kauno r. sav., Lietuva","addressLocality":"Kaunas","postalCode":"47412","addressCountry":"LT"},{"@type":"ImageObject","inLanguage":"lv-LV","@id":"https:\/\/sweetdropcbd.com\/lv\/produkts\/sweet-drop-cbd-lupu-balzams-ar-cbd-60-mg-6-g\/#local-main-organization-logo","url":"https:\/\/sweetdropcbd.com\/wp-content\/uploads\/2023\/10\/Saldus-lasas-logotipas_H-EN.png","contentUrl":"https:\/\/sweetdropcbd.com\/wp-content\/uploads\/2023\/10\/Saldus-lasas-logotipas_H-EN.png","width":206,"height":239,"caption":"MB EBIGUS"}]},"product_price_amount":"13.60","product_price_currency":"EUR","og_availability":"instock","product_availability":"instock","product_retailer_item_id":"4777000029657","product_condition":"new","geo.placename":"Kaunas","geo.region":"Lietuva"},"_links":{"self":[{"href":"https:\/\/sweetdropcbd.com\/lv\/wp-json\/wp\/v2\/product\/3043","targetHints":{"allow":["GET"]}}],"collection":[{"href":"https:\/\/sweetdropcbd.com\/lv\/wp-json\/wp\/v2\/product"}],"about":[{"href":"https:\/\/sweetdropcbd.com\/lv\/wp-json\/wp\/v2\/types\/product"}],"replies":[{"embeddable":true,"href":"https:\/\/sweetdropcbd.com\/lv\/wp-json\/wp\/v2\/comments?post=3043"}],"wp:featuredmedia":[{"embeddable":true,"href":"https:\/\/sweetdropcbd.com\/lv\/wp-json\/wp\/v2\/media\/3234"}],"wp:attachment":[{"href":"https:\/\/sweetdropcbd.com\/lv\/wp-json\/wp\/v2\/media?parent=3043"}],"wp:term":[{"taxonomy":"product_brand","embeddable":true,"href":"https:\/\/sweetdropcbd.com\/lv\/wp-json\/wp\/v2\/product_brand?post=3043"},{"taxonomy":"product_cat","embeddable":true,"href":"https:\/\/sweetdropcbd.com\/lv\/wp-json\/wp\/v2\/product_cat?post=3043"},{"taxonomy":"product_tag","embeddable":true,"href":"https:\/\/sweetdropcbd.com\/lv\/wp-json\/wp\/v2\/product_tag?post=3043"}],"curies":[{"name":"wp","href":"https:\/\/api.w.org\/{rel}","templated":true}]}}