{"id":3224,"date":"2026-02-19T17:40:51","date_gmt":"2026-02-19T15:40:51","guid":{"rendered":"https:\/\/sweetdropcbd.com\/product\/sweet-drop-cbd-power-trio-komplekts-30-15-lupu-balzams\/"},"modified":"2026-02-27T18:35:38","modified_gmt":"2026-02-27T16:35:38","slug":"sweet-drop-cbd-power-trio-komplekts-30-15-lupu-balzams","status":"publish","type":"product","link":"https:\/\/sweetdropcbd.com\/lv\/produkts\/sweet-drop-cbd-power-trio-komplekts-30-15-lupu-balzams\/","title":{"rendered":"Sweet Drop CBD \u201ePower Trio\u201c komplekts: 30% + 15% + l\u016bpu balzams"},"content":{"rendered":"<p data-path-to-node=\"11\">\u201ePower Trio\u201c ir komplekts, kas rad\u012bts tiem, kuri jau p\u0101rzina <a href=\"https:\/\/sweetdropcbd.com\/lv\/sweet-drop-cbd-ella-un-kosmetiska-lietosana\/\">CBD<\/a> lieto\u0161anu un v\u0113las da\u017e\u0101du stiprumu elast\u012bbu. 30% <a href=\"https:\/\/sweetdropcbd.com\/lv\/produkts\/sweet-drop-5-cbd-ella-500-mg-10ml\/\">koncentr\u0101cija<\/a> ir lieliski piem\u0113rota br\u012b\u017eiem, kad nepiecie\u0161ama intens\u012bv\u0101ka iedarb\u012bba, savuk\u0101rt 15% ir ide\u0101la ikdienai. Komplektu papildina <a href=\"https:\/\/sweetdropcbd.com\/lv\/\">CBD<\/a> l\u016bpu balzams, lai l\u016bpu kop\u0161ana tev vienm\u0113r b\u016btu pa rokai.  <\/p>\n<p data-path-to-node=\"12\"><b data-path-to-node=\"12\" data-index-in-node=\"0\">Komplekt\u0101:<\/b><\/p>\n<ul data-path-to-node=\"13\">\n<li>\n<p data-path-to-node=\"13,0,0\"><a href=\"https:\/\/sweetdropcbd.com\/lv\/\">Sweet Drop CBD ka\u0146epju e\u013c\u013ca 30% (3000 mg) \u2013 dab\u012bga, 10 ml<\/a><\/p>\n<\/li>\n<li><a href=\"https:\/\/sweetdropcbd.com\/lv\/produkts\/sweet-drop-15-cbd-ella-1500-mg-10ml\/\">Sweet Drop CBD ka\u0146epju e\u013c\u013ca 15% (1500 mg) \u2013 dab\u012bga, 10 ml<\/a><\/li>\n<\/ul>\n<ul data-path-to-node=\"13\">\n<li>\n<p data-path-to-node=\"13,2,0\"><a href=\"https:\/\/sweetdropcbd.com\/lv\/produkts\/sweet-drop-cbd-lupu-balzams-ar-cbd-60-mg-6-g\/\">Sweet Drop CBD l\u016bpu balzams ar CBD (60 mg \/ 6 g)<\/a><\/p>\n<\/li>\n<\/ul>\n<p>Spied uz katra, lai uzzin\u0101tu <a href=\"https:\/\/sweetdropcbd.com\/lv\/produkts\/sweet-drop-cbd-home-balance-box-5-20-30-lupu-balzams\/\">vair\u0101k<\/a><\/p>\n","protected":false},"excerpt":{"rendered":"<p class=\"product-title product_title entry-title\"><strong><span style=\"font-size: 120%;\">\u201ePower Trio\u201c komplekts:<\/span><\/strong><\/p>\n<ul>\n<li>\n<p data-path-to-node=\"10,0,0\">2 CBD e\u013c\u013cas (30% un 15%) + CBD l\u016bpu balzams<\/p>\n<\/li>\n<li>\n<p data-path-to-node=\"10,1,0\">Viegli piel\u0101gojams da\u017e\u0101d\u0101m ikdienas situ\u0101cij\u0101m<\/p>\n<\/li>\n<li>\n<p data-path-to-node=\"10,2,0\">Lieliska d\u0101vana pieredz\u0113ju\u0161iem lietot\u0101jiem<\/p>\n<\/li>\n<\/ul>\n","protected":false},"featured_media":3238,"comment_status":"closed","ping_status":"closed","template":"","meta":[],"product_brand":[666],"product_cat":[670,647],"product_tag":[650,652,651,653],"class_list":{"0":"post-3224","1":"product","2":"type-product","3":"status-publish","4":"has-post-thumbnail","6":"product_brand-sweet-drop-cbd","7":"product_cat-cbd-komplekti","8":"product_cat-visi-produkti","9":"product_tag-cbd","10":"product_tag-cbd-ella","11":"product_tag-cbd-kanepju-ella","12":"product_tag-sweetdropcbd","14":"first","15":"instock","16":"sale","17":"taxable","18":"shipping-taxable","19":"purchasable","20":"product-type-simple"},"yoast_head":"<!-- This site is optimized with the Yoast SEO Premium plugin v27.3 (Yoast SEO v27.3) - https:\/\/yoast.com\/product\/yoast-seo-premium-wordpress\/ -->\n<title>CBD e\u013c\u013cu komplekts 30% + 15% + l\u016bpu balzams | Sweet Drop CBD<\/title>\n<meta name=\"description\" content=\"Papla\u0161in\u0101tais CBD komplekts: 30% un 15% CBD e\u013c\u013cas + CBD l\u016bpu balzams. Ide\u0101li piem\u0113rots da\u017e\u0101du ikdienas gaitu apvieno\u0161anai un l\u016bpu kop\u0161anai jebkur\u0101 viet\u0101.\" \/>\n<meta name=\"robots\" content=\"index, follow, max-snippet:-1, max-image-preview:large, max-video-preview:-1\" \/>\n<link rel=\"canonical\" href=\"https:\/\/sweetdropcbd.com\/lv\/produkts\/sweet-drop-cbd-power-trio-komplekts-30-15-lupu-balzams\/\" \/>\n<meta property=\"og:locale\" content=\"lv_LV\" \/>\n<meta property=\"og:type\" content=\"article\" \/>\n<meta property=\"og:title\" content=\"Power Trio: 30% + 15% CBD e\u013c\u013cas + l\u016bpu balzams\" \/>\n<meta property=\"og:description\" content=\"Divas da\u017e\u0101das CBD e\u013c\u013cas koncentr\u0101cijas vien\u0101 komplekt\u0101 plus ikdienas l\u016bpu kop\u0161ana. Maksim\u0101la elast\u012bba tavai rut\u012bnai.\" \/>\n<meta property=\"og:url\" content=\"https:\/\/sweetdropcbd.com\/lv\/produkts\/sweet-drop-cbd-power-trio-komplekts-30-15-lupu-balzams\/\" \/>\n<meta property=\"og:site_name\" content=\"Sweet Drop CBD\" \/>\n<meta property=\"article:publisher\" content=\"https:\/\/www.facebook.com\/SweetDropCBD\" \/>\n<meta property=\"article:modified_time\" content=\"2026-02-27T16:35:38+00:00\" \/>\n<meta property=\"og:image\" content=\"https:\/\/sweetdropcbd.com\/wp-content\/uploads\/2026\/02\/Sweet-Drop-CBD-Power-Trio-Set-30-15-Lip-Balm-scaled.jpg\" \/>\n\t<meta property=\"og:image:width\" content=\"2560\" \/>\n\t<meta property=\"og:image:height\" content=\"1708\" \/>\n\t<meta property=\"og:image:type\" content=\"image\/jpeg\" \/>\n<script type=\"application\/ld+json\" class=\"yoast-schema-graph\">{\"@context\":\"https:\\\/\\\/schema.org\",\"@graph\":[{\"@type\":\"WebPage\",\"@id\":\"https:\\\/\\\/sweetdropcbd.com\\\/lv\\\/produkts\\\/sweet-drop-cbd-power-trio-komplekts-30-15-lupu-balzams\\\/\",\"url\":\"https:\\\/\\\/sweetdropcbd.com\\\/lv\\\/produkts\\\/sweet-drop-cbd-power-trio-komplekts-30-15-lupu-balzams\\\/\",\"name\":\"CBD e\u013c\u013cu komplekts 30% + 15% + l\u016bpu balzams | Sweet Drop CBD\",\"isPartOf\":{\"@id\":\"https:\\\/\\\/sweetdropcbd.com\\\/lv\\\/#website\"},\"primaryImageOfPage\":{\"@id\":\"https:\\\/\\\/sweetdropcbd.com\\\/lv\\\/produkts\\\/sweet-drop-cbd-power-trio-komplekts-30-15-lupu-balzams\\\/#primaryimage\"},\"image\":{\"@id\":\"https:\\\/\\\/sweetdropcbd.com\\\/lv\\\/produkts\\\/sweet-drop-cbd-power-trio-komplekts-30-15-lupu-balzams\\\/#primaryimage\"},\"thumbnailUrl\":\"https:\\\/\\\/sweetdropcbd.com\\\/wp-content\\\/uploads\\\/2026\\\/02\\\/Sweet-Drop-CBD-Power-Trio-Set-30-15-Lip-Balm-scaled.jpg\",\"datePublished\":\"2026-02-19T15:40:51+00:00\",\"dateModified\":\"2026-02-27T16:35:38+00:00\",\"description\":\"Papla\u0161in\u0101tais CBD komplekts: 30% un 15% CBD e\u013c\u013cas + CBD l\u016bpu balzams. Ide\u0101li piem\u0113rots da\u017e\u0101du ikdienas gaitu apvieno\u0161anai un l\u016bpu kop\u0161anai jebkur\u0101 viet\u0101.\",\"breadcrumb\":{\"@id\":\"https:\\\/\\\/sweetdropcbd.com\\\/lv\\\/produkts\\\/sweet-drop-cbd-power-trio-komplekts-30-15-lupu-balzams\\\/#breadcrumb\"},\"inLanguage\":\"lv-LV\",\"potentialAction\":[{\"@type\":\"ReadAction\",\"target\":[\"https:\\\/\\\/sweetdropcbd.com\\\/lv\\\/produkts\\\/sweet-drop-cbd-power-trio-komplekts-30-15-lupu-balzams\\\/\"]}]},{\"@type\":\"ImageObject\",\"inLanguage\":\"lv-LV\",\"@id\":\"https:\\\/\\\/sweetdropcbd.com\\\/lv\\\/produkts\\\/sweet-drop-cbd-power-trio-komplekts-30-15-lupu-balzams\\\/#primaryimage\",\"url\":\"https:\\\/\\\/sweetdropcbd.com\\\/wp-content\\\/uploads\\\/2026\\\/02\\\/Sweet-Drop-CBD-Power-Trio-Set-30-15-Lip-Balm-scaled.jpg\",\"contentUrl\":\"https:\\\/\\\/sweetdropcbd.com\\\/wp-content\\\/uploads\\\/2026\\\/02\\\/Sweet-Drop-CBD-Power-Trio-Set-30-15-Lip-Balm-scaled.jpg\",\"width\":2560,\"height\":1708},{\"@type\":\"BreadcrumbList\",\"@id\":\"https:\\\/\\\/sweetdropcbd.com\\\/lv\\\/produkts\\\/sweet-drop-cbd-power-trio-komplekts-30-15-lupu-balzams\\\/#breadcrumb\",\"itemListElement\":[{\"@type\":\"ListItem\",\"position\":1,\"name\":\"S\u0101kums\",\"item\":\"https:\\\/\\\/sweetdropcbd.com\\\/lv\\\/sweet-drop-cbd\\\/\"},{\"@type\":\"ListItem\",\"position\":2,\"name\":\"M\u016bsu CBD veikals\",\"item\":\"https:\\\/\\\/sweetdropcbd.com\\\/lv\\\/musu-cbd-veikals\\\/\"},{\"@type\":\"ListItem\",\"position\":3,\"name\":\"Sweet Drop CBD \u201ePower Trio\u201c komplekts: 30% + 15% + l\u016bpu balzams\"}]},{\"@type\":\"WebSite\",\"@id\":\"https:\\\/\\\/sweetdropcbd.com\\\/lv\\\/#website\",\"url\":\"https:\\\/\\\/sweetdropcbd.com\\\/lv\\\/\",\"name\":\"Sweet Drop CBD\",\"description\":\"Sweet Drop CBD\",\"publisher\":{\"@id\":\"https:\\\/\\\/sweetdropcbd.com\\\/lv\\\/#organization\"},\"alternateName\":\"Sweet Drop CBD oil\",\"potentialAction\":[{\"@type\":\"SearchAction\",\"target\":{\"@type\":\"EntryPoint\",\"urlTemplate\":\"https:\\\/\\\/sweetdropcbd.com\\\/lv\\\/?s={search_term_string}\"},\"query-input\":{\"@type\":\"PropertyValueSpecification\",\"valueRequired\":true,\"valueName\":\"search_term_string\"}}],\"inLanguage\":\"lv-LV\"},{\"@type\":[\"Organization\",\"Place\",\"HealthAndBeautyBusiness\"],\"@id\":\"https:\\\/\\\/sweetdropcbd.com\\\/lv\\\/#organization\",\"name\":\"MB EBIGUS\",\"alternateName\":\"Sweet Drop CBD\",\"url\":\"https:\\\/\\\/sweetdropcbd.com\\\/lv\\\/\",\"logo\":{\"@id\":\"https:\\\/\\\/sweetdropcbd.com\\\/lv\\\/produkts\\\/sweet-drop-cbd-power-trio-komplekts-30-15-lupu-balzams\\\/#local-main-organization-logo\"},\"image\":{\"@id\":\"https:\\\/\\\/sweetdropcbd.com\\\/lv\\\/produkts\\\/sweet-drop-cbd-power-trio-komplekts-30-15-lupu-balzams\\\/#local-main-organization-logo\"},\"sameAs\":[\"https:\\\/\\\/www.facebook.com\\\/SweetDropCBD\",\"https:\\\/\\\/www.instagram.com\\\/sweetdropcbd\\\/\"],\"publishingPrinciples\":\"https:\\\/\\\/sweetdropcbd.com\\\/terms-conditions\\\/\",\"ownershipFundingInfo\":\"https:\\\/\\\/sweetdropcbd.com\\\/about-us\\\/\",\"address\":{\"@id\":\"https:\\\/\\\/sweetdropcbd.com\\\/lv\\\/produkts\\\/sweet-drop-cbd-power-trio-komplekts-30-15-lupu-balzams\\\/#local-main-place-address\"},\"telephone\":[\"+37068683090\"],\"openingHoursSpecification\":{\"@type\":\"OpeningHoursSpecification\",\"dayOfWeek\":[\"Monday\",\"Tuesday\",\"Wednesday\",\"Thursday\",\"Friday\",\"Saturday\",\"Sunday\"],\"opens\":\"00:00\",\"closes\":\"23:59\"},\"email\":\"info@sweetdropcbd.com\",\"areaServed\":\"EU\"},{\"@type\":\"PostalAddress\",\"@id\":\"https:\\\/\\\/sweetdropcbd.com\\\/lv\\\/produkts\\\/sweet-drop-cbd-power-trio-komplekts-30-15-lupu-balzams\\\/#local-main-place-address\",\"streetAddress\":\"Rusn\u0117s g. 31, \u0160aki\u0173 k., Kauno r. sav., Lietuva\",\"addressLocality\":\"Kaunas\",\"postalCode\":\"47412\",\"addressCountry\":\"LT\"},{\"@type\":\"ImageObject\",\"inLanguage\":\"lv-LV\",\"@id\":\"https:\\\/\\\/sweetdropcbd.com\\\/lv\\\/produkts\\\/sweet-drop-cbd-power-trio-komplekts-30-15-lupu-balzams\\\/#local-main-organization-logo\",\"url\":\"https:\\\/\\\/sweetdropcbd.com\\\/wp-content\\\/uploads\\\/2023\\\/10\\\/Saldus-lasas-logotipas_H-EN.png\",\"contentUrl\":\"https:\\\/\\\/sweetdropcbd.com\\\/wp-content\\\/uploads\\\/2023\\\/10\\\/Saldus-lasas-logotipas_H-EN.png\",\"width\":206,\"height\":239,\"caption\":\"MB EBIGUS\"}]}<\/script>\n<meta property=\"product:price:amount\" content=\"105.75\" \/>\n<meta property=\"product:price:currency\" content=\"EUR\" \/>\n<meta property=\"og:availability\" content=\"instock\" \/>\n<meta property=\"product:availability\" content=\"instock\" \/>\n<meta property=\"product:condition\" content=\"new\" \/>\n<meta name=\"geo.placename\" content=\"Kaunas\" \/>\n<meta name=\"geo.region\" content=\"Lietuva\" \/>\n<!-- \/ Yoast SEO Premium plugin. -->","yoast_head_json":{"title":"CBD e\u013c\u013cu komplekts 30% + 15% + l\u016bpu balzams | Sweet Drop CBD","description":"Papla\u0161in\u0101tais CBD komplekts: 30% un 15% CBD e\u013c\u013cas + CBD l\u016bpu balzams. Ide\u0101li piem\u0113rots da\u017e\u0101du ikdienas gaitu apvieno\u0161anai un l\u016bpu kop\u0161anai jebkur\u0101 viet\u0101.","robots":{"index":"index","follow":"follow","max-snippet":"max-snippet:-1","max-image-preview":"max-image-preview:large","max-video-preview":"max-video-preview:-1"},"canonical":"https:\/\/sweetdropcbd.com\/lv\/produkts\/sweet-drop-cbd-power-trio-komplekts-30-15-lupu-balzams\/","og_locale":"lv_LV","og_type":"article","og_title":"Power Trio: 30% + 15% CBD e\u013c\u013cas + l\u016bpu balzams","og_description":"Divas da\u017e\u0101das CBD e\u013c\u013cas koncentr\u0101cijas vien\u0101 komplekt\u0101 plus ikdienas l\u016bpu kop\u0161ana. Maksim\u0101la elast\u012bba tavai rut\u012bnai.","og_url":"https:\/\/sweetdropcbd.com\/lv\/produkts\/sweet-drop-cbd-power-trio-komplekts-30-15-lupu-balzams\/","og_site_name":"Sweet Drop CBD","article_publisher":"https:\/\/www.facebook.com\/SweetDropCBD","article_modified_time":"2026-02-27T16:35:38+00:00","og_image":[{"width":2560,"height":1708,"url":"https:\/\/sweetdropcbd.com\/wp-content\/uploads\/2026\/02\/Sweet-Drop-CBD-Power-Trio-Set-30-15-Lip-Balm-scaled.jpg","type":"image\/jpeg"}],"schema":{"@context":"https:\/\/schema.org","@graph":[{"@type":"WebPage","@id":"https:\/\/sweetdropcbd.com\/lv\/produkts\/sweet-drop-cbd-power-trio-komplekts-30-15-lupu-balzams\/","url":"https:\/\/sweetdropcbd.com\/lv\/produkts\/sweet-drop-cbd-power-trio-komplekts-30-15-lupu-balzams\/","name":"CBD e\u013c\u013cu komplekts 30% + 15% + l\u016bpu balzams | Sweet Drop CBD","isPartOf":{"@id":"https:\/\/sweetdropcbd.com\/lv\/#website"},"primaryImageOfPage":{"@id":"https:\/\/sweetdropcbd.com\/lv\/produkts\/sweet-drop-cbd-power-trio-komplekts-30-15-lupu-balzams\/#primaryimage"},"image":{"@id":"https:\/\/sweetdropcbd.com\/lv\/produkts\/sweet-drop-cbd-power-trio-komplekts-30-15-lupu-balzams\/#primaryimage"},"thumbnailUrl":"https:\/\/sweetdropcbd.com\/wp-content\/uploads\/2026\/02\/Sweet-Drop-CBD-Power-Trio-Set-30-15-Lip-Balm-scaled.jpg","datePublished":"2026-02-19T15:40:51+00:00","dateModified":"2026-02-27T16:35:38+00:00","description":"Papla\u0161in\u0101tais CBD komplekts: 30% un 15% CBD e\u013c\u013cas + CBD l\u016bpu balzams. Ide\u0101li piem\u0113rots da\u017e\u0101du ikdienas gaitu apvieno\u0161anai un l\u016bpu kop\u0161anai jebkur\u0101 viet\u0101.","breadcrumb":{"@id":"https:\/\/sweetdropcbd.com\/lv\/produkts\/sweet-drop-cbd-power-trio-komplekts-30-15-lupu-balzams\/#breadcrumb"},"inLanguage":"lv-LV","potentialAction":[{"@type":"ReadAction","target":["https:\/\/sweetdropcbd.com\/lv\/produkts\/sweet-drop-cbd-power-trio-komplekts-30-15-lupu-balzams\/"]}]},{"@type":"ImageObject","inLanguage":"lv-LV","@id":"https:\/\/sweetdropcbd.com\/lv\/produkts\/sweet-drop-cbd-power-trio-komplekts-30-15-lupu-balzams\/#primaryimage","url":"https:\/\/sweetdropcbd.com\/wp-content\/uploads\/2026\/02\/Sweet-Drop-CBD-Power-Trio-Set-30-15-Lip-Balm-scaled.jpg","contentUrl":"https:\/\/sweetdropcbd.com\/wp-content\/uploads\/2026\/02\/Sweet-Drop-CBD-Power-Trio-Set-30-15-Lip-Balm-scaled.jpg","width":2560,"height":1708},{"@type":"BreadcrumbList","@id":"https:\/\/sweetdropcbd.com\/lv\/produkts\/sweet-drop-cbd-power-trio-komplekts-30-15-lupu-balzams\/#breadcrumb","itemListElement":[{"@type":"ListItem","position":1,"name":"S\u0101kums","item":"https:\/\/sweetdropcbd.com\/lv\/sweet-drop-cbd\/"},{"@type":"ListItem","position":2,"name":"M\u016bsu CBD veikals","item":"https:\/\/sweetdropcbd.com\/lv\/musu-cbd-veikals\/"},{"@type":"ListItem","position":3,"name":"Sweet Drop CBD \u201ePower Trio\u201c komplekts: 30% + 15% + l\u016bpu balzams"}]},{"@type":"WebSite","@id":"https:\/\/sweetdropcbd.com\/lv\/#website","url":"https:\/\/sweetdropcbd.com\/lv\/","name":"Sweet Drop CBD","description":"Sweet Drop CBD","publisher":{"@id":"https:\/\/sweetdropcbd.com\/lv\/#organization"},"alternateName":"Sweet Drop CBD oil","potentialAction":[{"@type":"SearchAction","target":{"@type":"EntryPoint","urlTemplate":"https:\/\/sweetdropcbd.com\/lv\/?s={search_term_string}"},"query-input":{"@type":"PropertyValueSpecification","valueRequired":true,"valueName":"search_term_string"}}],"inLanguage":"lv-LV"},{"@type":["Organization","Place","HealthAndBeautyBusiness"],"@id":"https:\/\/sweetdropcbd.com\/lv\/#organization","name":"MB EBIGUS","alternateName":"Sweet Drop CBD","url":"https:\/\/sweetdropcbd.com\/lv\/","logo":{"@id":"https:\/\/sweetdropcbd.com\/lv\/produkts\/sweet-drop-cbd-power-trio-komplekts-30-15-lupu-balzams\/#local-main-organization-logo"},"image":{"@id":"https:\/\/sweetdropcbd.com\/lv\/produkts\/sweet-drop-cbd-power-trio-komplekts-30-15-lupu-balzams\/#local-main-organization-logo"},"sameAs":["https:\/\/www.facebook.com\/SweetDropCBD","https:\/\/www.instagram.com\/sweetdropcbd\/"],"publishingPrinciples":"https:\/\/sweetdropcbd.com\/terms-conditions\/","ownershipFundingInfo":"https:\/\/sweetdropcbd.com\/about-us\/","address":{"@id":"https:\/\/sweetdropcbd.com\/lv\/produkts\/sweet-drop-cbd-power-trio-komplekts-30-15-lupu-balzams\/#local-main-place-address"},"telephone":["+37068683090"],"openingHoursSpecification":{"@type":"OpeningHoursSpecification","dayOfWeek":["Monday","Tuesday","Wednesday","Thursday","Friday","Saturday","Sunday"],"opens":"00:00","closes":"23:59"},"email":"info@sweetdropcbd.com","areaServed":"EU"},{"@type":"PostalAddress","@id":"https:\/\/sweetdropcbd.com\/lv\/produkts\/sweet-drop-cbd-power-trio-komplekts-30-15-lupu-balzams\/#local-main-place-address","streetAddress":"Rusn\u0117s g. 31, \u0160aki\u0173 k., Kauno r. sav., Lietuva","addressLocality":"Kaunas","postalCode":"47412","addressCountry":"LT"},{"@type":"ImageObject","inLanguage":"lv-LV","@id":"https:\/\/sweetdropcbd.com\/lv\/produkts\/sweet-drop-cbd-power-trio-komplekts-30-15-lupu-balzams\/#local-main-organization-logo","url":"https:\/\/sweetdropcbd.com\/wp-content\/uploads\/2023\/10\/Saldus-lasas-logotipas_H-EN.png","contentUrl":"https:\/\/sweetdropcbd.com\/wp-content\/uploads\/2023\/10\/Saldus-lasas-logotipas_H-EN.png","width":206,"height":239,"caption":"MB EBIGUS"}]},"product_price_amount":"105.75","product_price_currency":"EUR","og_availability":"instock","product_availability":"instock","product_condition":"new","geo.placename":"Kaunas","geo.region":"Lietuva"},"_links":{"self":[{"href":"https:\/\/sweetdropcbd.com\/lv\/wp-json\/wp\/v2\/product\/3224","targetHints":{"allow":["GET"]}}],"collection":[{"href":"https:\/\/sweetdropcbd.com\/lv\/wp-json\/wp\/v2\/product"}],"about":[{"href":"https:\/\/sweetdropcbd.com\/lv\/wp-json\/wp\/v2\/types\/product"}],"replies":[{"embeddable":true,"href":"https:\/\/sweetdropcbd.com\/lv\/wp-json\/wp\/v2\/comments?post=3224"}],"wp:featuredmedia":[{"embeddable":true,"href":"https:\/\/sweetdropcbd.com\/lv\/wp-json\/wp\/v2\/media\/3238"}],"wp:attachment":[{"href":"https:\/\/sweetdropcbd.com\/lv\/wp-json\/wp\/v2\/media?parent=3224"}],"wp:term":[{"taxonomy":"product_brand","embeddable":true,"href":"https:\/\/sweetdropcbd.com\/lv\/wp-json\/wp\/v2\/product_brand?post=3224"},{"taxonomy":"product_cat","embeddable":true,"href":"https:\/\/sweetdropcbd.com\/lv\/wp-json\/wp\/v2\/product_cat?post=3224"},{"taxonomy":"product_tag","embeddable":true,"href":"https:\/\/sweetdropcbd.com\/lv\/wp-json\/wp\/v2\/product_tag?post=3224"}],"curies":[{"name":"wp","href":"https:\/\/api.w.org\/{rel}","templated":true}]}}