{"id":3243,"date":"2026-02-19T17:58:39","date_gmt":"2026-02-19T15:58:39","guid":{"rendered":"https:\/\/sweetdropcbd.com\/product\/sweet-drop-cbd-day-night-duets-10-20\/"},"modified":"2026-02-19T17:58:39","modified_gmt":"2026-02-19T15:58:39","slug":"sweet-drop-cbd-day-night-duets-10-20","status":"publish","type":"product","link":"https:\/\/sweetdropcbd.com\/lv\/produkts\/sweet-drop-cbd-day-night-duets-10-20\/","title":{"rendered":"Sweet Drop CBD &#8220;Day &amp; Night\u201c duets: 10% + 20%"},"content":{"rendered":"<p data-path-to-node=\"24\">\u201cDay &amp; Night\u201d duets ir rad\u012bts tiem, kuri mekl\u0113 elast\u012bbu: 10% CBD e\u013c\u013ca ikdienas mirk\u013ciem un 20% br\u012b\u017eiem, kad v\u0113lies ko intens\u012bv\u0101ku. \u0160is ir lielisks komplekts, lai sal\u012bdzin\u0101tu koncentr\u0101cijas un piesl\u012bp\u0113tu savu person\u012bgo rut\u012bnu. <\/p>\n<p data-path-to-node=\"25\"><b data-path-to-node=\"25\" data-index-in-node=\"0\">Komplekt\u0101:<\/b><\/p>\n<ul data-path-to-node=\"26\">\n<li>\n<p data-path-to-node=\"26,0,0\"><a href=\"https:\/\/sweetdropcbd.com\/lv\/\">Sweet Drop CBD ka\u0146epju e\u013c\u013ca 10% (1000 mg) \u2013 Natural, 10 ml<\/a><\/p>\n<\/li>\n<li>\n<p data-path-to-node=\"26,1,0\"><a href=\"https:\/\/sweetdropcbd.com\/lv\/product\/sweet-drop-20-cbd-ella-2000-mg-10ml\/\">Sweet Drop CBD ka\u0146epju e\u013c\u013ca 20% (2000 mg) \u2013 Natural, 10 ml<\/a><\/p>\n<\/li>\n<\/ul>\n<p>Spied uz katra produkta, lai uzzin\u0101tu vair\u0101k<\/p>\n","protected":false},"excerpt":{"rendered":"<p><strong><span style=\"font-size: 120%;\">Day &amp; Night komplekts:<\/span><\/strong><\/p>\n<ul>\n<li>\n<p data-path-to-node=\"23,0,0\">10% + 20% CBD e\u013c\u013cas vien\u0101 komplekt\u0101<\/p>\n<\/li>\n<li>\n<p data-path-to-node=\"23,1,0\">Elast\u012bga izv\u0113le, balstoties uz tavu rut\u012bnu<\/p>\n<\/li>\n<li>\n<p data-path-to-node=\"23,2,0\">Viegli izm\u0113\u0123in\u0101t un sal\u012bdzin\u0101t<\/p>\n<\/li>\n<\/ul>\n","protected":false},"featured_media":3244,"comment_status":"closed","ping_status":"closed","template":"","meta":[],"product_brand":[666],"product_cat":[648,670,647],"product_tag":[650,652,651,653],"class_list":{"0":"post-3243","1":"product","2":"type-product","3":"status-publish","4":"has-post-thumbnail","6":"product_brand-sweet-drop-cbd","7":"product_cat-cbd-ellas","8":"product_cat-cbd-komplekti","9":"product_cat-visi-produkti","10":"product_tag-cbd","11":"product_tag-cbd-ella","12":"product_tag-cbd-kanepju-ella","13":"product_tag-sweetdropcbd","15":"first","16":"instock","17":"sale","18":"taxable","19":"shipping-taxable","20":"purchasable","21":"product-type-simple"},"yoast_head":"<!-- This site is optimized with the Yoast SEO Premium plugin v27.3 (Yoast SEO v27.3) - https:\/\/yoast.com\/product\/yoast-seo-premium-wordpress\/ -->\n<title>CBD e\u013c\u013cas komplekts 10% + 20% | Day and Night duets<\/title>\n<meta name=\"description\" content=\"Divas m\u016bsu popul\u0101r\u0101k\u0101s izv\u0113les vien\u0101 komplekt\u0101: 10% un 20% CBD e\u013c\u013cas. \u0112rti piel\u0101go divas da\u017e\u0101das koncentr\u0101cijas savai ikdienas gaitai.\" \/>\n<meta name=\"robots\" content=\"index, follow, max-snippet:-1, max-image-preview:large, max-video-preview:-1\" \/>\n<link rel=\"canonical\" href=\"https:\/\/sweetdropcbd.com\/lv\/produkts\/sweet-drop-cbd-day-night-duets-10-20\/\" \/>\n<meta property=\"og:locale\" content=\"lv_LV\" \/>\n<meta property=\"og:type\" content=\"article\" \/>\n<meta property=\"og:title\" content=\"Day &amp; Night duets: 10% + 20% CBD\" \/>\n<meta property=\"og:description\" content=\"Kad v\u0113lies elast\u012bbu: maig\u0101ka izv\u0113le dienai un intens\u012bv\u0101ks variants vakaram. Viens komplekts \u2013 divas rut\u012bnas.\" \/>\n<meta property=\"og:url\" content=\"https:\/\/sweetdropcbd.com\/lv\/produkts\/sweet-drop-cbd-day-night-duets-10-20\/\" \/>\n<meta property=\"og:site_name\" content=\"Sweet Drop CBD\" \/>\n<meta property=\"article:publisher\" content=\"https:\/\/www.facebook.com\/SweetDropCBD\" \/>\n<meta property=\"og:image\" content=\"https:\/\/sweetdropcbd.com\/wp-content\/uploads\/2026\/02\/Sweet-Drop-CBD-Day-Night-Duo-10-20-scaled.jpg\" \/>\n\t<meta property=\"og:image:width\" content=\"2560\" \/>\n\t<meta property=\"og:image:height\" content=\"1707\" \/>\n\t<meta property=\"og:image:type\" content=\"image\/jpeg\" \/>\n<script type=\"application\/ld+json\" class=\"yoast-schema-graph\">{\"@context\":\"https:\\\/\\\/schema.org\",\"@graph\":[{\"@type\":\"WebPage\",\"@id\":\"https:\\\/\\\/sweetdropcbd.com\\\/lv\\\/produkts\\\/sweet-drop-cbd-day-night-duets-10-20\\\/\",\"url\":\"https:\\\/\\\/sweetdropcbd.com\\\/lv\\\/produkts\\\/sweet-drop-cbd-day-night-duets-10-20\\\/\",\"name\":\"CBD e\u013c\u013cas komplekts 10% + 20% | Day and Night duets\",\"isPartOf\":{\"@id\":\"https:\\\/\\\/sweetdropcbd.com\\\/lv\\\/#website\"},\"primaryImageOfPage\":{\"@id\":\"https:\\\/\\\/sweetdropcbd.com\\\/lv\\\/produkts\\\/sweet-drop-cbd-day-night-duets-10-20\\\/#primaryimage\"},\"image\":{\"@id\":\"https:\\\/\\\/sweetdropcbd.com\\\/lv\\\/produkts\\\/sweet-drop-cbd-day-night-duets-10-20\\\/#primaryimage\"},\"thumbnailUrl\":\"https:\\\/\\\/sweetdropcbd.com\\\/wp-content\\\/uploads\\\/2026\\\/02\\\/Sweet-Drop-CBD-Day-Night-Duo-10-20-scaled.jpg\",\"datePublished\":\"2026-02-19T15:58:39+00:00\",\"description\":\"Divas m\u016bsu popul\u0101r\u0101k\u0101s izv\u0113les vien\u0101 komplekt\u0101: 10% un 20% CBD e\u013c\u013cas. \u0112rti piel\u0101go divas da\u017e\u0101das koncentr\u0101cijas savai ikdienas gaitai.\",\"breadcrumb\":{\"@id\":\"https:\\\/\\\/sweetdropcbd.com\\\/lv\\\/produkts\\\/sweet-drop-cbd-day-night-duets-10-20\\\/#breadcrumb\"},\"inLanguage\":\"lv-LV\",\"potentialAction\":[{\"@type\":\"ReadAction\",\"target\":[\"https:\\\/\\\/sweetdropcbd.com\\\/lv\\\/produkts\\\/sweet-drop-cbd-day-night-duets-10-20\\\/\"]}]},{\"@type\":\"ImageObject\",\"inLanguage\":\"lv-LV\",\"@id\":\"https:\\\/\\\/sweetdropcbd.com\\\/lv\\\/produkts\\\/sweet-drop-cbd-day-night-duets-10-20\\\/#primaryimage\",\"url\":\"https:\\\/\\\/sweetdropcbd.com\\\/wp-content\\\/uploads\\\/2026\\\/02\\\/Sweet-Drop-CBD-Day-Night-Duo-10-20-scaled.jpg\",\"contentUrl\":\"https:\\\/\\\/sweetdropcbd.com\\\/wp-content\\\/uploads\\\/2026\\\/02\\\/Sweet-Drop-CBD-Day-Night-Duo-10-20-scaled.jpg\",\"width\":2560,\"height\":1707,\"caption\":\"Divas tum\u0161a stikla Sweet Drop CBD e\u013c\u013cas pudel\u012btes ar pipet\u0113m. Kreisaj\u0101 pus\u0113 \u2013 10% koncentr\u0101cijas e\u013c\u013ca, labaj\u0101 pus\u0113 \u2013 20% koncentr\u0101cijas e\u013c\u013ca no Day &amp; Night Duo l\u012bnijas.\"},{\"@type\":\"BreadcrumbList\",\"@id\":\"https:\\\/\\\/sweetdropcbd.com\\\/lv\\\/produkts\\\/sweet-drop-cbd-day-night-duets-10-20\\\/#breadcrumb\",\"itemListElement\":[{\"@type\":\"ListItem\",\"position\":1,\"name\":\"S\u0101kums\",\"item\":\"https:\\\/\\\/sweetdropcbd.com\\\/lv\\\/sweet-drop-cbd\\\/\"},{\"@type\":\"ListItem\",\"position\":2,\"name\":\"M\u016bsu CBD veikals\",\"item\":\"https:\\\/\\\/sweetdropcbd.com\\\/lv\\\/musu-cbd-veikals\\\/\"},{\"@type\":\"ListItem\",\"position\":3,\"name\":\"Sweet Drop CBD &#8222;Day &amp; Night&#8221; duets: 10% + 20%\"}]},{\"@type\":\"WebSite\",\"@id\":\"https:\\\/\\\/sweetdropcbd.com\\\/lv\\\/#website\",\"url\":\"https:\\\/\\\/sweetdropcbd.com\\\/lv\\\/\",\"name\":\"Sweet Drop CBD\",\"description\":\"Sweet Drop CBD\",\"publisher\":{\"@id\":\"https:\\\/\\\/sweetdropcbd.com\\\/lv\\\/#organization\"},\"alternateName\":\"Sweet Drop CBD oil\",\"potentialAction\":[{\"@type\":\"SearchAction\",\"target\":{\"@type\":\"EntryPoint\",\"urlTemplate\":\"https:\\\/\\\/sweetdropcbd.com\\\/lv\\\/?s={search_term_string}\"},\"query-input\":{\"@type\":\"PropertyValueSpecification\",\"valueRequired\":true,\"valueName\":\"search_term_string\"}}],\"inLanguage\":\"lv-LV\"},{\"@type\":[\"Organization\",\"Place\",\"HealthAndBeautyBusiness\"],\"@id\":\"https:\\\/\\\/sweetdropcbd.com\\\/lv\\\/#organization\",\"name\":\"MB EBIGUS\",\"alternateName\":\"Sweet Drop CBD\",\"url\":\"https:\\\/\\\/sweetdropcbd.com\\\/lv\\\/\",\"logo\":{\"@id\":\"https:\\\/\\\/sweetdropcbd.com\\\/lv\\\/produkts\\\/sweet-drop-cbd-day-night-duets-10-20\\\/#local-main-organization-logo\"},\"image\":{\"@id\":\"https:\\\/\\\/sweetdropcbd.com\\\/lv\\\/produkts\\\/sweet-drop-cbd-day-night-duets-10-20\\\/#local-main-organization-logo\"},\"sameAs\":[\"https:\\\/\\\/www.facebook.com\\\/SweetDropCBD\",\"https:\\\/\\\/www.instagram.com\\\/sweetdropcbd\\\/\"],\"publishingPrinciples\":\"https:\\\/\\\/sweetdropcbd.com\\\/terms-conditions\\\/\",\"ownershipFundingInfo\":\"https:\\\/\\\/sweetdropcbd.com\\\/about-us\\\/\",\"address\":{\"@id\":\"https:\\\/\\\/sweetdropcbd.com\\\/lv\\\/produkts\\\/sweet-drop-cbd-day-night-duets-10-20\\\/#local-main-place-address\"},\"telephone\":[\"+37068683090\"],\"openingHoursSpecification\":{\"@type\":\"OpeningHoursSpecification\",\"dayOfWeek\":[\"Monday\",\"Tuesday\",\"Wednesday\",\"Thursday\",\"Friday\",\"Saturday\",\"Sunday\"],\"opens\":\"00:00\",\"closes\":\"23:59\"},\"email\":\"info@sweetdropcbd.com\",\"areaServed\":\"EU\"},{\"@type\":\"PostalAddress\",\"@id\":\"https:\\\/\\\/sweetdropcbd.com\\\/lv\\\/produkts\\\/sweet-drop-cbd-day-night-duets-10-20\\\/#local-main-place-address\",\"streetAddress\":\"Rusn\u0117s g. 31, \u0160aki\u0173 k., Kauno r. sav., Lietuva\",\"addressLocality\":\"Kaunas\",\"postalCode\":\"47412\",\"addressCountry\":\"LT\"},{\"@type\":\"ImageObject\",\"inLanguage\":\"lv-LV\",\"@id\":\"https:\\\/\\\/sweetdropcbd.com\\\/lv\\\/produkts\\\/sweet-drop-cbd-day-night-duets-10-20\\\/#local-main-organization-logo\",\"url\":\"https:\\\/\\\/sweetdropcbd.com\\\/wp-content\\\/uploads\\\/2023\\\/10\\\/Saldus-lasas-logotipas_H-EN.png\",\"contentUrl\":\"https:\\\/\\\/sweetdropcbd.com\\\/wp-content\\\/uploads\\\/2023\\\/10\\\/Saldus-lasas-logotipas_H-EN.png\",\"width\":206,\"height\":239,\"caption\":\"MB EBIGUS\"}]}<\/script>\n<meta property=\"product:price:amount\" content=\"72.00\" \/>\n<meta property=\"product:price:currency\" content=\"EUR\" \/>\n<meta property=\"og:availability\" content=\"instock\" \/>\n<meta property=\"product:availability\" content=\"instock\" \/>\n<meta property=\"product:condition\" content=\"new\" \/>\n<meta name=\"geo.placename\" content=\"Kaunas\" \/>\n<meta name=\"geo.region\" content=\"Lietuva\" \/>\n<!-- \/ Yoast SEO Premium plugin. -->","yoast_head_json":{"title":"CBD e\u013c\u013cas komplekts 10% + 20% | Day and Night duets","description":"Divas m\u016bsu popul\u0101r\u0101k\u0101s izv\u0113les vien\u0101 komplekt\u0101: 10% un 20% CBD e\u013c\u013cas. \u0112rti piel\u0101go divas da\u017e\u0101das koncentr\u0101cijas savai ikdienas gaitai.","robots":{"index":"index","follow":"follow","max-snippet":"max-snippet:-1","max-image-preview":"max-image-preview:large","max-video-preview":"max-video-preview:-1"},"canonical":"https:\/\/sweetdropcbd.com\/lv\/produkts\/sweet-drop-cbd-day-night-duets-10-20\/","og_locale":"lv_LV","og_type":"article","og_title":"Day & Night duets: 10% + 20% CBD","og_description":"Kad v\u0113lies elast\u012bbu: maig\u0101ka izv\u0113le dienai un intens\u012bv\u0101ks variants vakaram. Viens komplekts \u2013 divas rut\u012bnas.","og_url":"https:\/\/sweetdropcbd.com\/lv\/produkts\/sweet-drop-cbd-day-night-duets-10-20\/","og_site_name":"Sweet Drop CBD","article_publisher":"https:\/\/www.facebook.com\/SweetDropCBD","og_image":[{"width":2560,"height":1707,"url":"https:\/\/sweetdropcbd.com\/wp-content\/uploads\/2026\/02\/Sweet-Drop-CBD-Day-Night-Duo-10-20-scaled.jpg","type":"image\/jpeg"}],"schema":{"@context":"https:\/\/schema.org","@graph":[{"@type":"WebPage","@id":"https:\/\/sweetdropcbd.com\/lv\/produkts\/sweet-drop-cbd-day-night-duets-10-20\/","url":"https:\/\/sweetdropcbd.com\/lv\/produkts\/sweet-drop-cbd-day-night-duets-10-20\/","name":"CBD e\u013c\u013cas komplekts 10% + 20% | Day and Night duets","isPartOf":{"@id":"https:\/\/sweetdropcbd.com\/lv\/#website"},"primaryImageOfPage":{"@id":"https:\/\/sweetdropcbd.com\/lv\/produkts\/sweet-drop-cbd-day-night-duets-10-20\/#primaryimage"},"image":{"@id":"https:\/\/sweetdropcbd.com\/lv\/produkts\/sweet-drop-cbd-day-night-duets-10-20\/#primaryimage"},"thumbnailUrl":"https:\/\/sweetdropcbd.com\/wp-content\/uploads\/2026\/02\/Sweet-Drop-CBD-Day-Night-Duo-10-20-scaled.jpg","datePublished":"2026-02-19T15:58:39+00:00","description":"Divas m\u016bsu popul\u0101r\u0101k\u0101s izv\u0113les vien\u0101 komplekt\u0101: 10% un 20% CBD e\u013c\u013cas. \u0112rti piel\u0101go divas da\u017e\u0101das koncentr\u0101cijas savai ikdienas gaitai.","breadcrumb":{"@id":"https:\/\/sweetdropcbd.com\/lv\/produkts\/sweet-drop-cbd-day-night-duets-10-20\/#breadcrumb"},"inLanguage":"lv-LV","potentialAction":[{"@type":"ReadAction","target":["https:\/\/sweetdropcbd.com\/lv\/produkts\/sweet-drop-cbd-day-night-duets-10-20\/"]}]},{"@type":"ImageObject","inLanguage":"lv-LV","@id":"https:\/\/sweetdropcbd.com\/lv\/produkts\/sweet-drop-cbd-day-night-duets-10-20\/#primaryimage","url":"https:\/\/sweetdropcbd.com\/wp-content\/uploads\/2026\/02\/Sweet-Drop-CBD-Day-Night-Duo-10-20-scaled.jpg","contentUrl":"https:\/\/sweetdropcbd.com\/wp-content\/uploads\/2026\/02\/Sweet-Drop-CBD-Day-Night-Duo-10-20-scaled.jpg","width":2560,"height":1707,"caption":"Divas tum\u0161a stikla Sweet Drop CBD e\u013c\u013cas pudel\u012btes ar pipet\u0113m. Kreisaj\u0101 pus\u0113 \u2013 10% koncentr\u0101cijas e\u013c\u013ca, labaj\u0101 pus\u0113 \u2013 20% koncentr\u0101cijas e\u013c\u013ca no Day &amp; Night Duo l\u012bnijas."},{"@type":"BreadcrumbList","@id":"https:\/\/sweetdropcbd.com\/lv\/produkts\/sweet-drop-cbd-day-night-duets-10-20\/#breadcrumb","itemListElement":[{"@type":"ListItem","position":1,"name":"S\u0101kums","item":"https:\/\/sweetdropcbd.com\/lv\/sweet-drop-cbd\/"},{"@type":"ListItem","position":2,"name":"M\u016bsu CBD veikals","item":"https:\/\/sweetdropcbd.com\/lv\/musu-cbd-veikals\/"},{"@type":"ListItem","position":3,"name":"Sweet Drop CBD &#8222;Day &amp; Night&#8221; duets: 10% + 20%"}]},{"@type":"WebSite","@id":"https:\/\/sweetdropcbd.com\/lv\/#website","url":"https:\/\/sweetdropcbd.com\/lv\/","name":"Sweet Drop CBD","description":"Sweet Drop CBD","publisher":{"@id":"https:\/\/sweetdropcbd.com\/lv\/#organization"},"alternateName":"Sweet Drop CBD oil","potentialAction":[{"@type":"SearchAction","target":{"@type":"EntryPoint","urlTemplate":"https:\/\/sweetdropcbd.com\/lv\/?s={search_term_string}"},"query-input":{"@type":"PropertyValueSpecification","valueRequired":true,"valueName":"search_term_string"}}],"inLanguage":"lv-LV"},{"@type":["Organization","Place","HealthAndBeautyBusiness"],"@id":"https:\/\/sweetdropcbd.com\/lv\/#organization","name":"MB EBIGUS","alternateName":"Sweet Drop CBD","url":"https:\/\/sweetdropcbd.com\/lv\/","logo":{"@id":"https:\/\/sweetdropcbd.com\/lv\/produkts\/sweet-drop-cbd-day-night-duets-10-20\/#local-main-organization-logo"},"image":{"@id":"https:\/\/sweetdropcbd.com\/lv\/produkts\/sweet-drop-cbd-day-night-duets-10-20\/#local-main-organization-logo"},"sameAs":["https:\/\/www.facebook.com\/SweetDropCBD","https:\/\/www.instagram.com\/sweetdropcbd\/"],"publishingPrinciples":"https:\/\/sweetdropcbd.com\/terms-conditions\/","ownershipFundingInfo":"https:\/\/sweetdropcbd.com\/about-us\/","address":{"@id":"https:\/\/sweetdropcbd.com\/lv\/produkts\/sweet-drop-cbd-day-night-duets-10-20\/#local-main-place-address"},"telephone":["+37068683090"],"openingHoursSpecification":{"@type":"OpeningHoursSpecification","dayOfWeek":["Monday","Tuesday","Wednesday","Thursday","Friday","Saturday","Sunday"],"opens":"00:00","closes":"23:59"},"email":"info@sweetdropcbd.com","areaServed":"EU"},{"@type":"PostalAddress","@id":"https:\/\/sweetdropcbd.com\/lv\/produkts\/sweet-drop-cbd-day-night-duets-10-20\/#local-main-place-address","streetAddress":"Rusn\u0117s g. 31, \u0160aki\u0173 k., Kauno r. sav., Lietuva","addressLocality":"Kaunas","postalCode":"47412","addressCountry":"LT"},{"@type":"ImageObject","inLanguage":"lv-LV","@id":"https:\/\/sweetdropcbd.com\/lv\/produkts\/sweet-drop-cbd-day-night-duets-10-20\/#local-main-organization-logo","url":"https:\/\/sweetdropcbd.com\/wp-content\/uploads\/2023\/10\/Saldus-lasas-logotipas_H-EN.png","contentUrl":"https:\/\/sweetdropcbd.com\/wp-content\/uploads\/2023\/10\/Saldus-lasas-logotipas_H-EN.png","width":206,"height":239,"caption":"MB EBIGUS"}]},"product_price_amount":"72.00","product_price_currency":"EUR","og_availability":"instock","product_availability":"instock","product_condition":"new","geo.placename":"Kaunas","geo.region":"Lietuva"},"_links":{"self":[{"href":"https:\/\/sweetdropcbd.com\/lv\/wp-json\/wp\/v2\/product\/3243","targetHints":{"allow":["GET"]}}],"collection":[{"href":"https:\/\/sweetdropcbd.com\/lv\/wp-json\/wp\/v2\/product"}],"about":[{"href":"https:\/\/sweetdropcbd.com\/lv\/wp-json\/wp\/v2\/types\/product"}],"replies":[{"embeddable":true,"href":"https:\/\/sweetdropcbd.com\/lv\/wp-json\/wp\/v2\/comments?post=3243"}],"wp:featuredmedia":[{"embeddable":true,"href":"https:\/\/sweetdropcbd.com\/lv\/wp-json\/wp\/v2\/media\/3244"}],"wp:attachment":[{"href":"https:\/\/sweetdropcbd.com\/lv\/wp-json\/wp\/v2\/media?parent=3243"}],"wp:term":[{"taxonomy":"product_brand","embeddable":true,"href":"https:\/\/sweetdropcbd.com\/lv\/wp-json\/wp\/v2\/product_brand?post=3243"},{"taxonomy":"product_cat","embeddable":true,"href":"https:\/\/sweetdropcbd.com\/lv\/wp-json\/wp\/v2\/product_cat?post=3243"},{"taxonomy":"product_tag","embeddable":true,"href":"https:\/\/sweetdropcbd.com\/lv\/wp-json\/wp\/v2\/product_tag?post=3243"}],"curies":[{"name":"wp","href":"https:\/\/api.w.org\/{rel}","templated":true}]}}