{"id":3264,"date":"2026-02-19T19:35:55","date_gmt":"2026-02-19T17:35:55","guid":{"rendered":"https:\/\/sweetdropcbd.com\/product\/sweet-drop-cbd-progression-trio-komplekts-5-10-15\/"},"modified":"2026-02-19T19:35:55","modified_gmt":"2026-02-19T17:35:55","slug":"sweet-drop-cbd-progression-trio-komplekts-5-10-15","status":"publish","type":"product","link":"https:\/\/sweetdropcbd.com\/lv\/produkts\/sweet-drop-cbd-progression-trio-komplekts-5-10-15\/","title":{"rendered":"Sweet Drop CBD &#8220;Progression Trio\u201c komplekts: 5 % + 10 % + 15 %"},"content":{"rendered":"<p data-path-to-node=\"50\">&#8220;Progression Trio\u201c ir paredz\u0113ts klientiem, kuri v\u0113las izm\u0113\u0123in\u0101t vair\u0101kus stiprumus un atkl\u0101t, kas vislab\u0101k der vi\u0146u ikdienas rut\u012bn\u0101. Tas ir \u0113rts risin\u0101jums, kas samazina &#8220;izv\u0113les berzi\u201c \u2014 t\u0101 viet\u0101, lai min\u0113tu, tu vari sal\u012bdzin\u0101t tos blakus. <\/p>\n<p data-path-to-node=\"51\"><b data-path-to-node=\"51\" data-index-in-node=\"0\">Komplekt\u0101:<\/b><\/p>\n<ul data-path-to-node=\"52\">\n<li>\n<p data-path-to-node=\"52,0,0\"><a href=\"https:\/\/sweetdropcbd.com\/lv\/product\/sweet-drop-5-cbd-ella-500-mg-10ml\/\">Sweet Drop CBD ka\u0146epju e\u013c\u013ca 5% (500 mg) \u2013 dab\u012bga, 10 ml<\/a><\/p>\n<\/li>\n<li>\n<p data-path-to-node=\"52,1,0\"><a href=\"https:\/\/sweetdropcbd.com\/lv\/\">Sweet Drop CBD ka\u0146epju e\u013c\u013ca 10% (1000 mg) \u2013 Natural, 10 ml<\/a><\/p>\n<\/li>\n<li>\n<p data-path-to-node=\"52,2,0\"><a href=\"https:\/\/sweetdropcbd.com\/lv\/product\/sweet-drop-15-cbd-ella-1500-mg-10ml\/\">Sweet Drop CBD ka\u0146epju e\u013c\u013ca 15% (1500 mg) \u2013 dab\u012bga, 10 ml<\/a><\/p>\n<\/li>\n<\/ul>\n<p>Spied uz katra produkta, lai uzzin\u0101tu vair\u0101k<\/p>\n","protected":false},"excerpt":{"rendered":"<p><span style=\"font-size: 120%;\"><strong>Progression Trio komplekts:<\/strong><\/span><\/p>\n<ul>\n<li>\n<p data-path-to-node=\"49,0,0\">3 koncentr\u0101cijas: 5 % + 10 % + 15 %<\/p>\n<\/li>\n<li>\n<p data-path-to-node=\"49,1,0\">Viegli sal\u012bdzin\u0101t un izv\u0113l\u0113ties<\/p>\n<\/li>\n<li>\n<p data-path-to-node=\"49,2,0\">Piem\u0113rots tiem, kas mekl\u0113 savu &#8220;ide\u0101lo\u201c stiprumu<\/p>\n<\/li>\n<\/ul>\n","protected":false},"featured_media":3265,"comment_status":"closed","ping_status":"closed","template":"","meta":[],"product_brand":[666],"product_cat":[648,670,647],"product_tag":[650,652,651,653],"class_list":{"0":"post-3264","1":"product","2":"type-product","3":"status-publish","4":"has-post-thumbnail","6":"product_brand-sweet-drop-cbd","7":"product_cat-cbd-ellas","8":"product_cat-cbd-komplekti","9":"product_cat-visi-produkti","10":"product_tag-cbd","11":"product_tag-cbd-ella","12":"product_tag-cbd-kanepju-ella","13":"product_tag-sweetdropcbd","15":"first","16":"instock","17":"sale","18":"taxable","19":"shipping-taxable","20":"purchasable","21":"product-type-simple"},"yoast_head":"<!-- This site is optimized with the Yoast SEO Premium plugin v27.3 (Yoast SEO v27.3) - https:\/\/yoast.com\/product\/yoast-seo-premium-wordpress\/ -->\n<title>CBD e\u013c\u013ca 5 % + 10 % + 15 % | Progression Trio komplekts | Sweet Drop CBD<\/title>\n<meta name=\"description\" content=\"Tr\u012bs CBD e\u013c\u013cas koncentr\u0101cijas vien\u0101 komplekt\u0101: 5 %, 10 % un 15 %. \u0112rti izm\u0113\u0123ini un atkl\u0101j, kura stipruma e\u013c\u013ca vislab\u0101k atbilst tavai ikdienai.\" \/>\n<meta name=\"robots\" content=\"index, follow, max-snippet:-1, max-image-preview:large, max-video-preview:-1\" \/>\n<link rel=\"canonical\" href=\"https:\/\/sweetdropcbd.com\/lv\/produkts\/sweet-drop-cbd-progression-trio-komplekts-5-10-15\/\" \/>\n<meta property=\"og:locale\" content=\"lv_LV\" \/>\n<meta property=\"og:type\" content=\"article\" \/>\n<meta property=\"og:title\" content=\"Progression Trio: 5 % + 10 % + 15 % Sweet Drop CBD e\u013c\u013cas\" \/>\n<meta property=\"og:description\" content=\"Tr\u012bs CBD e\u013c\u013cas koncentr\u0101cijas vien\u0101 komplekt\u0101: 5 %, 10 % un 15 %. \u0112rti izm\u0113\u0123ini un atkl\u0101j, kura stipruma e\u013c\u013ca vislab\u0101k atbilst tavai ikdienai.\" \/>\n<meta property=\"og:url\" content=\"https:\/\/sweetdropcbd.com\/lv\/produkts\/sweet-drop-cbd-progression-trio-komplekts-5-10-15\/\" \/>\n<meta property=\"og:site_name\" content=\"Sweet Drop CBD\" \/>\n<meta property=\"article:publisher\" content=\"https:\/\/www.facebook.com\/SweetDropCBD\" \/>\n<meta property=\"og:image\" content=\"https:\/\/sweetdropcbd.com\/wp-content\/uploads\/2026\/02\/Sweet-Drop-CBD-Progression-Trio-Set-5-10-15-scaled.jpg\" \/>\n\t<meta property=\"og:image:width\" content=\"2560\" \/>\n\t<meta property=\"og:image:height\" content=\"1708\" \/>\n\t<meta property=\"og:image:type\" content=\"image\/jpeg\" \/>\n<script type=\"application\/ld+json\" class=\"yoast-schema-graph\">{\"@context\":\"https:\\\/\\\/schema.org\",\"@graph\":[{\"@type\":\"WebPage\",\"@id\":\"https:\\\/\\\/sweetdropcbd.com\\\/lv\\\/produkts\\\/sweet-drop-cbd-progression-trio-komplekts-5-10-15\\\/\",\"url\":\"https:\\\/\\\/sweetdropcbd.com\\\/lv\\\/produkts\\\/sweet-drop-cbd-progression-trio-komplekts-5-10-15\\\/\",\"name\":\"CBD e\u013c\u013ca 5 % + 10 % + 15 % | Progression Trio komplekts | Sweet Drop CBD\",\"isPartOf\":{\"@id\":\"https:\\\/\\\/sweetdropcbd.com\\\/lv\\\/#website\"},\"primaryImageOfPage\":{\"@id\":\"https:\\\/\\\/sweetdropcbd.com\\\/lv\\\/produkts\\\/sweet-drop-cbd-progression-trio-komplekts-5-10-15\\\/#primaryimage\"},\"image\":{\"@id\":\"https:\\\/\\\/sweetdropcbd.com\\\/lv\\\/produkts\\\/sweet-drop-cbd-progression-trio-komplekts-5-10-15\\\/#primaryimage\"},\"thumbnailUrl\":\"https:\\\/\\\/sweetdropcbd.com\\\/wp-content\\\/uploads\\\/2026\\\/02\\\/Sweet-Drop-CBD-Progression-Trio-Set-5-10-15-scaled.jpg\",\"datePublished\":\"2026-02-19T17:35:55+00:00\",\"description\":\"Tr\u012bs CBD e\u013c\u013cas koncentr\u0101cijas vien\u0101 komplekt\u0101: 5 %, 10 % un 15 %. \u0112rti izm\u0113\u0123ini un atkl\u0101j, kura stipruma e\u013c\u013ca vislab\u0101k atbilst tavai ikdienai.\",\"breadcrumb\":{\"@id\":\"https:\\\/\\\/sweetdropcbd.com\\\/lv\\\/produkts\\\/sweet-drop-cbd-progression-trio-komplekts-5-10-15\\\/#breadcrumb\"},\"inLanguage\":\"lv-LV\",\"potentialAction\":[{\"@type\":\"ReadAction\",\"target\":[\"https:\\\/\\\/sweetdropcbd.com\\\/lv\\\/produkts\\\/sweet-drop-cbd-progression-trio-komplekts-5-10-15\\\/\"]}]},{\"@type\":\"ImageObject\",\"inLanguage\":\"lv-LV\",\"@id\":\"https:\\\/\\\/sweetdropcbd.com\\\/lv\\\/produkts\\\/sweet-drop-cbd-progression-trio-komplekts-5-10-15\\\/#primaryimage\",\"url\":\"https:\\\/\\\/sweetdropcbd.com\\\/wp-content\\\/uploads\\\/2026\\\/02\\\/Sweet-Drop-CBD-Progression-Trio-Set-5-10-15-scaled.jpg\",\"contentUrl\":\"https:\\\/\\\/sweetdropcbd.com\\\/wp-content\\\/uploads\\\/2026\\\/02\\\/Sweet-Drop-CBD-Progression-Trio-Set-5-10-15-scaled.jpg\",\"width\":2560,\"height\":1708,\"caption\":\"Sweet Drop CBD e\u013c\u013cas komplekts Progression Trio Set: tr\u012bs pudel\u012btes ar 5 %, 10 % un 15 % koncentr\u0101cijas pilieniem.\"},{\"@type\":\"BreadcrumbList\",\"@id\":\"https:\\\/\\\/sweetdropcbd.com\\\/lv\\\/produkts\\\/sweet-drop-cbd-progression-trio-komplekts-5-10-15\\\/#breadcrumb\",\"itemListElement\":[{\"@type\":\"ListItem\",\"position\":1,\"name\":\"S\u0101kums\",\"item\":\"https:\\\/\\\/sweetdropcbd.com\\\/lv\\\/sweet-drop-cbd\\\/\"},{\"@type\":\"ListItem\",\"position\":2,\"name\":\"M\u016bsu CBD veikals\",\"item\":\"https:\\\/\\\/sweetdropcbd.com\\\/lv\\\/musu-cbd-veikals\\\/\"},{\"@type\":\"ListItem\",\"position\":3,\"name\":\"Sweet Drop CBD &#8220;Progression Trio&#8221; komplekts: 5 % + 10 % + 15 %\"}]},{\"@type\":\"WebSite\",\"@id\":\"https:\\\/\\\/sweetdropcbd.com\\\/lv\\\/#website\",\"url\":\"https:\\\/\\\/sweetdropcbd.com\\\/lv\\\/\",\"name\":\"Sweet Drop CBD\",\"description\":\"Sweet Drop CBD\",\"publisher\":{\"@id\":\"https:\\\/\\\/sweetdropcbd.com\\\/lv\\\/#organization\"},\"alternateName\":\"Sweet Drop CBD oil\",\"potentialAction\":[{\"@type\":\"SearchAction\",\"target\":{\"@type\":\"EntryPoint\",\"urlTemplate\":\"https:\\\/\\\/sweetdropcbd.com\\\/lv\\\/?s={search_term_string}\"},\"query-input\":{\"@type\":\"PropertyValueSpecification\",\"valueRequired\":true,\"valueName\":\"search_term_string\"}}],\"inLanguage\":\"lv-LV\"},{\"@type\":[\"Organization\",\"Place\",\"HealthAndBeautyBusiness\"],\"@id\":\"https:\\\/\\\/sweetdropcbd.com\\\/lv\\\/#organization\",\"name\":\"MB EBIGUS\",\"alternateName\":\"Sweet Drop CBD\",\"url\":\"https:\\\/\\\/sweetdropcbd.com\\\/lv\\\/\",\"logo\":{\"@id\":\"https:\\\/\\\/sweetdropcbd.com\\\/lv\\\/produkts\\\/sweet-drop-cbd-progression-trio-komplekts-5-10-15\\\/#local-main-organization-logo\"},\"image\":{\"@id\":\"https:\\\/\\\/sweetdropcbd.com\\\/lv\\\/produkts\\\/sweet-drop-cbd-progression-trio-komplekts-5-10-15\\\/#local-main-organization-logo\"},\"sameAs\":[\"https:\\\/\\\/www.facebook.com\\\/SweetDropCBD\",\"https:\\\/\\\/www.instagram.com\\\/sweetdropcbd\\\/\"],\"publishingPrinciples\":\"https:\\\/\\\/sweetdropcbd.com\\\/terms-conditions\\\/\",\"ownershipFundingInfo\":\"https:\\\/\\\/sweetdropcbd.com\\\/about-us\\\/\",\"address\":{\"@id\":\"https:\\\/\\\/sweetdropcbd.com\\\/lv\\\/produkts\\\/sweet-drop-cbd-progression-trio-komplekts-5-10-15\\\/#local-main-place-address\"},\"telephone\":[\"+37068683090\"],\"openingHoursSpecification\":{\"@type\":\"OpeningHoursSpecification\",\"dayOfWeek\":[\"Monday\",\"Tuesday\",\"Wednesday\",\"Thursday\",\"Friday\",\"Saturday\",\"Sunday\"],\"opens\":\"00:00\",\"closes\":\"23:59\"},\"email\":\"info@sweetdropcbd.com\",\"areaServed\":\"EU\"},{\"@type\":\"PostalAddress\",\"@id\":\"https:\\\/\\\/sweetdropcbd.com\\\/lv\\\/produkts\\\/sweet-drop-cbd-progression-trio-komplekts-5-10-15\\\/#local-main-place-address\",\"streetAddress\":\"Rusn\u0117s g. 31, \u0160aki\u0173 k., Kauno r. sav., Lietuva\",\"addressLocality\":\"Kaunas\",\"postalCode\":\"47412\",\"addressCountry\":\"LT\"},{\"@type\":\"ImageObject\",\"inLanguage\":\"lv-LV\",\"@id\":\"https:\\\/\\\/sweetdropcbd.com\\\/lv\\\/produkts\\\/sweet-drop-cbd-progression-trio-komplekts-5-10-15\\\/#local-main-organization-logo\",\"url\":\"https:\\\/\\\/sweetdropcbd.com\\\/wp-content\\\/uploads\\\/2023\\\/10\\\/Saldus-lasas-logotipas_H-EN.png\",\"contentUrl\":\"https:\\\/\\\/sweetdropcbd.com\\\/wp-content\\\/uploads\\\/2023\\\/10\\\/Saldus-lasas-logotipas_H-EN.png\",\"width\":206,\"height\":239,\"caption\":\"MB EBIGUS\"}]}<\/script>\n<meta property=\"product:price:amount\" content=\"83.25\" \/>\n<meta property=\"product:price:currency\" content=\"EUR\" \/>\n<meta property=\"og:availability\" content=\"instock\" \/>\n<meta property=\"product:availability\" content=\"instock\" \/>\n<meta property=\"product:condition\" content=\"new\" \/>\n<meta name=\"geo.placename\" content=\"Kaunas\" \/>\n<meta name=\"geo.region\" content=\"Lietuva\" \/>\n<!-- \/ Yoast SEO Premium plugin. -->","yoast_head_json":{"title":"CBD e\u013c\u013ca 5 % + 10 % + 15 % | Progression Trio komplekts | Sweet Drop CBD","description":"Tr\u012bs CBD e\u013c\u013cas koncentr\u0101cijas vien\u0101 komplekt\u0101: 5 %, 10 % un 15 %. \u0112rti izm\u0113\u0123ini un atkl\u0101j, kura stipruma e\u013c\u013ca vislab\u0101k atbilst tavai ikdienai.","robots":{"index":"index","follow":"follow","max-snippet":"max-snippet:-1","max-image-preview":"max-image-preview:large","max-video-preview":"max-video-preview:-1"},"canonical":"https:\/\/sweetdropcbd.com\/lv\/produkts\/sweet-drop-cbd-progression-trio-komplekts-5-10-15\/","og_locale":"lv_LV","og_type":"article","og_title":"Progression Trio: 5 % + 10 % + 15 % Sweet Drop CBD e\u013c\u013cas","og_description":"Tr\u012bs CBD e\u013c\u013cas koncentr\u0101cijas vien\u0101 komplekt\u0101: 5 %, 10 % un 15 %. \u0112rti izm\u0113\u0123ini un atkl\u0101j, kura stipruma e\u013c\u013ca vislab\u0101k atbilst tavai ikdienai.","og_url":"https:\/\/sweetdropcbd.com\/lv\/produkts\/sweet-drop-cbd-progression-trio-komplekts-5-10-15\/","og_site_name":"Sweet Drop CBD","article_publisher":"https:\/\/www.facebook.com\/SweetDropCBD","og_image":[{"width":2560,"height":1708,"url":"https:\/\/sweetdropcbd.com\/wp-content\/uploads\/2026\/02\/Sweet-Drop-CBD-Progression-Trio-Set-5-10-15-scaled.jpg","type":"image\/jpeg"}],"schema":{"@context":"https:\/\/schema.org","@graph":[{"@type":"WebPage","@id":"https:\/\/sweetdropcbd.com\/lv\/produkts\/sweet-drop-cbd-progression-trio-komplekts-5-10-15\/","url":"https:\/\/sweetdropcbd.com\/lv\/produkts\/sweet-drop-cbd-progression-trio-komplekts-5-10-15\/","name":"CBD e\u013c\u013ca 5 % + 10 % + 15 % | Progression Trio komplekts | Sweet Drop CBD","isPartOf":{"@id":"https:\/\/sweetdropcbd.com\/lv\/#website"},"primaryImageOfPage":{"@id":"https:\/\/sweetdropcbd.com\/lv\/produkts\/sweet-drop-cbd-progression-trio-komplekts-5-10-15\/#primaryimage"},"image":{"@id":"https:\/\/sweetdropcbd.com\/lv\/produkts\/sweet-drop-cbd-progression-trio-komplekts-5-10-15\/#primaryimage"},"thumbnailUrl":"https:\/\/sweetdropcbd.com\/wp-content\/uploads\/2026\/02\/Sweet-Drop-CBD-Progression-Trio-Set-5-10-15-scaled.jpg","datePublished":"2026-02-19T17:35:55+00:00","description":"Tr\u012bs CBD e\u013c\u013cas koncentr\u0101cijas vien\u0101 komplekt\u0101: 5 %, 10 % un 15 %. \u0112rti izm\u0113\u0123ini un atkl\u0101j, kura stipruma e\u013c\u013ca vislab\u0101k atbilst tavai ikdienai.","breadcrumb":{"@id":"https:\/\/sweetdropcbd.com\/lv\/produkts\/sweet-drop-cbd-progression-trio-komplekts-5-10-15\/#breadcrumb"},"inLanguage":"lv-LV","potentialAction":[{"@type":"ReadAction","target":["https:\/\/sweetdropcbd.com\/lv\/produkts\/sweet-drop-cbd-progression-trio-komplekts-5-10-15\/"]}]},{"@type":"ImageObject","inLanguage":"lv-LV","@id":"https:\/\/sweetdropcbd.com\/lv\/produkts\/sweet-drop-cbd-progression-trio-komplekts-5-10-15\/#primaryimage","url":"https:\/\/sweetdropcbd.com\/wp-content\/uploads\/2026\/02\/Sweet-Drop-CBD-Progression-Trio-Set-5-10-15-scaled.jpg","contentUrl":"https:\/\/sweetdropcbd.com\/wp-content\/uploads\/2026\/02\/Sweet-Drop-CBD-Progression-Trio-Set-5-10-15-scaled.jpg","width":2560,"height":1708,"caption":"Sweet Drop CBD e\u013c\u013cas komplekts Progression Trio Set: tr\u012bs pudel\u012btes ar 5 %, 10 % un 15 % koncentr\u0101cijas pilieniem."},{"@type":"BreadcrumbList","@id":"https:\/\/sweetdropcbd.com\/lv\/produkts\/sweet-drop-cbd-progression-trio-komplekts-5-10-15\/#breadcrumb","itemListElement":[{"@type":"ListItem","position":1,"name":"S\u0101kums","item":"https:\/\/sweetdropcbd.com\/lv\/sweet-drop-cbd\/"},{"@type":"ListItem","position":2,"name":"M\u016bsu CBD veikals","item":"https:\/\/sweetdropcbd.com\/lv\/musu-cbd-veikals\/"},{"@type":"ListItem","position":3,"name":"Sweet Drop CBD &#8220;Progression Trio&#8221; komplekts: 5 % + 10 % + 15 %"}]},{"@type":"WebSite","@id":"https:\/\/sweetdropcbd.com\/lv\/#website","url":"https:\/\/sweetdropcbd.com\/lv\/","name":"Sweet Drop CBD","description":"Sweet Drop CBD","publisher":{"@id":"https:\/\/sweetdropcbd.com\/lv\/#organization"},"alternateName":"Sweet Drop CBD oil","potentialAction":[{"@type":"SearchAction","target":{"@type":"EntryPoint","urlTemplate":"https:\/\/sweetdropcbd.com\/lv\/?s={search_term_string}"},"query-input":{"@type":"PropertyValueSpecification","valueRequired":true,"valueName":"search_term_string"}}],"inLanguage":"lv-LV"},{"@type":["Organization","Place","HealthAndBeautyBusiness"],"@id":"https:\/\/sweetdropcbd.com\/lv\/#organization","name":"MB EBIGUS","alternateName":"Sweet Drop CBD","url":"https:\/\/sweetdropcbd.com\/lv\/","logo":{"@id":"https:\/\/sweetdropcbd.com\/lv\/produkts\/sweet-drop-cbd-progression-trio-komplekts-5-10-15\/#local-main-organization-logo"},"image":{"@id":"https:\/\/sweetdropcbd.com\/lv\/produkts\/sweet-drop-cbd-progression-trio-komplekts-5-10-15\/#local-main-organization-logo"},"sameAs":["https:\/\/www.facebook.com\/SweetDropCBD","https:\/\/www.instagram.com\/sweetdropcbd\/"],"publishingPrinciples":"https:\/\/sweetdropcbd.com\/terms-conditions\/","ownershipFundingInfo":"https:\/\/sweetdropcbd.com\/about-us\/","address":{"@id":"https:\/\/sweetdropcbd.com\/lv\/produkts\/sweet-drop-cbd-progression-trio-komplekts-5-10-15\/#local-main-place-address"},"telephone":["+37068683090"],"openingHoursSpecification":{"@type":"OpeningHoursSpecification","dayOfWeek":["Monday","Tuesday","Wednesday","Thursday","Friday","Saturday","Sunday"],"opens":"00:00","closes":"23:59"},"email":"info@sweetdropcbd.com","areaServed":"EU"},{"@type":"PostalAddress","@id":"https:\/\/sweetdropcbd.com\/lv\/produkts\/sweet-drop-cbd-progression-trio-komplekts-5-10-15\/#local-main-place-address","streetAddress":"Rusn\u0117s g. 31, \u0160aki\u0173 k., Kauno r. sav., Lietuva","addressLocality":"Kaunas","postalCode":"47412","addressCountry":"LT"},{"@type":"ImageObject","inLanguage":"lv-LV","@id":"https:\/\/sweetdropcbd.com\/lv\/produkts\/sweet-drop-cbd-progression-trio-komplekts-5-10-15\/#local-main-organization-logo","url":"https:\/\/sweetdropcbd.com\/wp-content\/uploads\/2023\/10\/Saldus-lasas-logotipas_H-EN.png","contentUrl":"https:\/\/sweetdropcbd.com\/wp-content\/uploads\/2023\/10\/Saldus-lasas-logotipas_H-EN.png","width":206,"height":239,"caption":"MB EBIGUS"}]},"product_price_amount":"83.25","product_price_currency":"EUR","og_availability":"instock","product_availability":"instock","product_condition":"new","geo.placename":"Kaunas","geo.region":"Lietuva"},"_links":{"self":[{"href":"https:\/\/sweetdropcbd.com\/lv\/wp-json\/wp\/v2\/product\/3264","targetHints":{"allow":["GET"]}}],"collection":[{"href":"https:\/\/sweetdropcbd.com\/lv\/wp-json\/wp\/v2\/product"}],"about":[{"href":"https:\/\/sweetdropcbd.com\/lv\/wp-json\/wp\/v2\/types\/product"}],"replies":[{"embeddable":true,"href":"https:\/\/sweetdropcbd.com\/lv\/wp-json\/wp\/v2\/comments?post=3264"}],"wp:featuredmedia":[{"embeddable":true,"href":"https:\/\/sweetdropcbd.com\/lv\/wp-json\/wp\/v2\/media\/3265"}],"wp:attachment":[{"href":"https:\/\/sweetdropcbd.com\/lv\/wp-json\/wp\/v2\/media?parent=3264"}],"wp:term":[{"taxonomy":"product_brand","embeddable":true,"href":"https:\/\/sweetdropcbd.com\/lv\/wp-json\/wp\/v2\/product_brand?post=3264"},{"taxonomy":"product_cat","embeddable":true,"href":"https:\/\/sweetdropcbd.com\/lv\/wp-json\/wp\/v2\/product_cat?post=3264"},{"taxonomy":"product_tag","embeddable":true,"href":"https:\/\/sweetdropcbd.com\/lv\/wp-json\/wp\/v2\/product_tag?post=3264"}],"curies":[{"name":"wp","href":"https:\/\/api.w.org\/{rel}","templated":true}]}}