{"id":3285,"date":"2026-02-19T20:00:20","date_gmt":"2026-02-19T18:00:20","guid":{"rendered":"https:\/\/sweetdropcbd.com\/product\/sweet-drop-cbd-home-balance-box-5-20-30-lupu-balzams\/"},"modified":"2026-02-21T19:13:17","modified_gmt":"2026-02-21T17:13:17","slug":"sweet-drop-cbd-home-balance-box-5-20-30-lupu-balzams","status":"publish","type":"product","link":"https:\/\/sweetdropcbd.com\/lv\/produkts\/sweet-drop-cbd-home-balance-box-5-20-30-lupu-balzams\/","title":{"rendered":"Sweet Drop CBD \u201eHome Balance Box\u201c: 5 % + 20 % + 30 % + l\u016bpu balzams"},"content":{"rendered":"<p data-path-to-node=\"76\">\u201eHome Balance Box\u201c ir <a href=\"https:\/\/sweetdropcbd.com\/lv\/\">izv\u0113le<\/a> tiem, kuri v\u0113las, lai vienuviet b\u016btu vair\u0101kas <a href=\"https:\/\/sweetdropcbd.com\/lt\/blocks\/elementu-apzvalga\/\">koncentr\u0101cijas<\/a>, ko piel\u0101got da\u017e\u0101d\u0101m situ\u0101cij\u0101m un rut\u012bn\u0101m. Komplekt\u0101 ir ar\u012b <a href=\"https:\/\/sweetdropcbd.com\/lv\/produkts\/sweet-drop-cbd-power-trio-komplekts-30-15-lupu-balzams\/\">CBD<\/a> l\u016bpu balzams ikdienas kop\u0161anai un komfortam. <\/p>\n<p data-path-to-node=\"77\"><b data-path-to-node=\"77\" data-index-in-node=\"0\">Komplekt\u0101:<\/b><\/p>\n<ul data-path-to-node=\"78\">\n<li>\n<p data-path-to-node=\"78,0,0\"><a href=\"https:\/\/sweetdropcbd.com\/lv\/produkts\/sweet-drop-5-cbd-ella-500-mg-10ml\/\">Sweet Drop CBD ka\u0146epju e\u013c\u013ca 5% (500 mg) \u2013 dab\u012bga, 10 ml<\/a><\/p>\n<\/li>\n<li>\n<p data-path-to-node=\"78,1,0\"><a href=\"https:\/\/sweetdropcbd.com\/lv\/produkts\/sweet-drop-20-cbd-ella-2000-mg-10ml\/\">Sweet Drop CBD ka\u0146epju e\u013c\u013ca 20% (2000 mg) \u2013 Natural, 10 ml<\/a><\/p>\n<\/li>\n<li>\n<p data-path-to-node=\"78,2,0\"><a href=\"https:\/\/sweetdropcbd.com\/lv\/\">Sweet Drop CBD ka\u0146epju e\u013c\u013ca 30% (3000 mg) \u2013 dab\u012bga, 10 ml<\/a><\/p>\n<\/li>\n<li>\n<p data-path-to-node=\"78,3,0\"><a href=\"https:\/\/sweetdropcbd.com\/lv\/produkts\/sweet-drop-cbd-lupu-balzams-ar-cbd-60-mg-6-g\/\">Sweet Drop CBD l\u016bpu balzams ar CBD (60 mg \/ 6 g)<\/a><\/p>\n<\/li>\n<\/ul>\n<div class=\"woocommerce-tabs wc-tabs-wrapper container tabbed-content\">\n<div class=\"tab-panels\">\n<div id=\"tab-description\" class=\"woocommerce-Tabs-panel woocommerce-Tabs-panel--description panel entry-content active\" role=\"tabpanel\" aria-labelledby=\"tab-title-description\">\n<p>Spied uz katra produkta, lai uzzin\u0101tu vair\u0101k<\/p>\n<\/div>\n<\/div>\n<\/div>\n","protected":false},"excerpt":{"rendered":"<p><strong><span style=\"font-size: 120%;\">Home Balance Box:<\/span><\/strong><\/p>\n<ul>\n<li>\n<p data-path-to-node=\"75,0,0\">3 CBD e\u013c\u013cas (5 % + 20 % + 30 %) + l\u016bpu balzams<\/p>\n<\/li>\n<li>\n<p data-path-to-node=\"75,1,0\">\u0112rta izv\u0113le m\u0101jsaimniec\u012bbai<\/p>\n<\/li>\n<li>\n<p data-path-to-node=\"75,2,0\">Lielisks risin\u0101jums kr\u0101jumu papildin\u0101\u0161anai<\/p>\n<\/li>\n<\/ul>\n","protected":false},"featured_media":3286,"comment_status":"closed","ping_status":"closed","template":"","meta":[],"product_brand":[666],"product_cat":[670,647],"product_tag":[650,652,651,653],"class_list":{"0":"post-3285","1":"product","2":"type-product","3":"status-publish","4":"has-post-thumbnail","6":"product_brand-sweet-drop-cbd","7":"product_cat-cbd-komplekti","8":"product_cat-visi-produkti","9":"product_tag-cbd","10":"product_tag-cbd-ella","11":"product_tag-cbd-kanepju-ella","12":"product_tag-sweetdropcbd","14":"first","15":"instock","16":"sale","17":"taxable","18":"shipping-taxable","19":"purchasable","20":"product-type-simple"},"yoast_head":"<!-- This site is optimized with the Yoast SEO Premium plugin v27.3 (Yoast SEO v27.3) - https:\/\/yoast.com\/product\/yoast-seo-premium-wordpress\/ -->\n<title>CBD e\u013c\u013cu komplekts 5 % + 20 % + 30 % + l\u016bpu balzams | Sweet Drop CBD<\/title>\n<meta name=\"description\" content=\"Lab\u0101kais kr\u0101jumu komplekts: 5 %, 20 % un 30 % CBD e\u013c\u013cas + CBD l\u016bpu balzams. Da\u017e\u0101das koncentr\u0101cijas vien\u0101 kast\u012bt\u0113, ide\u0101li piem\u0113rots lieto\u0161anai m\u0101j\u0101s.\" \/>\n<meta name=\"robots\" content=\"index, follow, max-snippet:-1, max-image-preview:large, max-video-preview:-1\" \/>\n<link rel=\"canonical\" href=\"https:\/\/sweetdropcbd.com\/lv\/produkts\/sweet-drop-cbd-home-balance-box-5-20-30-lupu-balzams\/\" \/>\n<meta property=\"og:locale\" content=\"lv_LV\" \/>\n<meta property=\"og:type\" content=\"article\" \/>\n<meta property=\"og:title\" content=\"Home Balance Box: 3 CBD e\u013c\u013cas + l\u016bpu balzams\" \/>\n<meta property=\"og:description\" content=\"Kad v\u0113lies, lai m\u0101j\u0101s b\u016btu visas iesp\u0113jas: tr\u012bs koncentr\u0101cijas da\u017e\u0101d\u0101m situ\u0101cij\u0101m un ikdienas l\u016bpu kop\u0161anai.\" \/>\n<meta property=\"og:url\" content=\"https:\/\/sweetdropcbd.com\/lv\/produkts\/sweet-drop-cbd-home-balance-box-5-20-30-lupu-balzams\/\" \/>\n<meta property=\"og:site_name\" content=\"Sweet Drop CBD\" \/>\n<meta property=\"article:publisher\" content=\"https:\/\/www.facebook.com\/SweetDropCBD\" \/>\n<meta property=\"article:modified_time\" content=\"2026-02-21T17:13:17+00:00\" \/>\n<meta property=\"og:image\" content=\"https:\/\/sweetdropcbd.com\/wp-content\/uploads\/2026\/02\/Sweet-Drop-CBD-Home-Balance-Box-5-20-30-Lip-Balm-scaled.jpg\" \/>\n\t<meta property=\"og:image:width\" content=\"2560\" \/>\n\t<meta property=\"og:image:height\" content=\"1708\" \/>\n\t<meta property=\"og:image:type\" content=\"image\/jpeg\" \/>\n<script type=\"application\/ld+json\" class=\"yoast-schema-graph\">{\"@context\":\"https:\\\/\\\/schema.org\",\"@graph\":[{\"@type\":\"WebPage\",\"@id\":\"https:\\\/\\\/sweetdropcbd.com\\\/lv\\\/produkts\\\/sweet-drop-cbd-home-balance-box-5-20-30-lupu-balzams\\\/\",\"url\":\"https:\\\/\\\/sweetdropcbd.com\\\/lv\\\/produkts\\\/sweet-drop-cbd-home-balance-box-5-20-30-lupu-balzams\\\/\",\"name\":\"CBD e\u013c\u013cu komplekts 5 % + 20 % + 30 % + l\u016bpu balzams | Sweet Drop CBD\",\"isPartOf\":{\"@id\":\"https:\\\/\\\/sweetdropcbd.com\\\/lv\\\/#website\"},\"primaryImageOfPage\":{\"@id\":\"https:\\\/\\\/sweetdropcbd.com\\\/lv\\\/produkts\\\/sweet-drop-cbd-home-balance-box-5-20-30-lupu-balzams\\\/#primaryimage\"},\"image\":{\"@id\":\"https:\\\/\\\/sweetdropcbd.com\\\/lv\\\/produkts\\\/sweet-drop-cbd-home-balance-box-5-20-30-lupu-balzams\\\/#primaryimage\"},\"thumbnailUrl\":\"https:\\\/\\\/sweetdropcbd.com\\\/wp-content\\\/uploads\\\/2026\\\/02\\\/Sweet-Drop-CBD-Home-Balance-Box-5-20-30-Lip-Balm-scaled.jpg\",\"datePublished\":\"2026-02-19T18:00:20+00:00\",\"dateModified\":\"2026-02-21T17:13:17+00:00\",\"description\":\"Lab\u0101kais kr\u0101jumu komplekts: 5 %, 20 % un 30 % CBD e\u013c\u013cas + CBD l\u016bpu balzams. Da\u017e\u0101das koncentr\u0101cijas vien\u0101 kast\u012bt\u0113, ide\u0101li piem\u0113rots lieto\u0161anai m\u0101j\u0101s.\",\"breadcrumb\":{\"@id\":\"https:\\\/\\\/sweetdropcbd.com\\\/lv\\\/produkts\\\/sweet-drop-cbd-home-balance-box-5-20-30-lupu-balzams\\\/#breadcrumb\"},\"inLanguage\":\"lv-LV\",\"potentialAction\":[{\"@type\":\"ReadAction\",\"target\":[\"https:\\\/\\\/sweetdropcbd.com\\\/lv\\\/produkts\\\/sweet-drop-cbd-home-balance-box-5-20-30-lupu-balzams\\\/\"]}]},{\"@type\":\"ImageObject\",\"inLanguage\":\"lv-LV\",\"@id\":\"https:\\\/\\\/sweetdropcbd.com\\\/lv\\\/produkts\\\/sweet-drop-cbd-home-balance-box-5-20-30-lupu-balzams\\\/#primaryimage\",\"url\":\"https:\\\/\\\/sweetdropcbd.com\\\/wp-content\\\/uploads\\\/2026\\\/02\\\/Sweet-Drop-CBD-Home-Balance-Box-5-20-30-Lip-Balm-scaled.jpg\",\"contentUrl\":\"https:\\\/\\\/sweetdropcbd.com\\\/wp-content\\\/uploads\\\/2026\\\/02\\\/Sweet-Drop-CBD-Home-Balance-Box-5-20-30-Lip-Balm-scaled.jpg\",\"width\":2560,\"height\":1708,\"caption\":\"Sweet Drop CBD \u201eHome Balance Box\u201c komplekts: 5 %, 20 % un 30 % CBD e\u013c\u013cas un l\u016bpu balzams balt\u0101 iepakojum\u0101.\"},{\"@type\":\"BreadcrumbList\",\"@id\":\"https:\\\/\\\/sweetdropcbd.com\\\/lv\\\/produkts\\\/sweet-drop-cbd-home-balance-box-5-20-30-lupu-balzams\\\/#breadcrumb\",\"itemListElement\":[{\"@type\":\"ListItem\",\"position\":1,\"name\":\"S\u0101kums\",\"item\":\"https:\\\/\\\/sweetdropcbd.com\\\/lv\\\/sweet-drop-cbd\\\/\"},{\"@type\":\"ListItem\",\"position\":2,\"name\":\"M\u016bsu CBD veikals\",\"item\":\"https:\\\/\\\/sweetdropcbd.com\\\/lv\\\/musu-cbd-veikals\\\/\"},{\"@type\":\"ListItem\",\"position\":3,\"name\":\"Sweet Drop CBD \u201eHome Balance Box\u201c: 5 % + 20 % + 30 % + l\u016bpu balzams\"}]},{\"@type\":\"WebSite\",\"@id\":\"https:\\\/\\\/sweetdropcbd.com\\\/lv\\\/#website\",\"url\":\"https:\\\/\\\/sweetdropcbd.com\\\/lv\\\/\",\"name\":\"Sweet Drop CBD\",\"description\":\"Sweet Drop CBD\",\"publisher\":{\"@id\":\"https:\\\/\\\/sweetdropcbd.com\\\/lv\\\/#organization\"},\"alternateName\":\"Sweet Drop CBD oil\",\"potentialAction\":[{\"@type\":\"SearchAction\",\"target\":{\"@type\":\"EntryPoint\",\"urlTemplate\":\"https:\\\/\\\/sweetdropcbd.com\\\/lv\\\/?s={search_term_string}\"},\"query-input\":{\"@type\":\"PropertyValueSpecification\",\"valueRequired\":true,\"valueName\":\"search_term_string\"}}],\"inLanguage\":\"lv-LV\"},{\"@type\":[\"Organization\",\"Place\",\"HealthAndBeautyBusiness\"],\"@id\":\"https:\\\/\\\/sweetdropcbd.com\\\/lv\\\/#organization\",\"name\":\"MB EBIGUS\",\"alternateName\":\"Sweet Drop CBD\",\"url\":\"https:\\\/\\\/sweetdropcbd.com\\\/lv\\\/\",\"logo\":{\"@id\":\"https:\\\/\\\/sweetdropcbd.com\\\/lv\\\/produkts\\\/sweet-drop-cbd-home-balance-box-5-20-30-lupu-balzams\\\/#local-main-organization-logo\"},\"image\":{\"@id\":\"https:\\\/\\\/sweetdropcbd.com\\\/lv\\\/produkts\\\/sweet-drop-cbd-home-balance-box-5-20-30-lupu-balzams\\\/#local-main-organization-logo\"},\"sameAs\":[\"https:\\\/\\\/www.facebook.com\\\/SweetDropCBD\",\"https:\\\/\\\/www.instagram.com\\\/sweetdropcbd\\\/\"],\"publishingPrinciples\":\"https:\\\/\\\/sweetdropcbd.com\\\/terms-conditions\\\/\",\"ownershipFundingInfo\":\"https:\\\/\\\/sweetdropcbd.com\\\/about-us\\\/\",\"address\":{\"@id\":\"https:\\\/\\\/sweetdropcbd.com\\\/lv\\\/produkts\\\/sweet-drop-cbd-home-balance-box-5-20-30-lupu-balzams\\\/#local-main-place-address\"},\"telephone\":[\"+37068683090\"],\"openingHoursSpecification\":{\"@type\":\"OpeningHoursSpecification\",\"dayOfWeek\":[\"Monday\",\"Tuesday\",\"Wednesday\",\"Thursday\",\"Friday\",\"Saturday\",\"Sunday\"],\"opens\":\"00:00\",\"closes\":\"23:59\"},\"email\":\"info@sweetdropcbd.com\",\"areaServed\":\"EU\"},{\"@type\":\"PostalAddress\",\"@id\":\"https:\\\/\\\/sweetdropcbd.com\\\/lv\\\/produkts\\\/sweet-drop-cbd-home-balance-box-5-20-30-lupu-balzams\\\/#local-main-place-address\",\"streetAddress\":\"Rusn\u0117s g. 31, \u0160aki\u0173 k., Kauno r. sav., Lietuva\",\"addressLocality\":\"Kaunas\",\"postalCode\":\"47412\",\"addressCountry\":\"LT\"},{\"@type\":\"ImageObject\",\"inLanguage\":\"lv-LV\",\"@id\":\"https:\\\/\\\/sweetdropcbd.com\\\/lv\\\/produkts\\\/sweet-drop-cbd-home-balance-box-5-20-30-lupu-balzams\\\/#local-main-organization-logo\",\"url\":\"https:\\\/\\\/sweetdropcbd.com\\\/wp-content\\\/uploads\\\/2023\\\/10\\\/Saldus-lasas-logotipas_H-EN.png\",\"contentUrl\":\"https:\\\/\\\/sweetdropcbd.com\\\/wp-content\\\/uploads\\\/2023\\\/10\\\/Saldus-lasas-logotipas_H-EN.png\",\"width\":206,\"height\":239,\"caption\":\"MB EBIGUS\"}]}<\/script>\n<meta property=\"product:price:amount\" content=\"132.00\" \/>\n<meta property=\"product:price:currency\" content=\"EUR\" \/>\n<meta property=\"og:availability\" content=\"instock\" \/>\n<meta property=\"product:availability\" content=\"instock\" \/>\n<meta property=\"product:condition\" content=\"new\" \/>\n<meta name=\"geo.placename\" content=\"Kaunas\" \/>\n<meta name=\"geo.region\" content=\"Lietuva\" \/>\n<!-- \/ Yoast SEO Premium plugin. -->","yoast_head_json":{"title":"CBD e\u013c\u013cu komplekts 5 % + 20 % + 30 % + l\u016bpu balzams | Sweet Drop CBD","description":"Lab\u0101kais kr\u0101jumu komplekts: 5 %, 20 % un 30 % CBD e\u013c\u013cas + CBD l\u016bpu balzams. Da\u017e\u0101das koncentr\u0101cijas vien\u0101 kast\u012bt\u0113, ide\u0101li piem\u0113rots lieto\u0161anai m\u0101j\u0101s.","robots":{"index":"index","follow":"follow","max-snippet":"max-snippet:-1","max-image-preview":"max-image-preview:large","max-video-preview":"max-video-preview:-1"},"canonical":"https:\/\/sweetdropcbd.com\/lv\/produkts\/sweet-drop-cbd-home-balance-box-5-20-30-lupu-balzams\/","og_locale":"lv_LV","og_type":"article","og_title":"Home Balance Box: 3 CBD e\u013c\u013cas + l\u016bpu balzams","og_description":"Kad v\u0113lies, lai m\u0101j\u0101s b\u016btu visas iesp\u0113jas: tr\u012bs koncentr\u0101cijas da\u017e\u0101d\u0101m situ\u0101cij\u0101m un ikdienas l\u016bpu kop\u0161anai.","og_url":"https:\/\/sweetdropcbd.com\/lv\/produkts\/sweet-drop-cbd-home-balance-box-5-20-30-lupu-balzams\/","og_site_name":"Sweet Drop CBD","article_publisher":"https:\/\/www.facebook.com\/SweetDropCBD","article_modified_time":"2026-02-21T17:13:17+00:00","og_image":[{"width":2560,"height":1708,"url":"https:\/\/sweetdropcbd.com\/wp-content\/uploads\/2026\/02\/Sweet-Drop-CBD-Home-Balance-Box-5-20-30-Lip-Balm-scaled.jpg","type":"image\/jpeg"}],"schema":{"@context":"https:\/\/schema.org","@graph":[{"@type":"WebPage","@id":"https:\/\/sweetdropcbd.com\/lv\/produkts\/sweet-drop-cbd-home-balance-box-5-20-30-lupu-balzams\/","url":"https:\/\/sweetdropcbd.com\/lv\/produkts\/sweet-drop-cbd-home-balance-box-5-20-30-lupu-balzams\/","name":"CBD e\u013c\u013cu komplekts 5 % + 20 % + 30 % + l\u016bpu balzams | Sweet Drop CBD","isPartOf":{"@id":"https:\/\/sweetdropcbd.com\/lv\/#website"},"primaryImageOfPage":{"@id":"https:\/\/sweetdropcbd.com\/lv\/produkts\/sweet-drop-cbd-home-balance-box-5-20-30-lupu-balzams\/#primaryimage"},"image":{"@id":"https:\/\/sweetdropcbd.com\/lv\/produkts\/sweet-drop-cbd-home-balance-box-5-20-30-lupu-balzams\/#primaryimage"},"thumbnailUrl":"https:\/\/sweetdropcbd.com\/wp-content\/uploads\/2026\/02\/Sweet-Drop-CBD-Home-Balance-Box-5-20-30-Lip-Balm-scaled.jpg","datePublished":"2026-02-19T18:00:20+00:00","dateModified":"2026-02-21T17:13:17+00:00","description":"Lab\u0101kais kr\u0101jumu komplekts: 5 %, 20 % un 30 % CBD e\u013c\u013cas + CBD l\u016bpu balzams. Da\u017e\u0101das koncentr\u0101cijas vien\u0101 kast\u012bt\u0113, ide\u0101li piem\u0113rots lieto\u0161anai m\u0101j\u0101s.","breadcrumb":{"@id":"https:\/\/sweetdropcbd.com\/lv\/produkts\/sweet-drop-cbd-home-balance-box-5-20-30-lupu-balzams\/#breadcrumb"},"inLanguage":"lv-LV","potentialAction":[{"@type":"ReadAction","target":["https:\/\/sweetdropcbd.com\/lv\/produkts\/sweet-drop-cbd-home-balance-box-5-20-30-lupu-balzams\/"]}]},{"@type":"ImageObject","inLanguage":"lv-LV","@id":"https:\/\/sweetdropcbd.com\/lv\/produkts\/sweet-drop-cbd-home-balance-box-5-20-30-lupu-balzams\/#primaryimage","url":"https:\/\/sweetdropcbd.com\/wp-content\/uploads\/2026\/02\/Sweet-Drop-CBD-Home-Balance-Box-5-20-30-Lip-Balm-scaled.jpg","contentUrl":"https:\/\/sweetdropcbd.com\/wp-content\/uploads\/2026\/02\/Sweet-Drop-CBD-Home-Balance-Box-5-20-30-Lip-Balm-scaled.jpg","width":2560,"height":1708,"caption":"Sweet Drop CBD \u201eHome Balance Box\u201c komplekts: 5 %, 20 % un 30 % CBD e\u013c\u013cas un l\u016bpu balzams balt\u0101 iepakojum\u0101."},{"@type":"BreadcrumbList","@id":"https:\/\/sweetdropcbd.com\/lv\/produkts\/sweet-drop-cbd-home-balance-box-5-20-30-lupu-balzams\/#breadcrumb","itemListElement":[{"@type":"ListItem","position":1,"name":"S\u0101kums","item":"https:\/\/sweetdropcbd.com\/lv\/sweet-drop-cbd\/"},{"@type":"ListItem","position":2,"name":"M\u016bsu CBD veikals","item":"https:\/\/sweetdropcbd.com\/lv\/musu-cbd-veikals\/"},{"@type":"ListItem","position":3,"name":"Sweet Drop CBD \u201eHome Balance Box\u201c: 5 % + 20 % + 30 % + l\u016bpu balzams"}]},{"@type":"WebSite","@id":"https:\/\/sweetdropcbd.com\/lv\/#website","url":"https:\/\/sweetdropcbd.com\/lv\/","name":"Sweet Drop CBD","description":"Sweet Drop CBD","publisher":{"@id":"https:\/\/sweetdropcbd.com\/lv\/#organization"},"alternateName":"Sweet Drop CBD oil","potentialAction":[{"@type":"SearchAction","target":{"@type":"EntryPoint","urlTemplate":"https:\/\/sweetdropcbd.com\/lv\/?s={search_term_string}"},"query-input":{"@type":"PropertyValueSpecification","valueRequired":true,"valueName":"search_term_string"}}],"inLanguage":"lv-LV"},{"@type":["Organization","Place","HealthAndBeautyBusiness"],"@id":"https:\/\/sweetdropcbd.com\/lv\/#organization","name":"MB EBIGUS","alternateName":"Sweet Drop CBD","url":"https:\/\/sweetdropcbd.com\/lv\/","logo":{"@id":"https:\/\/sweetdropcbd.com\/lv\/produkts\/sweet-drop-cbd-home-balance-box-5-20-30-lupu-balzams\/#local-main-organization-logo"},"image":{"@id":"https:\/\/sweetdropcbd.com\/lv\/produkts\/sweet-drop-cbd-home-balance-box-5-20-30-lupu-balzams\/#local-main-organization-logo"},"sameAs":["https:\/\/www.facebook.com\/SweetDropCBD","https:\/\/www.instagram.com\/sweetdropcbd\/"],"publishingPrinciples":"https:\/\/sweetdropcbd.com\/terms-conditions\/","ownershipFundingInfo":"https:\/\/sweetdropcbd.com\/about-us\/","address":{"@id":"https:\/\/sweetdropcbd.com\/lv\/produkts\/sweet-drop-cbd-home-balance-box-5-20-30-lupu-balzams\/#local-main-place-address"},"telephone":["+37068683090"],"openingHoursSpecification":{"@type":"OpeningHoursSpecification","dayOfWeek":["Monday","Tuesday","Wednesday","Thursday","Friday","Saturday","Sunday"],"opens":"00:00","closes":"23:59"},"email":"info@sweetdropcbd.com","areaServed":"EU"},{"@type":"PostalAddress","@id":"https:\/\/sweetdropcbd.com\/lv\/produkts\/sweet-drop-cbd-home-balance-box-5-20-30-lupu-balzams\/#local-main-place-address","streetAddress":"Rusn\u0117s g. 31, \u0160aki\u0173 k., Kauno r. sav., Lietuva","addressLocality":"Kaunas","postalCode":"47412","addressCountry":"LT"},{"@type":"ImageObject","inLanguage":"lv-LV","@id":"https:\/\/sweetdropcbd.com\/lv\/produkts\/sweet-drop-cbd-home-balance-box-5-20-30-lupu-balzams\/#local-main-organization-logo","url":"https:\/\/sweetdropcbd.com\/wp-content\/uploads\/2023\/10\/Saldus-lasas-logotipas_H-EN.png","contentUrl":"https:\/\/sweetdropcbd.com\/wp-content\/uploads\/2023\/10\/Saldus-lasas-logotipas_H-EN.png","width":206,"height":239,"caption":"MB EBIGUS"}]},"product_price_amount":"132.00","product_price_currency":"EUR","og_availability":"instock","product_availability":"instock","product_condition":"new","geo.placename":"Kaunas","geo.region":"Lietuva"},"_links":{"self":[{"href":"https:\/\/sweetdropcbd.com\/lv\/wp-json\/wp\/v2\/product\/3285","targetHints":{"allow":["GET"]}}],"collection":[{"href":"https:\/\/sweetdropcbd.com\/lv\/wp-json\/wp\/v2\/product"}],"about":[{"href":"https:\/\/sweetdropcbd.com\/lv\/wp-json\/wp\/v2\/types\/product"}],"replies":[{"embeddable":true,"href":"https:\/\/sweetdropcbd.com\/lv\/wp-json\/wp\/v2\/comments?post=3285"}],"wp:featuredmedia":[{"embeddable":true,"href":"https:\/\/sweetdropcbd.com\/lv\/wp-json\/wp\/v2\/media\/3286"}],"wp:attachment":[{"href":"https:\/\/sweetdropcbd.com\/lv\/wp-json\/wp\/v2\/media?parent=3285"}],"wp:term":[{"taxonomy":"product_brand","embeddable":true,"href":"https:\/\/sweetdropcbd.com\/lv\/wp-json\/wp\/v2\/product_brand?post=3285"},{"taxonomy":"product_cat","embeddable":true,"href":"https:\/\/sweetdropcbd.com\/lv\/wp-json\/wp\/v2\/product_cat?post=3285"},{"taxonomy":"product_tag","embeddable":true,"href":"https:\/\/sweetdropcbd.com\/lv\/wp-json\/wp\/v2\/product_tag?post=3285"}],"curies":[{"name":"wp","href":"https:\/\/api.w.org\/{rel}","templated":true}]}}